{"id":58791,"date":"2025-11-03T15:35:02","date_gmt":"2025-11-03T15:35:02","guid":{"rendered":"https:\/\/saaremaazoo.ee\/product\/raamat-saaremaa-zoo-lugu\/"},"modified":"2025-11-04T05:03:46","modified_gmt":"2025-11-04T05:03:46","slug":"raamat-saaremaa-zoo-lugu","status":"publish","type":"product","link":"https:\/\/saaremaazoo.ee\/en\/toode\/raamat-saaremaa-zoo-lugu\/","title":{"rendered":"Raamat &#8220;Saaremaa Zoo lugu&#8221;"},"content":{"rendered":"<p>Raamat &#8220;Saaremaa Zoo lugu&#8221; autor Kairi Prints.<\/p>\n<p>Saaremaa zoo pole vaid m\u00f5ni hektar maad, kus elavad tuhat looma-lindu ja kuhu leiavad tee k\u00fcmned tuhanded inimesed aastas. See loomaaed on t\u00e4iesti eriline \u2013 imeline, kaootiline ja armastust t\u00e4is.<\/p>\n<p>\u201eMeeletult rahvast tuli,\u201c meenutab Saaremaa zoo \u00fcks loojaid Risto loomaaia avamist. \u201eJa j\u00e4rgmine p\u00e4ev oli t\u00e4pselt samasugune, sama palju rahvast! Ja \u00fclej\u00e4rgmine! Ja nii edasi! Meile hakkas vaikselt kohale j\u00f5udma, et n\u00fc\u00fcd vist hakkabki nii olema.\u201c<\/p>\n<p>\u201eEnne loomaaia avamist oli meie viimane raha just kruvide peale l\u00e4inud ja \u00fcks p\u00e4ev enne avamist l\u00e4ks j\u00e4rsku kohviku k\u00fclmkapp katki,\u201c meenutab Saaremaa zoo teine asutaja Mirge. \u201eHelistasin isale, et saada palun raha, meil on kohe uut k\u00fclmikut vaja. Isa hakkas uurima, kas on ikka kindlasti seda vaja ja kas oleme kindlad, et saame selle raha tagasi teenida. \u00dctlesin isale, et kuule, me avame homme, ma maksan sulle kohe homme tagasi. Saingi isalt raha, uus k\u00fclmkapp sai kohale toodud ja ka v\u00f5lg kohe tagasi makstud.\u201c<\/p>\n<p>Rahunemist pole Saaremaa loomaaias siiani m\u00e4rgata. See on v\u00f5imas edulugu, aga see on ka kahe noore inimese uskumatu visaduse ja t\u00f6\u00f6kuse lugu. Selleks et rajada eraloomaaed, on vaja suurt entusiasmi ja veel suuremat t\u00f6\u00f6d. Samas teevad Mirge ja Risto t\u00f6\u00f6d, mida nad v\u00e4ga armastavad. Nende armastus on tegudes, mitte s\u00f5nades.<\/p>\n","protected":false},"excerpt":{"rendered":"<p>Raamat &#8220;Saaremaa Zoo lugu&#8221; autor Kairi Prints. Saaremaa zoo pole vaid m\u00f5ni hektar maad, kus elavad tuhat looma-lindu ja kuhu leiavad tee k\u00fcmned tuhanded inimesed aastas. See loomaaed on t\u00e4iesti&hellip;<\/p>\n","protected":false},"featured_media":58789,"comment_status":"open","ping_status":"closed","template":"","meta":{"_acf_changed":false},"product_brand":[],"product_cat":[279],"product_tag":[],"class_list":{"0":"post-58791","1":"product","2":"type-product","3":"status-publish","4":"has-post-thumbnail","6":"product_cat-kingitused","8":"first","9":"instock","10":"sale","11":"shipping-taxable","12":"purchasable","13":"product-type-simple"},"acf":[],"yoast_head":"<!-- This site is optimized with the Yoast SEO plugin v27.4 - https:\/\/yoast.com\/product\/yoast-seo-wordpress\/ -->\n<title>Raamat &quot;Saaremaa Zoo lugu&quot; - Saaremaa Zoo<\/title>\n<meta name=\"robots\" content=\"index, follow, max-snippet:-1, max-image-preview:large, max-video-preview:-1\" \/>\n<link rel=\"canonical\" href=\"https:\/\/saaremaazoo.ee\/en\/toode\/raamat-saaremaa-zoo-lugu\/\" \/>\n<meta property=\"og:locale\" content=\"en_US\" \/>\n<meta property=\"og:type\" content=\"article\" \/>\n<meta property=\"og:title\" content=\"Raamat &quot;Saaremaa Zoo lugu&quot; - Saaremaa Zoo\" \/>\n<meta property=\"og:description\" content=\"Raamat &#8220;Saaremaa Zoo lugu&#8221; autor Kairi Prints. Saaremaa zoo pole vaid m\u00f5ni hektar maad, kus elavad tuhat looma-lindu ja kuhu leiavad tee k\u00fcmned tuhanded inimesed aastas. See loomaaed on t\u00e4iesti&hellip;\" \/>\n<meta property=\"og:url\" content=\"https:\/\/saaremaazoo.ee\/en\/toode\/raamat-saaremaa-zoo-lugu\/\" \/>\n<meta property=\"og:site_name\" content=\"Saaremaa Zoo\" \/>\n<meta property=\"article:publisher\" content=\"https:\/\/www.facebook.com\/saaremaazoo\" \/>\n<meta property=\"article:modified_time\" content=\"2025-11-04T05:03:46+00:00\" \/>\n<meta property=\"og:image\" content=\"https:\/\/www.saaremaazoo.ee\/wp-content\/uploads\/2025\/11\/26159-scaled.jpg\" \/>\n\t<meta property=\"og:image:width\" content=\"1920\" \/>\n\t<meta property=\"og:image:height\" content=\"2560\" \/>\n\t<meta property=\"og:image:type\" content=\"image\/jpeg\" \/>\n<meta name=\"twitter:card\" content=\"summary_large_image\" \/>\n<meta name=\"twitter:label1\" content=\"Est. reading time\" \/>\n\t<meta name=\"twitter:data1\" content=\"1 minute\" \/>\n<script type=\"application\/ld+json\" class=\"yoast-schema-graph\">{\"@context\":\"https:\\\/\\\/schema.org\",\"@graph\":[{\"@type\":\"WebPage\",\"@id\":\"https:\\\/\\\/saaremaazoo.ee\\\/en\\\/toode\\\/raamat-saaremaa-zoo-lugu\\\/\",\"url\":\"https:\\\/\\\/saaremaazoo.ee\\\/en\\\/toode\\\/raamat-saaremaa-zoo-lugu\\\/\",\"name\":\"Raamat \\\"Saaremaa Zoo lugu\\\" - Saaremaa Zoo\",\"isPartOf\":{\"@id\":\"https:\\\/\\\/www.saaremaazoo.ee\\\/en\\\/#website\"},\"primaryImageOfPage\":{\"@id\":\"https:\\\/\\\/saaremaazoo.ee\\\/en\\\/toode\\\/raamat-saaremaa-zoo-lugu\\\/#primaryimage\"},\"image\":{\"@id\":\"https:\\\/\\\/saaremaazoo.ee\\\/en\\\/toode\\\/raamat-saaremaa-zoo-lugu\\\/#primaryimage\"},\"thumbnailUrl\":\"https:\\\/\\\/saaremaazoo.ee\\\/wp-content\\\/uploads\\\/2025\\\/11\\\/26159-scaled.jpg\",\"datePublished\":\"2025-11-03T15:35:02+00:00\",\"dateModified\":\"2025-11-04T05:03:46+00:00\",\"breadcrumb\":{\"@id\":\"https:\\\/\\\/saaremaazoo.ee\\\/en\\\/toode\\\/raamat-saaremaa-zoo-lugu\\\/#breadcrumb\"},\"inLanguage\":\"en-US\",\"potentialAction\":[{\"@type\":\"ReadAction\",\"target\":[\"https:\\\/\\\/saaremaazoo.ee\\\/en\\\/toode\\\/raamat-saaremaa-zoo-lugu\\\/\"]}]},{\"@type\":\"ImageObject\",\"inLanguage\":\"en-US\",\"@id\":\"https:\\\/\\\/saaremaazoo.ee\\\/en\\\/toode\\\/raamat-saaremaa-zoo-lugu\\\/#primaryimage\",\"url\":\"https:\\\/\\\/saaremaazoo.ee\\\/wp-content\\\/uploads\\\/2025\\\/11\\\/26159-scaled.jpg\",\"contentUrl\":\"https:\\\/\\\/saaremaazoo.ee\\\/wp-content\\\/uploads\\\/2025\\\/11\\\/26159-scaled.jpg\",\"width\":1920,\"height\":2560},{\"@type\":\"BreadcrumbList\",\"@id\":\"https:\\\/\\\/saaremaazoo.ee\\\/en\\\/toode\\\/raamat-saaremaa-zoo-lugu\\\/#breadcrumb\",\"itemListElement\":[{\"@type\":\"ListItem\",\"position\":1,\"name\":\"Home\",\"item\":\"https:\\\/\\\/www.saaremaazoo.ee\\\/en\\\/\"},{\"@type\":\"ListItem\",\"position\":2,\"name\":\"Pood\",\"item\":\"https:\\\/\\\/saaremaazoo.ee\\\/en\\\/shop\\\/\"},{\"@type\":\"ListItem\",\"position\":3,\"name\":\"Raamat &#8220;Saaremaa Zoo lugu&#8221;\"}]},{\"@type\":\"WebSite\",\"@id\":\"https:\\\/\\\/www.saaremaazoo.ee\\\/en\\\/#website\",\"url\":\"https:\\\/\\\/www.saaremaazoo.ee\\\/en\\\/\",\"name\":\"Saaremaa Zoo\",\"description\":\"Saaremaa esimene Loomaaed\",\"publisher\":{\"@id\":\"https:\\\/\\\/www.saaremaazoo.ee\\\/en\\\/#organization\"},\"potentialAction\":[{\"@type\":\"SearchAction\",\"target\":{\"@type\":\"EntryPoint\",\"urlTemplate\":\"https:\\\/\\\/www.saaremaazoo.ee\\\/en\\\/?s={search_term_string}\"},\"query-input\":{\"@type\":\"PropertyValueSpecification\",\"valueRequired\":true,\"valueName\":\"search_term_string\"}}],\"inLanguage\":\"en-US\"},{\"@type\":\"Organization\",\"@id\":\"https:\\\/\\\/www.saaremaazoo.ee\\\/en\\\/#organization\",\"name\":\"Saaremaa Loomaaed\",\"alternateName\":\"Saaremaa Zoo\",\"url\":\"https:\\\/\\\/www.saaremaazoo.ee\\\/en\\\/\",\"logo\":{\"@type\":\"ImageObject\",\"inLanguage\":\"en-US\",\"@id\":\"https:\\\/\\\/www.saaremaazoo.ee\\\/en\\\/#\\\/schema\\\/logo\\\/image\\\/\",\"url\":\"https:\\\/\\\/saaremaazoo.ee\\\/wp-content\\\/uploads\\\/2024\\\/12\\\/cropped-cropped-saaremaazoo_magnet_leemur__1__page-0001-removebg-preview.png\",\"contentUrl\":\"https:\\\/\\\/saaremaazoo.ee\\\/wp-content\\\/uploads\\\/2024\\\/12\\\/cropped-cropped-saaremaazoo_magnet_leemur__1__page-0001-removebg-preview.png\",\"width\":467,\"height\":325,\"caption\":\"Saaremaa Loomaaed\"},\"image\":{\"@id\":\"https:\\\/\\\/www.saaremaazoo.ee\\\/en\\\/#\\\/schema\\\/logo\\\/image\\\/\"},\"sameAs\":[\"https:\\\/\\\/www.facebook.com\\\/saaremaazoo\",\"https:\\\/\\\/www.instagram.com\\\/saaremaazoo\\\/\"]}]}<\/script>\n<!-- \/ Yoast SEO plugin. -->","yoast_head_json":{"title":"Raamat \"Saaremaa Zoo lugu\" - Saaremaa Zoo","robots":{"index":"index","follow":"follow","max-snippet":"max-snippet:-1","max-image-preview":"max-image-preview:large","max-video-preview":"max-video-preview:-1"},"canonical":"https:\/\/saaremaazoo.ee\/en\/toode\/raamat-saaremaa-zoo-lugu\/","og_locale":"en_US","og_type":"article","og_title":"Raamat \"Saaremaa Zoo lugu\" - Saaremaa Zoo","og_description":"Raamat &#8220;Saaremaa Zoo lugu&#8221; autor Kairi Prints. Saaremaa zoo pole vaid m\u00f5ni hektar maad, kus elavad tuhat looma-lindu ja kuhu leiavad tee k\u00fcmned tuhanded inimesed aastas. See loomaaed on t\u00e4iesti&hellip;","og_url":"https:\/\/saaremaazoo.ee\/en\/toode\/raamat-saaremaa-zoo-lugu\/","og_site_name":"Saaremaa Zoo","article_publisher":"https:\/\/www.facebook.com\/saaremaazoo","article_modified_time":"2025-11-04T05:03:46+00:00","og_image":[{"width":1920,"height":2560,"url":"https:\/\/www.saaremaazoo.ee\/wp-content\/uploads\/2025\/11\/26159-scaled.jpg","type":"image\/jpeg"}],"twitter_card":"summary_large_image","twitter_misc":{"Est. reading time":"1 minute"},"schema":{"@context":"https:\/\/schema.org","@graph":[{"@type":"WebPage","@id":"https:\/\/saaremaazoo.ee\/en\/toode\/raamat-saaremaa-zoo-lugu\/","url":"https:\/\/saaremaazoo.ee\/en\/toode\/raamat-saaremaa-zoo-lugu\/","name":"Raamat \"Saaremaa Zoo lugu\" - Saaremaa Zoo","isPartOf":{"@id":"https:\/\/www.saaremaazoo.ee\/en\/#website"},"primaryImageOfPage":{"@id":"https:\/\/saaremaazoo.ee\/en\/toode\/raamat-saaremaa-zoo-lugu\/#primaryimage"},"image":{"@id":"https:\/\/saaremaazoo.ee\/en\/toode\/raamat-saaremaa-zoo-lugu\/#primaryimage"},"thumbnailUrl":"https:\/\/saaremaazoo.ee\/wp-content\/uploads\/2025\/11\/26159-scaled.jpg","datePublished":"2025-11-03T15:35:02+00:00","dateModified":"2025-11-04T05:03:46+00:00","breadcrumb":{"@id":"https:\/\/saaremaazoo.ee\/en\/toode\/raamat-saaremaa-zoo-lugu\/#breadcrumb"},"inLanguage":"en-US","potentialAction":[{"@type":"ReadAction","target":["https:\/\/saaremaazoo.ee\/en\/toode\/raamat-saaremaa-zoo-lugu\/"]}]},{"@type":"ImageObject","inLanguage":"en-US","@id":"https:\/\/saaremaazoo.ee\/en\/toode\/raamat-saaremaa-zoo-lugu\/#primaryimage","url":"https:\/\/saaremaazoo.ee\/wp-content\/uploads\/2025\/11\/26159-scaled.jpg","contentUrl":"https:\/\/saaremaazoo.ee\/wp-content\/uploads\/2025\/11\/26159-scaled.jpg","width":1920,"height":2560},{"@type":"BreadcrumbList","@id":"https:\/\/saaremaazoo.ee\/en\/toode\/raamat-saaremaa-zoo-lugu\/#breadcrumb","itemListElement":[{"@type":"ListItem","position":1,"name":"Home","item":"https:\/\/www.saaremaazoo.ee\/en\/"},{"@type":"ListItem","position":2,"name":"Pood","item":"https:\/\/saaremaazoo.ee\/en\/shop\/"},{"@type":"ListItem","position":3,"name":"Raamat &#8220;Saaremaa Zoo lugu&#8221;"}]},{"@type":"WebSite","@id":"https:\/\/www.saaremaazoo.ee\/en\/#website","url":"https:\/\/www.saaremaazoo.ee\/en\/","name":"Saaremaa Zoo","description":"Saaremaa esimene Loomaaed","publisher":{"@id":"https:\/\/www.saaremaazoo.ee\/en\/#organization"},"potentialAction":[{"@type":"SearchAction","target":{"@type":"EntryPoint","urlTemplate":"https:\/\/www.saaremaazoo.ee\/en\/?s={search_term_string}"},"query-input":{"@type":"PropertyValueSpecification","valueRequired":true,"valueName":"search_term_string"}}],"inLanguage":"en-US"},{"@type":"Organization","@id":"https:\/\/www.saaremaazoo.ee\/en\/#organization","name":"Saaremaa Loomaaed","alternateName":"Saaremaa Zoo","url":"https:\/\/www.saaremaazoo.ee\/en\/","logo":{"@type":"ImageObject","inLanguage":"en-US","@id":"https:\/\/www.saaremaazoo.ee\/en\/#\/schema\/logo\/image\/","url":"https:\/\/saaremaazoo.ee\/wp-content\/uploads\/2024\/12\/cropped-cropped-saaremaazoo_magnet_leemur__1__page-0001-removebg-preview.png","contentUrl":"https:\/\/saaremaazoo.ee\/wp-content\/uploads\/2024\/12\/cropped-cropped-saaremaazoo_magnet_leemur__1__page-0001-removebg-preview.png","width":467,"height":325,"caption":"Saaremaa Loomaaed"},"image":{"@id":"https:\/\/www.saaremaazoo.ee\/en\/#\/schema\/logo\/image\/"},"sameAs":["https:\/\/www.facebook.com\/saaremaazoo","https:\/\/www.instagram.com\/saaremaazoo\/"]}]}},"jetpack_sharing_enabled":true,"_links":{"self":[{"href":"https:\/\/saaremaazoo.ee\/en\/wp-json\/wp\/v2\/product\/58791","targetHints":{"allow":["GET"]}}],"collection":[{"href":"https:\/\/saaremaazoo.ee\/en\/wp-json\/wp\/v2\/product"}],"about":[{"href":"https:\/\/saaremaazoo.ee\/en\/wp-json\/wp\/v2\/types\/product"}],"replies":[{"embeddable":true,"href":"https:\/\/saaremaazoo.ee\/en\/wp-json\/wp\/v2\/comments?post=58791"}],"wp:featuredmedia":[{"embeddable":true,"href":"https:\/\/saaremaazoo.ee\/en\/wp-json\/wp\/v2\/media\/58789"}],"wp:attachment":[{"href":"https:\/\/saaremaazoo.ee\/en\/wp-json\/wp\/v2\/media?parent=58791"}],"wp:term":[{"taxonomy":"product_brand","embeddable":true,"href":"https:\/\/saaremaazoo.ee\/en\/wp-json\/wp\/v2\/product_brand?post=58791"},{"taxonomy":"product_cat","embeddable":true,"href":"https:\/\/saaremaazoo.ee\/en\/wp-json\/wp\/v2\/product_cat?post=58791"},{"taxonomy":"product_tag","embeddable":true,"href":"https:\/\/saaremaazoo.ee\/en\/wp-json\/wp\/v2\/product_tag?post=58791"}],"curies":[{"name":"wp","href":"https:\/\/api.w.org\/{rel}","templated":true}]}}