{"id":58783,"date":"2025-10-15T11:44:10","date_gmt":"2025-10-15T11:44:10","guid":{"rendered":"https:\/\/www.saaremaazoo.ee\/?post_type=product&#038;p=58783"},"modified":"2025-10-15T11:44:10","modified_gmt":"2025-10-15T11:44:10","slug":"kapibaara-helkur-6","status":"publish","type":"product","link":"https:\/\/saaremaazoo.ee\/en\/toode\/kapibaara-helkur-6\/","title":{"rendered":"Kapibaara helkur"},"content":{"rendered":"<p>Lisa oma v\u00f5tmele, kotile v\u00f5i jakile veidi iseloomu ja turvalisust selle armsa k\u00e4sit\u00f6\u00f6na valminud kapibaara kujulise helkuriga! Tugeva n\u00f6\u00f6ri abil saad helkuri lihtsasti kinnitada kuhu iganes soovid. Tee r\u00f5\u00f5mu endale v\u00f5i s\u00f5brale!<\/p>\n","protected":false},"excerpt":{"rendered":"<p>Lisa oma v\u00f5tmele, kotile v\u00f5i jakile veidi iseloomu ja turvalisust selle armsa k\u00e4sit\u00f6\u00f6na valminud kapibaara kujulise helkuriga! Tugeva n\u00f6\u00f6ri abil saad helkuri lihtsasti kinnitada kuhu iganes soovid. Tee r\u00f5\u00f5mu endale&hellip;<\/p>\n","protected":false},"featured_media":58784,"comment_status":"open","ping_status":"closed","template":"","meta":{"_acf_changed":false},"product_brand":[],"product_cat":[338],"product_tag":[],"class_list":{"0":"post-58783","1":"product","2":"type-product","3":"status-publish","4":"has-post-thumbnail","6":"product_cat-kapibaara-temaatika","8":"first","9":"instock","10":"shipping-taxable","11":"purchasable","12":"product-type-simple"},"acf":[],"yoast_head":"<!-- This site is optimized with the Yoast SEO plugin v27.3 - https:\/\/yoast.com\/product\/yoast-seo-wordpress\/ -->\n<title>Kapibaara helkur - Saaremaa Zoo<\/title>\n<meta name=\"description\" content=\"Armas k\u00e4sit\u00f6\u00f6na valminud kapibaara helkur, mis \u00fchendab turvalisuse ja disaini. Lisa oma v\u00f5tmetele v\u00f5i kotile stiili ja paista pimedas silma!\" \/>\n<meta name=\"robots\" content=\"index, follow, max-snippet:-1, max-image-preview:large, max-video-preview:-1\" \/>\n<link rel=\"canonical\" href=\"https:\/\/saaremaazoo.ee\/en\/toode\/kapibaara-helkur-6\/\" \/>\n<meta property=\"og:locale\" content=\"en_US\" \/>\n<meta property=\"og:type\" content=\"article\" \/>\n<meta property=\"og:title\" content=\"Kapibaara helkur - Saaremaa Zoo\" \/>\n<meta property=\"og:description\" content=\"Armas k\u00e4sit\u00f6\u00f6na valminud kapibaara helkur, mis \u00fchendab turvalisuse ja disaini. Lisa oma v\u00f5tmetele v\u00f5i kotile stiili ja paista pimedas silma!\" \/>\n<meta property=\"og:url\" content=\"https:\/\/saaremaazoo.ee\/en\/toode\/kapibaara-helkur-6\/\" \/>\n<meta property=\"og:site_name\" content=\"Saaremaa Zoo\" \/>\n<meta property=\"article:publisher\" content=\"https:\/\/www.facebook.com\/saaremaazoo\" \/>\n<meta property=\"og:image\" content=\"https:\/\/www.saaremaazoo.ee\/wp-content\/uploads\/2025\/10\/IMG_7915-1-scaled.jpeg\" \/>\n\t<meta property=\"og:image:width\" content=\"1920\" \/>\n\t<meta property=\"og:image:height\" content=\"2560\" \/>\n\t<meta property=\"og:image:type\" content=\"image\/jpeg\" \/>\n<meta name=\"twitter:card\" content=\"summary_large_image\" \/>\n<meta name=\"twitter:label1\" content=\"Est. reading time\" \/>\n\t<meta name=\"twitter:data1\" content=\"1 minute\" \/>\n<script type=\"application\/ld+json\" class=\"yoast-schema-graph\">{\"@context\":\"https:\\\/\\\/schema.org\",\"@graph\":[{\"@type\":\"WebPage\",\"@id\":\"https:\\\/\\\/saaremaazoo.ee\\\/en\\\/toode\\\/kapibaara-helkur-6\\\/\",\"url\":\"https:\\\/\\\/saaremaazoo.ee\\\/en\\\/toode\\\/kapibaara-helkur-6\\\/\",\"name\":\"Kapibaara helkur - Saaremaa Zoo\",\"isPartOf\":{\"@id\":\"https:\\\/\\\/saaremaazoo.ee\\\/en\\\/#website\"},\"primaryImageOfPage\":{\"@id\":\"https:\\\/\\\/saaremaazoo.ee\\\/en\\\/toode\\\/kapibaara-helkur-6\\\/#primaryimage\"},\"image\":{\"@id\":\"https:\\\/\\\/saaremaazoo.ee\\\/en\\\/toode\\\/kapibaara-helkur-6\\\/#primaryimage\"},\"thumbnailUrl\":\"https:\\\/\\\/www.saaremaazoo.ee\\\/wp-content\\\/uploads\\\/2025\\\/10\\\/IMG_7915-1-scaled.jpeg\",\"datePublished\":\"2025-10-15T11:44:10+00:00\",\"description\":\"Armas k\u00e4sit\u00f6\u00f6na valminud kapibaara helkur, mis \u00fchendab turvalisuse ja disaini. Lisa oma v\u00f5tmetele v\u00f5i kotile stiili ja paista pimedas silma!\",\"breadcrumb\":{\"@id\":\"https:\\\/\\\/saaremaazoo.ee\\\/en\\\/toode\\\/kapibaara-helkur-6\\\/#breadcrumb\"},\"inLanguage\":\"en-US\",\"potentialAction\":[{\"@type\":\"ReadAction\",\"target\":[\"https:\\\/\\\/saaremaazoo.ee\\\/en\\\/toode\\\/kapibaara-helkur-6\\\/\"]}]},{\"@type\":\"ImageObject\",\"inLanguage\":\"en-US\",\"@id\":\"https:\\\/\\\/saaremaazoo.ee\\\/en\\\/toode\\\/kapibaara-helkur-6\\\/#primaryimage\",\"url\":\"https:\\\/\\\/www.saaremaazoo.ee\\\/wp-content\\\/uploads\\\/2025\\\/10\\\/IMG_7915-1-scaled.jpeg\",\"contentUrl\":\"https:\\\/\\\/www.saaremaazoo.ee\\\/wp-content\\\/uploads\\\/2025\\\/10\\\/IMG_7915-1-scaled.jpeg\",\"width\":1920,\"height\":2560},{\"@type\":\"BreadcrumbList\",\"@id\":\"https:\\\/\\\/saaremaazoo.ee\\\/en\\\/toode\\\/kapibaara-helkur-6\\\/#breadcrumb\",\"itemListElement\":[{\"@type\":\"ListItem\",\"position\":1,\"name\":\"Home\",\"item\":\"https:\\\/\\\/www.saaremaazoo.ee\\\/en\\\/\"},{\"@type\":\"ListItem\",\"position\":2,\"name\":\"Pood\",\"item\":\"https:\\\/\\\/saaremaazoo.ee\\\/pood\\\/\"},{\"@type\":\"ListItem\",\"position\":3,\"name\":\"Kapibaara helkur\"}]},{\"@type\":\"WebSite\",\"@id\":\"https:\\\/\\\/saaremaazoo.ee\\\/en\\\/#website\",\"url\":\"https:\\\/\\\/saaremaazoo.ee\\\/en\\\/\",\"name\":\"Saaremaa Zoo\",\"description\":\"Saaremaa esimene Loomaaed\",\"publisher\":{\"@id\":\"https:\\\/\\\/saaremaazoo.ee\\\/en\\\/#organization\"},\"potentialAction\":[{\"@type\":\"SearchAction\",\"target\":{\"@type\":\"EntryPoint\",\"urlTemplate\":\"https:\\\/\\\/saaremaazoo.ee\\\/en\\\/?s={search_term_string}\"},\"query-input\":{\"@type\":\"PropertyValueSpecification\",\"valueRequired\":true,\"valueName\":\"search_term_string\"}}],\"inLanguage\":\"en-US\"},{\"@type\":\"Organization\",\"@id\":\"https:\\\/\\\/saaremaazoo.ee\\\/en\\\/#organization\",\"name\":\"Saaremaa Loomaaed\",\"alternateName\":\"Saaremaa Zoo\",\"url\":\"https:\\\/\\\/saaremaazoo.ee\\\/en\\\/\",\"logo\":{\"@type\":\"ImageObject\",\"inLanguage\":\"en-US\",\"@id\":\"https:\\\/\\\/saaremaazoo.ee\\\/en\\\/#\\\/schema\\\/logo\\\/image\\\/\",\"url\":\"https:\\\/\\\/www.saaremaazoo.ee\\\/wp-content\\\/uploads\\\/2024\\\/12\\\/cropped-cropped-saaremaazoo_magnet_leemur__1__page-0001-removebg-preview.png\",\"contentUrl\":\"https:\\\/\\\/www.saaremaazoo.ee\\\/wp-content\\\/uploads\\\/2024\\\/12\\\/cropped-cropped-saaremaazoo_magnet_leemur__1__page-0001-removebg-preview.png\",\"width\":467,\"height\":325,\"caption\":\"Saaremaa Loomaaed\"},\"image\":{\"@id\":\"https:\\\/\\\/saaremaazoo.ee\\\/en\\\/#\\\/schema\\\/logo\\\/image\\\/\"},\"sameAs\":[\"https:\\\/\\\/www.facebook.com\\\/saaremaazoo\",\"https:\\\/\\\/www.instagram.com\\\/saaremaazoo\\\/\"]}]}<\/script>\n<!-- \/ Yoast SEO plugin. -->","yoast_head_json":{"title":"Kapibaara helkur - Saaremaa Zoo","description":"Armas k\u00e4sit\u00f6\u00f6na valminud kapibaara helkur, mis \u00fchendab turvalisuse ja disaini. Lisa oma v\u00f5tmetele v\u00f5i kotile stiili ja paista pimedas silma!","robots":{"index":"index","follow":"follow","max-snippet":"max-snippet:-1","max-image-preview":"max-image-preview:large","max-video-preview":"max-video-preview:-1"},"canonical":"https:\/\/saaremaazoo.ee\/en\/toode\/kapibaara-helkur-6\/","og_locale":"en_US","og_type":"article","og_title":"Kapibaara helkur - Saaremaa Zoo","og_description":"Armas k\u00e4sit\u00f6\u00f6na valminud kapibaara helkur, mis \u00fchendab turvalisuse ja disaini. Lisa oma v\u00f5tmetele v\u00f5i kotile stiili ja paista pimedas silma!","og_url":"https:\/\/saaremaazoo.ee\/en\/toode\/kapibaara-helkur-6\/","og_site_name":"Saaremaa Zoo","article_publisher":"https:\/\/www.facebook.com\/saaremaazoo","og_image":[{"width":1920,"height":2560,"url":"https:\/\/www.saaremaazoo.ee\/wp-content\/uploads\/2025\/10\/IMG_7915-1-scaled.jpeg","type":"image\/jpeg"}],"twitter_card":"summary_large_image","twitter_misc":{"Est. reading time":"1 minute"},"schema":{"@context":"https:\/\/schema.org","@graph":[{"@type":"WebPage","@id":"https:\/\/saaremaazoo.ee\/en\/toode\/kapibaara-helkur-6\/","url":"https:\/\/saaremaazoo.ee\/en\/toode\/kapibaara-helkur-6\/","name":"Kapibaara helkur - Saaremaa Zoo","isPartOf":{"@id":"https:\/\/saaremaazoo.ee\/en\/#website"},"primaryImageOfPage":{"@id":"https:\/\/saaremaazoo.ee\/en\/toode\/kapibaara-helkur-6\/#primaryimage"},"image":{"@id":"https:\/\/saaremaazoo.ee\/en\/toode\/kapibaara-helkur-6\/#primaryimage"},"thumbnailUrl":"https:\/\/www.saaremaazoo.ee\/wp-content\/uploads\/2025\/10\/IMG_7915-1-scaled.jpeg","datePublished":"2025-10-15T11:44:10+00:00","description":"Armas k\u00e4sit\u00f6\u00f6na valminud kapibaara helkur, mis \u00fchendab turvalisuse ja disaini. Lisa oma v\u00f5tmetele v\u00f5i kotile stiili ja paista pimedas silma!","breadcrumb":{"@id":"https:\/\/saaremaazoo.ee\/en\/toode\/kapibaara-helkur-6\/#breadcrumb"},"inLanguage":"en-US","potentialAction":[{"@type":"ReadAction","target":["https:\/\/saaremaazoo.ee\/en\/toode\/kapibaara-helkur-6\/"]}]},{"@type":"ImageObject","inLanguage":"en-US","@id":"https:\/\/saaremaazoo.ee\/en\/toode\/kapibaara-helkur-6\/#primaryimage","url":"https:\/\/www.saaremaazoo.ee\/wp-content\/uploads\/2025\/10\/IMG_7915-1-scaled.jpeg","contentUrl":"https:\/\/www.saaremaazoo.ee\/wp-content\/uploads\/2025\/10\/IMG_7915-1-scaled.jpeg","width":1920,"height":2560},{"@type":"BreadcrumbList","@id":"https:\/\/saaremaazoo.ee\/en\/toode\/kapibaara-helkur-6\/#breadcrumb","itemListElement":[{"@type":"ListItem","position":1,"name":"Home","item":"https:\/\/www.saaremaazoo.ee\/en\/"},{"@type":"ListItem","position":2,"name":"Pood","item":"https:\/\/saaremaazoo.ee\/pood\/"},{"@type":"ListItem","position":3,"name":"Kapibaara helkur"}]},{"@type":"WebSite","@id":"https:\/\/saaremaazoo.ee\/en\/#website","url":"https:\/\/saaremaazoo.ee\/en\/","name":"Saaremaa Zoo","description":"Saaremaa esimene Loomaaed","publisher":{"@id":"https:\/\/saaremaazoo.ee\/en\/#organization"},"potentialAction":[{"@type":"SearchAction","target":{"@type":"EntryPoint","urlTemplate":"https:\/\/saaremaazoo.ee\/en\/?s={search_term_string}"},"query-input":{"@type":"PropertyValueSpecification","valueRequired":true,"valueName":"search_term_string"}}],"inLanguage":"en-US"},{"@type":"Organization","@id":"https:\/\/saaremaazoo.ee\/en\/#organization","name":"Saaremaa Loomaaed","alternateName":"Saaremaa Zoo","url":"https:\/\/saaremaazoo.ee\/en\/","logo":{"@type":"ImageObject","inLanguage":"en-US","@id":"https:\/\/saaremaazoo.ee\/en\/#\/schema\/logo\/image\/","url":"https:\/\/www.saaremaazoo.ee\/wp-content\/uploads\/2024\/12\/cropped-cropped-saaremaazoo_magnet_leemur__1__page-0001-removebg-preview.png","contentUrl":"https:\/\/www.saaremaazoo.ee\/wp-content\/uploads\/2024\/12\/cropped-cropped-saaremaazoo_magnet_leemur__1__page-0001-removebg-preview.png","width":467,"height":325,"caption":"Saaremaa Loomaaed"},"image":{"@id":"https:\/\/saaremaazoo.ee\/en\/#\/schema\/logo\/image\/"},"sameAs":["https:\/\/www.facebook.com\/saaremaazoo","https:\/\/www.instagram.com\/saaremaazoo\/"]}]}},"jetpack_sharing_enabled":true,"_links":{"self":[{"href":"https:\/\/saaremaazoo.ee\/en\/wp-json\/wp\/v2\/product\/58783","targetHints":{"allow":["GET"]}}],"collection":[{"href":"https:\/\/saaremaazoo.ee\/en\/wp-json\/wp\/v2\/product"}],"about":[{"href":"https:\/\/saaremaazoo.ee\/en\/wp-json\/wp\/v2\/types\/product"}],"replies":[{"embeddable":true,"href":"https:\/\/saaremaazoo.ee\/en\/wp-json\/wp\/v2\/comments?post=58783"}],"wp:featuredmedia":[{"embeddable":true,"href":"https:\/\/saaremaazoo.ee\/en\/wp-json\/wp\/v2\/media\/58784"}],"wp:attachment":[{"href":"https:\/\/saaremaazoo.ee\/en\/wp-json\/wp\/v2\/media?parent=58783"}],"wp:term":[{"taxonomy":"product_brand","embeddable":true,"href":"https:\/\/saaremaazoo.ee\/en\/wp-json\/wp\/v2\/product_brand?post=58783"},{"taxonomy":"product_cat","embeddable":true,"href":"https:\/\/saaremaazoo.ee\/en\/wp-json\/wp\/v2\/product_cat?post=58783"},{"taxonomy":"product_tag","embeddable":true,"href":"https:\/\/saaremaazoo.ee\/en\/wp-json\/wp\/v2\/product_tag?post=58783"}],"curies":[{"name":"wp","href":"https:\/\/api.w.org\/{rel}","templated":true}]}}