{"id":58763,"date":"2025-10-02T12:23:31","date_gmt":"2025-10-02T12:23:31","guid":{"rendered":"https:\/\/saaremaazoo.ee\/?post_type=product&#038;p=58763"},"modified":"2026-04-08T12:53:48","modified_gmt":"2026-04-08T12:53:48","slug":"kaisukas-kallistav-kapibaaara","status":"publish","type":"product","link":"https:\/\/saaremaazoo.ee\/en\/toode\/kaisukas-kallistav-kapibaaara\/","title":{"rendered":"Kaisukas kallistav kapibaaara"},"content":{"rendered":"<p data-start=\"127\" data-end=\"187\"><strong data-start=\"127\" data-end=\"185\">Kaisuta ja kinnita \u2013 kallistav kapibaara on alati sinuga!<\/strong><\/p>\n<p data-start=\"189\" data-end=\"449\">Kallistav kapibaara on pehme, armas ja praktiline m\u00e4nguasi \u00fches. T\u00e4nu sisseehitatud snap-band mehhanismile saad kapibaara h\u00f5lpsalt kinnitada oma k\u00e4e, seljakoti, jalgratta raami v\u00f5i isegi vankri k\u00fclge \u2013 ta p\u00fcsib alati truult sinu k\u00f5rval.<\/p>\n<ul data-start=\"487\" data-end=\"973\">\n<li data-start=\"487\" data-end=\"602\">\n<p data-start=\"489\" data-end=\"602\"><strong data-start=\"489\" data-end=\"515\">Interaktiivne ja l\u00f5bus<\/strong> \u2013 snap-band kinnitusega m\u00e4nguasi, mis \u201ch\u00f5lmab\u201d sind nagu t\u00f5eline kapibaara kallistus.<\/p>\n<\/li>\n<li data-start=\"603\" data-end=\"674\">\n<p data-start=\"605\" data-end=\"674\"><strong data-start=\"605\" data-end=\"626\">\u00dclipehme materjal<\/strong> \u2013 meeldiv katsuda ja turvaline kaisutamiseks.<\/p>\n<\/li>\n<li data-start=\"675\" data-end=\"762\">\n<p data-start=\"677\" data-end=\"762\"><strong data-start=\"677\" data-end=\"701\">Kaaslane igal sammul<\/strong> \u2013 kinnita see endaga kaasa matkale, kooli v\u00f5i autos\u00f5idule.<\/p>\n<\/li>\n<li data-start=\"763\" data-end=\"874\">\n<p data-start=\"765\" data-end=\"874\"><strong data-start=\"765\" data-end=\"782\">Hariv element<\/strong> \u2013 aitab lastel tutvuda maailma suurima n\u00e4rilise, kapibaaraga m\u00e4ngulisel ja armsal viisil.<\/p>\n<\/li>\n<\/ul>\n<p data-start=\"975\" data-end=\"1001\"><strong data-start=\"975\" data-end=\"999\">Sobib suurep\u00e4raselt:<\/strong><\/p>\n<ul data-start=\"1002\" data-end=\"1169\">\n<li data-start=\"1002\" data-end=\"1035\">\n<p data-start=\"1004\" data-end=\"1035\">lastele alates 3. eluaastast,<\/p>\n<\/li>\n<li data-start=\"1036\" data-end=\"1067\">\n<p data-start=\"1038\" data-end=\"1067\">kingituseks loomas\u00f5pradele,<\/p>\n<\/li>\n<li data-start=\"1068\" data-end=\"1119\">\n<p data-start=\"1070\" data-end=\"1119\">meeldej\u00e4\u00e4vaks suveniiriks loomaaia k\u00fclastusest,<\/p>\n<\/li>\n<li data-start=\"1120\" data-end=\"1169\">\n<p data-start=\"1122\" data-end=\"1169\">reisikaaslaseks v\u00f5i isegi sisustuselemendiks.<\/p>\n<\/li>\n<\/ul>\n","protected":false},"excerpt":{"rendered":"<p>Kaisuta ja kinnita \u2013 kallistav kapibaara on alati sinuga! Kallistav kapibaara on pehme, armas ja praktiline m\u00e4nguasi \u00fches. T\u00e4nu sisseehitatud snap-band mehhanismile saad kapibaara h\u00f5lpsalt kinnitada oma k\u00e4e, seljakoti, jalgratta&hellip;<\/p>\n","protected":false},"featured_media":58764,"comment_status":"open","ping_status":"closed","template":"","meta":{"_acf_changed":false},"product_brand":[],"product_cat":[281],"product_tag":[],"class_list":{"0":"post-58763","1":"product","2":"type-product","3":"status-publish","4":"has-post-thumbnail","6":"product_cat-saaremaa-loomaia-manguasjad","8":"first","9":"instock","10":"shipping-taxable","11":"purchasable","12":"product-type-simple"},"acf":[],"yoast_head":"<!-- This site is optimized with the Yoast SEO plugin v27.4 - https:\/\/yoast.com\/product\/yoast-seo-wordpress\/ -->\n<title>Kaisukas kallistav kapibaaara - Saaremaa Zoo<\/title>\n<meta name=\"description\" content=\"Kallistav kapibaara on pehme ja interaktiivne kaisum\u00e4nguasi snap-band kinnitusega. Ideaalne kaaslane, kes kallistab sind igal sammul.\" \/>\n<meta name=\"robots\" content=\"index, follow, max-snippet:-1, max-image-preview:large, max-video-preview:-1\" \/>\n<link rel=\"canonical\" href=\"https:\/\/saaremaazoo.ee\/en\/toode\/kaisukas-kallistav-kapibaaara\/\" \/>\n<meta property=\"og:locale\" content=\"en_US\" \/>\n<meta property=\"og:type\" content=\"article\" \/>\n<meta property=\"og:title\" content=\"Kaisukas kallistav kapibaaara - Saaremaa Zoo\" \/>\n<meta property=\"og:description\" content=\"Kallistav kapibaara on pehme ja interaktiivne kaisum\u00e4nguasi snap-band kinnitusega. Ideaalne kaaslane, kes kallistab sind igal sammul.\" \/>\n<meta property=\"og:url\" content=\"https:\/\/saaremaazoo.ee\/en\/toode\/kaisukas-kallistav-kapibaaara\/\" \/>\n<meta property=\"og:site_name\" content=\"Saaremaa Zoo\" \/>\n<meta property=\"article:publisher\" content=\"https:\/\/www.facebook.com\/saaremaazoo\" \/>\n<meta property=\"article:modified_time\" content=\"2026-04-08T12:53:48+00:00\" \/>\n<meta property=\"og:image\" content=\"https:\/\/saaremaazoo.ee\/wp-content\/uploads\/2025\/10\/kallistav-kapibaara.webp\" \/>\n\t<meta property=\"og:image:width\" content=\"850\" \/>\n\t<meta property=\"og:image:height\" content=\"850\" \/>\n\t<meta property=\"og:image:type\" content=\"image\/webp\" \/>\n<meta name=\"twitter:card\" content=\"summary_large_image\" \/>\n<meta name=\"twitter:label1\" content=\"Est. reading time\" \/>\n\t<meta name=\"twitter:data1\" content=\"1 minute\" \/>\n<script type=\"application\/ld+json\" class=\"yoast-schema-graph\">{\"@context\":\"https:\\\/\\\/schema.org\",\"@graph\":[{\"@type\":\"WebPage\",\"@id\":\"https:\\\/\\\/saaremaazoo.ee\\\/en\\\/toode\\\/kaisukas-kallistav-kapibaaara\\\/\",\"url\":\"https:\\\/\\\/saaremaazoo.ee\\\/en\\\/toode\\\/kaisukas-kallistav-kapibaaara\\\/\",\"name\":\"Kaisukas kallistav kapibaaara - Saaremaa Zoo\",\"isPartOf\":{\"@id\":\"https:\\\/\\\/www.saaremaazoo.ee\\\/en\\\/#website\"},\"primaryImageOfPage\":{\"@id\":\"https:\\\/\\\/saaremaazoo.ee\\\/en\\\/toode\\\/kaisukas-kallistav-kapibaaara\\\/#primaryimage\"},\"image\":{\"@id\":\"https:\\\/\\\/saaremaazoo.ee\\\/en\\\/toode\\\/kaisukas-kallistav-kapibaaara\\\/#primaryimage\"},\"thumbnailUrl\":\"https:\\\/\\\/saaremaazoo.ee\\\/wp-content\\\/uploads\\\/2025\\\/10\\\/kallistav-kapibaara.webp\",\"datePublished\":\"2025-10-02T12:23:31+00:00\",\"dateModified\":\"2026-04-08T12:53:48+00:00\",\"description\":\"Kallistav kapibaara on pehme ja interaktiivne kaisum\u00e4nguasi snap-band kinnitusega. Ideaalne kaaslane, kes kallistab sind igal sammul.\",\"breadcrumb\":{\"@id\":\"https:\\\/\\\/saaremaazoo.ee\\\/en\\\/toode\\\/kaisukas-kallistav-kapibaaara\\\/#breadcrumb\"},\"inLanguage\":\"en-US\",\"potentialAction\":[{\"@type\":\"ReadAction\",\"target\":[\"https:\\\/\\\/saaremaazoo.ee\\\/en\\\/toode\\\/kaisukas-kallistav-kapibaaara\\\/\"]}]},{\"@type\":\"ImageObject\",\"inLanguage\":\"en-US\",\"@id\":\"https:\\\/\\\/saaremaazoo.ee\\\/en\\\/toode\\\/kaisukas-kallistav-kapibaaara\\\/#primaryimage\",\"url\":\"https:\\\/\\\/saaremaazoo.ee\\\/wp-content\\\/uploads\\\/2025\\\/10\\\/kallistav-kapibaara.webp\",\"contentUrl\":\"https:\\\/\\\/saaremaazoo.ee\\\/wp-content\\\/uploads\\\/2025\\\/10\\\/kallistav-kapibaara.webp\",\"width\":850,\"height\":850},{\"@type\":\"BreadcrumbList\",\"@id\":\"https:\\\/\\\/saaremaazoo.ee\\\/en\\\/toode\\\/kaisukas-kallistav-kapibaaara\\\/#breadcrumb\",\"itemListElement\":[{\"@type\":\"ListItem\",\"position\":1,\"name\":\"Home\",\"item\":\"https:\\\/\\\/www.saaremaazoo.ee\\\/en\\\/\"},{\"@type\":\"ListItem\",\"position\":2,\"name\":\"Pood\",\"item\":\"https:\\\/\\\/www.saaremaazoo.ee\\\/en\\\/shop\\\/\"},{\"@type\":\"ListItem\",\"position\":3,\"name\":\"Kaisukas kallistav kapibaaara\"}]},{\"@type\":\"WebSite\",\"@id\":\"https:\\\/\\\/www.saaremaazoo.ee\\\/en\\\/#website\",\"url\":\"https:\\\/\\\/www.saaremaazoo.ee\\\/en\\\/\",\"name\":\"Saaremaa Zoo\",\"description\":\"Saaremaa esimene Loomaaed\",\"publisher\":{\"@id\":\"https:\\\/\\\/www.saaremaazoo.ee\\\/en\\\/#organization\"},\"potentialAction\":[{\"@type\":\"SearchAction\",\"target\":{\"@type\":\"EntryPoint\",\"urlTemplate\":\"https:\\\/\\\/www.saaremaazoo.ee\\\/en\\\/?s={search_term_string}\"},\"query-input\":{\"@type\":\"PropertyValueSpecification\",\"valueRequired\":true,\"valueName\":\"search_term_string\"}}],\"inLanguage\":\"en-US\"},{\"@type\":\"Organization\",\"@id\":\"https:\\\/\\\/www.saaremaazoo.ee\\\/en\\\/#organization\",\"name\":\"Saaremaa Loomaaed\",\"alternateName\":\"Saaremaa Zoo\",\"url\":\"https:\\\/\\\/www.saaremaazoo.ee\\\/en\\\/\",\"logo\":{\"@type\":\"ImageObject\",\"inLanguage\":\"en-US\",\"@id\":\"https:\\\/\\\/www.saaremaazoo.ee\\\/en\\\/#\\\/schema\\\/logo\\\/image\\\/\",\"url\":\"https:\\\/\\\/saaremaazoo.ee\\\/wp-content\\\/uploads\\\/2024\\\/12\\\/cropped-cropped-saaremaazoo_magnet_leemur__1__page-0001-removebg-preview.png\",\"contentUrl\":\"https:\\\/\\\/saaremaazoo.ee\\\/wp-content\\\/uploads\\\/2024\\\/12\\\/cropped-cropped-saaremaazoo_magnet_leemur__1__page-0001-removebg-preview.png\",\"width\":467,\"height\":325,\"caption\":\"Saaremaa Loomaaed\"},\"image\":{\"@id\":\"https:\\\/\\\/www.saaremaazoo.ee\\\/en\\\/#\\\/schema\\\/logo\\\/image\\\/\"},\"sameAs\":[\"https:\\\/\\\/www.facebook.com\\\/saaremaazoo\",\"https:\\\/\\\/www.instagram.com\\\/saaremaazoo\\\/\"]}]}<\/script>\n<!-- \/ Yoast SEO plugin. -->","yoast_head_json":{"title":"Kaisukas kallistav kapibaaara - Saaremaa Zoo","description":"Kallistav kapibaara on pehme ja interaktiivne kaisum\u00e4nguasi snap-band kinnitusega. Ideaalne kaaslane, kes kallistab sind igal sammul.","robots":{"index":"index","follow":"follow","max-snippet":"max-snippet:-1","max-image-preview":"max-image-preview:large","max-video-preview":"max-video-preview:-1"},"canonical":"https:\/\/saaremaazoo.ee\/en\/toode\/kaisukas-kallistav-kapibaaara\/","og_locale":"en_US","og_type":"article","og_title":"Kaisukas kallistav kapibaaara - Saaremaa Zoo","og_description":"Kallistav kapibaara on pehme ja interaktiivne kaisum\u00e4nguasi snap-band kinnitusega. Ideaalne kaaslane, kes kallistab sind igal sammul.","og_url":"https:\/\/saaremaazoo.ee\/en\/toode\/kaisukas-kallistav-kapibaaara\/","og_site_name":"Saaremaa Zoo","article_publisher":"https:\/\/www.facebook.com\/saaremaazoo","article_modified_time":"2026-04-08T12:53:48+00:00","og_image":[{"width":850,"height":850,"url":"https:\/\/saaremaazoo.ee\/wp-content\/uploads\/2025\/10\/kallistav-kapibaara.webp","type":"image\/webp"}],"twitter_card":"summary_large_image","twitter_misc":{"Est. reading time":"1 minute"},"schema":{"@context":"https:\/\/schema.org","@graph":[{"@type":"WebPage","@id":"https:\/\/saaremaazoo.ee\/en\/toode\/kaisukas-kallistav-kapibaaara\/","url":"https:\/\/saaremaazoo.ee\/en\/toode\/kaisukas-kallistav-kapibaaara\/","name":"Kaisukas kallistav kapibaaara - Saaremaa Zoo","isPartOf":{"@id":"https:\/\/www.saaremaazoo.ee\/en\/#website"},"primaryImageOfPage":{"@id":"https:\/\/saaremaazoo.ee\/en\/toode\/kaisukas-kallistav-kapibaaara\/#primaryimage"},"image":{"@id":"https:\/\/saaremaazoo.ee\/en\/toode\/kaisukas-kallistav-kapibaaara\/#primaryimage"},"thumbnailUrl":"https:\/\/saaremaazoo.ee\/wp-content\/uploads\/2025\/10\/kallistav-kapibaara.webp","datePublished":"2025-10-02T12:23:31+00:00","dateModified":"2026-04-08T12:53:48+00:00","description":"Kallistav kapibaara on pehme ja interaktiivne kaisum\u00e4nguasi snap-band kinnitusega. Ideaalne kaaslane, kes kallistab sind igal sammul.","breadcrumb":{"@id":"https:\/\/saaremaazoo.ee\/en\/toode\/kaisukas-kallistav-kapibaaara\/#breadcrumb"},"inLanguage":"en-US","potentialAction":[{"@type":"ReadAction","target":["https:\/\/saaremaazoo.ee\/en\/toode\/kaisukas-kallistav-kapibaaara\/"]}]},{"@type":"ImageObject","inLanguage":"en-US","@id":"https:\/\/saaremaazoo.ee\/en\/toode\/kaisukas-kallistav-kapibaaara\/#primaryimage","url":"https:\/\/saaremaazoo.ee\/wp-content\/uploads\/2025\/10\/kallistav-kapibaara.webp","contentUrl":"https:\/\/saaremaazoo.ee\/wp-content\/uploads\/2025\/10\/kallistav-kapibaara.webp","width":850,"height":850},{"@type":"BreadcrumbList","@id":"https:\/\/saaremaazoo.ee\/en\/toode\/kaisukas-kallistav-kapibaaara\/#breadcrumb","itemListElement":[{"@type":"ListItem","position":1,"name":"Home","item":"https:\/\/www.saaremaazoo.ee\/en\/"},{"@type":"ListItem","position":2,"name":"Pood","item":"https:\/\/www.saaremaazoo.ee\/en\/shop\/"},{"@type":"ListItem","position":3,"name":"Kaisukas kallistav kapibaaara"}]},{"@type":"WebSite","@id":"https:\/\/www.saaremaazoo.ee\/en\/#website","url":"https:\/\/www.saaremaazoo.ee\/en\/","name":"Saaremaa Zoo","description":"Saaremaa esimene Loomaaed","publisher":{"@id":"https:\/\/www.saaremaazoo.ee\/en\/#organization"},"potentialAction":[{"@type":"SearchAction","target":{"@type":"EntryPoint","urlTemplate":"https:\/\/www.saaremaazoo.ee\/en\/?s={search_term_string}"},"query-input":{"@type":"PropertyValueSpecification","valueRequired":true,"valueName":"search_term_string"}}],"inLanguage":"en-US"},{"@type":"Organization","@id":"https:\/\/www.saaremaazoo.ee\/en\/#organization","name":"Saaremaa Loomaaed","alternateName":"Saaremaa Zoo","url":"https:\/\/www.saaremaazoo.ee\/en\/","logo":{"@type":"ImageObject","inLanguage":"en-US","@id":"https:\/\/www.saaremaazoo.ee\/en\/#\/schema\/logo\/image\/","url":"https:\/\/saaremaazoo.ee\/wp-content\/uploads\/2024\/12\/cropped-cropped-saaremaazoo_magnet_leemur__1__page-0001-removebg-preview.png","contentUrl":"https:\/\/saaremaazoo.ee\/wp-content\/uploads\/2024\/12\/cropped-cropped-saaremaazoo_magnet_leemur__1__page-0001-removebg-preview.png","width":467,"height":325,"caption":"Saaremaa Loomaaed"},"image":{"@id":"https:\/\/www.saaremaazoo.ee\/en\/#\/schema\/logo\/image\/"},"sameAs":["https:\/\/www.facebook.com\/saaremaazoo","https:\/\/www.instagram.com\/saaremaazoo\/"]}]}},"jetpack_sharing_enabled":true,"_links":{"self":[{"href":"https:\/\/saaremaazoo.ee\/en\/wp-json\/wp\/v2\/product\/58763","targetHints":{"allow":["GET"]}}],"collection":[{"href":"https:\/\/saaremaazoo.ee\/en\/wp-json\/wp\/v2\/product"}],"about":[{"href":"https:\/\/saaremaazoo.ee\/en\/wp-json\/wp\/v2\/types\/product"}],"replies":[{"embeddable":true,"href":"https:\/\/saaremaazoo.ee\/en\/wp-json\/wp\/v2\/comments?post=58763"}],"wp:featuredmedia":[{"embeddable":true,"href":"https:\/\/saaremaazoo.ee\/en\/wp-json\/wp\/v2\/media\/58764"}],"wp:attachment":[{"href":"https:\/\/saaremaazoo.ee\/en\/wp-json\/wp\/v2\/media?parent=58763"}],"wp:term":[{"taxonomy":"product_brand","embeddable":true,"href":"https:\/\/saaremaazoo.ee\/en\/wp-json\/wp\/v2\/product_brand?post=58763"},{"taxonomy":"product_cat","embeddable":true,"href":"https:\/\/saaremaazoo.ee\/en\/wp-json\/wp\/v2\/product_cat?post=58763"},{"taxonomy":"product_tag","embeddable":true,"href":"https:\/\/saaremaazoo.ee\/en\/wp-json\/wp\/v2\/product_tag?post=58763"}],"curies":[{"name":"wp","href":"https:\/\/api.w.org\/{rel}","templated":true}]}}