{"id":58751,"date":"2025-10-02T11:49:11","date_gmt":"2025-10-02T11:49:11","guid":{"rendered":"https:\/\/saaremaazoo.ee\/?post_type=product&#038;p=58751"},"modified":"2026-04-08T12:56:21","modified_gmt":"2026-04-08T12:56:21","slug":"pehme-kaisukas-skunk","status":"publish","type":"product","link":"https:\/\/saaremaazoo.ee\/en\/toode\/pehme-kaisukas-skunk\/","title":{"rendered":"Pehme kaisukas skunk"},"content":{"rendered":"<p data-start=\"142\" data-end=\"528\">Tailkins Skunk m\u00e4nguasi, millel on klassikaline must-valge kasukas, kohev saba ja eesmistel k\u00e4ppadel kinnitus, mis v\u00f5imaldab teda kallistama v\u00f5i rippuma panna. T\u00e4idis on valmistatud taaskasutatud plastpudelitest, mist\u00f5ttu m\u00e4nguasi on kerge, sarmikas ja s\u00e4\u00e4stev valik.<\/p>\n<p data-start=\"634\" data-end=\"828\">Lisaks pehmusele vastab k\u00f5rgetele ohutusstandarditele ja sobib lastele. Kogu materjal on valitud nii, et see oleks ohutu ja vastupidav.<\/p>\n<p data-start=\"830\" data-end=\"860\">M\u00e4nguasi sobib ideaalselt kingituseks loomahuvilisele lapsele v\u00f5i t\u00e4iskasvanule ning on hea kaaslane.<\/p>\n","protected":false},"excerpt":{"rendered":"<p>Tailkins Skunk m\u00e4nguasi, millel on klassikaline must-valge kasukas, kohev saba ja eesmistel k\u00e4ppadel kinnitus, mis v\u00f5imaldab teda kallistama v\u00f5i rippuma panna. T\u00e4idis on valmistatud taaskasutatud plastpudelitest, mist\u00f5ttu m\u00e4nguasi on kerge,&hellip;<\/p>\n","protected":false},"featured_media":58752,"comment_status":"open","ping_status":"closed","template":"","meta":{"_acf_changed":false},"product_brand":[],"product_cat":[281],"product_tag":[],"class_list":{"0":"post-58751","1":"product","2":"type-product","3":"status-publish","4":"has-post-thumbnail","6":"product_cat-saaremaa-loomaia-manguasjad","8":"first","9":"instock","10":"shipping-taxable","11":"purchasable","12":"product-type-simple"},"acf":[],"yoast_head":"<!-- This site is optimized with the Yoast SEO plugin v27.4 - https:\/\/yoast.com\/product\/yoast-seo-wordpress\/ -->\n<title>Pehme kaisukas skunk - Saaremaa Zoo<\/title>\n<meta name=\"description\" content=\"Tailkins skunki m\u00e4nguasi on pehme, detailne ja keskkonnas\u00f5bralik valik, mis sobib nii kingituseks kui m\u00e4ngukaaslaseks.\" \/>\n<meta name=\"robots\" content=\"index, follow, max-snippet:-1, max-image-preview:large, max-video-preview:-1\" \/>\n<link rel=\"canonical\" href=\"https:\/\/saaremaazoo.ee\/en\/toode\/pehme-kaisukas-skunk\/\" \/>\n<meta property=\"og:locale\" content=\"en_US\" \/>\n<meta property=\"og:type\" content=\"article\" \/>\n<meta property=\"og:title\" content=\"Pehme kaisukas skunk - Saaremaa Zoo\" \/>\n<meta property=\"og:description\" content=\"Tailkins skunki m\u00e4nguasi on pehme, detailne ja keskkonnas\u00f5bralik valik, mis sobib nii kingituseks kui m\u00e4ngukaaslaseks.\" \/>\n<meta property=\"og:url\" content=\"https:\/\/saaremaazoo.ee\/en\/toode\/pehme-kaisukas-skunk\/\" \/>\n<meta property=\"og:site_name\" content=\"Saaremaa Zoo\" \/>\n<meta property=\"article:publisher\" content=\"https:\/\/www.facebook.com\/saaremaazoo\" \/>\n<meta property=\"article:modified_time\" content=\"2026-04-08T12:56:21+00:00\" \/>\n<meta property=\"og:image\" content=\"https:\/\/www.saaremaazoo.ee\/wp-content\/uploads\/2025\/10\/skunk.webp\" \/>\n\t<meta property=\"og:image:width\" content=\"850\" \/>\n\t<meta property=\"og:image:height\" content=\"850\" \/>\n\t<meta property=\"og:image:type\" content=\"image\/webp\" \/>\n<meta name=\"twitter:card\" content=\"summary_large_image\" \/>\n<meta name=\"twitter:label1\" content=\"Est. reading time\" \/>\n\t<meta name=\"twitter:data1\" content=\"1 minute\" \/>\n<script type=\"application\/ld+json\" class=\"yoast-schema-graph\">{\"@context\":\"https:\\\/\\\/schema.org\",\"@graph\":[{\"@type\":\"WebPage\",\"@id\":\"https:\\\/\\\/saaremaazoo.ee\\\/en\\\/toode\\\/pehme-kaisukas-skunk\\\/\",\"url\":\"https:\\\/\\\/saaremaazoo.ee\\\/en\\\/toode\\\/pehme-kaisukas-skunk\\\/\",\"name\":\"Pehme kaisukas skunk - Saaremaa Zoo\",\"isPartOf\":{\"@id\":\"https:\\\/\\\/www.saaremaazoo.ee\\\/en\\\/#website\"},\"primaryImageOfPage\":{\"@id\":\"https:\\\/\\\/saaremaazoo.ee\\\/en\\\/toode\\\/pehme-kaisukas-skunk\\\/#primaryimage\"},\"image\":{\"@id\":\"https:\\\/\\\/saaremaazoo.ee\\\/en\\\/toode\\\/pehme-kaisukas-skunk\\\/#primaryimage\"},\"thumbnailUrl\":\"https:\\\/\\\/www.saaremaazoo.ee\\\/wp-content\\\/uploads\\\/2025\\\/10\\\/skunk.webp\",\"datePublished\":\"2025-10-02T11:49:11+00:00\",\"dateModified\":\"2026-04-08T12:56:21+00:00\",\"description\":\"Tailkins skunki m\u00e4nguasi on pehme, detailne ja keskkonnas\u00f5bralik valik, mis sobib nii kingituseks kui m\u00e4ngukaaslaseks.\",\"breadcrumb\":{\"@id\":\"https:\\\/\\\/saaremaazoo.ee\\\/en\\\/toode\\\/pehme-kaisukas-skunk\\\/#breadcrumb\"},\"inLanguage\":\"en-US\",\"potentialAction\":[{\"@type\":\"ReadAction\",\"target\":[\"https:\\\/\\\/saaremaazoo.ee\\\/en\\\/toode\\\/pehme-kaisukas-skunk\\\/\"]}]},{\"@type\":\"ImageObject\",\"inLanguage\":\"en-US\",\"@id\":\"https:\\\/\\\/saaremaazoo.ee\\\/en\\\/toode\\\/pehme-kaisukas-skunk\\\/#primaryimage\",\"url\":\"https:\\\/\\\/www.saaremaazoo.ee\\\/wp-content\\\/uploads\\\/2025\\\/10\\\/skunk.webp\",\"contentUrl\":\"https:\\\/\\\/www.saaremaazoo.ee\\\/wp-content\\\/uploads\\\/2025\\\/10\\\/skunk.webp\",\"width\":850,\"height\":850},{\"@type\":\"BreadcrumbList\",\"@id\":\"https:\\\/\\\/saaremaazoo.ee\\\/en\\\/toode\\\/pehme-kaisukas-skunk\\\/#breadcrumb\",\"itemListElement\":[{\"@type\":\"ListItem\",\"position\":1,\"name\":\"Home\",\"item\":\"https:\\\/\\\/saaremaazoo.ee\\\/en\\\/\"},{\"@type\":\"ListItem\",\"position\":2,\"name\":\"Pood\",\"item\":\"https:\\\/\\\/saaremaazoo.ee\\\/pood\\\/\"},{\"@type\":\"ListItem\",\"position\":3,\"name\":\"Pehme kaisukas skunk\"}]},{\"@type\":\"WebSite\",\"@id\":\"https:\\\/\\\/www.saaremaazoo.ee\\\/en\\\/#website\",\"url\":\"https:\\\/\\\/www.saaremaazoo.ee\\\/en\\\/\",\"name\":\"Saaremaa Zoo\",\"description\":\"Saaremaa esimene Loomaaed\",\"publisher\":{\"@id\":\"https:\\\/\\\/www.saaremaazoo.ee\\\/en\\\/#organization\"},\"potentialAction\":[{\"@type\":\"SearchAction\",\"target\":{\"@type\":\"EntryPoint\",\"urlTemplate\":\"https:\\\/\\\/www.saaremaazoo.ee\\\/en\\\/?s={search_term_string}\"},\"query-input\":{\"@type\":\"PropertyValueSpecification\",\"valueRequired\":true,\"valueName\":\"search_term_string\"}}],\"inLanguage\":\"en-US\"},{\"@type\":\"Organization\",\"@id\":\"https:\\\/\\\/www.saaremaazoo.ee\\\/en\\\/#organization\",\"name\":\"Saaremaa Loomaaed\",\"alternateName\":\"Saaremaa Zoo\",\"url\":\"https:\\\/\\\/www.saaremaazoo.ee\\\/en\\\/\",\"logo\":{\"@type\":\"ImageObject\",\"inLanguage\":\"en-US\",\"@id\":\"https:\\\/\\\/www.saaremaazoo.ee\\\/en\\\/#\\\/schema\\\/logo\\\/image\\\/\",\"url\":\"https:\\\/\\\/www.saaremaazoo.ee\\\/wp-content\\\/uploads\\\/2024\\\/12\\\/cropped-cropped-saaremaazoo_magnet_leemur__1__page-0001-removebg-preview.png\",\"contentUrl\":\"https:\\\/\\\/www.saaremaazoo.ee\\\/wp-content\\\/uploads\\\/2024\\\/12\\\/cropped-cropped-saaremaazoo_magnet_leemur__1__page-0001-removebg-preview.png\",\"width\":467,\"height\":325,\"caption\":\"Saaremaa Loomaaed\"},\"image\":{\"@id\":\"https:\\\/\\\/www.saaremaazoo.ee\\\/en\\\/#\\\/schema\\\/logo\\\/image\\\/\"},\"sameAs\":[\"https:\\\/\\\/www.facebook.com\\\/saaremaazoo\",\"https:\\\/\\\/www.instagram.com\\\/saaremaazoo\\\/\"]}]}<\/script>\n<!-- \/ Yoast SEO plugin. -->","yoast_head_json":{"title":"Pehme kaisukas skunk - Saaremaa Zoo","description":"Tailkins skunki m\u00e4nguasi on pehme, detailne ja keskkonnas\u00f5bralik valik, mis sobib nii kingituseks kui m\u00e4ngukaaslaseks.","robots":{"index":"index","follow":"follow","max-snippet":"max-snippet:-1","max-image-preview":"max-image-preview:large","max-video-preview":"max-video-preview:-1"},"canonical":"https:\/\/saaremaazoo.ee\/en\/toode\/pehme-kaisukas-skunk\/","og_locale":"en_US","og_type":"article","og_title":"Pehme kaisukas skunk - Saaremaa Zoo","og_description":"Tailkins skunki m\u00e4nguasi on pehme, detailne ja keskkonnas\u00f5bralik valik, mis sobib nii kingituseks kui m\u00e4ngukaaslaseks.","og_url":"https:\/\/saaremaazoo.ee\/en\/toode\/pehme-kaisukas-skunk\/","og_site_name":"Saaremaa Zoo","article_publisher":"https:\/\/www.facebook.com\/saaremaazoo","article_modified_time":"2026-04-08T12:56:21+00:00","og_image":[{"width":850,"height":850,"url":"https:\/\/www.saaremaazoo.ee\/wp-content\/uploads\/2025\/10\/skunk.webp","type":"image\/webp"}],"twitter_card":"summary_large_image","twitter_misc":{"Est. reading time":"1 minute"},"schema":{"@context":"https:\/\/schema.org","@graph":[{"@type":"WebPage","@id":"https:\/\/saaremaazoo.ee\/en\/toode\/pehme-kaisukas-skunk\/","url":"https:\/\/saaremaazoo.ee\/en\/toode\/pehme-kaisukas-skunk\/","name":"Pehme kaisukas skunk - Saaremaa Zoo","isPartOf":{"@id":"https:\/\/www.saaremaazoo.ee\/en\/#website"},"primaryImageOfPage":{"@id":"https:\/\/saaremaazoo.ee\/en\/toode\/pehme-kaisukas-skunk\/#primaryimage"},"image":{"@id":"https:\/\/saaremaazoo.ee\/en\/toode\/pehme-kaisukas-skunk\/#primaryimage"},"thumbnailUrl":"https:\/\/www.saaremaazoo.ee\/wp-content\/uploads\/2025\/10\/skunk.webp","datePublished":"2025-10-02T11:49:11+00:00","dateModified":"2026-04-08T12:56:21+00:00","description":"Tailkins skunki m\u00e4nguasi on pehme, detailne ja keskkonnas\u00f5bralik valik, mis sobib nii kingituseks kui m\u00e4ngukaaslaseks.","breadcrumb":{"@id":"https:\/\/saaremaazoo.ee\/en\/toode\/pehme-kaisukas-skunk\/#breadcrumb"},"inLanguage":"en-US","potentialAction":[{"@type":"ReadAction","target":["https:\/\/saaremaazoo.ee\/en\/toode\/pehme-kaisukas-skunk\/"]}]},{"@type":"ImageObject","inLanguage":"en-US","@id":"https:\/\/saaremaazoo.ee\/en\/toode\/pehme-kaisukas-skunk\/#primaryimage","url":"https:\/\/www.saaremaazoo.ee\/wp-content\/uploads\/2025\/10\/skunk.webp","contentUrl":"https:\/\/www.saaremaazoo.ee\/wp-content\/uploads\/2025\/10\/skunk.webp","width":850,"height":850},{"@type":"BreadcrumbList","@id":"https:\/\/saaremaazoo.ee\/en\/toode\/pehme-kaisukas-skunk\/#breadcrumb","itemListElement":[{"@type":"ListItem","position":1,"name":"Home","item":"https:\/\/saaremaazoo.ee\/en\/"},{"@type":"ListItem","position":2,"name":"Pood","item":"https:\/\/saaremaazoo.ee\/pood\/"},{"@type":"ListItem","position":3,"name":"Pehme kaisukas skunk"}]},{"@type":"WebSite","@id":"https:\/\/www.saaremaazoo.ee\/en\/#website","url":"https:\/\/www.saaremaazoo.ee\/en\/","name":"Saaremaa Zoo","description":"Saaremaa esimene Loomaaed","publisher":{"@id":"https:\/\/www.saaremaazoo.ee\/en\/#organization"},"potentialAction":[{"@type":"SearchAction","target":{"@type":"EntryPoint","urlTemplate":"https:\/\/www.saaremaazoo.ee\/en\/?s={search_term_string}"},"query-input":{"@type":"PropertyValueSpecification","valueRequired":true,"valueName":"search_term_string"}}],"inLanguage":"en-US"},{"@type":"Organization","@id":"https:\/\/www.saaremaazoo.ee\/en\/#organization","name":"Saaremaa Loomaaed","alternateName":"Saaremaa Zoo","url":"https:\/\/www.saaremaazoo.ee\/en\/","logo":{"@type":"ImageObject","inLanguage":"en-US","@id":"https:\/\/www.saaremaazoo.ee\/en\/#\/schema\/logo\/image\/","url":"https:\/\/www.saaremaazoo.ee\/wp-content\/uploads\/2024\/12\/cropped-cropped-saaremaazoo_magnet_leemur__1__page-0001-removebg-preview.png","contentUrl":"https:\/\/www.saaremaazoo.ee\/wp-content\/uploads\/2024\/12\/cropped-cropped-saaremaazoo_magnet_leemur__1__page-0001-removebg-preview.png","width":467,"height":325,"caption":"Saaremaa Loomaaed"},"image":{"@id":"https:\/\/www.saaremaazoo.ee\/en\/#\/schema\/logo\/image\/"},"sameAs":["https:\/\/www.facebook.com\/saaremaazoo","https:\/\/www.instagram.com\/saaremaazoo\/"]}]}},"jetpack_sharing_enabled":true,"_links":{"self":[{"href":"https:\/\/saaremaazoo.ee\/en\/wp-json\/wp\/v2\/product\/58751","targetHints":{"allow":["GET"]}}],"collection":[{"href":"https:\/\/saaremaazoo.ee\/en\/wp-json\/wp\/v2\/product"}],"about":[{"href":"https:\/\/saaremaazoo.ee\/en\/wp-json\/wp\/v2\/types\/product"}],"replies":[{"embeddable":true,"href":"https:\/\/saaremaazoo.ee\/en\/wp-json\/wp\/v2\/comments?post=58751"}],"wp:featuredmedia":[{"embeddable":true,"href":"https:\/\/saaremaazoo.ee\/en\/wp-json\/wp\/v2\/media\/58752"}],"wp:attachment":[{"href":"https:\/\/saaremaazoo.ee\/en\/wp-json\/wp\/v2\/media?parent=58751"}],"wp:term":[{"taxonomy":"product_brand","embeddable":true,"href":"https:\/\/saaremaazoo.ee\/en\/wp-json\/wp\/v2\/product_brand?post=58751"},{"taxonomy":"product_cat","embeddable":true,"href":"https:\/\/saaremaazoo.ee\/en\/wp-json\/wp\/v2\/product_cat?post=58751"},{"taxonomy":"product_tag","embeddable":true,"href":"https:\/\/saaremaazoo.ee\/en\/wp-json\/wp\/v2\/product_tag?post=58751"}],"curies":[{"name":"wp","href":"https:\/\/api.w.org\/{rel}","templated":true}]}}