{"id":58738,"date":"2025-10-02T09:56:18","date_gmt":"2025-10-02T09:56:18","guid":{"rendered":"https:\/\/saaremaazoo.ee\/?post_type=product&#038;p=58738"},"modified":"2025-12-15T07:20:40","modified_gmt":"2025-12-15T07:20:40","slug":"kulmkapimagnet-kameeleon","status":"publish","type":"product","link":"https:\/\/saaremaazoo.ee\/en\/toode\/kulmkapimagnet-kameeleon\/","title":{"rendered":"K\u00fclmkapimagnet kameeleon"},"content":{"rendered":"<p data-start=\"83\" data-end=\"306\">Nature Planet kameeleoni magnet on v\u00e4rvik\u00fcllane, detailne ja praktiline suveniir. Magnet v\u00f5imaldab tal paigalduda metallpinnale, nagu k\u00fclmik v\u00f5i tahvel, justkui oleks see t\u00f5eline roomaja. Ideaalne kingituseks.<\/p>\n<p data-start=\"308\" data-end=\"447\">\n","protected":false},"excerpt":{"rendered":"<p>Nature Planet kameeleoni magnet on v\u00e4rvik\u00fcllane, detailne ja praktiline suveniir. Magnet v\u00f5imaldab tal paigalduda metallpinnale, nagu k\u00fclmik v\u00f5i tahvel, justkui oleks see t\u00f5eline roomaja. Ideaalne kingituseks.<\/p>\n","protected":false},"featured_media":58739,"comment_status":"open","ping_status":"closed","template":"","meta":{"_acf_changed":false},"product_brand":[],"product_cat":[279],"product_tag":[],"class_list":{"0":"post-58738","1":"product","2":"type-product","3":"status-publish","4":"has-post-thumbnail","6":"product_cat-kingitused","8":"first","9":"instock","10":"shipping-taxable","11":"purchasable","12":"product-type-simple"},"acf":[],"yoast_head":"<!-- This site is optimized with the Yoast SEO plugin v27.4 - https:\/\/yoast.com\/product\/yoast-seo-wordpress\/ -->\n<title>K\u00fclmkapimagnet kameeleon - Saaremaa Zoo<\/title>\n<meta name=\"description\" content=\"Nature Planet kameeleoni magnet, eriline ja funktsionaalne suveniir, mis lisab v\u00e4rvi sinu koju.\" \/>\n<meta name=\"robots\" content=\"index, follow, max-snippet:-1, max-image-preview:large, max-video-preview:-1\" \/>\n<link rel=\"canonical\" href=\"https:\/\/saaremaazoo.ee\/en\/toode\/kulmkapimagnet-kameeleon\/\" \/>\n<meta property=\"og:locale\" content=\"en_US\" \/>\n<meta property=\"og:type\" content=\"article\" \/>\n<meta property=\"og:title\" content=\"K\u00fclmkapimagnet kameeleon - Saaremaa Zoo\" \/>\n<meta property=\"og:description\" content=\"Nature Planet kameeleoni magnet, eriline ja funktsionaalne suveniir, mis lisab v\u00e4rvi sinu koju.\" \/>\n<meta property=\"og:url\" content=\"https:\/\/saaremaazoo.ee\/en\/toode\/kulmkapimagnet-kameeleon\/\" \/>\n<meta property=\"og:site_name\" content=\"Saaremaa Zoo\" \/>\n<meta property=\"article:publisher\" content=\"https:\/\/www.facebook.com\/saaremaazoo\" \/>\n<meta property=\"article:modified_time\" content=\"2025-12-15T07:20:40+00:00\" \/>\n<meta property=\"og:image\" content=\"https:\/\/saaremaazoo.ee\/wp-content\/uploads\/2025\/10\/kameeleoni-magnet.jpeg\" \/>\n\t<meta property=\"og:image:width\" content=\"591\" \/>\n\t<meta property=\"og:image:height\" content=\"591\" \/>\n\t<meta property=\"og:image:type\" content=\"image\/jpeg\" \/>\n<meta name=\"twitter:card\" content=\"summary_large_image\" \/>\n<meta name=\"twitter:label1\" content=\"Est. reading time\" \/>\n\t<meta name=\"twitter:data1\" content=\"1 minute\" \/>\n<script type=\"application\/ld+json\" class=\"yoast-schema-graph\">{\"@context\":\"https:\\\/\\\/schema.org\",\"@graph\":[{\"@type\":\"WebPage\",\"@id\":\"https:\\\/\\\/saaremaazoo.ee\\\/en\\\/toode\\\/kulmkapimagnet-kameeleon\\\/\",\"url\":\"https:\\\/\\\/saaremaazoo.ee\\\/en\\\/toode\\\/kulmkapimagnet-kameeleon\\\/\",\"name\":\"K\u00fclmkapimagnet kameeleon - Saaremaa Zoo\",\"isPartOf\":{\"@id\":\"https:\\\/\\\/www.saaremaazoo.ee\\\/en\\\/#website\"},\"primaryImageOfPage\":{\"@id\":\"https:\\\/\\\/saaremaazoo.ee\\\/en\\\/toode\\\/kulmkapimagnet-kameeleon\\\/#primaryimage\"},\"image\":{\"@id\":\"https:\\\/\\\/saaremaazoo.ee\\\/en\\\/toode\\\/kulmkapimagnet-kameeleon\\\/#primaryimage\"},\"thumbnailUrl\":\"https:\\\/\\\/saaremaazoo.ee\\\/wp-content\\\/uploads\\\/2025\\\/10\\\/kameeleoni-magnet.jpeg\",\"datePublished\":\"2025-10-02T09:56:18+00:00\",\"dateModified\":\"2025-12-15T07:20:40+00:00\",\"description\":\"Nature Planet kameeleoni magnet, eriline ja funktsionaalne suveniir, mis lisab v\u00e4rvi sinu koju.\",\"breadcrumb\":{\"@id\":\"https:\\\/\\\/saaremaazoo.ee\\\/en\\\/toode\\\/kulmkapimagnet-kameeleon\\\/#breadcrumb\"},\"inLanguage\":\"en-US\",\"potentialAction\":[{\"@type\":\"ReadAction\",\"target\":[\"https:\\\/\\\/saaremaazoo.ee\\\/en\\\/toode\\\/kulmkapimagnet-kameeleon\\\/\"]}]},{\"@type\":\"ImageObject\",\"inLanguage\":\"en-US\",\"@id\":\"https:\\\/\\\/saaremaazoo.ee\\\/en\\\/toode\\\/kulmkapimagnet-kameeleon\\\/#primaryimage\",\"url\":\"https:\\\/\\\/saaremaazoo.ee\\\/wp-content\\\/uploads\\\/2025\\\/10\\\/kameeleoni-magnet.jpeg\",\"contentUrl\":\"https:\\\/\\\/saaremaazoo.ee\\\/wp-content\\\/uploads\\\/2025\\\/10\\\/kameeleoni-magnet.jpeg\",\"width\":591,\"height\":591},{\"@type\":\"BreadcrumbList\",\"@id\":\"https:\\\/\\\/saaremaazoo.ee\\\/en\\\/toode\\\/kulmkapimagnet-kameeleon\\\/#breadcrumb\",\"itemListElement\":[{\"@type\":\"ListItem\",\"position\":1,\"name\":\"Home\",\"item\":\"https:\\\/\\\/saaremaazoo.ee\\\/en\\\/\"},{\"@type\":\"ListItem\",\"position\":2,\"name\":\"Pood\",\"item\":\"https:\\\/\\\/saaremaazoo.ee\\\/pood\\\/\"},{\"@type\":\"ListItem\",\"position\":3,\"name\":\"K\u00fclmkapimagnet kameeleon\"}]},{\"@type\":\"WebSite\",\"@id\":\"https:\\\/\\\/www.saaremaazoo.ee\\\/en\\\/#website\",\"url\":\"https:\\\/\\\/www.saaremaazoo.ee\\\/en\\\/\",\"name\":\"Saaremaa Zoo\",\"description\":\"Saaremaa esimene Loomaaed\",\"publisher\":{\"@id\":\"https:\\\/\\\/www.saaremaazoo.ee\\\/en\\\/#organization\"},\"potentialAction\":[{\"@type\":\"SearchAction\",\"target\":{\"@type\":\"EntryPoint\",\"urlTemplate\":\"https:\\\/\\\/www.saaremaazoo.ee\\\/en\\\/?s={search_term_string}\"},\"query-input\":{\"@type\":\"PropertyValueSpecification\",\"valueRequired\":true,\"valueName\":\"search_term_string\"}}],\"inLanguage\":\"en-US\"},{\"@type\":\"Organization\",\"@id\":\"https:\\\/\\\/www.saaremaazoo.ee\\\/en\\\/#organization\",\"name\":\"Saaremaa Loomaaed\",\"alternateName\":\"Saaremaa Zoo\",\"url\":\"https:\\\/\\\/www.saaremaazoo.ee\\\/en\\\/\",\"logo\":{\"@type\":\"ImageObject\",\"inLanguage\":\"en-US\",\"@id\":\"https:\\\/\\\/www.saaremaazoo.ee\\\/en\\\/#\\\/schema\\\/logo\\\/image\\\/\",\"url\":\"https:\\\/\\\/saaremaazoo.ee\\\/wp-content\\\/uploads\\\/2024\\\/12\\\/cropped-cropped-saaremaazoo_magnet_leemur__1__page-0001-removebg-preview.png\",\"contentUrl\":\"https:\\\/\\\/saaremaazoo.ee\\\/wp-content\\\/uploads\\\/2024\\\/12\\\/cropped-cropped-saaremaazoo_magnet_leemur__1__page-0001-removebg-preview.png\",\"width\":467,\"height\":325,\"caption\":\"Saaremaa Loomaaed\"},\"image\":{\"@id\":\"https:\\\/\\\/www.saaremaazoo.ee\\\/en\\\/#\\\/schema\\\/logo\\\/image\\\/\"},\"sameAs\":[\"https:\\\/\\\/www.facebook.com\\\/saaremaazoo\",\"https:\\\/\\\/www.instagram.com\\\/saaremaazoo\\\/\"]}]}<\/script>\n<!-- \/ Yoast SEO plugin. -->","yoast_head_json":{"title":"K\u00fclmkapimagnet kameeleon - Saaremaa Zoo","description":"Nature Planet kameeleoni magnet, eriline ja funktsionaalne suveniir, mis lisab v\u00e4rvi sinu koju.","robots":{"index":"index","follow":"follow","max-snippet":"max-snippet:-1","max-image-preview":"max-image-preview:large","max-video-preview":"max-video-preview:-1"},"canonical":"https:\/\/saaremaazoo.ee\/en\/toode\/kulmkapimagnet-kameeleon\/","og_locale":"en_US","og_type":"article","og_title":"K\u00fclmkapimagnet kameeleon - Saaremaa Zoo","og_description":"Nature Planet kameeleoni magnet, eriline ja funktsionaalne suveniir, mis lisab v\u00e4rvi sinu koju.","og_url":"https:\/\/saaremaazoo.ee\/en\/toode\/kulmkapimagnet-kameeleon\/","og_site_name":"Saaremaa Zoo","article_publisher":"https:\/\/www.facebook.com\/saaremaazoo","article_modified_time":"2025-12-15T07:20:40+00:00","og_image":[{"width":591,"height":591,"url":"https:\/\/saaremaazoo.ee\/wp-content\/uploads\/2025\/10\/kameeleoni-magnet.jpeg","type":"image\/jpeg"}],"twitter_card":"summary_large_image","twitter_misc":{"Est. reading time":"1 minute"},"schema":{"@context":"https:\/\/schema.org","@graph":[{"@type":"WebPage","@id":"https:\/\/saaremaazoo.ee\/en\/toode\/kulmkapimagnet-kameeleon\/","url":"https:\/\/saaremaazoo.ee\/en\/toode\/kulmkapimagnet-kameeleon\/","name":"K\u00fclmkapimagnet kameeleon - Saaremaa Zoo","isPartOf":{"@id":"https:\/\/www.saaremaazoo.ee\/en\/#website"},"primaryImageOfPage":{"@id":"https:\/\/saaremaazoo.ee\/en\/toode\/kulmkapimagnet-kameeleon\/#primaryimage"},"image":{"@id":"https:\/\/saaremaazoo.ee\/en\/toode\/kulmkapimagnet-kameeleon\/#primaryimage"},"thumbnailUrl":"https:\/\/saaremaazoo.ee\/wp-content\/uploads\/2025\/10\/kameeleoni-magnet.jpeg","datePublished":"2025-10-02T09:56:18+00:00","dateModified":"2025-12-15T07:20:40+00:00","description":"Nature Planet kameeleoni magnet, eriline ja funktsionaalne suveniir, mis lisab v\u00e4rvi sinu koju.","breadcrumb":{"@id":"https:\/\/saaremaazoo.ee\/en\/toode\/kulmkapimagnet-kameeleon\/#breadcrumb"},"inLanguage":"en-US","potentialAction":[{"@type":"ReadAction","target":["https:\/\/saaremaazoo.ee\/en\/toode\/kulmkapimagnet-kameeleon\/"]}]},{"@type":"ImageObject","inLanguage":"en-US","@id":"https:\/\/saaremaazoo.ee\/en\/toode\/kulmkapimagnet-kameeleon\/#primaryimage","url":"https:\/\/saaremaazoo.ee\/wp-content\/uploads\/2025\/10\/kameeleoni-magnet.jpeg","contentUrl":"https:\/\/saaremaazoo.ee\/wp-content\/uploads\/2025\/10\/kameeleoni-magnet.jpeg","width":591,"height":591},{"@type":"BreadcrumbList","@id":"https:\/\/saaremaazoo.ee\/en\/toode\/kulmkapimagnet-kameeleon\/#breadcrumb","itemListElement":[{"@type":"ListItem","position":1,"name":"Home","item":"https:\/\/saaremaazoo.ee\/en\/"},{"@type":"ListItem","position":2,"name":"Pood","item":"https:\/\/saaremaazoo.ee\/pood\/"},{"@type":"ListItem","position":3,"name":"K\u00fclmkapimagnet kameeleon"}]},{"@type":"WebSite","@id":"https:\/\/www.saaremaazoo.ee\/en\/#website","url":"https:\/\/www.saaremaazoo.ee\/en\/","name":"Saaremaa Zoo","description":"Saaremaa esimene Loomaaed","publisher":{"@id":"https:\/\/www.saaremaazoo.ee\/en\/#organization"},"potentialAction":[{"@type":"SearchAction","target":{"@type":"EntryPoint","urlTemplate":"https:\/\/www.saaremaazoo.ee\/en\/?s={search_term_string}"},"query-input":{"@type":"PropertyValueSpecification","valueRequired":true,"valueName":"search_term_string"}}],"inLanguage":"en-US"},{"@type":"Organization","@id":"https:\/\/www.saaremaazoo.ee\/en\/#organization","name":"Saaremaa Loomaaed","alternateName":"Saaremaa Zoo","url":"https:\/\/www.saaremaazoo.ee\/en\/","logo":{"@type":"ImageObject","inLanguage":"en-US","@id":"https:\/\/www.saaremaazoo.ee\/en\/#\/schema\/logo\/image\/","url":"https:\/\/saaremaazoo.ee\/wp-content\/uploads\/2024\/12\/cropped-cropped-saaremaazoo_magnet_leemur__1__page-0001-removebg-preview.png","contentUrl":"https:\/\/saaremaazoo.ee\/wp-content\/uploads\/2024\/12\/cropped-cropped-saaremaazoo_magnet_leemur__1__page-0001-removebg-preview.png","width":467,"height":325,"caption":"Saaremaa Loomaaed"},"image":{"@id":"https:\/\/www.saaremaazoo.ee\/en\/#\/schema\/logo\/image\/"},"sameAs":["https:\/\/www.facebook.com\/saaremaazoo","https:\/\/www.instagram.com\/saaremaazoo\/"]}]}},"jetpack_sharing_enabled":true,"_links":{"self":[{"href":"https:\/\/saaremaazoo.ee\/en\/wp-json\/wp\/v2\/product\/58738","targetHints":{"allow":["GET"]}}],"collection":[{"href":"https:\/\/saaremaazoo.ee\/en\/wp-json\/wp\/v2\/product"}],"about":[{"href":"https:\/\/saaremaazoo.ee\/en\/wp-json\/wp\/v2\/types\/product"}],"replies":[{"embeddable":true,"href":"https:\/\/saaremaazoo.ee\/en\/wp-json\/wp\/v2\/comments?post=58738"}],"wp:featuredmedia":[{"embeddable":true,"href":"https:\/\/saaremaazoo.ee\/en\/wp-json\/wp\/v2\/media\/58739"}],"wp:attachment":[{"href":"https:\/\/saaremaazoo.ee\/en\/wp-json\/wp\/v2\/media?parent=58738"}],"wp:term":[{"taxonomy":"product_brand","embeddable":true,"href":"https:\/\/saaremaazoo.ee\/en\/wp-json\/wp\/v2\/product_brand?post=58738"},{"taxonomy":"product_cat","embeddable":true,"href":"https:\/\/saaremaazoo.ee\/en\/wp-json\/wp\/v2\/product_cat?post=58738"},{"taxonomy":"product_tag","embeddable":true,"href":"https:\/\/saaremaazoo.ee\/en\/wp-json\/wp\/v2\/product_tag?post=58738"}],"curies":[{"name":"wp","href":"https:\/\/api.w.org\/{rel}","templated":true}]}}