{"id":58676,"date":"2025-09-18T14:13:53","date_gmt":"2025-09-18T14:13:53","guid":{"rendered":"https:\/\/www.saaremaazoo.ee\/?post_type=product&#038;p=58676"},"modified":"2026-04-08T13:09:35","modified_gmt":"2026-04-08T13:09:35","slug":"3d-markmik-savanni-loomad","status":"publish","type":"product","link":"https:\/\/saaremaazoo.ee\/en\/toode\/3d-markmik-savanni-loomad\/","title":{"rendered":"3D m\u00e4rkmik Savanni loomad"},"content":{"rendered":"<p data-start=\"205\" data-end=\"559\">Pilkup\u00fc\u00fcdev m\u00e4rkmik, mille kaanel on 3D Savanni teema, kuumad savanni toonid, loomamotiivid ja v\u00e4ljendusrikas muster. See on praktiline ja esteetiline valik neile, kes soovivad kirjutada, joonistada v\u00f5i p\u00e4eviku vormis m\u00f5tteid kirja panna, samal ajal lisab 3D-kaas esemele isikup\u00e4ra ja n\u00e4htavust.<\/p>\n<ul data-start=\"581\" data-end=\"1431\">\n<li data-start=\"1079\" data-end=\"1259\">\n<p data-start=\"1081\" data-end=\"1259\"><strong data-start=\"1081\" data-end=\"1091\">Disain<\/strong>: Savannah teemaline 3D-kaas annab visuaalse ja taktiilse efekti. Kaanel on selged savanni loomastikulised motiivid, mis m\u00f5istlikult eristuvad ja kutsuvad kirjutama.<\/p>\n<\/li>\n<li data-start=\"1079\" data-end=\"1259\">\n<p data-start=\"1081\" data-end=\"1259\"><strong>Materjal:<\/strong> kvaliteetne paber lehtedel, kaaned on tugevamad, et 3D efekt p\u00fcsiks ja oleks vastupidav.<\/p>\n<\/li>\n<li data-start=\"1260\" data-end=\"1431\">\n<p data-start=\"1262\" data-end=\"1431\"><strong data-start=\"1262\" data-end=\"1273\">Kasutus<\/strong>: sobib kooliks, kontoriks, loovkirjutamiseks v\u00f5i p\u00e4evikuna. M\u00e4rkmik, mis ei ole lihtsalt m\u00e4rkmete kogum, vaid stiilne ese, mis peegeldab maitse ja isikup\u00e4ra.<\/p>\n<\/li>\n<\/ul>\n","protected":false},"excerpt":{"rendered":"<p>Pilkup\u00fc\u00fcdev m\u00e4rkmik, mille kaanel on 3D Savanni teema, kuumad savanni toonid, loomamotiivid ja v\u00e4ljendusrikas muster. See on praktiline ja esteetiline valik neile, kes soovivad kirjutada, joonistada v\u00f5i p\u00e4eviku vormis m\u00f5tteid&hellip;<\/p>\n","protected":false},"featured_media":58677,"comment_status":"open","ping_status":"closed","template":"","meta":{"_acf_changed":false},"product_brand":[],"product_cat":[339],"product_tag":[],"class_list":{"0":"post-58676","1":"product","2":"type-product","3":"status-publish","4":"has-post-thumbnail","6":"product_cat-vihikud-markmikud-kirjutusvahendid-varviraamatud","7":"product_shipping_class-vaike","9":"first","10":"outofstock","11":"shipping-taxable","12":"purchasable","13":"product-type-simple"},"acf":[],"yoast_head":"<!-- This site is optimized with the Yoast SEO plugin v27.4 - https:\/\/yoast.com\/product\/yoast-seo-wordpress\/ -->\n<title>3D m\u00e4rkmik Savanni loomad - Saaremaa Zoo<\/title>\n<meta name=\"description\" content=\"Savannai teemaline 3D-m\u00e4rkmik, reljeefsed detailid, \u00f5huke k\u00f6ide ja loomaarmastajale sobiv disain.\" \/>\n<meta name=\"robots\" content=\"index, follow, max-snippet:-1, max-image-preview:large, max-video-preview:-1\" \/>\n<link rel=\"canonical\" href=\"https:\/\/saaremaazoo.ee\/en\/toode\/3d-markmik-savanni-loomad\/\" \/>\n<meta property=\"og:locale\" content=\"en_US\" \/>\n<meta property=\"og:type\" content=\"article\" \/>\n<meta property=\"og:title\" content=\"3D m\u00e4rkmik Savanni loomad - Saaremaa Zoo\" \/>\n<meta property=\"og:description\" content=\"Savannai teemaline 3D-m\u00e4rkmik, reljeefsed detailid, \u00f5huke k\u00f6ide ja loomaarmastajale sobiv disain.\" \/>\n<meta property=\"og:url\" content=\"https:\/\/saaremaazoo.ee\/en\/toode\/3d-markmik-savanni-loomad\/\" \/>\n<meta property=\"og:site_name\" content=\"Saaremaa Zoo\" \/>\n<meta property=\"article:publisher\" content=\"https:\/\/www.facebook.com\/saaremaazoo\" \/>\n<meta property=\"article:modified_time\" content=\"2026-04-08T13:09:35+00:00\" \/>\n<meta property=\"og:image\" content=\"https:\/\/saaremaazoo.ee\/wp-content\/uploads\/2025\/09\/savann-markmik.jpg\" \/>\n\t<meta property=\"og:image:width\" content=\"800\" \/>\n\t<meta property=\"og:image:height\" content=\"800\" \/>\n\t<meta property=\"og:image:type\" content=\"image\/jpeg\" \/>\n<meta name=\"twitter:card\" content=\"summary_large_image\" \/>\n<meta name=\"twitter:label1\" content=\"Est. reading time\" \/>\n\t<meta name=\"twitter:data1\" content=\"1 minute\" \/>\n<script type=\"application\/ld+json\" class=\"yoast-schema-graph\">{\"@context\":\"https:\\\/\\\/schema.org\",\"@graph\":[{\"@type\":\"WebPage\",\"@id\":\"https:\\\/\\\/saaremaazoo.ee\\\/en\\\/toode\\\/3d-markmik-savanni-loomad\\\/\",\"url\":\"https:\\\/\\\/saaremaazoo.ee\\\/en\\\/toode\\\/3d-markmik-savanni-loomad\\\/\",\"name\":\"3D m\u00e4rkmik Savanni loomad - Saaremaa Zoo\",\"isPartOf\":{\"@id\":\"https:\\\/\\\/www.saaremaazoo.ee\\\/en\\\/#website\"},\"primaryImageOfPage\":{\"@id\":\"https:\\\/\\\/saaremaazoo.ee\\\/en\\\/toode\\\/3d-markmik-savanni-loomad\\\/#primaryimage\"},\"image\":{\"@id\":\"https:\\\/\\\/saaremaazoo.ee\\\/en\\\/toode\\\/3d-markmik-savanni-loomad\\\/#primaryimage\"},\"thumbnailUrl\":\"https:\\\/\\\/www.saaremaazoo.ee\\\/wp-content\\\/uploads\\\/2025\\\/09\\\/savann-markmik.jpg\",\"datePublished\":\"2025-09-18T14:13:53+00:00\",\"dateModified\":\"2026-04-08T13:09:35+00:00\",\"description\":\"Savannai teemaline 3D-m\u00e4rkmik, reljeefsed detailid, \u00f5huke k\u00f6ide ja loomaarmastajale sobiv disain.\",\"breadcrumb\":{\"@id\":\"https:\\\/\\\/saaremaazoo.ee\\\/en\\\/toode\\\/3d-markmik-savanni-loomad\\\/#breadcrumb\"},\"inLanguage\":\"en-US\",\"potentialAction\":[{\"@type\":\"ReadAction\",\"target\":[\"https:\\\/\\\/saaremaazoo.ee\\\/en\\\/toode\\\/3d-markmik-savanni-loomad\\\/\"]}]},{\"@type\":\"ImageObject\",\"inLanguage\":\"en-US\",\"@id\":\"https:\\\/\\\/saaremaazoo.ee\\\/en\\\/toode\\\/3d-markmik-savanni-loomad\\\/#primaryimage\",\"url\":\"https:\\\/\\\/www.saaremaazoo.ee\\\/wp-content\\\/uploads\\\/2025\\\/09\\\/savann-markmik.jpg\",\"contentUrl\":\"https:\\\/\\\/www.saaremaazoo.ee\\\/wp-content\\\/uploads\\\/2025\\\/09\\\/savann-markmik.jpg\",\"width\":800,\"height\":800},{\"@type\":\"BreadcrumbList\",\"@id\":\"https:\\\/\\\/saaremaazoo.ee\\\/en\\\/toode\\\/3d-markmik-savanni-loomad\\\/#breadcrumb\",\"itemListElement\":[{\"@type\":\"ListItem\",\"position\":1,\"name\":\"Home\",\"item\":\"https:\\\/\\\/www.saaremaazoo.ee\\\/en\\\/\"},{\"@type\":\"ListItem\",\"position\":2,\"name\":\"Pood\",\"item\":\"https:\\\/\\\/saaremaazoo.ee\\\/en\\\/shop\\\/\"},{\"@type\":\"ListItem\",\"position\":3,\"name\":\"3D m\u00e4rkmik Savanni loomad\"}]},{\"@type\":\"WebSite\",\"@id\":\"https:\\\/\\\/www.saaremaazoo.ee\\\/en\\\/#website\",\"url\":\"https:\\\/\\\/www.saaremaazoo.ee\\\/en\\\/\",\"name\":\"Saaremaa Zoo\",\"description\":\"Saaremaa esimene Loomaaed\",\"publisher\":{\"@id\":\"https:\\\/\\\/www.saaremaazoo.ee\\\/en\\\/#organization\"},\"potentialAction\":[{\"@type\":\"SearchAction\",\"target\":{\"@type\":\"EntryPoint\",\"urlTemplate\":\"https:\\\/\\\/www.saaremaazoo.ee\\\/en\\\/?s={search_term_string}\"},\"query-input\":{\"@type\":\"PropertyValueSpecification\",\"valueRequired\":true,\"valueName\":\"search_term_string\"}}],\"inLanguage\":\"en-US\"},{\"@type\":\"Organization\",\"@id\":\"https:\\\/\\\/www.saaremaazoo.ee\\\/en\\\/#organization\",\"name\":\"Saaremaa Loomaaed\",\"alternateName\":\"Saaremaa Zoo\",\"url\":\"https:\\\/\\\/www.saaremaazoo.ee\\\/en\\\/\",\"logo\":{\"@type\":\"ImageObject\",\"inLanguage\":\"en-US\",\"@id\":\"https:\\\/\\\/www.saaremaazoo.ee\\\/en\\\/#\\\/schema\\\/logo\\\/image\\\/\",\"url\":\"https:\\\/\\\/www.saaremaazoo.ee\\\/wp-content\\\/uploads\\\/2024\\\/12\\\/cropped-cropped-saaremaazoo_magnet_leemur__1__page-0001-removebg-preview.png\",\"contentUrl\":\"https:\\\/\\\/www.saaremaazoo.ee\\\/wp-content\\\/uploads\\\/2024\\\/12\\\/cropped-cropped-saaremaazoo_magnet_leemur__1__page-0001-removebg-preview.png\",\"width\":467,\"height\":325,\"caption\":\"Saaremaa Loomaaed\"},\"image\":{\"@id\":\"https:\\\/\\\/www.saaremaazoo.ee\\\/en\\\/#\\\/schema\\\/logo\\\/image\\\/\"},\"sameAs\":[\"https:\\\/\\\/www.facebook.com\\\/saaremaazoo\",\"https:\\\/\\\/www.instagram.com\\\/saaremaazoo\\\/\"]}]}<\/script>\n<!-- \/ Yoast SEO plugin. -->","yoast_head_json":{"title":"3D m\u00e4rkmik Savanni loomad - Saaremaa Zoo","description":"Savannai teemaline 3D-m\u00e4rkmik, reljeefsed detailid, \u00f5huke k\u00f6ide ja loomaarmastajale sobiv disain.","robots":{"index":"index","follow":"follow","max-snippet":"max-snippet:-1","max-image-preview":"max-image-preview:large","max-video-preview":"max-video-preview:-1"},"canonical":"https:\/\/saaremaazoo.ee\/en\/toode\/3d-markmik-savanni-loomad\/","og_locale":"en_US","og_type":"article","og_title":"3D m\u00e4rkmik Savanni loomad - Saaremaa Zoo","og_description":"Savannai teemaline 3D-m\u00e4rkmik, reljeefsed detailid, \u00f5huke k\u00f6ide ja loomaarmastajale sobiv disain.","og_url":"https:\/\/saaremaazoo.ee\/en\/toode\/3d-markmik-savanni-loomad\/","og_site_name":"Saaremaa Zoo","article_publisher":"https:\/\/www.facebook.com\/saaremaazoo","article_modified_time":"2026-04-08T13:09:35+00:00","og_image":[{"width":800,"height":800,"url":"https:\/\/saaremaazoo.ee\/wp-content\/uploads\/2025\/09\/savann-markmik.jpg","type":"image\/jpeg"}],"twitter_card":"summary_large_image","twitter_misc":{"Est. reading time":"1 minute"},"schema":{"@context":"https:\/\/schema.org","@graph":[{"@type":"WebPage","@id":"https:\/\/saaremaazoo.ee\/en\/toode\/3d-markmik-savanni-loomad\/","url":"https:\/\/saaremaazoo.ee\/en\/toode\/3d-markmik-savanni-loomad\/","name":"3D m\u00e4rkmik Savanni loomad - Saaremaa Zoo","isPartOf":{"@id":"https:\/\/www.saaremaazoo.ee\/en\/#website"},"primaryImageOfPage":{"@id":"https:\/\/saaremaazoo.ee\/en\/toode\/3d-markmik-savanni-loomad\/#primaryimage"},"image":{"@id":"https:\/\/saaremaazoo.ee\/en\/toode\/3d-markmik-savanni-loomad\/#primaryimage"},"thumbnailUrl":"https:\/\/www.saaremaazoo.ee\/wp-content\/uploads\/2025\/09\/savann-markmik.jpg","datePublished":"2025-09-18T14:13:53+00:00","dateModified":"2026-04-08T13:09:35+00:00","description":"Savannai teemaline 3D-m\u00e4rkmik, reljeefsed detailid, \u00f5huke k\u00f6ide ja loomaarmastajale sobiv disain.","breadcrumb":{"@id":"https:\/\/saaremaazoo.ee\/en\/toode\/3d-markmik-savanni-loomad\/#breadcrumb"},"inLanguage":"en-US","potentialAction":[{"@type":"ReadAction","target":["https:\/\/saaremaazoo.ee\/en\/toode\/3d-markmik-savanni-loomad\/"]}]},{"@type":"ImageObject","inLanguage":"en-US","@id":"https:\/\/saaremaazoo.ee\/en\/toode\/3d-markmik-savanni-loomad\/#primaryimage","url":"https:\/\/www.saaremaazoo.ee\/wp-content\/uploads\/2025\/09\/savann-markmik.jpg","contentUrl":"https:\/\/www.saaremaazoo.ee\/wp-content\/uploads\/2025\/09\/savann-markmik.jpg","width":800,"height":800},{"@type":"BreadcrumbList","@id":"https:\/\/saaremaazoo.ee\/en\/toode\/3d-markmik-savanni-loomad\/#breadcrumb","itemListElement":[{"@type":"ListItem","position":1,"name":"Home","item":"https:\/\/www.saaremaazoo.ee\/en\/"},{"@type":"ListItem","position":2,"name":"Pood","item":"https:\/\/saaremaazoo.ee\/en\/shop\/"},{"@type":"ListItem","position":3,"name":"3D m\u00e4rkmik Savanni loomad"}]},{"@type":"WebSite","@id":"https:\/\/www.saaremaazoo.ee\/en\/#website","url":"https:\/\/www.saaremaazoo.ee\/en\/","name":"Saaremaa Zoo","description":"Saaremaa esimene Loomaaed","publisher":{"@id":"https:\/\/www.saaremaazoo.ee\/en\/#organization"},"potentialAction":[{"@type":"SearchAction","target":{"@type":"EntryPoint","urlTemplate":"https:\/\/www.saaremaazoo.ee\/en\/?s={search_term_string}"},"query-input":{"@type":"PropertyValueSpecification","valueRequired":true,"valueName":"search_term_string"}}],"inLanguage":"en-US"},{"@type":"Organization","@id":"https:\/\/www.saaremaazoo.ee\/en\/#organization","name":"Saaremaa Loomaaed","alternateName":"Saaremaa Zoo","url":"https:\/\/www.saaremaazoo.ee\/en\/","logo":{"@type":"ImageObject","inLanguage":"en-US","@id":"https:\/\/www.saaremaazoo.ee\/en\/#\/schema\/logo\/image\/","url":"https:\/\/www.saaremaazoo.ee\/wp-content\/uploads\/2024\/12\/cropped-cropped-saaremaazoo_magnet_leemur__1__page-0001-removebg-preview.png","contentUrl":"https:\/\/www.saaremaazoo.ee\/wp-content\/uploads\/2024\/12\/cropped-cropped-saaremaazoo_magnet_leemur__1__page-0001-removebg-preview.png","width":467,"height":325,"caption":"Saaremaa Loomaaed"},"image":{"@id":"https:\/\/www.saaremaazoo.ee\/en\/#\/schema\/logo\/image\/"},"sameAs":["https:\/\/www.facebook.com\/saaremaazoo","https:\/\/www.instagram.com\/saaremaazoo\/"]}]}},"jetpack_sharing_enabled":true,"_links":{"self":[{"href":"https:\/\/saaremaazoo.ee\/en\/wp-json\/wp\/v2\/product\/58676","targetHints":{"allow":["GET"]}}],"collection":[{"href":"https:\/\/saaremaazoo.ee\/en\/wp-json\/wp\/v2\/product"}],"about":[{"href":"https:\/\/saaremaazoo.ee\/en\/wp-json\/wp\/v2\/types\/product"}],"replies":[{"embeddable":true,"href":"https:\/\/saaremaazoo.ee\/en\/wp-json\/wp\/v2\/comments?post=58676"}],"wp:featuredmedia":[{"embeddable":true,"href":"https:\/\/saaremaazoo.ee\/en\/wp-json\/wp\/v2\/media\/58677"}],"wp:attachment":[{"href":"https:\/\/saaremaazoo.ee\/en\/wp-json\/wp\/v2\/media?parent=58676"}],"wp:term":[{"taxonomy":"product_brand","embeddable":true,"href":"https:\/\/saaremaazoo.ee\/en\/wp-json\/wp\/v2\/product_brand?post=58676"},{"taxonomy":"product_cat","embeddable":true,"href":"https:\/\/saaremaazoo.ee\/en\/wp-json\/wp\/v2\/product_cat?post=58676"},{"taxonomy":"product_tag","embeddable":true,"href":"https:\/\/saaremaazoo.ee\/en\/wp-json\/wp\/v2\/product_tag?post=58676"}],"curies":[{"name":"wp","href":"https:\/\/api.w.org\/{rel}","templated":true}]}}