{"id":58664,"date":"2025-09-18T13:49:35","date_gmt":"2025-09-18T13:49:35","guid":{"rendered":"https:\/\/www.saaremaazoo.ee\/?post_type=product&#038;p=58664"},"modified":"2025-09-18T13:49:35","modified_gmt":"2025-09-18T13:49:35","slug":"vihik-metsloomad","status":"publish","type":"product","link":"https:\/\/saaremaazoo.ee\/en\/toode\/vihik-metsloomad\/","title":{"rendered":"Vihik metsloomad"},"content":{"rendered":"<p data-start=\"140\" data-end=\"408\"><strong data-start=\"140\" data-end=\"161\">Vihik metsloomad<\/strong> on Nature Planet\u2019i <em data-start=\"181\" data-end=\"193\">Animal Mix<\/em> sarja A5\/A4-laadne m\u00e4rkmik, mis \u00fchendab praktilisuse ja metsloomade maailmast inspireeritud disaini. Sobib kooli, m\u00e4rkmete tegemiseks, joonistamiseks v\u00f5i loomingulistele ideedele alusena.<\/p>\n<ul data-start=\"430\" data-end=\"967\">\n<li data-start=\"430\" data-end=\"582\">\n<p data-start=\"432\" data-end=\"582\"><strong data-start=\"432\" data-end=\"442\">Suurus<\/strong>: piisavalt suur, et mahutada m\u00e4rkmelist sisu, kuid kompaktne piisavalt, et koos s\u00fclearvuti v\u00f5i koolitarvetega kotti pista.<\/p>\n<\/li>\n<li data-start=\"783\" data-end=\"967\">\n<p data-start=\"785\" data-end=\"967\"><strong data-start=\"785\" data-end=\"795\">Disain<\/strong>: metsloomade teemalised illustratsioonid, mis kutsuvad kaasa loodusl\u00e4hedase meeleolu ja inspiratsiooni; sobib loodusarmastajatele, lastele, kunstnikele, \u00f5petajatele jms.<\/p>\n<\/li>\n<\/ul>\n","protected":false},"excerpt":{"rendered":"<p>Vihik metsloomad on Nature Planet\u2019i Animal Mix sarja A5\/A4-laadne m\u00e4rkmik, mis \u00fchendab praktilisuse ja metsloomade maailmast inspireeritud disaini. Sobib kooli, m\u00e4rkmete tegemiseks, joonistamiseks v\u00f5i loomingulistele ideedele alusena. Suurus: piisavalt suur,&hellip;<\/p>\n","protected":false},"featured_media":58665,"comment_status":"open","ping_status":"closed","template":"","meta":{"_acf_changed":false},"product_brand":[],"product_cat":[339],"product_tag":[],"class_list":{"0":"post-58664","1":"product","2":"type-product","3":"status-publish","4":"has-post-thumbnail","6":"product_cat-vihikud-markmikud-kirjutusvahendid-varviraamatud","8":"first","9":"instock","10":"shipping-taxable","11":"purchasable","12":"product-type-simple"},"acf":[],"yoast_head":"<!-- This site is optimized with the Yoast SEO plugin v27.3 - https:\/\/yoast.com\/product\/yoast-seo-wordpress\/ -->\n<title>Vihik metsloomad - Saaremaa Zoo<\/title>\n<meta name=\"description\" content=\"Metsloomade motiividega m\u00e4rkmik. Keskkonnas\u00f5bralik ja inspireeriv kaaslane kirjutamiseks ja joonistamiseks kooli v\u00f5i koju.\" \/>\n<meta name=\"robots\" content=\"index, follow, max-snippet:-1, max-image-preview:large, max-video-preview:-1\" \/>\n<link rel=\"canonical\" href=\"https:\/\/saaremaazoo.ee\/en\/toode\/vihik-metsloomad\/\" \/>\n<meta property=\"og:locale\" content=\"en_US\" \/>\n<meta property=\"og:type\" content=\"article\" \/>\n<meta property=\"og:title\" content=\"Vihik metsloomad - Saaremaa Zoo\" \/>\n<meta property=\"og:description\" content=\"Metsloomade motiividega m\u00e4rkmik. Keskkonnas\u00f5bralik ja inspireeriv kaaslane kirjutamiseks ja joonistamiseks kooli v\u00f5i koju.\" \/>\n<meta property=\"og:url\" content=\"https:\/\/saaremaazoo.ee\/en\/toode\/vihik-metsloomad\/\" \/>\n<meta property=\"og:site_name\" content=\"Saaremaa Zoo\" \/>\n<meta property=\"article:publisher\" content=\"https:\/\/www.facebook.com\/saaremaazoo\" \/>\n<meta property=\"og:image\" content=\"https:\/\/www.saaremaazoo.ee\/wp-content\/uploads\/2025\/09\/wildlife-vihik.jpg\" \/>\n\t<meta property=\"og:image:width\" content=\"591\" \/>\n\t<meta property=\"og:image:height\" content=\"591\" \/>\n\t<meta property=\"og:image:type\" content=\"image\/jpeg\" \/>\n<meta name=\"twitter:card\" content=\"summary_large_image\" \/>\n<meta name=\"twitter:label1\" content=\"Est. reading time\" \/>\n\t<meta name=\"twitter:data1\" content=\"1 minute\" \/>\n<script type=\"application\/ld+json\" class=\"yoast-schema-graph\">{\"@context\":\"https:\\\/\\\/schema.org\",\"@graph\":[{\"@type\":\"WebPage\",\"@id\":\"https:\\\/\\\/saaremaazoo.ee\\\/en\\\/toode\\\/vihik-metsloomad\\\/\",\"url\":\"https:\\\/\\\/saaremaazoo.ee\\\/en\\\/toode\\\/vihik-metsloomad\\\/\",\"name\":\"Vihik metsloomad - Saaremaa Zoo\",\"isPartOf\":{\"@id\":\"https:\\\/\\\/saaremaazoo.ee\\\/en\\\/#website\"},\"primaryImageOfPage\":{\"@id\":\"https:\\\/\\\/saaremaazoo.ee\\\/en\\\/toode\\\/vihik-metsloomad\\\/#primaryimage\"},\"image\":{\"@id\":\"https:\\\/\\\/saaremaazoo.ee\\\/en\\\/toode\\\/vihik-metsloomad\\\/#primaryimage\"},\"thumbnailUrl\":\"https:\\\/\\\/saaremaazoo.ee\\\/wp-content\\\/uploads\\\/2025\\\/09\\\/wildlife-vihik.jpg\",\"datePublished\":\"2025-09-18T13:49:35+00:00\",\"description\":\"Metsloomade motiividega m\u00e4rkmik. Keskkonnas\u00f5bralik ja inspireeriv kaaslane kirjutamiseks ja joonistamiseks kooli v\u00f5i koju.\",\"breadcrumb\":{\"@id\":\"https:\\\/\\\/saaremaazoo.ee\\\/en\\\/toode\\\/vihik-metsloomad\\\/#breadcrumb\"},\"inLanguage\":\"en-US\",\"potentialAction\":[{\"@type\":\"ReadAction\",\"target\":[\"https:\\\/\\\/saaremaazoo.ee\\\/en\\\/toode\\\/vihik-metsloomad\\\/\"]}]},{\"@type\":\"ImageObject\",\"inLanguage\":\"en-US\",\"@id\":\"https:\\\/\\\/saaremaazoo.ee\\\/en\\\/toode\\\/vihik-metsloomad\\\/#primaryimage\",\"url\":\"https:\\\/\\\/saaremaazoo.ee\\\/wp-content\\\/uploads\\\/2025\\\/09\\\/wildlife-vihik.jpg\",\"contentUrl\":\"https:\\\/\\\/saaremaazoo.ee\\\/wp-content\\\/uploads\\\/2025\\\/09\\\/wildlife-vihik.jpg\",\"width\":591,\"height\":591},{\"@type\":\"BreadcrumbList\",\"@id\":\"https:\\\/\\\/saaremaazoo.ee\\\/en\\\/toode\\\/vihik-metsloomad\\\/#breadcrumb\",\"itemListElement\":[{\"@type\":\"ListItem\",\"position\":1,\"name\":\"Home\",\"item\":\"https:\\\/\\\/www.saaremaazoo.ee\\\/en\\\/\"},{\"@type\":\"ListItem\",\"position\":2,\"name\":\"Pood\",\"item\":\"https:\\\/\\\/saaremaazoo.ee\\\/pood\\\/\"},{\"@type\":\"ListItem\",\"position\":3,\"name\":\"Vihik metsloomad\"}]},{\"@type\":\"WebSite\",\"@id\":\"https:\\\/\\\/saaremaazoo.ee\\\/en\\\/#website\",\"url\":\"https:\\\/\\\/saaremaazoo.ee\\\/en\\\/\",\"name\":\"Saaremaa Zoo\",\"description\":\"Saaremaa esimene Loomaaed\",\"publisher\":{\"@id\":\"https:\\\/\\\/saaremaazoo.ee\\\/en\\\/#organization\"},\"potentialAction\":[{\"@type\":\"SearchAction\",\"target\":{\"@type\":\"EntryPoint\",\"urlTemplate\":\"https:\\\/\\\/saaremaazoo.ee\\\/en\\\/?s={search_term_string}\"},\"query-input\":{\"@type\":\"PropertyValueSpecification\",\"valueRequired\":true,\"valueName\":\"search_term_string\"}}],\"inLanguage\":\"en-US\"},{\"@type\":\"Organization\",\"@id\":\"https:\\\/\\\/saaremaazoo.ee\\\/en\\\/#organization\",\"name\":\"Saaremaa Loomaaed\",\"alternateName\":\"Saaremaa Zoo\",\"url\":\"https:\\\/\\\/saaremaazoo.ee\\\/en\\\/\",\"logo\":{\"@type\":\"ImageObject\",\"inLanguage\":\"en-US\",\"@id\":\"https:\\\/\\\/saaremaazoo.ee\\\/en\\\/#\\\/schema\\\/logo\\\/image\\\/\",\"url\":\"https:\\\/\\\/saaremaazoo.ee\\\/wp-content\\\/uploads\\\/2024\\\/12\\\/cropped-cropped-saaremaazoo_magnet_leemur__1__page-0001-removebg-preview.png\",\"contentUrl\":\"https:\\\/\\\/saaremaazoo.ee\\\/wp-content\\\/uploads\\\/2024\\\/12\\\/cropped-cropped-saaremaazoo_magnet_leemur__1__page-0001-removebg-preview.png\",\"width\":467,\"height\":325,\"caption\":\"Saaremaa Loomaaed\"},\"image\":{\"@id\":\"https:\\\/\\\/saaremaazoo.ee\\\/en\\\/#\\\/schema\\\/logo\\\/image\\\/\"},\"sameAs\":[\"https:\\\/\\\/www.facebook.com\\\/saaremaazoo\",\"https:\\\/\\\/www.instagram.com\\\/saaremaazoo\\\/\"]}]}<\/script>\n<!-- \/ Yoast SEO plugin. -->","yoast_head_json":{"title":"Vihik metsloomad - Saaremaa Zoo","description":"Metsloomade motiividega m\u00e4rkmik. Keskkonnas\u00f5bralik ja inspireeriv kaaslane kirjutamiseks ja joonistamiseks kooli v\u00f5i koju.","robots":{"index":"index","follow":"follow","max-snippet":"max-snippet:-1","max-image-preview":"max-image-preview:large","max-video-preview":"max-video-preview:-1"},"canonical":"https:\/\/saaremaazoo.ee\/en\/toode\/vihik-metsloomad\/","og_locale":"en_US","og_type":"article","og_title":"Vihik metsloomad - Saaremaa Zoo","og_description":"Metsloomade motiividega m\u00e4rkmik. Keskkonnas\u00f5bralik ja inspireeriv kaaslane kirjutamiseks ja joonistamiseks kooli v\u00f5i koju.","og_url":"https:\/\/saaremaazoo.ee\/en\/toode\/vihik-metsloomad\/","og_site_name":"Saaremaa Zoo","article_publisher":"https:\/\/www.facebook.com\/saaremaazoo","og_image":[{"width":591,"height":591,"url":"https:\/\/www.saaremaazoo.ee\/wp-content\/uploads\/2025\/09\/wildlife-vihik.jpg","type":"image\/jpeg"}],"twitter_card":"summary_large_image","twitter_misc":{"Est. reading time":"1 minute"},"schema":{"@context":"https:\/\/schema.org","@graph":[{"@type":"WebPage","@id":"https:\/\/saaremaazoo.ee\/en\/toode\/vihik-metsloomad\/","url":"https:\/\/saaremaazoo.ee\/en\/toode\/vihik-metsloomad\/","name":"Vihik metsloomad - Saaremaa Zoo","isPartOf":{"@id":"https:\/\/saaremaazoo.ee\/en\/#website"},"primaryImageOfPage":{"@id":"https:\/\/saaremaazoo.ee\/en\/toode\/vihik-metsloomad\/#primaryimage"},"image":{"@id":"https:\/\/saaremaazoo.ee\/en\/toode\/vihik-metsloomad\/#primaryimage"},"thumbnailUrl":"https:\/\/saaremaazoo.ee\/wp-content\/uploads\/2025\/09\/wildlife-vihik.jpg","datePublished":"2025-09-18T13:49:35+00:00","description":"Metsloomade motiividega m\u00e4rkmik. Keskkonnas\u00f5bralik ja inspireeriv kaaslane kirjutamiseks ja joonistamiseks kooli v\u00f5i koju.","breadcrumb":{"@id":"https:\/\/saaremaazoo.ee\/en\/toode\/vihik-metsloomad\/#breadcrumb"},"inLanguage":"en-US","potentialAction":[{"@type":"ReadAction","target":["https:\/\/saaremaazoo.ee\/en\/toode\/vihik-metsloomad\/"]}]},{"@type":"ImageObject","inLanguage":"en-US","@id":"https:\/\/saaremaazoo.ee\/en\/toode\/vihik-metsloomad\/#primaryimage","url":"https:\/\/saaremaazoo.ee\/wp-content\/uploads\/2025\/09\/wildlife-vihik.jpg","contentUrl":"https:\/\/saaremaazoo.ee\/wp-content\/uploads\/2025\/09\/wildlife-vihik.jpg","width":591,"height":591},{"@type":"BreadcrumbList","@id":"https:\/\/saaremaazoo.ee\/en\/toode\/vihik-metsloomad\/#breadcrumb","itemListElement":[{"@type":"ListItem","position":1,"name":"Home","item":"https:\/\/www.saaremaazoo.ee\/en\/"},{"@type":"ListItem","position":2,"name":"Pood","item":"https:\/\/saaremaazoo.ee\/pood\/"},{"@type":"ListItem","position":3,"name":"Vihik metsloomad"}]},{"@type":"WebSite","@id":"https:\/\/saaremaazoo.ee\/en\/#website","url":"https:\/\/saaremaazoo.ee\/en\/","name":"Saaremaa Zoo","description":"Saaremaa esimene Loomaaed","publisher":{"@id":"https:\/\/saaremaazoo.ee\/en\/#organization"},"potentialAction":[{"@type":"SearchAction","target":{"@type":"EntryPoint","urlTemplate":"https:\/\/saaremaazoo.ee\/en\/?s={search_term_string}"},"query-input":{"@type":"PropertyValueSpecification","valueRequired":true,"valueName":"search_term_string"}}],"inLanguage":"en-US"},{"@type":"Organization","@id":"https:\/\/saaremaazoo.ee\/en\/#organization","name":"Saaremaa Loomaaed","alternateName":"Saaremaa Zoo","url":"https:\/\/saaremaazoo.ee\/en\/","logo":{"@type":"ImageObject","inLanguage":"en-US","@id":"https:\/\/saaremaazoo.ee\/en\/#\/schema\/logo\/image\/","url":"https:\/\/saaremaazoo.ee\/wp-content\/uploads\/2024\/12\/cropped-cropped-saaremaazoo_magnet_leemur__1__page-0001-removebg-preview.png","contentUrl":"https:\/\/saaremaazoo.ee\/wp-content\/uploads\/2024\/12\/cropped-cropped-saaremaazoo_magnet_leemur__1__page-0001-removebg-preview.png","width":467,"height":325,"caption":"Saaremaa Loomaaed"},"image":{"@id":"https:\/\/saaremaazoo.ee\/en\/#\/schema\/logo\/image\/"},"sameAs":["https:\/\/www.facebook.com\/saaremaazoo","https:\/\/www.instagram.com\/saaremaazoo\/"]}]}},"jetpack_sharing_enabled":true,"_links":{"self":[{"href":"https:\/\/saaremaazoo.ee\/en\/wp-json\/wp\/v2\/product\/58664","targetHints":{"allow":["GET"]}}],"collection":[{"href":"https:\/\/saaremaazoo.ee\/en\/wp-json\/wp\/v2\/product"}],"about":[{"href":"https:\/\/saaremaazoo.ee\/en\/wp-json\/wp\/v2\/types\/product"}],"replies":[{"embeddable":true,"href":"https:\/\/saaremaazoo.ee\/en\/wp-json\/wp\/v2\/comments?post=58664"}],"wp:featuredmedia":[{"embeddable":true,"href":"https:\/\/saaremaazoo.ee\/en\/wp-json\/wp\/v2\/media\/58665"}],"wp:attachment":[{"href":"https:\/\/saaremaazoo.ee\/en\/wp-json\/wp\/v2\/media?parent=58664"}],"wp:term":[{"taxonomy":"product_brand","embeddable":true,"href":"https:\/\/saaremaazoo.ee\/en\/wp-json\/wp\/v2\/product_brand?post=58664"},{"taxonomy":"product_cat","embeddable":true,"href":"https:\/\/saaremaazoo.ee\/en\/wp-json\/wp\/v2\/product_cat?post=58664"},{"taxonomy":"product_tag","embeddable":true,"href":"https:\/\/saaremaazoo.ee\/en\/wp-json\/wp\/v2\/product_tag?post=58664"}],"curies":[{"name":"wp","href":"https:\/\/api.w.org\/{rel}","templated":true}]}}