{"id":58658,"date":"2025-09-18T13:36:32","date_gmt":"2025-09-18T13:36:32","guid":{"rendered":"https:\/\/www.saaremaazoo.ee\/?post_type=product&#038;p=58658"},"modified":"2025-09-18T13:36:32","modified_gmt":"2025-09-18T13:36:32","slug":"vaike-markmik-botaanika","status":"publish","type":"product","link":"https:\/\/saaremaazoo.ee\/en\/toode\/vaike-markmik-botaanika\/","title":{"rendered":"V\u00e4ike m\u00e4rkmik botaanika"},"content":{"rendered":"<p data-start=\"142\" data-end=\"416\"><strong data-start=\"142\" data-end=\"173\">V\u00e4ike m\u00e4rkmik botaanika<\/strong>\u00a0on Nature Planet\u2019i uus ja keskkonnas\u00f5bralik m\u00e4rkmik, mis \u00fchendab taaskasutatud materjalid, loodusl\u00e4hedase disaini ja praktilise kasutuse. Botaanikamotiivid kaanel annavad inspiratsiooni kirjutamiseks, joonistamiseks ja ideede j\u00e4\u00e4dvustamiseks.<\/p>\n<ul data-start=\"438\" data-end=\"1170\">\n<li data-start=\"438\" data-end=\"644\">\n<p data-start=\"440\" data-end=\"644\"><strong data-start=\"440\" data-end=\"459\">M\u00f5\u00f5tmed: <\/strong>mugav kanda ja taskusse pista, ent piisavalt suur, et mahutada piisavalt kirjutus- v\u00f5i joonistamisruumi.<\/p>\n<\/li>\n<li data-start=\"786\" data-end=\"971\">\n<p data-start=\"788\" data-end=\"971\"><strong data-start=\"788\" data-end=\"800\">Materjal<\/strong>: valmistatud taaskasutatud paberist \u2014 see t\u00e4hendab, et m\u00e4rkmiku lehed on looduse koormust v\u00e4hendavad ja keskkonnas\u00f5bralikum valik.<\/p>\n<\/li>\n<li data-start=\"972\" data-end=\"1170\">\n<p data-start=\"974\" data-end=\"1170\"><strong data-start=\"974\" data-end=\"984\">Disain<\/strong>: botaanilised illustratsioonid kaanel: taimed, lehed, loodusmustrid loovad rahuliku ja stiilse v\u00e4limuse, mis sobib loodusarmastajale, \u00fcli\u00f5pilasele, loovkirjutajale v\u00f5i kingituseks.<\/p>\n<\/li>\n<\/ul>\n","protected":false},"excerpt":{"rendered":"<p>V\u00e4ike m\u00e4rkmik botaanika\u00a0on Nature Planet\u2019i uus ja keskkonnas\u00f5bralik m\u00e4rkmik, mis \u00fchendab taaskasutatud materjalid, loodusl\u00e4hedase disaini ja praktilise kasutuse. Botaanikamotiivid kaanel annavad inspiratsiooni kirjutamiseks, joonistamiseks ja ideede j\u00e4\u00e4dvustamiseks. M\u00f5\u00f5tmed: mugav kanda&hellip;<\/p>\n","protected":false},"featured_media":58659,"comment_status":"open","ping_status":"closed","template":"","meta":{"_acf_changed":false},"product_brand":[],"product_cat":[339],"product_tag":[],"class_list":{"0":"post-58658","1":"product","2":"type-product","3":"status-publish","4":"has-post-thumbnail","6":"product_cat-vihikud-markmikud-kirjutusvahendid-varviraamatud","8":"first","9":"instock","10":"shipping-taxable","11":"purchasable","12":"product-type-simple"},"acf":[],"yoast_head":"<!-- This site is optimized with the Yoast SEO plugin v27.3 - https:\/\/yoast.com\/product\/yoast-seo-wordpress\/ -->\n<title>V\u00e4ike m\u00e4rkmik botaanika - Saaremaa Zoo<\/title>\n<meta name=\"description\" content=\"M\u00e4rkmik taaskasutatud paberist botaanikamotiividega. Keskkonnas\u00f5bralik ja stiilne valik loodusarmastajale.\" \/>\n<meta name=\"robots\" content=\"index, follow, max-snippet:-1, max-image-preview:large, max-video-preview:-1\" \/>\n<link rel=\"canonical\" href=\"https:\/\/saaremaazoo.ee\/en\/toode\/vaike-markmik-botaanika\/\" \/>\n<meta property=\"og:locale\" content=\"en_US\" \/>\n<meta property=\"og:type\" content=\"article\" \/>\n<meta property=\"og:title\" content=\"V\u00e4ike m\u00e4rkmik botaanika - Saaremaa Zoo\" \/>\n<meta property=\"og:description\" content=\"M\u00e4rkmik taaskasutatud paberist botaanikamotiividega. Keskkonnas\u00f5bralik ja stiilne valik loodusarmastajale.\" \/>\n<meta property=\"og:url\" content=\"https:\/\/saaremaazoo.ee\/en\/toode\/vaike-markmik-botaanika\/\" \/>\n<meta property=\"og:site_name\" content=\"Saaremaa Zoo\" \/>\n<meta property=\"article:publisher\" content=\"https:\/\/www.facebook.com\/saaremaazoo\" \/>\n<meta property=\"og:image\" content=\"https:\/\/saaremaazoo.ee\/wp-content\/uploads\/2025\/09\/vaike-markmik-botaanika.jpg\" \/>\n\t<meta property=\"og:image:width\" content=\"591\" \/>\n\t<meta property=\"og:image:height\" content=\"591\" \/>\n\t<meta property=\"og:image:type\" content=\"image\/jpeg\" \/>\n<meta name=\"twitter:card\" content=\"summary_large_image\" \/>\n<meta name=\"twitter:label1\" content=\"Est. reading time\" \/>\n\t<meta name=\"twitter:data1\" content=\"1 minute\" \/>\n<script type=\"application\/ld+json\" class=\"yoast-schema-graph\">{\"@context\":\"https:\\\/\\\/schema.org\",\"@graph\":[{\"@type\":\"WebPage\",\"@id\":\"https:\\\/\\\/saaremaazoo.ee\\\/en\\\/toode\\\/vaike-markmik-botaanika\\\/\",\"url\":\"https:\\\/\\\/saaremaazoo.ee\\\/en\\\/toode\\\/vaike-markmik-botaanika\\\/\",\"name\":\"V\u00e4ike m\u00e4rkmik botaanika - Saaremaa Zoo\",\"isPartOf\":{\"@id\":\"https:\\\/\\\/saaremaazoo.ee\\\/en\\\/#website\"},\"primaryImageOfPage\":{\"@id\":\"https:\\\/\\\/saaremaazoo.ee\\\/en\\\/toode\\\/vaike-markmik-botaanika\\\/#primaryimage\"},\"image\":{\"@id\":\"https:\\\/\\\/saaremaazoo.ee\\\/en\\\/toode\\\/vaike-markmik-botaanika\\\/#primaryimage\"},\"thumbnailUrl\":\"https:\\\/\\\/saaremaazoo.ee\\\/wp-content\\\/uploads\\\/2025\\\/09\\\/vaike-markmik-botaanika.jpg\",\"datePublished\":\"2025-09-18T13:36:32+00:00\",\"description\":\"M\u00e4rkmik taaskasutatud paberist botaanikamotiividega. Keskkonnas\u00f5bralik ja stiilne valik loodusarmastajale.\",\"breadcrumb\":{\"@id\":\"https:\\\/\\\/saaremaazoo.ee\\\/en\\\/toode\\\/vaike-markmik-botaanika\\\/#breadcrumb\"},\"inLanguage\":\"en-US\",\"potentialAction\":[{\"@type\":\"ReadAction\",\"target\":[\"https:\\\/\\\/saaremaazoo.ee\\\/en\\\/toode\\\/vaike-markmik-botaanika\\\/\"]}]},{\"@type\":\"ImageObject\",\"inLanguage\":\"en-US\",\"@id\":\"https:\\\/\\\/saaremaazoo.ee\\\/en\\\/toode\\\/vaike-markmik-botaanika\\\/#primaryimage\",\"url\":\"https:\\\/\\\/saaremaazoo.ee\\\/wp-content\\\/uploads\\\/2025\\\/09\\\/vaike-markmik-botaanika.jpg\",\"contentUrl\":\"https:\\\/\\\/saaremaazoo.ee\\\/wp-content\\\/uploads\\\/2025\\\/09\\\/vaike-markmik-botaanika.jpg\",\"width\":591,\"height\":591},{\"@type\":\"BreadcrumbList\",\"@id\":\"https:\\\/\\\/saaremaazoo.ee\\\/en\\\/toode\\\/vaike-markmik-botaanika\\\/#breadcrumb\",\"itemListElement\":[{\"@type\":\"ListItem\",\"position\":1,\"name\":\"Home\",\"item\":\"https:\\\/\\\/www.saaremaazoo.ee\\\/en\\\/\"},{\"@type\":\"ListItem\",\"position\":2,\"name\":\"Pood\",\"item\":\"https:\\\/\\\/saaremaazoo.ee\\\/pood\\\/\"},{\"@type\":\"ListItem\",\"position\":3,\"name\":\"V\u00e4ike m\u00e4rkmik botaanika\"}]},{\"@type\":\"WebSite\",\"@id\":\"https:\\\/\\\/saaremaazoo.ee\\\/en\\\/#website\",\"url\":\"https:\\\/\\\/saaremaazoo.ee\\\/en\\\/\",\"name\":\"Saaremaa Zoo\",\"description\":\"Saaremaa esimene Loomaaed\",\"publisher\":{\"@id\":\"https:\\\/\\\/saaremaazoo.ee\\\/en\\\/#organization\"},\"potentialAction\":[{\"@type\":\"SearchAction\",\"target\":{\"@type\":\"EntryPoint\",\"urlTemplate\":\"https:\\\/\\\/saaremaazoo.ee\\\/en\\\/?s={search_term_string}\"},\"query-input\":{\"@type\":\"PropertyValueSpecification\",\"valueRequired\":true,\"valueName\":\"search_term_string\"}}],\"inLanguage\":\"en-US\"},{\"@type\":\"Organization\",\"@id\":\"https:\\\/\\\/saaremaazoo.ee\\\/en\\\/#organization\",\"name\":\"Saaremaa Loomaaed\",\"alternateName\":\"Saaremaa Zoo\",\"url\":\"https:\\\/\\\/saaremaazoo.ee\\\/en\\\/\",\"logo\":{\"@type\":\"ImageObject\",\"inLanguage\":\"en-US\",\"@id\":\"https:\\\/\\\/saaremaazoo.ee\\\/en\\\/#\\\/schema\\\/logo\\\/image\\\/\",\"url\":\"https:\\\/\\\/saaremaazoo.ee\\\/wp-content\\\/uploads\\\/2024\\\/12\\\/cropped-cropped-saaremaazoo_magnet_leemur__1__page-0001-removebg-preview.png\",\"contentUrl\":\"https:\\\/\\\/saaremaazoo.ee\\\/wp-content\\\/uploads\\\/2024\\\/12\\\/cropped-cropped-saaremaazoo_magnet_leemur__1__page-0001-removebg-preview.png\",\"width\":467,\"height\":325,\"caption\":\"Saaremaa Loomaaed\"},\"image\":{\"@id\":\"https:\\\/\\\/saaremaazoo.ee\\\/en\\\/#\\\/schema\\\/logo\\\/image\\\/\"},\"sameAs\":[\"https:\\\/\\\/www.facebook.com\\\/saaremaazoo\",\"https:\\\/\\\/www.instagram.com\\\/saaremaazoo\\\/\"]}]}<\/script>\n<!-- \/ Yoast SEO plugin. -->","yoast_head_json":{"title":"V\u00e4ike m\u00e4rkmik botaanika - Saaremaa Zoo","description":"M\u00e4rkmik taaskasutatud paberist botaanikamotiividega. Keskkonnas\u00f5bralik ja stiilne valik loodusarmastajale.","robots":{"index":"index","follow":"follow","max-snippet":"max-snippet:-1","max-image-preview":"max-image-preview:large","max-video-preview":"max-video-preview:-1"},"canonical":"https:\/\/saaremaazoo.ee\/en\/toode\/vaike-markmik-botaanika\/","og_locale":"en_US","og_type":"article","og_title":"V\u00e4ike m\u00e4rkmik botaanika - Saaremaa Zoo","og_description":"M\u00e4rkmik taaskasutatud paberist botaanikamotiividega. Keskkonnas\u00f5bralik ja stiilne valik loodusarmastajale.","og_url":"https:\/\/saaremaazoo.ee\/en\/toode\/vaike-markmik-botaanika\/","og_site_name":"Saaremaa Zoo","article_publisher":"https:\/\/www.facebook.com\/saaremaazoo","og_image":[{"width":591,"height":591,"url":"https:\/\/saaremaazoo.ee\/wp-content\/uploads\/2025\/09\/vaike-markmik-botaanika.jpg","type":"image\/jpeg"}],"twitter_card":"summary_large_image","twitter_misc":{"Est. reading time":"1 minute"},"schema":{"@context":"https:\/\/schema.org","@graph":[{"@type":"WebPage","@id":"https:\/\/saaremaazoo.ee\/en\/toode\/vaike-markmik-botaanika\/","url":"https:\/\/saaremaazoo.ee\/en\/toode\/vaike-markmik-botaanika\/","name":"V\u00e4ike m\u00e4rkmik botaanika - Saaremaa Zoo","isPartOf":{"@id":"https:\/\/saaremaazoo.ee\/en\/#website"},"primaryImageOfPage":{"@id":"https:\/\/saaremaazoo.ee\/en\/toode\/vaike-markmik-botaanika\/#primaryimage"},"image":{"@id":"https:\/\/saaremaazoo.ee\/en\/toode\/vaike-markmik-botaanika\/#primaryimage"},"thumbnailUrl":"https:\/\/saaremaazoo.ee\/wp-content\/uploads\/2025\/09\/vaike-markmik-botaanika.jpg","datePublished":"2025-09-18T13:36:32+00:00","description":"M\u00e4rkmik taaskasutatud paberist botaanikamotiividega. Keskkonnas\u00f5bralik ja stiilne valik loodusarmastajale.","breadcrumb":{"@id":"https:\/\/saaremaazoo.ee\/en\/toode\/vaike-markmik-botaanika\/#breadcrumb"},"inLanguage":"en-US","potentialAction":[{"@type":"ReadAction","target":["https:\/\/saaremaazoo.ee\/en\/toode\/vaike-markmik-botaanika\/"]}]},{"@type":"ImageObject","inLanguage":"en-US","@id":"https:\/\/saaremaazoo.ee\/en\/toode\/vaike-markmik-botaanika\/#primaryimage","url":"https:\/\/saaremaazoo.ee\/wp-content\/uploads\/2025\/09\/vaike-markmik-botaanika.jpg","contentUrl":"https:\/\/saaremaazoo.ee\/wp-content\/uploads\/2025\/09\/vaike-markmik-botaanika.jpg","width":591,"height":591},{"@type":"BreadcrumbList","@id":"https:\/\/saaremaazoo.ee\/en\/toode\/vaike-markmik-botaanika\/#breadcrumb","itemListElement":[{"@type":"ListItem","position":1,"name":"Home","item":"https:\/\/www.saaremaazoo.ee\/en\/"},{"@type":"ListItem","position":2,"name":"Pood","item":"https:\/\/saaremaazoo.ee\/pood\/"},{"@type":"ListItem","position":3,"name":"V\u00e4ike m\u00e4rkmik botaanika"}]},{"@type":"WebSite","@id":"https:\/\/saaremaazoo.ee\/en\/#website","url":"https:\/\/saaremaazoo.ee\/en\/","name":"Saaremaa Zoo","description":"Saaremaa esimene Loomaaed","publisher":{"@id":"https:\/\/saaremaazoo.ee\/en\/#organization"},"potentialAction":[{"@type":"SearchAction","target":{"@type":"EntryPoint","urlTemplate":"https:\/\/saaremaazoo.ee\/en\/?s={search_term_string}"},"query-input":{"@type":"PropertyValueSpecification","valueRequired":true,"valueName":"search_term_string"}}],"inLanguage":"en-US"},{"@type":"Organization","@id":"https:\/\/saaremaazoo.ee\/en\/#organization","name":"Saaremaa Loomaaed","alternateName":"Saaremaa Zoo","url":"https:\/\/saaremaazoo.ee\/en\/","logo":{"@type":"ImageObject","inLanguage":"en-US","@id":"https:\/\/saaremaazoo.ee\/en\/#\/schema\/logo\/image\/","url":"https:\/\/saaremaazoo.ee\/wp-content\/uploads\/2024\/12\/cropped-cropped-saaremaazoo_magnet_leemur__1__page-0001-removebg-preview.png","contentUrl":"https:\/\/saaremaazoo.ee\/wp-content\/uploads\/2024\/12\/cropped-cropped-saaremaazoo_magnet_leemur__1__page-0001-removebg-preview.png","width":467,"height":325,"caption":"Saaremaa Loomaaed"},"image":{"@id":"https:\/\/saaremaazoo.ee\/en\/#\/schema\/logo\/image\/"},"sameAs":["https:\/\/www.facebook.com\/saaremaazoo","https:\/\/www.instagram.com\/saaremaazoo\/"]}]}},"jetpack_sharing_enabled":true,"_links":{"self":[{"href":"https:\/\/saaremaazoo.ee\/en\/wp-json\/wp\/v2\/product\/58658","targetHints":{"allow":["GET"]}}],"collection":[{"href":"https:\/\/saaremaazoo.ee\/en\/wp-json\/wp\/v2\/product"}],"about":[{"href":"https:\/\/saaremaazoo.ee\/en\/wp-json\/wp\/v2\/types\/product"}],"replies":[{"embeddable":true,"href":"https:\/\/saaremaazoo.ee\/en\/wp-json\/wp\/v2\/comments?post=58658"}],"wp:featuredmedia":[{"embeddable":true,"href":"https:\/\/saaremaazoo.ee\/en\/wp-json\/wp\/v2\/media\/58659"}],"wp:attachment":[{"href":"https:\/\/saaremaazoo.ee\/en\/wp-json\/wp\/v2\/media?parent=58658"}],"wp:term":[{"taxonomy":"product_brand","embeddable":true,"href":"https:\/\/saaremaazoo.ee\/en\/wp-json\/wp\/v2\/product_brand?post=58658"},{"taxonomy":"product_cat","embeddable":true,"href":"https:\/\/saaremaazoo.ee\/en\/wp-json\/wp\/v2\/product_cat?post=58658"},{"taxonomy":"product_tag","embeddable":true,"href":"https:\/\/saaremaazoo.ee\/en\/wp-json\/wp\/v2\/product_tag?post=58658"}],"curies":[{"name":"wp","href":"https:\/\/api.w.org\/{rel}","templated":true}]}}