{"id":58588,"date":"2025-09-18T10:41:15","date_gmt":"2025-09-18T10:41:15","guid":{"rendered":"https:\/\/www.saaremaazoo.ee\/?post_type=product&#038;p=58588"},"modified":"2025-09-18T10:41:15","modified_gmt":"2025-09-18T10:41:15","slug":"varvipliiatsite-komplekt","status":"publish","type":"product","link":"https:\/\/saaremaazoo.ee\/en\/toode\/varvipliiatsite-komplekt\/","title":{"rendered":"V\u00e4rvipliiatsite komplekt"},"content":{"rendered":"<p data-start=\"163\" data-end=\"465\"><strong data-start=\"163\" data-end=\"192\">V\u00e4rvipliiatsid<\/strong> Animal Mix sarjast on praktiline ja loodusl\u00e4hedane komplekt, mis pakub lastele v\u00f5imalust avastada v\u00e4rvide maailma ning arendada loomingulist enesev\u00e4ljendust. Komplekt on pakitud torukujulisse karpi, mis teeb s\u00e4ilitamise lihtsaks ja kaasaskandmise mugavaks.<\/p>\n<ul data-start=\"467\" data-end=\"1161\">\n<li data-start=\"467\" data-end=\"629\">\n<p data-start=\"469\" data-end=\"629\">Sisaldab mitu v\u00e4rvipliiatsit &#8211; valikuid saab t\u00e4ita erksate toonidega, mis v\u00f5imaldavad luua mitmek\u00fclgseid joonistusi ning v\u00e4rvimist\u00f6id.<\/p>\n<\/li>\n<li data-start=\"630\" data-end=\"781\">\n<p data-start=\"632\" data-end=\"781\">Toru-pakend \u2014 kaitseb pliiatseid, hoiab need korras ning v\u00e4hendab pliiatsite murdumist.<\/p>\n<\/li>\n<li data-start=\"782\" data-end=\"986\">\n<p data-start=\"784\" data-end=\"986\">Materjalid: pliiatsid on t\u00f5en\u00e4oliselt valmistatud puidust v\u00f5i puidulaadsest materjalist ning v\u00e4rvikiht on lastele ohutu \u2014 Animal Mix seerias r\u00f5hutatakse naturaalsete ja ohutute materjalide kasutamist.<\/p>\n<\/li>\n<li data-start=\"987\" data-end=\"1161\">\n<p data-start=\"989\" data-end=\"1161\">Kasutamine: sobib v\u00e4rvimiseks kodus, koolis, reisil, loovtegevustes; pakub rahustavat ja keskendumist n\u00f5udvat tegevust \u2014 hea viis arendada v\u00e4rvitunnetust.<\/p>\n<\/li>\n<\/ul>\n","protected":false},"excerpt":{"rendered":"<p>V\u00e4rvipliiatsid Animal Mix sarjast on praktiline ja loodusl\u00e4hedane komplekt, mis pakub lastele v\u00f5imalust avastada v\u00e4rvide maailma ning arendada loomingulist enesev\u00e4ljendust. Komplekt on pakitud torukujulisse karpi, mis teeb s\u00e4ilitamise lihtsaks ja&hellip;<\/p>\n","protected":false},"featured_media":58549,"comment_status":"open","ping_status":"closed","template":"","meta":{"_acf_changed":false},"product_brand":[],"product_cat":[339],"product_tag":[],"class_list":{"0":"post-58588","1":"product","2":"type-product","3":"status-publish","4":"has-post-thumbnail","6":"product_cat-vihikud-markmikud-kirjutusvahendid-varviraamatud","8":"first","9":"instock","10":"shipping-taxable","11":"purchasable","12":"product-type-simple"},"acf":[],"yoast_head":"<!-- This site is optimized with the Yoast SEO plugin v27.4 - https:\/\/yoast.com\/product\/yoast-seo-wordpress\/ -->\n<title>V\u00e4rvipliiatsite komplekt - Saaremaa Zoo<\/title>\n<meta name=\"description\" content=\"Mitmev\u00e4rviline pliiatsikomplekt torukarbis Animal Mix kollektsioonist. Ideaalne loovate tegevuste ja kooli jaoks.\" \/>\n<meta name=\"robots\" content=\"index, follow, max-snippet:-1, max-image-preview:large, max-video-preview:-1\" \/>\n<link rel=\"canonical\" href=\"https:\/\/saaremaazoo.ee\/en\/toode\/varvipliiatsite-komplekt\/\" \/>\n<meta property=\"og:locale\" content=\"en_US\" \/>\n<meta property=\"og:type\" content=\"article\" \/>\n<meta property=\"og:title\" content=\"V\u00e4rvipliiatsite komplekt - Saaremaa Zoo\" \/>\n<meta property=\"og:description\" content=\"Mitmev\u00e4rviline pliiatsikomplekt torukarbis Animal Mix kollektsioonist. Ideaalne loovate tegevuste ja kooli jaoks.\" \/>\n<meta property=\"og:url\" content=\"https:\/\/saaremaazoo.ee\/en\/toode\/varvipliiatsite-komplekt\/\" \/>\n<meta property=\"og:site_name\" content=\"Saaremaa Zoo\" \/>\n<meta property=\"article:publisher\" content=\"https:\/\/www.facebook.com\/saaremaazoo\" \/>\n<meta property=\"og:image\" content=\"https:\/\/saaremaazoo.ee\/wp-content\/uploads\/2025\/09\/18362.jpg\" \/>\n\t<meta property=\"og:image:width\" content=\"591\" \/>\n\t<meta property=\"og:image:height\" content=\"591\" \/>\n\t<meta property=\"og:image:type\" content=\"image\/jpeg\" \/>\n<meta name=\"twitter:card\" content=\"summary_large_image\" \/>\n<meta name=\"twitter:label1\" content=\"Est. reading time\" \/>\n\t<meta name=\"twitter:data1\" content=\"1 minute\" \/>\n<script type=\"application\/ld+json\" class=\"yoast-schema-graph\">{\"@context\":\"https:\\\/\\\/schema.org\",\"@graph\":[{\"@type\":\"WebPage\",\"@id\":\"https:\\\/\\\/saaremaazoo.ee\\\/en\\\/toode\\\/varvipliiatsite-komplekt\\\/\",\"url\":\"https:\\\/\\\/saaremaazoo.ee\\\/en\\\/toode\\\/varvipliiatsite-komplekt\\\/\",\"name\":\"V\u00e4rvipliiatsite komplekt - Saaremaa Zoo\",\"isPartOf\":{\"@id\":\"https:\\\/\\\/www.saaremaazoo.ee\\\/en\\\/#website\"},\"primaryImageOfPage\":{\"@id\":\"https:\\\/\\\/saaremaazoo.ee\\\/en\\\/toode\\\/varvipliiatsite-komplekt\\\/#primaryimage\"},\"image\":{\"@id\":\"https:\\\/\\\/saaremaazoo.ee\\\/en\\\/toode\\\/varvipliiatsite-komplekt\\\/#primaryimage\"},\"thumbnailUrl\":\"https:\\\/\\\/saaremaazoo.ee\\\/wp-content\\\/uploads\\\/2025\\\/09\\\/18362.jpg\",\"datePublished\":\"2025-09-18T10:41:15+00:00\",\"description\":\"Mitmev\u00e4rviline pliiatsikomplekt torukarbis Animal Mix kollektsioonist. Ideaalne loovate tegevuste ja kooli jaoks.\",\"breadcrumb\":{\"@id\":\"https:\\\/\\\/saaremaazoo.ee\\\/en\\\/toode\\\/varvipliiatsite-komplekt\\\/#breadcrumb\"},\"inLanguage\":\"en-US\",\"potentialAction\":[{\"@type\":\"ReadAction\",\"target\":[\"https:\\\/\\\/saaremaazoo.ee\\\/en\\\/toode\\\/varvipliiatsite-komplekt\\\/\"]}]},{\"@type\":\"ImageObject\",\"inLanguage\":\"en-US\",\"@id\":\"https:\\\/\\\/saaremaazoo.ee\\\/en\\\/toode\\\/varvipliiatsite-komplekt\\\/#primaryimage\",\"url\":\"https:\\\/\\\/saaremaazoo.ee\\\/wp-content\\\/uploads\\\/2025\\\/09\\\/18362.jpg\",\"contentUrl\":\"https:\\\/\\\/saaremaazoo.ee\\\/wp-content\\\/uploads\\\/2025\\\/09\\\/18362.jpg\",\"width\":591,\"height\":591},{\"@type\":\"BreadcrumbList\",\"@id\":\"https:\\\/\\\/saaremaazoo.ee\\\/en\\\/toode\\\/varvipliiatsite-komplekt\\\/#breadcrumb\",\"itemListElement\":[{\"@type\":\"ListItem\",\"position\":1,\"name\":\"Home\",\"item\":\"https:\\\/\\\/www.saaremaazoo.ee\\\/en\\\/\"},{\"@type\":\"ListItem\",\"position\":2,\"name\":\"Pood\",\"item\":\"https:\\\/\\\/saaremaazoo.ee\\\/en\\\/shop\\\/\"},{\"@type\":\"ListItem\",\"position\":3,\"name\":\"V\u00e4rvipliiatsite komplekt\"}]},{\"@type\":\"WebSite\",\"@id\":\"https:\\\/\\\/www.saaremaazoo.ee\\\/en\\\/#website\",\"url\":\"https:\\\/\\\/www.saaremaazoo.ee\\\/en\\\/\",\"name\":\"Saaremaa Zoo\",\"description\":\"Saaremaa esimene Loomaaed\",\"publisher\":{\"@id\":\"https:\\\/\\\/www.saaremaazoo.ee\\\/en\\\/#organization\"},\"potentialAction\":[{\"@type\":\"SearchAction\",\"target\":{\"@type\":\"EntryPoint\",\"urlTemplate\":\"https:\\\/\\\/www.saaremaazoo.ee\\\/en\\\/?s={search_term_string}\"},\"query-input\":{\"@type\":\"PropertyValueSpecification\",\"valueRequired\":true,\"valueName\":\"search_term_string\"}}],\"inLanguage\":\"en-US\"},{\"@type\":\"Organization\",\"@id\":\"https:\\\/\\\/www.saaremaazoo.ee\\\/en\\\/#organization\",\"name\":\"Saaremaa Loomaaed\",\"alternateName\":\"Saaremaa Zoo\",\"url\":\"https:\\\/\\\/www.saaremaazoo.ee\\\/en\\\/\",\"logo\":{\"@type\":\"ImageObject\",\"inLanguage\":\"en-US\",\"@id\":\"https:\\\/\\\/www.saaremaazoo.ee\\\/en\\\/#\\\/schema\\\/logo\\\/image\\\/\",\"url\":\"https:\\\/\\\/saaremaazoo.ee\\\/wp-content\\\/uploads\\\/2024\\\/12\\\/cropped-cropped-saaremaazoo_magnet_leemur__1__page-0001-removebg-preview.png\",\"contentUrl\":\"https:\\\/\\\/saaremaazoo.ee\\\/wp-content\\\/uploads\\\/2024\\\/12\\\/cropped-cropped-saaremaazoo_magnet_leemur__1__page-0001-removebg-preview.png\",\"width\":467,\"height\":325,\"caption\":\"Saaremaa Loomaaed\"},\"image\":{\"@id\":\"https:\\\/\\\/www.saaremaazoo.ee\\\/en\\\/#\\\/schema\\\/logo\\\/image\\\/\"},\"sameAs\":[\"https:\\\/\\\/www.facebook.com\\\/saaremaazoo\",\"https:\\\/\\\/www.instagram.com\\\/saaremaazoo\\\/\"]}]}<\/script>\n<!-- \/ Yoast SEO plugin. -->","yoast_head_json":{"title":"V\u00e4rvipliiatsite komplekt - Saaremaa Zoo","description":"Mitmev\u00e4rviline pliiatsikomplekt torukarbis Animal Mix kollektsioonist. Ideaalne loovate tegevuste ja kooli jaoks.","robots":{"index":"index","follow":"follow","max-snippet":"max-snippet:-1","max-image-preview":"max-image-preview:large","max-video-preview":"max-video-preview:-1"},"canonical":"https:\/\/saaremaazoo.ee\/en\/toode\/varvipliiatsite-komplekt\/","og_locale":"en_US","og_type":"article","og_title":"V\u00e4rvipliiatsite komplekt - Saaremaa Zoo","og_description":"Mitmev\u00e4rviline pliiatsikomplekt torukarbis Animal Mix kollektsioonist. Ideaalne loovate tegevuste ja kooli jaoks.","og_url":"https:\/\/saaremaazoo.ee\/en\/toode\/varvipliiatsite-komplekt\/","og_site_name":"Saaremaa Zoo","article_publisher":"https:\/\/www.facebook.com\/saaremaazoo","og_image":[{"width":591,"height":591,"url":"https:\/\/saaremaazoo.ee\/wp-content\/uploads\/2025\/09\/18362.jpg","type":"image\/jpeg"}],"twitter_card":"summary_large_image","twitter_misc":{"Est. reading time":"1 minute"},"schema":{"@context":"https:\/\/schema.org","@graph":[{"@type":"WebPage","@id":"https:\/\/saaremaazoo.ee\/en\/toode\/varvipliiatsite-komplekt\/","url":"https:\/\/saaremaazoo.ee\/en\/toode\/varvipliiatsite-komplekt\/","name":"V\u00e4rvipliiatsite komplekt - Saaremaa Zoo","isPartOf":{"@id":"https:\/\/www.saaremaazoo.ee\/en\/#website"},"primaryImageOfPage":{"@id":"https:\/\/saaremaazoo.ee\/en\/toode\/varvipliiatsite-komplekt\/#primaryimage"},"image":{"@id":"https:\/\/saaremaazoo.ee\/en\/toode\/varvipliiatsite-komplekt\/#primaryimage"},"thumbnailUrl":"https:\/\/saaremaazoo.ee\/wp-content\/uploads\/2025\/09\/18362.jpg","datePublished":"2025-09-18T10:41:15+00:00","description":"Mitmev\u00e4rviline pliiatsikomplekt torukarbis Animal Mix kollektsioonist. Ideaalne loovate tegevuste ja kooli jaoks.","breadcrumb":{"@id":"https:\/\/saaremaazoo.ee\/en\/toode\/varvipliiatsite-komplekt\/#breadcrumb"},"inLanguage":"en-US","potentialAction":[{"@type":"ReadAction","target":["https:\/\/saaremaazoo.ee\/en\/toode\/varvipliiatsite-komplekt\/"]}]},{"@type":"ImageObject","inLanguage":"en-US","@id":"https:\/\/saaremaazoo.ee\/en\/toode\/varvipliiatsite-komplekt\/#primaryimage","url":"https:\/\/saaremaazoo.ee\/wp-content\/uploads\/2025\/09\/18362.jpg","contentUrl":"https:\/\/saaremaazoo.ee\/wp-content\/uploads\/2025\/09\/18362.jpg","width":591,"height":591},{"@type":"BreadcrumbList","@id":"https:\/\/saaremaazoo.ee\/en\/toode\/varvipliiatsite-komplekt\/#breadcrumb","itemListElement":[{"@type":"ListItem","position":1,"name":"Home","item":"https:\/\/www.saaremaazoo.ee\/en\/"},{"@type":"ListItem","position":2,"name":"Pood","item":"https:\/\/saaremaazoo.ee\/en\/shop\/"},{"@type":"ListItem","position":3,"name":"V\u00e4rvipliiatsite komplekt"}]},{"@type":"WebSite","@id":"https:\/\/www.saaremaazoo.ee\/en\/#website","url":"https:\/\/www.saaremaazoo.ee\/en\/","name":"Saaremaa Zoo","description":"Saaremaa esimene Loomaaed","publisher":{"@id":"https:\/\/www.saaremaazoo.ee\/en\/#organization"},"potentialAction":[{"@type":"SearchAction","target":{"@type":"EntryPoint","urlTemplate":"https:\/\/www.saaremaazoo.ee\/en\/?s={search_term_string}"},"query-input":{"@type":"PropertyValueSpecification","valueRequired":true,"valueName":"search_term_string"}}],"inLanguage":"en-US"},{"@type":"Organization","@id":"https:\/\/www.saaremaazoo.ee\/en\/#organization","name":"Saaremaa Loomaaed","alternateName":"Saaremaa Zoo","url":"https:\/\/www.saaremaazoo.ee\/en\/","logo":{"@type":"ImageObject","inLanguage":"en-US","@id":"https:\/\/www.saaremaazoo.ee\/en\/#\/schema\/logo\/image\/","url":"https:\/\/saaremaazoo.ee\/wp-content\/uploads\/2024\/12\/cropped-cropped-saaremaazoo_magnet_leemur__1__page-0001-removebg-preview.png","contentUrl":"https:\/\/saaremaazoo.ee\/wp-content\/uploads\/2024\/12\/cropped-cropped-saaremaazoo_magnet_leemur__1__page-0001-removebg-preview.png","width":467,"height":325,"caption":"Saaremaa Loomaaed"},"image":{"@id":"https:\/\/www.saaremaazoo.ee\/en\/#\/schema\/logo\/image\/"},"sameAs":["https:\/\/www.facebook.com\/saaremaazoo","https:\/\/www.instagram.com\/saaremaazoo\/"]}]}},"jetpack_sharing_enabled":true,"_links":{"self":[{"href":"https:\/\/saaremaazoo.ee\/en\/wp-json\/wp\/v2\/product\/58588","targetHints":{"allow":["GET"]}}],"collection":[{"href":"https:\/\/saaremaazoo.ee\/en\/wp-json\/wp\/v2\/product"}],"about":[{"href":"https:\/\/saaremaazoo.ee\/en\/wp-json\/wp\/v2\/types\/product"}],"replies":[{"embeddable":true,"href":"https:\/\/saaremaazoo.ee\/en\/wp-json\/wp\/v2\/comments?post=58588"}],"wp:featuredmedia":[{"embeddable":true,"href":"https:\/\/saaremaazoo.ee\/en\/wp-json\/wp\/v2\/media\/58549"}],"wp:attachment":[{"href":"https:\/\/saaremaazoo.ee\/en\/wp-json\/wp\/v2\/media?parent=58588"}],"wp:term":[{"taxonomy":"product_brand","embeddable":true,"href":"https:\/\/saaremaazoo.ee\/en\/wp-json\/wp\/v2\/product_brand?post=58588"},{"taxonomy":"product_cat","embeddable":true,"href":"https:\/\/saaremaazoo.ee\/en\/wp-json\/wp\/v2\/product_cat?post=58588"},{"taxonomy":"product_tag","embeddable":true,"href":"https:\/\/saaremaazoo.ee\/en\/wp-json\/wp\/v2\/product_tag?post=58588"}],"curies":[{"name":"wp","href":"https:\/\/api.w.org\/{rel}","templated":true}]}}