{"id":58584,"date":"2025-09-18T10:32:18","date_gmt":"2025-09-18T10:32:18","guid":{"rendered":"https:\/\/www.saaremaazoo.ee\/?post_type=product&#038;p=58584"},"modified":"2025-12-12T10:50:51","modified_gmt":"2025-12-12T10:50:51","slug":"varvipliiatsite-komplekt-mesilasvahast","status":"publish","type":"product","link":"https:\/\/saaremaazoo.ee\/en\/toode\/varvipliiatsite-komplekt-mesilasvahast\/","title":{"rendered":"Kriidid mesilasvahast"},"content":{"rendered":"<p data-start=\"156\" data-end=\"389\"><strong data-start=\"156\" data-end=\"175\">Beeswax Crayons<\/strong> Animal Mix sarjale kuuluv loodusl\u00e4hedane kriitide komplekt lastele, mis \u00fchendab loovuse, ohutuse ja keskkonnas\u00e4\u00e4stlikkuse. Sobib ideaalselt joonistamiseks, v\u00e4rvimiseks ja rahulikeks loomingulisteks hetkeks.<\/p>\n<ul data-start=\"411\" data-end=\"916\">\n<li data-start=\"411\" data-end=\"526\">\n<p data-start=\"413\" data-end=\"526\">Kriidid on valmistatud mesilasvahast &#8211; see annab pehme v\u00e4rvitooni, m\u00f5nusa tekstuuri ja loodusliku l\u00f5hna.<\/p>\n<\/li>\n<li data-start=\"527\" data-end=\"625\">\n<p data-start=\"529\" data-end=\"625\">Komplektis mitmed erksad v\u00e4rvid, mis v\u00f5imaldavad luua elavaid pilte.<\/p>\n<\/li>\n<li data-start=\"626\" data-end=\"757\">\n<p data-start=\"628\" data-end=\"757\">Ohutus: mesilasvaha on \u00fcldiselt nontoksiline ja sobib lastele.<\/p>\n<\/li>\n<li data-start=\"758\" data-end=\"916\">\n<p data-start=\"760\" data-end=\"916\">Kasutusv\u00f5imalused: v\u00e4rvimine, illustratsioon, kooli v\u00f5i kodu tegevused; ka t\u00e4ielik kingitus kunsti- ja looduseteemadega tegelevatele lastele.<\/p>\n<\/li>\n<\/ul>\n","protected":false},"excerpt":{"rendered":"<p>Beeswax Crayons Animal Mix sarjale kuuluv loodusl\u00e4hedane kriitide komplekt lastele, mis \u00fchendab loovuse, ohutuse ja keskkonnas\u00e4\u00e4stlikkuse. Sobib ideaalselt joonistamiseks, v\u00e4rvimiseks ja rahulikeks loomingulisteks hetkeks. Kriidid on valmistatud mesilasvahast &#8211; see&hellip;<\/p>\n","protected":false},"featured_media":58586,"comment_status":"open","ping_status":"closed","template":"","meta":{"_acf_changed":false},"product_brand":[],"product_cat":[339],"product_tag":[],"class_list":{"0":"post-58584","1":"product","2":"type-product","3":"status-publish","4":"has-post-thumbnail","6":"product_cat-vihikud-markmikud-kirjutusvahendid-varviraamatud","8":"first","9":"instock","10":"shipping-taxable","11":"purchasable","12":"product-type-simple"},"acf":[],"yoast_head":"<!-- This site is optimized with the Yoast SEO plugin v27.3 - https:\/\/yoast.com\/product\/yoast-seo-wordpress\/ -->\n<title>Kriidid mesilasvahast - Saaremaa Zoo<\/title>\n<meta name=\"description\" content=\"Looduslikud mesilasvaha kriidid Animal Mix kollektsioonist, mis annab pehme v\u00e4rvitooni, m\u00f5nusa tekstuuri ja loodusliku l\u00f5hna.\" \/>\n<meta name=\"robots\" content=\"index, follow, max-snippet:-1, max-image-preview:large, max-video-preview:-1\" \/>\n<link rel=\"canonical\" href=\"https:\/\/saaremaazoo.ee\/en\/toode\/varvipliiatsite-komplekt-mesilasvahast\/\" \/>\n<meta property=\"og:locale\" content=\"en_US\" \/>\n<meta property=\"og:type\" content=\"article\" \/>\n<meta property=\"og:title\" content=\"Kriidid mesilasvahast - Saaremaa Zoo\" \/>\n<meta property=\"og:description\" content=\"Looduslikud mesilasvaha kriidid Animal Mix kollektsioonist, mis annab pehme v\u00e4rvitooni, m\u00f5nusa tekstuuri ja loodusliku l\u00f5hna.\" \/>\n<meta property=\"og:url\" content=\"https:\/\/saaremaazoo.ee\/en\/toode\/varvipliiatsite-komplekt-mesilasvahast\/\" \/>\n<meta property=\"og:site_name\" content=\"Saaremaa Zoo\" \/>\n<meta property=\"article:publisher\" content=\"https:\/\/www.facebook.com\/saaremaazoo\" \/>\n<meta property=\"article:modified_time\" content=\"2025-12-12T10:50:51+00:00\" \/>\n<meta property=\"og:image\" content=\"https:\/\/saaremaazoo.ee\/wp-content\/uploads\/2025\/09\/kriidid.jpg\" \/>\n\t<meta property=\"og:image:width\" content=\"591\" \/>\n\t<meta property=\"og:image:height\" content=\"591\" \/>\n\t<meta property=\"og:image:type\" content=\"image\/jpeg\" \/>\n<meta name=\"twitter:card\" content=\"summary_large_image\" \/>\n<meta name=\"twitter:label1\" content=\"Est. reading time\" \/>\n\t<meta name=\"twitter:data1\" content=\"1 minute\" \/>\n<script type=\"application\/ld+json\" class=\"yoast-schema-graph\">{\"@context\":\"https:\\\/\\\/schema.org\",\"@graph\":[{\"@type\":\"WebPage\",\"@id\":\"https:\\\/\\\/saaremaazoo.ee\\\/en\\\/toode\\\/varvipliiatsite-komplekt-mesilasvahast\\\/\",\"url\":\"https:\\\/\\\/saaremaazoo.ee\\\/en\\\/toode\\\/varvipliiatsite-komplekt-mesilasvahast\\\/\",\"name\":\"Kriidid mesilasvahast - Saaremaa Zoo\",\"isPartOf\":{\"@id\":\"https:\\\/\\\/saaremaazoo.ee\\\/en\\\/#website\"},\"primaryImageOfPage\":{\"@id\":\"https:\\\/\\\/saaremaazoo.ee\\\/en\\\/toode\\\/varvipliiatsite-komplekt-mesilasvahast\\\/#primaryimage\"},\"image\":{\"@id\":\"https:\\\/\\\/saaremaazoo.ee\\\/en\\\/toode\\\/varvipliiatsite-komplekt-mesilasvahast\\\/#primaryimage\"},\"thumbnailUrl\":\"https:\\\/\\\/saaremaazoo.ee\\\/wp-content\\\/uploads\\\/2025\\\/09\\\/kriidid.jpg\",\"datePublished\":\"2025-09-18T10:32:18+00:00\",\"dateModified\":\"2025-12-12T10:50:51+00:00\",\"description\":\"Looduslikud mesilasvaha kriidid Animal Mix kollektsioonist, mis annab pehme v\u00e4rvitooni, m\u00f5nusa tekstuuri ja loodusliku l\u00f5hna.\",\"breadcrumb\":{\"@id\":\"https:\\\/\\\/saaremaazoo.ee\\\/en\\\/toode\\\/varvipliiatsite-komplekt-mesilasvahast\\\/#breadcrumb\"},\"inLanguage\":\"en-US\",\"potentialAction\":[{\"@type\":\"ReadAction\",\"target\":[\"https:\\\/\\\/saaremaazoo.ee\\\/en\\\/toode\\\/varvipliiatsite-komplekt-mesilasvahast\\\/\"]}]},{\"@type\":\"ImageObject\",\"inLanguage\":\"en-US\",\"@id\":\"https:\\\/\\\/saaremaazoo.ee\\\/en\\\/toode\\\/varvipliiatsite-komplekt-mesilasvahast\\\/#primaryimage\",\"url\":\"https:\\\/\\\/saaremaazoo.ee\\\/wp-content\\\/uploads\\\/2025\\\/09\\\/kriidid.jpg\",\"contentUrl\":\"https:\\\/\\\/saaremaazoo.ee\\\/wp-content\\\/uploads\\\/2025\\\/09\\\/kriidid.jpg\",\"width\":591,\"height\":591},{\"@type\":\"BreadcrumbList\",\"@id\":\"https:\\\/\\\/saaremaazoo.ee\\\/en\\\/toode\\\/varvipliiatsite-komplekt-mesilasvahast\\\/#breadcrumb\",\"itemListElement\":[{\"@type\":\"ListItem\",\"position\":1,\"name\":\"Home\",\"item\":\"https:\\\/\\\/www.saaremaazoo.ee\\\/en\\\/\"},{\"@type\":\"ListItem\",\"position\":2,\"name\":\"Pood\",\"item\":\"https:\\\/\\\/saaremaazoo.ee\\\/pood\\\/\"},{\"@type\":\"ListItem\",\"position\":3,\"name\":\"Kriidid mesilasvahast\"}]},{\"@type\":\"WebSite\",\"@id\":\"https:\\\/\\\/saaremaazoo.ee\\\/en\\\/#website\",\"url\":\"https:\\\/\\\/saaremaazoo.ee\\\/en\\\/\",\"name\":\"Saaremaa Zoo\",\"description\":\"Saaremaa esimene Loomaaed\",\"publisher\":{\"@id\":\"https:\\\/\\\/saaremaazoo.ee\\\/en\\\/#organization\"},\"potentialAction\":[{\"@type\":\"SearchAction\",\"target\":{\"@type\":\"EntryPoint\",\"urlTemplate\":\"https:\\\/\\\/saaremaazoo.ee\\\/en\\\/?s={search_term_string}\"},\"query-input\":{\"@type\":\"PropertyValueSpecification\",\"valueRequired\":true,\"valueName\":\"search_term_string\"}}],\"inLanguage\":\"en-US\"},{\"@type\":\"Organization\",\"@id\":\"https:\\\/\\\/saaremaazoo.ee\\\/en\\\/#organization\",\"name\":\"Saaremaa Loomaaed\",\"alternateName\":\"Saaremaa Zoo\",\"url\":\"https:\\\/\\\/saaremaazoo.ee\\\/en\\\/\",\"logo\":{\"@type\":\"ImageObject\",\"inLanguage\":\"en-US\",\"@id\":\"https:\\\/\\\/saaremaazoo.ee\\\/en\\\/#\\\/schema\\\/logo\\\/image\\\/\",\"url\":\"https:\\\/\\\/saaremaazoo.ee\\\/wp-content\\\/uploads\\\/2024\\\/12\\\/cropped-cropped-saaremaazoo_magnet_leemur__1__page-0001-removebg-preview.png\",\"contentUrl\":\"https:\\\/\\\/saaremaazoo.ee\\\/wp-content\\\/uploads\\\/2024\\\/12\\\/cropped-cropped-saaremaazoo_magnet_leemur__1__page-0001-removebg-preview.png\",\"width\":467,\"height\":325,\"caption\":\"Saaremaa Loomaaed\"},\"image\":{\"@id\":\"https:\\\/\\\/saaremaazoo.ee\\\/en\\\/#\\\/schema\\\/logo\\\/image\\\/\"},\"sameAs\":[\"https:\\\/\\\/www.facebook.com\\\/saaremaazoo\",\"https:\\\/\\\/www.instagram.com\\\/saaremaazoo\\\/\"]}]}<\/script>\n<!-- \/ Yoast SEO plugin. -->","yoast_head_json":{"title":"Kriidid mesilasvahast - Saaremaa Zoo","description":"Looduslikud mesilasvaha kriidid Animal Mix kollektsioonist, mis annab pehme v\u00e4rvitooni, m\u00f5nusa tekstuuri ja loodusliku l\u00f5hna.","robots":{"index":"index","follow":"follow","max-snippet":"max-snippet:-1","max-image-preview":"max-image-preview:large","max-video-preview":"max-video-preview:-1"},"canonical":"https:\/\/saaremaazoo.ee\/en\/toode\/varvipliiatsite-komplekt-mesilasvahast\/","og_locale":"en_US","og_type":"article","og_title":"Kriidid mesilasvahast - Saaremaa Zoo","og_description":"Looduslikud mesilasvaha kriidid Animal Mix kollektsioonist, mis annab pehme v\u00e4rvitooni, m\u00f5nusa tekstuuri ja loodusliku l\u00f5hna.","og_url":"https:\/\/saaremaazoo.ee\/en\/toode\/varvipliiatsite-komplekt-mesilasvahast\/","og_site_name":"Saaremaa Zoo","article_publisher":"https:\/\/www.facebook.com\/saaremaazoo","article_modified_time":"2025-12-12T10:50:51+00:00","og_image":[{"width":591,"height":591,"url":"https:\/\/saaremaazoo.ee\/wp-content\/uploads\/2025\/09\/kriidid.jpg","type":"image\/jpeg"}],"twitter_card":"summary_large_image","twitter_misc":{"Est. reading time":"1 minute"},"schema":{"@context":"https:\/\/schema.org","@graph":[{"@type":"WebPage","@id":"https:\/\/saaremaazoo.ee\/en\/toode\/varvipliiatsite-komplekt-mesilasvahast\/","url":"https:\/\/saaremaazoo.ee\/en\/toode\/varvipliiatsite-komplekt-mesilasvahast\/","name":"Kriidid mesilasvahast - Saaremaa Zoo","isPartOf":{"@id":"https:\/\/saaremaazoo.ee\/en\/#website"},"primaryImageOfPage":{"@id":"https:\/\/saaremaazoo.ee\/en\/toode\/varvipliiatsite-komplekt-mesilasvahast\/#primaryimage"},"image":{"@id":"https:\/\/saaremaazoo.ee\/en\/toode\/varvipliiatsite-komplekt-mesilasvahast\/#primaryimage"},"thumbnailUrl":"https:\/\/saaremaazoo.ee\/wp-content\/uploads\/2025\/09\/kriidid.jpg","datePublished":"2025-09-18T10:32:18+00:00","dateModified":"2025-12-12T10:50:51+00:00","description":"Looduslikud mesilasvaha kriidid Animal Mix kollektsioonist, mis annab pehme v\u00e4rvitooni, m\u00f5nusa tekstuuri ja loodusliku l\u00f5hna.","breadcrumb":{"@id":"https:\/\/saaremaazoo.ee\/en\/toode\/varvipliiatsite-komplekt-mesilasvahast\/#breadcrumb"},"inLanguage":"en-US","potentialAction":[{"@type":"ReadAction","target":["https:\/\/saaremaazoo.ee\/en\/toode\/varvipliiatsite-komplekt-mesilasvahast\/"]}]},{"@type":"ImageObject","inLanguage":"en-US","@id":"https:\/\/saaremaazoo.ee\/en\/toode\/varvipliiatsite-komplekt-mesilasvahast\/#primaryimage","url":"https:\/\/saaremaazoo.ee\/wp-content\/uploads\/2025\/09\/kriidid.jpg","contentUrl":"https:\/\/saaremaazoo.ee\/wp-content\/uploads\/2025\/09\/kriidid.jpg","width":591,"height":591},{"@type":"BreadcrumbList","@id":"https:\/\/saaremaazoo.ee\/en\/toode\/varvipliiatsite-komplekt-mesilasvahast\/#breadcrumb","itemListElement":[{"@type":"ListItem","position":1,"name":"Home","item":"https:\/\/www.saaremaazoo.ee\/en\/"},{"@type":"ListItem","position":2,"name":"Pood","item":"https:\/\/saaremaazoo.ee\/pood\/"},{"@type":"ListItem","position":3,"name":"Kriidid mesilasvahast"}]},{"@type":"WebSite","@id":"https:\/\/saaremaazoo.ee\/en\/#website","url":"https:\/\/saaremaazoo.ee\/en\/","name":"Saaremaa Zoo","description":"Saaremaa esimene Loomaaed","publisher":{"@id":"https:\/\/saaremaazoo.ee\/en\/#organization"},"potentialAction":[{"@type":"SearchAction","target":{"@type":"EntryPoint","urlTemplate":"https:\/\/saaremaazoo.ee\/en\/?s={search_term_string}"},"query-input":{"@type":"PropertyValueSpecification","valueRequired":true,"valueName":"search_term_string"}}],"inLanguage":"en-US"},{"@type":"Organization","@id":"https:\/\/saaremaazoo.ee\/en\/#organization","name":"Saaremaa Loomaaed","alternateName":"Saaremaa Zoo","url":"https:\/\/saaremaazoo.ee\/en\/","logo":{"@type":"ImageObject","inLanguage":"en-US","@id":"https:\/\/saaremaazoo.ee\/en\/#\/schema\/logo\/image\/","url":"https:\/\/saaremaazoo.ee\/wp-content\/uploads\/2024\/12\/cropped-cropped-saaremaazoo_magnet_leemur__1__page-0001-removebg-preview.png","contentUrl":"https:\/\/saaremaazoo.ee\/wp-content\/uploads\/2024\/12\/cropped-cropped-saaremaazoo_magnet_leemur__1__page-0001-removebg-preview.png","width":467,"height":325,"caption":"Saaremaa Loomaaed"},"image":{"@id":"https:\/\/saaremaazoo.ee\/en\/#\/schema\/logo\/image\/"},"sameAs":["https:\/\/www.facebook.com\/saaremaazoo","https:\/\/www.instagram.com\/saaremaazoo\/"]}]}},"jetpack_sharing_enabled":true,"_links":{"self":[{"href":"https:\/\/saaremaazoo.ee\/en\/wp-json\/wp\/v2\/product\/58584","targetHints":{"allow":["GET"]}}],"collection":[{"href":"https:\/\/saaremaazoo.ee\/en\/wp-json\/wp\/v2\/product"}],"about":[{"href":"https:\/\/saaremaazoo.ee\/en\/wp-json\/wp\/v2\/types\/product"}],"replies":[{"embeddable":true,"href":"https:\/\/saaremaazoo.ee\/en\/wp-json\/wp\/v2\/comments?post=58584"}],"wp:featuredmedia":[{"embeddable":true,"href":"https:\/\/saaremaazoo.ee\/en\/wp-json\/wp\/v2\/media\/58586"}],"wp:attachment":[{"href":"https:\/\/saaremaazoo.ee\/en\/wp-json\/wp\/v2\/media?parent=58584"}],"wp:term":[{"taxonomy":"product_brand","embeddable":true,"href":"https:\/\/saaremaazoo.ee\/en\/wp-json\/wp\/v2\/product_brand?post=58584"},{"taxonomy":"product_cat","embeddable":true,"href":"https:\/\/saaremaazoo.ee\/en\/wp-json\/wp\/v2\/product_cat?post=58584"},{"taxonomy":"product_tag","embeddable":true,"href":"https:\/\/saaremaazoo.ee\/en\/wp-json\/wp\/v2\/product_tag?post=58584"}],"curies":[{"name":"wp","href":"https:\/\/api.w.org\/{rel}","templated":true}]}}