{"id":58574,"date":"2025-09-18T10:15:30","date_gmt":"2025-09-18T10:15:30","guid":{"rendered":"https:\/\/www.saaremaazoo.ee\/?post_type=product&#038;p=58574"},"modified":"2025-12-11T20:17:55","modified_gmt":"2025-12-11T20:17:55","slug":"seljakott-flamingo","status":"publish","type":"product","link":"https:\/\/saaremaazoo.ee\/en\/toode\/seljakott-flamingo\/","title":{"rendered":"Seljakott flamingo"},"content":{"rendered":"<p data-start=\"169\" data-end=\"423\"><strong data-start=\"169\" data-end=\"204\">Seljakott Flamingo,<\/strong>\u00a0mis \u00fchendab t\u00f5elise stiili, praktilisuse ja \u00f6koloogilisuse. Flamingo motiiviga kott on valmistatud orgaanilisest puuvillast, mis tagab mugavuse, naha s\u00f5bralikkuse ja keskkonnas\u00e4\u00e4stlikkuse.<\/p>\n<ul data-start=\"438\" data-end=\"1050\">\n<li data-start=\"438\" data-end=\"616\">\n<p data-start=\"440\" data-end=\"616\">Kotil on trendikas flamingo disain \u2014 s\u00e4ravad roosad toonid ja flamingo detailid, mis muudavad koti silmapaistvaks aksessuaariks nii spordikeskuses, koolis kui igap\u00e4evareisil.<\/p>\n<\/li>\n<li data-start=\"617\" data-end=\"752\">\n<p data-start=\"619\" data-end=\"752\">Materjal: <strong data-start=\"629\" data-end=\"652\">orgaaniline puuvill<\/strong>, mis on naturaalne, hingav ja pehme \u2014 ei \u00e4rrita nahka, sobib h\u00e4sti kasutamiseks ka tundlikumatel.<\/p>\n<\/li>\n<li data-start=\"753\" data-end=\"920\">\n<p data-start=\"755\" data-end=\"920\">Kasutus: sobib treeningriiete, jalan\u00f5ude, veepudeli ja muude sporditarvikute jaoks. T\u00e4nu puuvillale on kott kerge, kuid samas vastupidav igap\u00e4evaseks kasutamiseks.<\/p>\n<\/li>\n<li data-start=\"921\" data-end=\"1050\">\n<p data-start=\"923\" data-end=\"1050\">Praktilisus: lihtne puhastada, pestav, sobib kasutamiseks korduvkasutatava kotina \u2014 v\u00e4ike samm plastitarbimise v\u00e4hendamiseks.<\/p>\n<\/li>\n<li data-start=\"921\" data-end=\"1050\">Sobiv kingitus igaks t\u00e4htp\u00e4evaks.<\/li>\n<\/ul>\n","protected":false},"excerpt":{"rendered":"<p>Seljakott Flamingo,\u00a0mis \u00fchendab t\u00f5elise stiili, praktilisuse ja \u00f6koloogilisuse. Flamingo motiiviga kott on valmistatud orgaanilisest puuvillast, mis tagab mugavuse, naha s\u00f5bralikkuse ja keskkonnas\u00e4\u00e4stlikkuse. Kotil on trendikas flamingo disain \u2014 s\u00e4ravad roosad&hellip;<\/p>\n","protected":false},"featured_media":58575,"comment_status":"open","ping_status":"closed","template":"","meta":{"_acf_changed":false},"product_brand":[],"product_cat":[282],"product_tag":[],"class_list":{"0":"post-58574","1":"product","2":"type-product","3":"status-publish","4":"has-post-thumbnail","6":"product_cat-loomaaia-tsargid-pusad","8":"first","9":"instock","10":"shipping-taxable","11":"purchasable","12":"product-type-simple"},"acf":[],"yoast_head":"<!-- This site is optimized with the Yoast SEO plugin v27.3 - https:\/\/yoast.com\/product\/yoast-seo-wordpress\/ -->\n<title>Seljakott flamingo - Saaremaa Zoo<\/title>\n<meta name=\"description\" content=\"Flamingo motiiviga kott orgaanilisest puuvillast. Stiilne, keskkonnas\u00f5bralik ja praktiline kaaslane spordiks v\u00f5i igap\u00e4evuseks.\" \/>\n<meta name=\"robots\" content=\"index, follow, max-snippet:-1, max-image-preview:large, max-video-preview:-1\" \/>\n<link rel=\"canonical\" href=\"https:\/\/saaremaazoo.ee\/en\/toode\/seljakott-flamingo\/\" \/>\n<meta property=\"og:locale\" content=\"en_US\" \/>\n<meta property=\"og:type\" content=\"article\" \/>\n<meta property=\"og:title\" content=\"Seljakott flamingo - Saaremaa Zoo\" \/>\n<meta property=\"og:description\" content=\"Flamingo motiiviga kott orgaanilisest puuvillast. Stiilne, keskkonnas\u00f5bralik ja praktiline kaaslane spordiks v\u00f5i igap\u00e4evuseks.\" \/>\n<meta property=\"og:url\" content=\"https:\/\/saaremaazoo.ee\/en\/toode\/seljakott-flamingo\/\" \/>\n<meta property=\"og:site_name\" content=\"Saaremaa Zoo\" \/>\n<meta property=\"article:publisher\" content=\"https:\/\/www.facebook.com\/saaremaazoo\" \/>\n<meta property=\"article:modified_time\" content=\"2025-12-11T20:17:55+00:00\" \/>\n<meta property=\"og:image\" content=\"https:\/\/www.saaremaazoo.ee\/wp-content\/uploads\/2025\/09\/sussikott-flamingo.jpg\" \/>\n\t<meta property=\"og:image:width\" content=\"591\" \/>\n\t<meta property=\"og:image:height\" content=\"591\" \/>\n\t<meta property=\"og:image:type\" content=\"image\/jpeg\" \/>\n<meta name=\"twitter:card\" content=\"summary_large_image\" \/>\n<meta name=\"twitter:label1\" content=\"Est. reading time\" \/>\n\t<meta name=\"twitter:data1\" content=\"1 minute\" \/>\n<script type=\"application\/ld+json\" class=\"yoast-schema-graph\">{\"@context\":\"https:\\\/\\\/schema.org\",\"@graph\":[{\"@type\":\"WebPage\",\"@id\":\"https:\\\/\\\/saaremaazoo.ee\\\/en\\\/toode\\\/seljakott-flamingo\\\/\",\"url\":\"https:\\\/\\\/saaremaazoo.ee\\\/en\\\/toode\\\/seljakott-flamingo\\\/\",\"name\":\"Seljakott flamingo - Saaremaa Zoo\",\"isPartOf\":{\"@id\":\"https:\\\/\\\/saaremaazoo.ee\\\/en\\\/#website\"},\"primaryImageOfPage\":{\"@id\":\"https:\\\/\\\/saaremaazoo.ee\\\/en\\\/toode\\\/seljakott-flamingo\\\/#primaryimage\"},\"image\":{\"@id\":\"https:\\\/\\\/saaremaazoo.ee\\\/en\\\/toode\\\/seljakott-flamingo\\\/#primaryimage\"},\"thumbnailUrl\":\"https:\\\/\\\/saaremaazoo.ee\\\/wp-content\\\/uploads\\\/2025\\\/09\\\/sussikott-flamingo.jpg\",\"datePublished\":\"2025-09-18T10:15:30+00:00\",\"dateModified\":\"2025-12-11T20:17:55+00:00\",\"description\":\"Flamingo motiiviga kott orgaanilisest puuvillast. Stiilne, keskkonnas\u00f5bralik ja praktiline kaaslane spordiks v\u00f5i igap\u00e4evuseks.\",\"breadcrumb\":{\"@id\":\"https:\\\/\\\/saaremaazoo.ee\\\/en\\\/toode\\\/seljakott-flamingo\\\/#breadcrumb\"},\"inLanguage\":\"en-US\",\"potentialAction\":[{\"@type\":\"ReadAction\",\"target\":[\"https:\\\/\\\/saaremaazoo.ee\\\/en\\\/toode\\\/seljakott-flamingo\\\/\"]}]},{\"@type\":\"ImageObject\",\"inLanguage\":\"en-US\",\"@id\":\"https:\\\/\\\/saaremaazoo.ee\\\/en\\\/toode\\\/seljakott-flamingo\\\/#primaryimage\",\"url\":\"https:\\\/\\\/saaremaazoo.ee\\\/wp-content\\\/uploads\\\/2025\\\/09\\\/sussikott-flamingo.jpg\",\"contentUrl\":\"https:\\\/\\\/saaremaazoo.ee\\\/wp-content\\\/uploads\\\/2025\\\/09\\\/sussikott-flamingo.jpg\",\"width\":591,\"height\":591},{\"@type\":\"BreadcrumbList\",\"@id\":\"https:\\\/\\\/saaremaazoo.ee\\\/en\\\/toode\\\/seljakott-flamingo\\\/#breadcrumb\",\"itemListElement\":[{\"@type\":\"ListItem\",\"position\":1,\"name\":\"Home\",\"item\":\"https:\\\/\\\/www.saaremaazoo.ee\\\/en\\\/\"},{\"@type\":\"ListItem\",\"position\":2,\"name\":\"Pood\",\"item\":\"https:\\\/\\\/saaremaazoo.ee\\\/pood\\\/\"},{\"@type\":\"ListItem\",\"position\":3,\"name\":\"Seljakott flamingo\"}]},{\"@type\":\"WebSite\",\"@id\":\"https:\\\/\\\/saaremaazoo.ee\\\/en\\\/#website\",\"url\":\"https:\\\/\\\/saaremaazoo.ee\\\/en\\\/\",\"name\":\"Saaremaa Zoo\",\"description\":\"Saaremaa esimene Loomaaed\",\"publisher\":{\"@id\":\"https:\\\/\\\/saaremaazoo.ee\\\/en\\\/#organization\"},\"potentialAction\":[{\"@type\":\"SearchAction\",\"target\":{\"@type\":\"EntryPoint\",\"urlTemplate\":\"https:\\\/\\\/saaremaazoo.ee\\\/en\\\/?s={search_term_string}\"},\"query-input\":{\"@type\":\"PropertyValueSpecification\",\"valueRequired\":true,\"valueName\":\"search_term_string\"}}],\"inLanguage\":\"en-US\"},{\"@type\":\"Organization\",\"@id\":\"https:\\\/\\\/saaremaazoo.ee\\\/en\\\/#organization\",\"name\":\"Saaremaa Loomaaed\",\"alternateName\":\"Saaremaa Zoo\",\"url\":\"https:\\\/\\\/saaremaazoo.ee\\\/en\\\/\",\"logo\":{\"@type\":\"ImageObject\",\"inLanguage\":\"en-US\",\"@id\":\"https:\\\/\\\/saaremaazoo.ee\\\/en\\\/#\\\/schema\\\/logo\\\/image\\\/\",\"url\":\"https:\\\/\\\/saaremaazoo.ee\\\/wp-content\\\/uploads\\\/2024\\\/12\\\/cropped-cropped-saaremaazoo_magnet_leemur__1__page-0001-removebg-preview.png\",\"contentUrl\":\"https:\\\/\\\/saaremaazoo.ee\\\/wp-content\\\/uploads\\\/2024\\\/12\\\/cropped-cropped-saaremaazoo_magnet_leemur__1__page-0001-removebg-preview.png\",\"width\":467,\"height\":325,\"caption\":\"Saaremaa Loomaaed\"},\"image\":{\"@id\":\"https:\\\/\\\/saaremaazoo.ee\\\/en\\\/#\\\/schema\\\/logo\\\/image\\\/\"},\"sameAs\":[\"https:\\\/\\\/www.facebook.com\\\/saaremaazoo\",\"https:\\\/\\\/www.instagram.com\\\/saaremaazoo\\\/\"]}]}<\/script>\n<!-- \/ Yoast SEO plugin. -->","yoast_head_json":{"title":"Seljakott flamingo - Saaremaa Zoo","description":"Flamingo motiiviga kott orgaanilisest puuvillast. Stiilne, keskkonnas\u00f5bralik ja praktiline kaaslane spordiks v\u00f5i igap\u00e4evuseks.","robots":{"index":"index","follow":"follow","max-snippet":"max-snippet:-1","max-image-preview":"max-image-preview:large","max-video-preview":"max-video-preview:-1"},"canonical":"https:\/\/saaremaazoo.ee\/en\/toode\/seljakott-flamingo\/","og_locale":"en_US","og_type":"article","og_title":"Seljakott flamingo - Saaremaa Zoo","og_description":"Flamingo motiiviga kott orgaanilisest puuvillast. Stiilne, keskkonnas\u00f5bralik ja praktiline kaaslane spordiks v\u00f5i igap\u00e4evuseks.","og_url":"https:\/\/saaremaazoo.ee\/en\/toode\/seljakott-flamingo\/","og_site_name":"Saaremaa Zoo","article_publisher":"https:\/\/www.facebook.com\/saaremaazoo","article_modified_time":"2025-12-11T20:17:55+00:00","og_image":[{"width":591,"height":591,"url":"https:\/\/www.saaremaazoo.ee\/wp-content\/uploads\/2025\/09\/sussikott-flamingo.jpg","type":"image\/jpeg"}],"twitter_card":"summary_large_image","twitter_misc":{"Est. reading time":"1 minute"},"schema":{"@context":"https:\/\/schema.org","@graph":[{"@type":"WebPage","@id":"https:\/\/saaremaazoo.ee\/en\/toode\/seljakott-flamingo\/","url":"https:\/\/saaremaazoo.ee\/en\/toode\/seljakott-flamingo\/","name":"Seljakott flamingo - Saaremaa Zoo","isPartOf":{"@id":"https:\/\/saaremaazoo.ee\/en\/#website"},"primaryImageOfPage":{"@id":"https:\/\/saaremaazoo.ee\/en\/toode\/seljakott-flamingo\/#primaryimage"},"image":{"@id":"https:\/\/saaremaazoo.ee\/en\/toode\/seljakott-flamingo\/#primaryimage"},"thumbnailUrl":"https:\/\/saaremaazoo.ee\/wp-content\/uploads\/2025\/09\/sussikott-flamingo.jpg","datePublished":"2025-09-18T10:15:30+00:00","dateModified":"2025-12-11T20:17:55+00:00","description":"Flamingo motiiviga kott orgaanilisest puuvillast. Stiilne, keskkonnas\u00f5bralik ja praktiline kaaslane spordiks v\u00f5i igap\u00e4evuseks.","breadcrumb":{"@id":"https:\/\/saaremaazoo.ee\/en\/toode\/seljakott-flamingo\/#breadcrumb"},"inLanguage":"en-US","potentialAction":[{"@type":"ReadAction","target":["https:\/\/saaremaazoo.ee\/en\/toode\/seljakott-flamingo\/"]}]},{"@type":"ImageObject","inLanguage":"en-US","@id":"https:\/\/saaremaazoo.ee\/en\/toode\/seljakott-flamingo\/#primaryimage","url":"https:\/\/saaremaazoo.ee\/wp-content\/uploads\/2025\/09\/sussikott-flamingo.jpg","contentUrl":"https:\/\/saaremaazoo.ee\/wp-content\/uploads\/2025\/09\/sussikott-flamingo.jpg","width":591,"height":591},{"@type":"BreadcrumbList","@id":"https:\/\/saaremaazoo.ee\/en\/toode\/seljakott-flamingo\/#breadcrumb","itemListElement":[{"@type":"ListItem","position":1,"name":"Home","item":"https:\/\/www.saaremaazoo.ee\/en\/"},{"@type":"ListItem","position":2,"name":"Pood","item":"https:\/\/saaremaazoo.ee\/pood\/"},{"@type":"ListItem","position":3,"name":"Seljakott flamingo"}]},{"@type":"WebSite","@id":"https:\/\/saaremaazoo.ee\/en\/#website","url":"https:\/\/saaremaazoo.ee\/en\/","name":"Saaremaa Zoo","description":"Saaremaa esimene Loomaaed","publisher":{"@id":"https:\/\/saaremaazoo.ee\/en\/#organization"},"potentialAction":[{"@type":"SearchAction","target":{"@type":"EntryPoint","urlTemplate":"https:\/\/saaremaazoo.ee\/en\/?s={search_term_string}"},"query-input":{"@type":"PropertyValueSpecification","valueRequired":true,"valueName":"search_term_string"}}],"inLanguage":"en-US"},{"@type":"Organization","@id":"https:\/\/saaremaazoo.ee\/en\/#organization","name":"Saaremaa Loomaaed","alternateName":"Saaremaa Zoo","url":"https:\/\/saaremaazoo.ee\/en\/","logo":{"@type":"ImageObject","inLanguage":"en-US","@id":"https:\/\/saaremaazoo.ee\/en\/#\/schema\/logo\/image\/","url":"https:\/\/saaremaazoo.ee\/wp-content\/uploads\/2024\/12\/cropped-cropped-saaremaazoo_magnet_leemur__1__page-0001-removebg-preview.png","contentUrl":"https:\/\/saaremaazoo.ee\/wp-content\/uploads\/2024\/12\/cropped-cropped-saaremaazoo_magnet_leemur__1__page-0001-removebg-preview.png","width":467,"height":325,"caption":"Saaremaa Loomaaed"},"image":{"@id":"https:\/\/saaremaazoo.ee\/en\/#\/schema\/logo\/image\/"},"sameAs":["https:\/\/www.facebook.com\/saaremaazoo","https:\/\/www.instagram.com\/saaremaazoo\/"]}]}},"jetpack_sharing_enabled":true,"_links":{"self":[{"href":"https:\/\/saaremaazoo.ee\/en\/wp-json\/wp\/v2\/product\/58574","targetHints":{"allow":["GET"]}}],"collection":[{"href":"https:\/\/saaremaazoo.ee\/en\/wp-json\/wp\/v2\/product"}],"about":[{"href":"https:\/\/saaremaazoo.ee\/en\/wp-json\/wp\/v2\/types\/product"}],"replies":[{"embeddable":true,"href":"https:\/\/saaremaazoo.ee\/en\/wp-json\/wp\/v2\/comments?post=58574"}],"wp:featuredmedia":[{"embeddable":true,"href":"https:\/\/saaremaazoo.ee\/en\/wp-json\/wp\/v2\/media\/58575"}],"wp:attachment":[{"href":"https:\/\/saaremaazoo.ee\/en\/wp-json\/wp\/v2\/media?parent=58574"}],"wp:term":[{"taxonomy":"product_brand","embeddable":true,"href":"https:\/\/saaremaazoo.ee\/en\/wp-json\/wp\/v2\/product_brand?post=58574"},{"taxonomy":"product_cat","embeddable":true,"href":"https:\/\/saaremaazoo.ee\/en\/wp-json\/wp\/v2\/product_cat?post=58574"},{"taxonomy":"product_tag","embeddable":true,"href":"https:\/\/saaremaazoo.ee\/en\/wp-json\/wp\/v2\/product_tag?post=58574"}],"curies":[{"name":"wp","href":"https:\/\/api.w.org\/{rel}","templated":true}]}}