{"id":58571,"date":"2025-09-18T10:08:57","date_gmt":"2025-09-18T10:08:57","guid":{"rendered":"https:\/\/www.saaremaazoo.ee\/?post_type=product&#038;p=58571"},"modified":"2025-12-15T08:34:15","modified_gmt":"2025-12-15T08:34:15","slug":"olakott-pingviin","status":"publish","type":"product","link":"https:\/\/saaremaazoo.ee\/en\/toode\/olakott-pingviin\/","title":{"rendered":"\u00d5lakott pingviin"},"content":{"rendered":"<p data-start=\"141\" data-end=\"392\"><strong data-start=\"141\" data-end=\"169\">\u00d5lakott pingviin<\/strong>\u00a0on praktiline ja armas loodusteemaline \u00f5lakott, mille disainis on kasutatud pingviini motiivi. See kott kuulub <em data-start=\"281\" data-end=\"306\">Red Panda Network (RPN)<\/em> kollektsiooni, mis seob tooted keskkonnas\u00e4\u00e4stlikkuse ja loomade heaolu v\u00e4\u00e4rtustega.<\/p>\n<ul data-start=\"408\" data-end=\"1078\">\n<li data-start=\"408\" data-end=\"581\">\n<p data-start=\"410\" data-end=\"581\"><strong data-start=\"410\" data-end=\"420\">Disain<\/strong>: pingviinide maailmast inspireeritud muster ja kuju, mis teeb koti sobivaks nii lastele kui ka t\u00e4iskasvanutele, kes armastavad loomi ja loodusl\u00e4hedast stiili.<\/p>\n<\/li>\n<li data-start=\"582\" data-end=\"758\">\n<p data-start=\"584\" data-end=\"758\"><strong data-start=\"584\" data-end=\"595\">Kasutus<\/strong>: sobib igap\u00e4evaseks kaaslaseks kooli, matkale, reisile v\u00f5i vaba aja veetmiseks. Kerge ja mugav kanda \u00f5lal, pakkudes samas piisavalt ruumi v\u00e4iksematele asjadele.<\/p>\n<\/li>\n<li data-start=\"759\" data-end=\"927\">\n<p data-start=\"761\" data-end=\"927\"><strong data-start=\"761\" data-end=\"773\">Materjal<\/strong>: RPN sarja toodete puhul kasutatakse keskkonnas\u00f5bralikke ja vastupidavaid materjale (sh taaskasutatud komponente), mis aitavad v\u00e4hendada keskkonnam\u00f5ju.<\/p>\n<\/li>\n<li data-start=\"928\" data-end=\"1078\">\n<p data-start=\"930\" data-end=\"1078\"><strong data-start=\"930\" data-end=\"955\">Emotsionaalne v\u00e4\u00e4rtus<\/strong>: lisaks praktilisusele tuletab see \u00f5lakott meelde vajadust kaitsta elusloodust ja toetada keskkonnas\u00f5bralikku tarbimist.<\/p>\n<\/li>\n<\/ul>\n","protected":false},"excerpt":{"rendered":"<p>\u00d5lakott pingviin\u00a0on praktiline ja armas loodusteemaline \u00f5lakott, mille disainis on kasutatud pingviini motiivi. See kott kuulub Red Panda Network (RPN) kollektsiooni, mis seob tooted keskkonnas\u00e4\u00e4stlikkuse ja loomade heaolu v\u00e4\u00e4rtustega. Disain:&hellip;<\/p>\n","protected":false},"featured_media":58572,"comment_status":"open","ping_status":"closed","template":"","meta":{"_acf_changed":false},"product_brand":[],"product_cat":[282],"product_tag":[],"class_list":{"0":"post-58571","1":"product","2":"type-product","3":"status-publish","4":"has-post-thumbnail","6":"product_cat-loomaaia-tsargid-pusad","8":"first","9":"instock","10":"shipping-taxable","11":"purchasable","12":"product-type-simple"},"acf":[],"yoast_head":"<!-- This site is optimized with the Yoast SEO plugin v27.3 - https:\/\/yoast.com\/product\/yoast-seo-wordpress\/ -->\n<title>\u00d5lakott pingviin - Saaremaa Zoo<\/title>\n<meta name=\"description\" content=\"\u00d5lakott on praktiline ja armasa pingviini disainiga. Keskkonnas\u00f5bralik, kerge ja sobib igap\u00e4evaseks kasutuseks.\" \/>\n<meta name=\"robots\" content=\"index, follow, max-snippet:-1, max-image-preview:large, max-video-preview:-1\" \/>\n<link rel=\"canonical\" href=\"https:\/\/saaremaazoo.ee\/en\/toode\/olakott-pingviin\/\" \/>\n<meta property=\"og:locale\" content=\"en_US\" \/>\n<meta property=\"og:type\" content=\"article\" \/>\n<meta property=\"og:title\" content=\"\u00d5lakott pingviin - Saaremaa Zoo\" \/>\n<meta property=\"og:description\" content=\"\u00d5lakott on praktiline ja armasa pingviini disainiga. Keskkonnas\u00f5bralik, kerge ja sobib igap\u00e4evaseks kasutuseks.\" \/>\n<meta property=\"og:url\" content=\"https:\/\/saaremaazoo.ee\/en\/toode\/olakott-pingviin\/\" \/>\n<meta property=\"og:site_name\" content=\"Saaremaa Zoo\" \/>\n<meta property=\"article:publisher\" content=\"https:\/\/www.facebook.com\/saaremaazoo\" \/>\n<meta property=\"article:modified_time\" content=\"2025-12-15T08:34:15+00:00\" \/>\n<meta property=\"og:image\" content=\"https:\/\/saaremaazoo.ee\/wp-content\/uploads\/2025\/09\/pingviini-kott.jpg\" \/>\n\t<meta property=\"og:image:width\" content=\"591\" \/>\n\t<meta property=\"og:image:height\" content=\"591\" \/>\n\t<meta property=\"og:image:type\" content=\"image\/jpeg\" \/>\n<meta name=\"twitter:card\" content=\"summary_large_image\" \/>\n<meta name=\"twitter:label1\" content=\"Est. reading time\" \/>\n\t<meta name=\"twitter:data1\" content=\"1 minute\" \/>\n<script type=\"application\/ld+json\" class=\"yoast-schema-graph\">{\"@context\":\"https:\\\/\\\/schema.org\",\"@graph\":[{\"@type\":\"WebPage\",\"@id\":\"https:\\\/\\\/saaremaazoo.ee\\\/en\\\/toode\\\/olakott-pingviin\\\/\",\"url\":\"https:\\\/\\\/saaremaazoo.ee\\\/en\\\/toode\\\/olakott-pingviin\\\/\",\"name\":\"\u00d5lakott pingviin - Saaremaa Zoo\",\"isPartOf\":{\"@id\":\"https:\\\/\\\/saaremaazoo.ee\\\/en\\\/#website\"},\"primaryImageOfPage\":{\"@id\":\"https:\\\/\\\/saaremaazoo.ee\\\/en\\\/toode\\\/olakott-pingviin\\\/#primaryimage\"},\"image\":{\"@id\":\"https:\\\/\\\/saaremaazoo.ee\\\/en\\\/toode\\\/olakott-pingviin\\\/#primaryimage\"},\"thumbnailUrl\":\"https:\\\/\\\/www.saaremaazoo.ee\\\/wp-content\\\/uploads\\\/2025\\\/09\\\/pingviini-kott.jpg\",\"datePublished\":\"2025-09-18T10:08:57+00:00\",\"dateModified\":\"2025-12-15T08:34:15+00:00\",\"description\":\"\u00d5lakott on praktiline ja armasa pingviini disainiga. Keskkonnas\u00f5bralik, kerge ja sobib igap\u00e4evaseks kasutuseks.\",\"breadcrumb\":{\"@id\":\"https:\\\/\\\/saaremaazoo.ee\\\/en\\\/toode\\\/olakott-pingviin\\\/#breadcrumb\"},\"inLanguage\":\"en-US\",\"potentialAction\":[{\"@type\":\"ReadAction\",\"target\":[\"https:\\\/\\\/saaremaazoo.ee\\\/en\\\/toode\\\/olakott-pingviin\\\/\"]}]},{\"@type\":\"ImageObject\",\"inLanguage\":\"en-US\",\"@id\":\"https:\\\/\\\/saaremaazoo.ee\\\/en\\\/toode\\\/olakott-pingviin\\\/#primaryimage\",\"url\":\"https:\\\/\\\/www.saaremaazoo.ee\\\/wp-content\\\/uploads\\\/2025\\\/09\\\/pingviini-kott.jpg\",\"contentUrl\":\"https:\\\/\\\/www.saaremaazoo.ee\\\/wp-content\\\/uploads\\\/2025\\\/09\\\/pingviini-kott.jpg\",\"width\":591,\"height\":591},{\"@type\":\"BreadcrumbList\",\"@id\":\"https:\\\/\\\/saaremaazoo.ee\\\/en\\\/toode\\\/olakott-pingviin\\\/#breadcrumb\",\"itemListElement\":[{\"@type\":\"ListItem\",\"position\":1,\"name\":\"Home\",\"item\":\"https:\\\/\\\/www.saaremaazoo.ee\\\/en\\\/\"},{\"@type\":\"ListItem\",\"position\":2,\"name\":\"Pood\",\"item\":\"https:\\\/\\\/saaremaazoo.ee\\\/pood\\\/\"},{\"@type\":\"ListItem\",\"position\":3,\"name\":\"\u00d5lakott pingviin\"}]},{\"@type\":\"WebSite\",\"@id\":\"https:\\\/\\\/saaremaazoo.ee\\\/en\\\/#website\",\"url\":\"https:\\\/\\\/saaremaazoo.ee\\\/en\\\/\",\"name\":\"Saaremaa Zoo\",\"description\":\"Saaremaa esimene Loomaaed\",\"publisher\":{\"@id\":\"https:\\\/\\\/saaremaazoo.ee\\\/en\\\/#organization\"},\"potentialAction\":[{\"@type\":\"SearchAction\",\"target\":{\"@type\":\"EntryPoint\",\"urlTemplate\":\"https:\\\/\\\/saaremaazoo.ee\\\/en\\\/?s={search_term_string}\"},\"query-input\":{\"@type\":\"PropertyValueSpecification\",\"valueRequired\":true,\"valueName\":\"search_term_string\"}}],\"inLanguage\":\"en-US\"},{\"@type\":\"Organization\",\"@id\":\"https:\\\/\\\/saaremaazoo.ee\\\/en\\\/#organization\",\"name\":\"Saaremaa Loomaaed\",\"alternateName\":\"Saaremaa Zoo\",\"url\":\"https:\\\/\\\/saaremaazoo.ee\\\/en\\\/\",\"logo\":{\"@type\":\"ImageObject\",\"inLanguage\":\"en-US\",\"@id\":\"https:\\\/\\\/saaremaazoo.ee\\\/en\\\/#\\\/schema\\\/logo\\\/image\\\/\",\"url\":\"https:\\\/\\\/www.saaremaazoo.ee\\\/wp-content\\\/uploads\\\/2024\\\/12\\\/cropped-cropped-saaremaazoo_magnet_leemur__1__page-0001-removebg-preview.png\",\"contentUrl\":\"https:\\\/\\\/www.saaremaazoo.ee\\\/wp-content\\\/uploads\\\/2024\\\/12\\\/cropped-cropped-saaremaazoo_magnet_leemur__1__page-0001-removebg-preview.png\",\"width\":467,\"height\":325,\"caption\":\"Saaremaa Loomaaed\"},\"image\":{\"@id\":\"https:\\\/\\\/saaremaazoo.ee\\\/en\\\/#\\\/schema\\\/logo\\\/image\\\/\"},\"sameAs\":[\"https:\\\/\\\/www.facebook.com\\\/saaremaazoo\",\"https:\\\/\\\/www.instagram.com\\\/saaremaazoo\\\/\"]}]}<\/script>\n<!-- \/ Yoast SEO plugin. -->","yoast_head_json":{"title":"\u00d5lakott pingviin - Saaremaa Zoo","description":"\u00d5lakott on praktiline ja armasa pingviini disainiga. Keskkonnas\u00f5bralik, kerge ja sobib igap\u00e4evaseks kasutuseks.","robots":{"index":"index","follow":"follow","max-snippet":"max-snippet:-1","max-image-preview":"max-image-preview:large","max-video-preview":"max-video-preview:-1"},"canonical":"https:\/\/saaremaazoo.ee\/en\/toode\/olakott-pingviin\/","og_locale":"en_US","og_type":"article","og_title":"\u00d5lakott pingviin - Saaremaa Zoo","og_description":"\u00d5lakott on praktiline ja armasa pingviini disainiga. Keskkonnas\u00f5bralik, kerge ja sobib igap\u00e4evaseks kasutuseks.","og_url":"https:\/\/saaremaazoo.ee\/en\/toode\/olakott-pingviin\/","og_site_name":"Saaremaa Zoo","article_publisher":"https:\/\/www.facebook.com\/saaremaazoo","article_modified_time":"2025-12-15T08:34:15+00:00","og_image":[{"width":591,"height":591,"url":"https:\/\/saaremaazoo.ee\/wp-content\/uploads\/2025\/09\/pingviini-kott.jpg","type":"image\/jpeg"}],"twitter_card":"summary_large_image","twitter_misc":{"Est. reading time":"1 minute"},"schema":{"@context":"https:\/\/schema.org","@graph":[{"@type":"WebPage","@id":"https:\/\/saaremaazoo.ee\/en\/toode\/olakott-pingviin\/","url":"https:\/\/saaremaazoo.ee\/en\/toode\/olakott-pingviin\/","name":"\u00d5lakott pingviin - Saaremaa Zoo","isPartOf":{"@id":"https:\/\/saaremaazoo.ee\/en\/#website"},"primaryImageOfPage":{"@id":"https:\/\/saaremaazoo.ee\/en\/toode\/olakott-pingviin\/#primaryimage"},"image":{"@id":"https:\/\/saaremaazoo.ee\/en\/toode\/olakott-pingviin\/#primaryimage"},"thumbnailUrl":"https:\/\/www.saaremaazoo.ee\/wp-content\/uploads\/2025\/09\/pingviini-kott.jpg","datePublished":"2025-09-18T10:08:57+00:00","dateModified":"2025-12-15T08:34:15+00:00","description":"\u00d5lakott on praktiline ja armasa pingviini disainiga. Keskkonnas\u00f5bralik, kerge ja sobib igap\u00e4evaseks kasutuseks.","breadcrumb":{"@id":"https:\/\/saaremaazoo.ee\/en\/toode\/olakott-pingviin\/#breadcrumb"},"inLanguage":"en-US","potentialAction":[{"@type":"ReadAction","target":["https:\/\/saaremaazoo.ee\/en\/toode\/olakott-pingviin\/"]}]},{"@type":"ImageObject","inLanguage":"en-US","@id":"https:\/\/saaremaazoo.ee\/en\/toode\/olakott-pingviin\/#primaryimage","url":"https:\/\/www.saaremaazoo.ee\/wp-content\/uploads\/2025\/09\/pingviini-kott.jpg","contentUrl":"https:\/\/www.saaremaazoo.ee\/wp-content\/uploads\/2025\/09\/pingviini-kott.jpg","width":591,"height":591},{"@type":"BreadcrumbList","@id":"https:\/\/saaremaazoo.ee\/en\/toode\/olakott-pingviin\/#breadcrumb","itemListElement":[{"@type":"ListItem","position":1,"name":"Home","item":"https:\/\/www.saaremaazoo.ee\/en\/"},{"@type":"ListItem","position":2,"name":"Pood","item":"https:\/\/saaremaazoo.ee\/pood\/"},{"@type":"ListItem","position":3,"name":"\u00d5lakott pingviin"}]},{"@type":"WebSite","@id":"https:\/\/saaremaazoo.ee\/en\/#website","url":"https:\/\/saaremaazoo.ee\/en\/","name":"Saaremaa Zoo","description":"Saaremaa esimene Loomaaed","publisher":{"@id":"https:\/\/saaremaazoo.ee\/en\/#organization"},"potentialAction":[{"@type":"SearchAction","target":{"@type":"EntryPoint","urlTemplate":"https:\/\/saaremaazoo.ee\/en\/?s={search_term_string}"},"query-input":{"@type":"PropertyValueSpecification","valueRequired":true,"valueName":"search_term_string"}}],"inLanguage":"en-US"},{"@type":"Organization","@id":"https:\/\/saaremaazoo.ee\/en\/#organization","name":"Saaremaa Loomaaed","alternateName":"Saaremaa Zoo","url":"https:\/\/saaremaazoo.ee\/en\/","logo":{"@type":"ImageObject","inLanguage":"en-US","@id":"https:\/\/saaremaazoo.ee\/en\/#\/schema\/logo\/image\/","url":"https:\/\/www.saaremaazoo.ee\/wp-content\/uploads\/2024\/12\/cropped-cropped-saaremaazoo_magnet_leemur__1__page-0001-removebg-preview.png","contentUrl":"https:\/\/www.saaremaazoo.ee\/wp-content\/uploads\/2024\/12\/cropped-cropped-saaremaazoo_magnet_leemur__1__page-0001-removebg-preview.png","width":467,"height":325,"caption":"Saaremaa Loomaaed"},"image":{"@id":"https:\/\/saaremaazoo.ee\/en\/#\/schema\/logo\/image\/"},"sameAs":["https:\/\/www.facebook.com\/saaremaazoo","https:\/\/www.instagram.com\/saaremaazoo\/"]}]}},"jetpack_sharing_enabled":true,"_links":{"self":[{"href":"https:\/\/saaremaazoo.ee\/en\/wp-json\/wp\/v2\/product\/58571","targetHints":{"allow":["GET"]}}],"collection":[{"href":"https:\/\/saaremaazoo.ee\/en\/wp-json\/wp\/v2\/product"}],"about":[{"href":"https:\/\/saaremaazoo.ee\/en\/wp-json\/wp\/v2\/types\/product"}],"replies":[{"embeddable":true,"href":"https:\/\/saaremaazoo.ee\/en\/wp-json\/wp\/v2\/comments?post=58571"}],"wp:featuredmedia":[{"embeddable":true,"href":"https:\/\/saaremaazoo.ee\/en\/wp-json\/wp\/v2\/media\/58572"}],"wp:attachment":[{"href":"https:\/\/saaremaazoo.ee\/en\/wp-json\/wp\/v2\/media?parent=58571"}],"wp:term":[{"taxonomy":"product_brand","embeddable":true,"href":"https:\/\/saaremaazoo.ee\/en\/wp-json\/wp\/v2\/product_brand?post=58571"},{"taxonomy":"product_cat","embeddable":true,"href":"https:\/\/saaremaazoo.ee\/en\/wp-json\/wp\/v2\/product_cat?post=58571"},{"taxonomy":"product_tag","embeddable":true,"href":"https:\/\/saaremaazoo.ee\/en\/wp-json\/wp\/v2\/product_tag?post=58571"}],"curies":[{"name":"wp","href":"https:\/\/api.w.org\/{rel}","templated":true}]}}