{"id":58538,"date":"2025-09-18T08:09:02","date_gmt":"2025-09-18T08:09:02","guid":{"rendered":"https:\/\/www.saaremaazoo.ee\/?post_type=product&#038;p=58538"},"modified":"2025-09-18T08:09:02","modified_gmt":"2025-09-18T08:09:02","slug":"pehme-kaisukas-kameeleon","status":"publish","type":"product","link":"https:\/\/saaremaazoo.ee\/en\/toode\/pehme-kaisukas-kameeleon\/","title":{"rendered":"Pehme kaisukas kameeleon"},"content":{"rendered":"<p data-start=\"217\" data-end=\"564\"><strong data-start=\"217\" data-end=\"242\">Funkyland S Chameleon<\/strong> on eksootiline pehme m\u00e4nguloom, mis paistab silma oma muutuvate v\u00e4rvide ja iseloomuliku chameleon-disainiga. See m\u00e4nguasi \u00fchendab looma fantaasiad ning silmapaistvad detailid, ideaalne valik lapsele, kes armastab loodust ja roomajaid.<\/p>\n<ul data-start=\"566\" data-end=\"1215\">\n<li data-start=\"566\" data-end=\"763\">\n<p data-start=\"568\" data-end=\"763\">M\u00e4ngasja keha on pehme ja katsudes kutsuv, kael, saba ja jalad on kujundatud selliselt, et kutsuda m\u00e4ngima &#8211; kujutlusm\u00e4nge nagu ronimine, varjumine v\u00f5i v\u00e4rvim\u00e4ngud.<\/p>\n<\/li>\n<li data-start=\"764\" data-end=\"1012\">\n<p data-start=\"766\" data-end=\"1012\">Funkyland-stiil: pikk karv, suured silmad ja Velcro-detailid k\u00e4tes, mis v\u00f5imaldavad m\u00e4ngijal n\u00e4iteks objekti haarata v\u00f5i \u201ckinni hoida\u201d. See annab ekstra m\u00e4ngulise ja interaktiivse m\u00f5\u00f5tme.<\/p>\n<\/li>\n<li data-start=\"1013\" data-end=\"1215\">\n<p data-start=\"1015\" data-end=\"1215\">V\u00e4limus on eksootiline, v\u00e4rviline v\u00f5i v\u00e4hemalt detailne \u2013 chameleon\u2019id on tuntud nende v\u00f5ime poolest kohanduda keskkonnaga, mist\u00f5ttu kaisukas ise annab ka loodusl\u00e4hedasi ideid ja \u00f5petlikku m\u00e4ngu.<\/p>\n<\/li>\n<\/ul>\n","protected":false},"excerpt":{"rendered":"<p>Funkyland S Chameleon on eksootiline pehme m\u00e4nguloom, mis paistab silma oma muutuvate v\u00e4rvide ja iseloomuliku chameleon-disainiga. See m\u00e4nguasi \u00fchendab looma fantaasiad ning silmapaistvad detailid, ideaalne valik lapsele, kes armastab loodust&hellip;<\/p>\n","protected":false},"featured_media":58539,"comment_status":"open","ping_status":"closed","template":"","meta":{"_acf_changed":false},"product_brand":[],"product_cat":[281],"product_tag":[],"class_list":{"0":"post-58538","1":"product","2":"type-product","3":"status-publish","4":"has-post-thumbnail","6":"product_cat-saaremaa-loomaia-manguasjad","8":"first","9":"instock","10":"shipping-taxable","11":"purchasable","12":"product-type-simple"},"acf":[],"yoast_head":"<!-- This site is optimized with the Yoast SEO plugin v27.4 - https:\/\/yoast.com\/product\/yoast-seo-wordpress\/ -->\n<title>Pehme kaisukas kameeleon - Saaremaa Zoo<\/title>\n<meta name=\"description\" content=\"Funkyland S Chameleon on pehme ja v\u00e4rvikas chameleon-stiilne kaisukas. Elav, armas ja kujutlusv\u00f5imelist m\u00e4ngu inspireeriv m\u00e4nguasi.\" \/>\n<meta name=\"robots\" content=\"index, follow, max-snippet:-1, max-image-preview:large, max-video-preview:-1\" \/>\n<link rel=\"canonical\" href=\"https:\/\/saaremaazoo.ee\/en\/toode\/pehme-kaisukas-kameeleon\/\" \/>\n<meta property=\"og:locale\" content=\"en_US\" \/>\n<meta property=\"og:type\" content=\"article\" \/>\n<meta property=\"og:title\" content=\"Pehme kaisukas kameeleon - Saaremaa Zoo\" \/>\n<meta property=\"og:description\" content=\"Funkyland S Chameleon on pehme ja v\u00e4rvikas chameleon-stiilne kaisukas. Elav, armas ja kujutlusv\u00f5imelist m\u00e4ngu inspireeriv m\u00e4nguasi.\" \/>\n<meta property=\"og:url\" content=\"https:\/\/saaremaazoo.ee\/en\/toode\/pehme-kaisukas-kameeleon\/\" \/>\n<meta property=\"og:site_name\" content=\"Saaremaa Zoo\" \/>\n<meta property=\"article:publisher\" content=\"https:\/\/www.facebook.com\/saaremaazoo\" \/>\n<meta property=\"og:image\" content=\"https:\/\/www.saaremaazoo.ee\/wp-content\/uploads\/2025\/09\/suur-kameeleon.jpg\" \/>\n\t<meta property=\"og:image:width\" content=\"591\" \/>\n\t<meta property=\"og:image:height\" content=\"591\" \/>\n\t<meta property=\"og:image:type\" content=\"image\/jpeg\" \/>\n<meta name=\"twitter:card\" content=\"summary_large_image\" \/>\n<meta name=\"twitter:label1\" content=\"Est. reading time\" \/>\n\t<meta name=\"twitter:data1\" content=\"1 minute\" \/>\n<script type=\"application\/ld+json\" class=\"yoast-schema-graph\">{\"@context\":\"https:\\\/\\\/schema.org\",\"@graph\":[{\"@type\":\"WebPage\",\"@id\":\"https:\\\/\\\/saaremaazoo.ee\\\/en\\\/toode\\\/pehme-kaisukas-kameeleon\\\/\",\"url\":\"https:\\\/\\\/saaremaazoo.ee\\\/en\\\/toode\\\/pehme-kaisukas-kameeleon\\\/\",\"name\":\"Pehme kaisukas kameeleon - Saaremaa Zoo\",\"isPartOf\":{\"@id\":\"https:\\\/\\\/saaremaazoo.ee\\\/en\\\/#website\"},\"primaryImageOfPage\":{\"@id\":\"https:\\\/\\\/saaremaazoo.ee\\\/en\\\/toode\\\/pehme-kaisukas-kameeleon\\\/#primaryimage\"},\"image\":{\"@id\":\"https:\\\/\\\/saaremaazoo.ee\\\/en\\\/toode\\\/pehme-kaisukas-kameeleon\\\/#primaryimage\"},\"thumbnailUrl\":\"https:\\\/\\\/saaremaazoo.ee\\\/wp-content\\\/uploads\\\/2025\\\/09\\\/suur-kameeleon.jpg\",\"datePublished\":\"2025-09-18T08:09:02+00:00\",\"description\":\"Funkyland S Chameleon on pehme ja v\u00e4rvikas chameleon-stiilne kaisukas. Elav, armas ja kujutlusv\u00f5imelist m\u00e4ngu inspireeriv m\u00e4nguasi.\",\"breadcrumb\":{\"@id\":\"https:\\\/\\\/saaremaazoo.ee\\\/en\\\/toode\\\/pehme-kaisukas-kameeleon\\\/#breadcrumb\"},\"inLanguage\":\"en-US\",\"potentialAction\":[{\"@type\":\"ReadAction\",\"target\":[\"https:\\\/\\\/saaremaazoo.ee\\\/en\\\/toode\\\/pehme-kaisukas-kameeleon\\\/\"]}]},{\"@type\":\"ImageObject\",\"inLanguage\":\"en-US\",\"@id\":\"https:\\\/\\\/saaremaazoo.ee\\\/en\\\/toode\\\/pehme-kaisukas-kameeleon\\\/#primaryimage\",\"url\":\"https:\\\/\\\/saaremaazoo.ee\\\/wp-content\\\/uploads\\\/2025\\\/09\\\/suur-kameeleon.jpg\",\"contentUrl\":\"https:\\\/\\\/saaremaazoo.ee\\\/wp-content\\\/uploads\\\/2025\\\/09\\\/suur-kameeleon.jpg\",\"width\":591,\"height\":591},{\"@type\":\"BreadcrumbList\",\"@id\":\"https:\\\/\\\/saaremaazoo.ee\\\/en\\\/toode\\\/pehme-kaisukas-kameeleon\\\/#breadcrumb\",\"itemListElement\":[{\"@type\":\"ListItem\",\"position\":1,\"name\":\"Home\",\"item\":\"https:\\\/\\\/saaremaazoo.ee\\\/en\\\/\"},{\"@type\":\"ListItem\",\"position\":2,\"name\":\"Pood\",\"item\":\"https:\\\/\\\/saaremaazoo.ee\\\/en\\\/shop\\\/\"},{\"@type\":\"ListItem\",\"position\":3,\"name\":\"Pehme kaisukas kameeleon\"}]},{\"@type\":\"WebSite\",\"@id\":\"https:\\\/\\\/saaremaazoo.ee\\\/en\\\/#website\",\"url\":\"https:\\\/\\\/saaremaazoo.ee\\\/en\\\/\",\"name\":\"Saaremaa Zoo\",\"description\":\"Saaremaa esimene Loomaaed\",\"publisher\":{\"@id\":\"https:\\\/\\\/saaremaazoo.ee\\\/en\\\/#organization\"},\"potentialAction\":[{\"@type\":\"SearchAction\",\"target\":{\"@type\":\"EntryPoint\",\"urlTemplate\":\"https:\\\/\\\/saaremaazoo.ee\\\/en\\\/?s={search_term_string}\"},\"query-input\":{\"@type\":\"PropertyValueSpecification\",\"valueRequired\":true,\"valueName\":\"search_term_string\"}}],\"inLanguage\":\"en-US\"},{\"@type\":\"Organization\",\"@id\":\"https:\\\/\\\/saaremaazoo.ee\\\/en\\\/#organization\",\"name\":\"Saaremaa Loomaaed\",\"alternateName\":\"Saaremaa Zoo\",\"url\":\"https:\\\/\\\/saaremaazoo.ee\\\/en\\\/\",\"logo\":{\"@type\":\"ImageObject\",\"inLanguage\":\"en-US\",\"@id\":\"https:\\\/\\\/saaremaazoo.ee\\\/en\\\/#\\\/schema\\\/logo\\\/image\\\/\",\"url\":\"https:\\\/\\\/saaremaazoo.ee\\\/wp-content\\\/uploads\\\/2024\\\/12\\\/cropped-cropped-saaremaazoo_magnet_leemur__1__page-0001-removebg-preview.png\",\"contentUrl\":\"https:\\\/\\\/saaremaazoo.ee\\\/wp-content\\\/uploads\\\/2024\\\/12\\\/cropped-cropped-saaremaazoo_magnet_leemur__1__page-0001-removebg-preview.png\",\"width\":467,\"height\":325,\"caption\":\"Saaremaa Loomaaed\"},\"image\":{\"@id\":\"https:\\\/\\\/saaremaazoo.ee\\\/en\\\/#\\\/schema\\\/logo\\\/image\\\/\"},\"sameAs\":[\"https:\\\/\\\/www.facebook.com\\\/saaremaazoo\",\"https:\\\/\\\/www.instagram.com\\\/saaremaazoo\\\/\"]}]}<\/script>\n<!-- \/ Yoast SEO plugin. -->","yoast_head_json":{"title":"Pehme kaisukas kameeleon - Saaremaa Zoo","description":"Funkyland S Chameleon on pehme ja v\u00e4rvikas chameleon-stiilne kaisukas. Elav, armas ja kujutlusv\u00f5imelist m\u00e4ngu inspireeriv m\u00e4nguasi.","robots":{"index":"index","follow":"follow","max-snippet":"max-snippet:-1","max-image-preview":"max-image-preview:large","max-video-preview":"max-video-preview:-1"},"canonical":"https:\/\/saaremaazoo.ee\/en\/toode\/pehme-kaisukas-kameeleon\/","og_locale":"en_US","og_type":"article","og_title":"Pehme kaisukas kameeleon - Saaremaa Zoo","og_description":"Funkyland S Chameleon on pehme ja v\u00e4rvikas chameleon-stiilne kaisukas. Elav, armas ja kujutlusv\u00f5imelist m\u00e4ngu inspireeriv m\u00e4nguasi.","og_url":"https:\/\/saaremaazoo.ee\/en\/toode\/pehme-kaisukas-kameeleon\/","og_site_name":"Saaremaa Zoo","article_publisher":"https:\/\/www.facebook.com\/saaremaazoo","og_image":[{"width":591,"height":591,"url":"https:\/\/www.saaremaazoo.ee\/wp-content\/uploads\/2025\/09\/suur-kameeleon.jpg","type":"image\/jpeg"}],"twitter_card":"summary_large_image","twitter_misc":{"Est. reading time":"1 minute"},"schema":{"@context":"https:\/\/schema.org","@graph":[{"@type":"WebPage","@id":"https:\/\/saaremaazoo.ee\/en\/toode\/pehme-kaisukas-kameeleon\/","url":"https:\/\/saaremaazoo.ee\/en\/toode\/pehme-kaisukas-kameeleon\/","name":"Pehme kaisukas kameeleon - Saaremaa Zoo","isPartOf":{"@id":"https:\/\/saaremaazoo.ee\/en\/#website"},"primaryImageOfPage":{"@id":"https:\/\/saaremaazoo.ee\/en\/toode\/pehme-kaisukas-kameeleon\/#primaryimage"},"image":{"@id":"https:\/\/saaremaazoo.ee\/en\/toode\/pehme-kaisukas-kameeleon\/#primaryimage"},"thumbnailUrl":"https:\/\/saaremaazoo.ee\/wp-content\/uploads\/2025\/09\/suur-kameeleon.jpg","datePublished":"2025-09-18T08:09:02+00:00","description":"Funkyland S Chameleon on pehme ja v\u00e4rvikas chameleon-stiilne kaisukas. Elav, armas ja kujutlusv\u00f5imelist m\u00e4ngu inspireeriv m\u00e4nguasi.","breadcrumb":{"@id":"https:\/\/saaremaazoo.ee\/en\/toode\/pehme-kaisukas-kameeleon\/#breadcrumb"},"inLanguage":"en-US","potentialAction":[{"@type":"ReadAction","target":["https:\/\/saaremaazoo.ee\/en\/toode\/pehme-kaisukas-kameeleon\/"]}]},{"@type":"ImageObject","inLanguage":"en-US","@id":"https:\/\/saaremaazoo.ee\/en\/toode\/pehme-kaisukas-kameeleon\/#primaryimage","url":"https:\/\/saaremaazoo.ee\/wp-content\/uploads\/2025\/09\/suur-kameeleon.jpg","contentUrl":"https:\/\/saaremaazoo.ee\/wp-content\/uploads\/2025\/09\/suur-kameeleon.jpg","width":591,"height":591},{"@type":"BreadcrumbList","@id":"https:\/\/saaremaazoo.ee\/en\/toode\/pehme-kaisukas-kameeleon\/#breadcrumb","itemListElement":[{"@type":"ListItem","position":1,"name":"Home","item":"https:\/\/saaremaazoo.ee\/en\/"},{"@type":"ListItem","position":2,"name":"Pood","item":"https:\/\/saaremaazoo.ee\/en\/shop\/"},{"@type":"ListItem","position":3,"name":"Pehme kaisukas kameeleon"}]},{"@type":"WebSite","@id":"https:\/\/saaremaazoo.ee\/en\/#website","url":"https:\/\/saaremaazoo.ee\/en\/","name":"Saaremaa Zoo","description":"Saaremaa esimene Loomaaed","publisher":{"@id":"https:\/\/saaremaazoo.ee\/en\/#organization"},"potentialAction":[{"@type":"SearchAction","target":{"@type":"EntryPoint","urlTemplate":"https:\/\/saaremaazoo.ee\/en\/?s={search_term_string}"},"query-input":{"@type":"PropertyValueSpecification","valueRequired":true,"valueName":"search_term_string"}}],"inLanguage":"en-US"},{"@type":"Organization","@id":"https:\/\/saaremaazoo.ee\/en\/#organization","name":"Saaremaa Loomaaed","alternateName":"Saaremaa Zoo","url":"https:\/\/saaremaazoo.ee\/en\/","logo":{"@type":"ImageObject","inLanguage":"en-US","@id":"https:\/\/saaremaazoo.ee\/en\/#\/schema\/logo\/image\/","url":"https:\/\/saaremaazoo.ee\/wp-content\/uploads\/2024\/12\/cropped-cropped-saaremaazoo_magnet_leemur__1__page-0001-removebg-preview.png","contentUrl":"https:\/\/saaremaazoo.ee\/wp-content\/uploads\/2024\/12\/cropped-cropped-saaremaazoo_magnet_leemur__1__page-0001-removebg-preview.png","width":467,"height":325,"caption":"Saaremaa Loomaaed"},"image":{"@id":"https:\/\/saaremaazoo.ee\/en\/#\/schema\/logo\/image\/"},"sameAs":["https:\/\/www.facebook.com\/saaremaazoo","https:\/\/www.instagram.com\/saaremaazoo\/"]}]}},"jetpack_sharing_enabled":true,"_links":{"self":[{"href":"https:\/\/saaremaazoo.ee\/en\/wp-json\/wp\/v2\/product\/58538","targetHints":{"allow":["GET"]}}],"collection":[{"href":"https:\/\/saaremaazoo.ee\/en\/wp-json\/wp\/v2\/product"}],"about":[{"href":"https:\/\/saaremaazoo.ee\/en\/wp-json\/wp\/v2\/types\/product"}],"replies":[{"embeddable":true,"href":"https:\/\/saaremaazoo.ee\/en\/wp-json\/wp\/v2\/comments?post=58538"}],"wp:featuredmedia":[{"embeddable":true,"href":"https:\/\/saaremaazoo.ee\/en\/wp-json\/wp\/v2\/media\/58539"}],"wp:attachment":[{"href":"https:\/\/saaremaazoo.ee\/en\/wp-json\/wp\/v2\/media?parent=58538"}],"wp:term":[{"taxonomy":"product_brand","embeddable":true,"href":"https:\/\/saaremaazoo.ee\/en\/wp-json\/wp\/v2\/product_brand?post=58538"},{"taxonomy":"product_cat","embeddable":true,"href":"https:\/\/saaremaazoo.ee\/en\/wp-json\/wp\/v2\/product_cat?post=58538"},{"taxonomy":"product_tag","embeddable":true,"href":"https:\/\/saaremaazoo.ee\/en\/wp-json\/wp\/v2\/product_tag?post=58538"}],"curies":[{"name":"wp","href":"https:\/\/api.w.org\/{rel}","templated":true}]}}