{"id":58535,"date":"2025-09-18T07:59:48","date_gmt":"2025-09-18T07:59:48","guid":{"rendered":"https:\/\/www.saaremaazoo.ee\/?post_type=product&#038;p=58535"},"modified":"2025-09-18T07:59:48","modified_gmt":"2025-09-18T07:59:48","slug":"iguaani-kaisukas","status":"publish","type":"product","link":"https:\/\/saaremaazoo.ee\/en\/toode\/iguaani-kaisukas\/","title":{"rendered":"Iguaani kaisukas"},"content":{"rendered":"<p data-start=\"166\" data-end=\"450\"><strong data-start=\"166\" data-end=\"194\">Funkyland S Iguana Green<\/strong> on Nature Planet\u2019i <em data-start=\"214\" data-end=\"227\">Funkyland S<\/em> kollektsioonist p\u00e4rit pehme m\u00e4nguloom, mis kutsub lapsi avastama eksootilisi maailmu ning metsikuid soojamaa rohelisi alasid. Samal ajal kui see iiguana n\u00e4eb silmapaistev v\u00e4lja, on ta piisavalt kaisutatav ja lapses\u00f5bralik.<\/p>\n<ul data-start=\"452\" data-end=\"1226\">\n<li data-start=\"612\" data-end=\"831\">\n<p data-start=\"614\" data-end=\"831\"><strong data-start=\"614\" data-end=\"640\">Materjal ja viimistlus<\/strong>: pehme tekstuur, selle rohelised toonid muudavad m\u00e4nguasja visuaalselt heledaks ja m\u00f5nusaks silmale; detailid nagu nahamuster ja keha proportsioonid on kujundatud m\u00e4nguliselt ja kutsuvalt.<\/p>\n<\/li>\n<li data-start=\"832\" data-end=\"1055\">\n<p data-start=\"834\" data-end=\"1055\"><strong data-start=\"834\" data-end=\"865\">Eriline v\u00e4limus ja kontekst<\/strong>: roheline iiguana tekitab \u00fchenduse troopilise looduse, d\u017eungli ja loodusl\u00e4hedase kujutlusv\u00f5imega \u2013 ideaalne m\u00e4nguasja valik lapsele, kes armastab loomi, seiklusi v\u00f5i eksootilisi teemasid.<\/p>\n<\/li>\n<li data-start=\"1056\" data-end=\"1226\">\n<p data-start=\"1058\" data-end=\"1226\"><strong data-start=\"1058\" data-end=\"1069\">Sobivus<\/strong>: m\u00e4ngimiseks, kaisutamiseks ja ka toale dekoratiivseks elemendiks. Sobib kingitusena s\u00fcnnip\u00e4evaks, erilisteks s\u00fcndmusteks v\u00f5i lihtsalt r\u00f5\u00f5muks.<\/p>\n<\/li>\n<\/ul>\n","protected":false},"excerpt":{"rendered":"<p>Funkyland S Iguana Green on Nature Planet\u2019i Funkyland S kollektsioonist p\u00e4rit pehme m\u00e4nguloom, mis kutsub lapsi avastama eksootilisi maailmu ning metsikuid soojamaa rohelisi alasid. Samal ajal kui see iiguana n\u00e4eb&hellip;<\/p>\n","protected":false},"featured_media":58536,"comment_status":"open","ping_status":"closed","template":"","meta":{"_acf_changed":false},"product_brand":[],"product_cat":[281],"product_tag":[],"class_list":{"0":"post-58535","1":"product","2":"type-product","3":"status-publish","4":"has-post-thumbnail","6":"product_cat-saaremaa-loomaia-manguasjad","8":"first","9":"instock","10":"shipping-taxable","11":"purchasable","12":"product-type-simple"},"acf":[],"yoast_head":"<!-- This site is optimized with the Yoast SEO plugin v27.4 - https:\/\/yoast.com\/product\/yoast-seo-wordpress\/ -->\n<title>Iguaani kaisukas - Saaremaa Zoo<\/title>\n<meta name=\"description\" content=\"Funkyland S iguaan on pehme ja roheline m\u00e4nguloom. Eksootiline, erksate v\u00e4rvidega ja armas kaisukaaslane lastele.\" \/>\n<meta name=\"robots\" content=\"index, follow, max-snippet:-1, max-image-preview:large, max-video-preview:-1\" \/>\n<link rel=\"canonical\" href=\"https:\/\/saaremaazoo.ee\/en\/toode\/iguaani-kaisukas\/\" \/>\n<meta property=\"og:locale\" content=\"en_US\" \/>\n<meta property=\"og:type\" content=\"article\" \/>\n<meta property=\"og:title\" content=\"Iguaani kaisukas - Saaremaa Zoo\" \/>\n<meta property=\"og:description\" content=\"Funkyland S iguaan on pehme ja roheline m\u00e4nguloom. Eksootiline, erksate v\u00e4rvidega ja armas kaisukaaslane lastele.\" \/>\n<meta property=\"og:url\" content=\"https:\/\/saaremaazoo.ee\/en\/toode\/iguaani-kaisukas\/\" \/>\n<meta property=\"og:site_name\" content=\"Saaremaa Zoo\" \/>\n<meta property=\"article:publisher\" content=\"https:\/\/www.facebook.com\/saaremaazoo\" \/>\n<meta property=\"og:image\" content=\"https:\/\/saaremaazoo.ee\/wp-content\/uploads\/2025\/09\/iguaan-scaled.jpg\" \/>\n\t<meta property=\"og:image:width\" content=\"2560\" \/>\n\t<meta property=\"og:image:height\" content=\"2560\" \/>\n\t<meta property=\"og:image:type\" content=\"image\/jpeg\" \/>\n<meta name=\"twitter:card\" content=\"summary_large_image\" \/>\n<meta name=\"twitter:label1\" content=\"Est. reading time\" \/>\n\t<meta name=\"twitter:data1\" content=\"1 minute\" \/>\n<script type=\"application\/ld+json\" class=\"yoast-schema-graph\">{\"@context\":\"https:\\\/\\\/schema.org\",\"@graph\":[{\"@type\":\"WebPage\",\"@id\":\"https:\\\/\\\/saaremaazoo.ee\\\/en\\\/toode\\\/iguaani-kaisukas\\\/\",\"url\":\"https:\\\/\\\/saaremaazoo.ee\\\/en\\\/toode\\\/iguaani-kaisukas\\\/\",\"name\":\"Iguaani kaisukas - Saaremaa Zoo\",\"isPartOf\":{\"@id\":\"https:\\\/\\\/saaremaazoo.ee\\\/en\\\/#website\"},\"primaryImageOfPage\":{\"@id\":\"https:\\\/\\\/saaremaazoo.ee\\\/en\\\/toode\\\/iguaani-kaisukas\\\/#primaryimage\"},\"image\":{\"@id\":\"https:\\\/\\\/saaremaazoo.ee\\\/en\\\/toode\\\/iguaani-kaisukas\\\/#primaryimage\"},\"thumbnailUrl\":\"https:\\\/\\\/www.saaremaazoo.ee\\\/wp-content\\\/uploads\\\/2025\\\/09\\\/iguaan-scaled.jpg\",\"datePublished\":\"2025-09-18T07:59:48+00:00\",\"description\":\"Funkyland S iguaan on pehme ja roheline m\u00e4nguloom. Eksootiline, erksate v\u00e4rvidega ja armas kaisukaaslane lastele.\",\"breadcrumb\":{\"@id\":\"https:\\\/\\\/saaremaazoo.ee\\\/en\\\/toode\\\/iguaani-kaisukas\\\/#breadcrumb\"},\"inLanguage\":\"en-US\",\"potentialAction\":[{\"@type\":\"ReadAction\",\"target\":[\"https:\\\/\\\/saaremaazoo.ee\\\/en\\\/toode\\\/iguaani-kaisukas\\\/\"]}]},{\"@type\":\"ImageObject\",\"inLanguage\":\"en-US\",\"@id\":\"https:\\\/\\\/saaremaazoo.ee\\\/en\\\/toode\\\/iguaani-kaisukas\\\/#primaryimage\",\"url\":\"https:\\\/\\\/www.saaremaazoo.ee\\\/wp-content\\\/uploads\\\/2025\\\/09\\\/iguaan-scaled.jpg\",\"contentUrl\":\"https:\\\/\\\/www.saaremaazoo.ee\\\/wp-content\\\/uploads\\\/2025\\\/09\\\/iguaan-scaled.jpg\",\"width\":2560,\"height\":2560},{\"@type\":\"BreadcrumbList\",\"@id\":\"https:\\\/\\\/saaremaazoo.ee\\\/en\\\/toode\\\/iguaani-kaisukas\\\/#breadcrumb\",\"itemListElement\":[{\"@type\":\"ListItem\",\"position\":1,\"name\":\"Home\",\"item\":\"https:\\\/\\\/www.saaremaazoo.ee\\\/en\\\/\"},{\"@type\":\"ListItem\",\"position\":2,\"name\":\"Pood\",\"item\":\"https:\\\/\\\/saaremaazoo.ee\\\/en\\\/shop\\\/\"},{\"@type\":\"ListItem\",\"position\":3,\"name\":\"Iguaani kaisukas\"}]},{\"@type\":\"WebSite\",\"@id\":\"https:\\\/\\\/saaremaazoo.ee\\\/en\\\/#website\",\"url\":\"https:\\\/\\\/saaremaazoo.ee\\\/en\\\/\",\"name\":\"Saaremaa Zoo\",\"description\":\"Saaremaa esimene Loomaaed\",\"publisher\":{\"@id\":\"https:\\\/\\\/saaremaazoo.ee\\\/en\\\/#organization\"},\"potentialAction\":[{\"@type\":\"SearchAction\",\"target\":{\"@type\":\"EntryPoint\",\"urlTemplate\":\"https:\\\/\\\/saaremaazoo.ee\\\/en\\\/?s={search_term_string}\"},\"query-input\":{\"@type\":\"PropertyValueSpecification\",\"valueRequired\":true,\"valueName\":\"search_term_string\"}}],\"inLanguage\":\"en-US\"},{\"@type\":\"Organization\",\"@id\":\"https:\\\/\\\/saaremaazoo.ee\\\/en\\\/#organization\",\"name\":\"Saaremaa Loomaaed\",\"alternateName\":\"Saaremaa Zoo\",\"url\":\"https:\\\/\\\/saaremaazoo.ee\\\/en\\\/\",\"logo\":{\"@type\":\"ImageObject\",\"inLanguage\":\"en-US\",\"@id\":\"https:\\\/\\\/saaremaazoo.ee\\\/en\\\/#\\\/schema\\\/logo\\\/image\\\/\",\"url\":\"https:\\\/\\\/www.saaremaazoo.ee\\\/wp-content\\\/uploads\\\/2024\\\/12\\\/cropped-cropped-saaremaazoo_magnet_leemur__1__page-0001-removebg-preview.png\",\"contentUrl\":\"https:\\\/\\\/www.saaremaazoo.ee\\\/wp-content\\\/uploads\\\/2024\\\/12\\\/cropped-cropped-saaremaazoo_magnet_leemur__1__page-0001-removebg-preview.png\",\"width\":467,\"height\":325,\"caption\":\"Saaremaa Loomaaed\"},\"image\":{\"@id\":\"https:\\\/\\\/saaremaazoo.ee\\\/en\\\/#\\\/schema\\\/logo\\\/image\\\/\"},\"sameAs\":[\"https:\\\/\\\/www.facebook.com\\\/saaremaazoo\",\"https:\\\/\\\/www.instagram.com\\\/saaremaazoo\\\/\"]}]}<\/script>\n<!-- \/ Yoast SEO plugin. -->","yoast_head_json":{"title":"Iguaani kaisukas - Saaremaa Zoo","description":"Funkyland S iguaan on pehme ja roheline m\u00e4nguloom. Eksootiline, erksate v\u00e4rvidega ja armas kaisukaaslane lastele.","robots":{"index":"index","follow":"follow","max-snippet":"max-snippet:-1","max-image-preview":"max-image-preview:large","max-video-preview":"max-video-preview:-1"},"canonical":"https:\/\/saaremaazoo.ee\/en\/toode\/iguaani-kaisukas\/","og_locale":"en_US","og_type":"article","og_title":"Iguaani kaisukas - Saaremaa Zoo","og_description":"Funkyland S iguaan on pehme ja roheline m\u00e4nguloom. Eksootiline, erksate v\u00e4rvidega ja armas kaisukaaslane lastele.","og_url":"https:\/\/saaremaazoo.ee\/en\/toode\/iguaani-kaisukas\/","og_site_name":"Saaremaa Zoo","article_publisher":"https:\/\/www.facebook.com\/saaremaazoo","og_image":[{"width":2560,"height":2560,"url":"https:\/\/saaremaazoo.ee\/wp-content\/uploads\/2025\/09\/iguaan-scaled.jpg","type":"image\/jpeg"}],"twitter_card":"summary_large_image","twitter_misc":{"Est. reading time":"1 minute"},"schema":{"@context":"https:\/\/schema.org","@graph":[{"@type":"WebPage","@id":"https:\/\/saaremaazoo.ee\/en\/toode\/iguaani-kaisukas\/","url":"https:\/\/saaremaazoo.ee\/en\/toode\/iguaani-kaisukas\/","name":"Iguaani kaisukas - Saaremaa Zoo","isPartOf":{"@id":"https:\/\/saaremaazoo.ee\/en\/#website"},"primaryImageOfPage":{"@id":"https:\/\/saaremaazoo.ee\/en\/toode\/iguaani-kaisukas\/#primaryimage"},"image":{"@id":"https:\/\/saaremaazoo.ee\/en\/toode\/iguaani-kaisukas\/#primaryimage"},"thumbnailUrl":"https:\/\/www.saaremaazoo.ee\/wp-content\/uploads\/2025\/09\/iguaan-scaled.jpg","datePublished":"2025-09-18T07:59:48+00:00","description":"Funkyland S iguaan on pehme ja roheline m\u00e4nguloom. Eksootiline, erksate v\u00e4rvidega ja armas kaisukaaslane lastele.","breadcrumb":{"@id":"https:\/\/saaremaazoo.ee\/en\/toode\/iguaani-kaisukas\/#breadcrumb"},"inLanguage":"en-US","potentialAction":[{"@type":"ReadAction","target":["https:\/\/saaremaazoo.ee\/en\/toode\/iguaani-kaisukas\/"]}]},{"@type":"ImageObject","inLanguage":"en-US","@id":"https:\/\/saaremaazoo.ee\/en\/toode\/iguaani-kaisukas\/#primaryimage","url":"https:\/\/www.saaremaazoo.ee\/wp-content\/uploads\/2025\/09\/iguaan-scaled.jpg","contentUrl":"https:\/\/www.saaremaazoo.ee\/wp-content\/uploads\/2025\/09\/iguaan-scaled.jpg","width":2560,"height":2560},{"@type":"BreadcrumbList","@id":"https:\/\/saaremaazoo.ee\/en\/toode\/iguaani-kaisukas\/#breadcrumb","itemListElement":[{"@type":"ListItem","position":1,"name":"Home","item":"https:\/\/www.saaremaazoo.ee\/en\/"},{"@type":"ListItem","position":2,"name":"Pood","item":"https:\/\/saaremaazoo.ee\/en\/shop\/"},{"@type":"ListItem","position":3,"name":"Iguaani kaisukas"}]},{"@type":"WebSite","@id":"https:\/\/saaremaazoo.ee\/en\/#website","url":"https:\/\/saaremaazoo.ee\/en\/","name":"Saaremaa Zoo","description":"Saaremaa esimene Loomaaed","publisher":{"@id":"https:\/\/saaremaazoo.ee\/en\/#organization"},"potentialAction":[{"@type":"SearchAction","target":{"@type":"EntryPoint","urlTemplate":"https:\/\/saaremaazoo.ee\/en\/?s={search_term_string}"},"query-input":{"@type":"PropertyValueSpecification","valueRequired":true,"valueName":"search_term_string"}}],"inLanguage":"en-US"},{"@type":"Organization","@id":"https:\/\/saaremaazoo.ee\/en\/#organization","name":"Saaremaa Loomaaed","alternateName":"Saaremaa Zoo","url":"https:\/\/saaremaazoo.ee\/en\/","logo":{"@type":"ImageObject","inLanguage":"en-US","@id":"https:\/\/saaremaazoo.ee\/en\/#\/schema\/logo\/image\/","url":"https:\/\/www.saaremaazoo.ee\/wp-content\/uploads\/2024\/12\/cropped-cropped-saaremaazoo_magnet_leemur__1__page-0001-removebg-preview.png","contentUrl":"https:\/\/www.saaremaazoo.ee\/wp-content\/uploads\/2024\/12\/cropped-cropped-saaremaazoo_magnet_leemur__1__page-0001-removebg-preview.png","width":467,"height":325,"caption":"Saaremaa Loomaaed"},"image":{"@id":"https:\/\/saaremaazoo.ee\/en\/#\/schema\/logo\/image\/"},"sameAs":["https:\/\/www.facebook.com\/saaremaazoo","https:\/\/www.instagram.com\/saaremaazoo\/"]}]}},"jetpack_sharing_enabled":true,"_links":{"self":[{"href":"https:\/\/saaremaazoo.ee\/en\/wp-json\/wp\/v2\/product\/58535","targetHints":{"allow":["GET"]}}],"collection":[{"href":"https:\/\/saaremaazoo.ee\/en\/wp-json\/wp\/v2\/product"}],"about":[{"href":"https:\/\/saaremaazoo.ee\/en\/wp-json\/wp\/v2\/types\/product"}],"replies":[{"embeddable":true,"href":"https:\/\/saaremaazoo.ee\/en\/wp-json\/wp\/v2\/comments?post=58535"}],"wp:featuredmedia":[{"embeddable":true,"href":"https:\/\/saaremaazoo.ee\/en\/wp-json\/wp\/v2\/media\/58536"}],"wp:attachment":[{"href":"https:\/\/saaremaazoo.ee\/en\/wp-json\/wp\/v2\/media?parent=58535"}],"wp:term":[{"taxonomy":"product_brand","embeddable":true,"href":"https:\/\/saaremaazoo.ee\/en\/wp-json\/wp\/v2\/product_brand?post=58535"},{"taxonomy":"product_cat","embeddable":true,"href":"https:\/\/saaremaazoo.ee\/en\/wp-json\/wp\/v2\/product_cat?post=58535"},{"taxonomy":"product_tag","embeddable":true,"href":"https:\/\/saaremaazoo.ee\/en\/wp-json\/wp\/v2\/product_tag?post=58535"}],"curies":[{"name":"wp","href":"https:\/\/api.w.org\/{rel}","templated":true}]}}