{"id":58529,"date":"2025-09-18T07:41:50","date_gmt":"2025-09-18T07:41:50","guid":{"rendered":"https:\/\/www.saaremaazoo.ee\/?post_type=product&#038;p=58529"},"modified":"2025-12-15T07:58:00","modified_gmt":"2025-12-15T07:58:00","slug":"pehme-kaisukas-geko","status":"publish","type":"product","link":"https:\/\/saaremaazoo.ee\/en\/toode\/pehme-kaisukas-geko\/","title":{"rendered":"Pehme kaisukas Geko"},"content":{"rendered":"<p data-start=\"139\" data-end=\"414\"><strong data-start=\"139\" data-end=\"175\">Funkyland S Gecko Bearded Dragon<\/strong> on Nature Planet\u2019i <em data-start=\"195\" data-end=\"208\">Funkyland S<\/em> kollektsioonist p\u00e4rit pehme m\u00e4nguloom, mis \u00fchendab eksootilise v\u00e4limuse ja m\u00e4nguasi, mis k\u00f6idab vaatleja t\u00e4helepanu. Sisaldab karvakattega detailid, mis annavad m\u00e4nguasjale iseloomu ning realistliku tunde.<\/p>\n<ul data-start=\"416\" data-end=\"1193\">\n<li data-start=\"416\" data-end=\"658\">\n<p data-start=\"418\" data-end=\"658\">Kaisukas on piisavalt suur ja pehme, et teda kaisutada ja kaasas kanda.<\/p>\n<\/li>\n<li data-start=\"659\" data-end=\"1001\">\n<p data-start=\"661\" data-end=\"1001\">Gecko-bearded-dragon stiilis roomajal on kombineeritud detailid nagu s\u00f5bralikud silmad, tekstureeritud nahka imiteerivad mustrid ja just parajalt karvane pind. See m\u00e4nguasi sobib ideaalselt neile, kes armastavad roomajaid v\u00f5i soovivad midagi eksootilist m\u00e4ngutoasse.<\/p>\n<\/li>\n<li data-start=\"1002\" data-end=\"1193\">\n<p data-start=\"1004\" data-end=\"1193\">Sobib m\u00e4ngimiseks, kaisutamiseks, dekoratiivseks elementiks v\u00f5i erilise kingitusena; eksootiline stiil annab m\u00e4ngumaailmale mitmek\u00fclgsust ja v\u00f5ib tuua fantaasiarikkaid hetki.<\/p>\n<\/li>\n<\/ul>\n","protected":false},"excerpt":{"rendered":"<p>Funkyland S Gecko Bearded Dragon on Nature Planet\u2019i Funkyland S kollektsioonist p\u00e4rit pehme m\u00e4nguloom, mis \u00fchendab eksootilise v\u00e4limuse ja m\u00e4nguasi, mis k\u00f6idab vaatleja t\u00e4helepanu. Sisaldab karvakattega detailid, mis annavad m\u00e4nguasjale&hellip;<\/p>\n","protected":false},"featured_media":58530,"comment_status":"open","ping_status":"closed","template":"","meta":{"_acf_changed":false},"product_brand":[],"product_cat":[281],"product_tag":[],"class_list":{"0":"post-58529","1":"product","2":"type-product","3":"status-publish","4":"has-post-thumbnail","6":"product_cat-saaremaa-loomaia-manguasjad","8":"first","9":"instock","10":"shipping-taxable","11":"purchasable","12":"product-type-simple"},"acf":[],"yoast_head":"<!-- This site is optimized with the Yoast SEO plugin v27.4 - https:\/\/yoast.com\/product\/yoast-seo-wordpress\/ -->\n<title>Pehme kaisukas Geko - Saaremaa Zoo<\/title>\n<meta name=\"description\" content=\"Funkyland S Gecko Bearded Dragon - pehme gecko-\/bearded dragon-stiilne roomaja m\u00e4nguloom. Eksootiline, silmapaistev ja armas kaaslane lastele.\" \/>\n<meta name=\"robots\" content=\"index, follow, max-snippet:-1, max-image-preview:large, max-video-preview:-1\" \/>\n<link rel=\"canonical\" href=\"https:\/\/saaremaazoo.ee\/en\/toode\/pehme-kaisukas-geko\/\" \/>\n<meta property=\"og:locale\" content=\"en_US\" \/>\n<meta property=\"og:type\" content=\"article\" \/>\n<meta property=\"og:title\" content=\"Pehme kaisukas Geko - Saaremaa Zoo\" \/>\n<meta property=\"og:description\" content=\"Funkyland S Gecko Bearded Dragon - pehme gecko-\/bearded dragon-stiilne roomaja m\u00e4nguloom. Eksootiline, silmapaistev ja armas kaaslane lastele.\" \/>\n<meta property=\"og:url\" content=\"https:\/\/saaremaazoo.ee\/en\/toode\/pehme-kaisukas-geko\/\" \/>\n<meta property=\"og:site_name\" content=\"Saaremaa Zoo\" \/>\n<meta property=\"article:publisher\" content=\"https:\/\/www.facebook.com\/saaremaazoo\" \/>\n<meta property=\"article:modified_time\" content=\"2025-12-15T07:58:00+00:00\" \/>\n<meta property=\"og:image\" content=\"https:\/\/saaremaazoo.ee\/wp-content\/uploads\/2025\/09\/oranz-geko.jpg\" \/>\n\t<meta property=\"og:image:width\" content=\"800\" \/>\n\t<meta property=\"og:image:height\" content=\"800\" \/>\n\t<meta property=\"og:image:type\" content=\"image\/jpeg\" \/>\n<meta name=\"twitter:card\" content=\"summary_large_image\" \/>\n<meta name=\"twitter:label1\" content=\"Est. reading time\" \/>\n\t<meta name=\"twitter:data1\" content=\"1 minute\" \/>\n<script type=\"application\/ld+json\" class=\"yoast-schema-graph\">{\"@context\":\"https:\\\/\\\/schema.org\",\"@graph\":[{\"@type\":\"WebPage\",\"@id\":\"https:\\\/\\\/saaremaazoo.ee\\\/en\\\/toode\\\/pehme-kaisukas-geko\\\/\",\"url\":\"https:\\\/\\\/saaremaazoo.ee\\\/en\\\/toode\\\/pehme-kaisukas-geko\\\/\",\"name\":\"Pehme kaisukas Geko - Saaremaa Zoo\",\"isPartOf\":{\"@id\":\"https:\\\/\\\/www.saaremaazoo.ee\\\/en\\\/#website\"},\"primaryImageOfPage\":{\"@id\":\"https:\\\/\\\/saaremaazoo.ee\\\/en\\\/toode\\\/pehme-kaisukas-geko\\\/#primaryimage\"},\"image\":{\"@id\":\"https:\\\/\\\/saaremaazoo.ee\\\/en\\\/toode\\\/pehme-kaisukas-geko\\\/#primaryimage\"},\"thumbnailUrl\":\"https:\\\/\\\/saaremaazoo.ee\\\/wp-content\\\/uploads\\\/2025\\\/09\\\/oranz-geko.jpg\",\"datePublished\":\"2025-09-18T07:41:50+00:00\",\"dateModified\":\"2025-12-15T07:58:00+00:00\",\"description\":\"Funkyland S Gecko Bearded Dragon - pehme gecko-\\\/bearded dragon-stiilne roomaja m\u00e4nguloom. Eksootiline, silmapaistev ja armas kaaslane lastele.\",\"breadcrumb\":{\"@id\":\"https:\\\/\\\/saaremaazoo.ee\\\/en\\\/toode\\\/pehme-kaisukas-geko\\\/#breadcrumb\"},\"inLanguage\":\"en-US\",\"potentialAction\":[{\"@type\":\"ReadAction\",\"target\":[\"https:\\\/\\\/saaremaazoo.ee\\\/en\\\/toode\\\/pehme-kaisukas-geko\\\/\"]}]},{\"@type\":\"ImageObject\",\"inLanguage\":\"en-US\",\"@id\":\"https:\\\/\\\/saaremaazoo.ee\\\/en\\\/toode\\\/pehme-kaisukas-geko\\\/#primaryimage\",\"url\":\"https:\\\/\\\/saaremaazoo.ee\\\/wp-content\\\/uploads\\\/2025\\\/09\\\/oranz-geko.jpg\",\"contentUrl\":\"https:\\\/\\\/saaremaazoo.ee\\\/wp-content\\\/uploads\\\/2025\\\/09\\\/oranz-geko.jpg\",\"width\":800,\"height\":800},{\"@type\":\"BreadcrumbList\",\"@id\":\"https:\\\/\\\/saaremaazoo.ee\\\/en\\\/toode\\\/pehme-kaisukas-geko\\\/#breadcrumb\",\"itemListElement\":[{\"@type\":\"ListItem\",\"position\":1,\"name\":\"Home\",\"item\":\"https:\\\/\\\/saaremaazoo.ee\\\/en\\\/\"},{\"@type\":\"ListItem\",\"position\":2,\"name\":\"Pood\",\"item\":\"https:\\\/\\\/saaremaazoo.ee\\\/pood\\\/\"},{\"@type\":\"ListItem\",\"position\":3,\"name\":\"Pehme kaisukas Geko\"}]},{\"@type\":\"WebSite\",\"@id\":\"https:\\\/\\\/www.saaremaazoo.ee\\\/en\\\/#website\",\"url\":\"https:\\\/\\\/www.saaremaazoo.ee\\\/en\\\/\",\"name\":\"Saaremaa Zoo\",\"description\":\"Saaremaa esimene Loomaaed\",\"publisher\":{\"@id\":\"https:\\\/\\\/www.saaremaazoo.ee\\\/en\\\/#organization\"},\"potentialAction\":[{\"@type\":\"SearchAction\",\"target\":{\"@type\":\"EntryPoint\",\"urlTemplate\":\"https:\\\/\\\/www.saaremaazoo.ee\\\/en\\\/?s={search_term_string}\"},\"query-input\":{\"@type\":\"PropertyValueSpecification\",\"valueRequired\":true,\"valueName\":\"search_term_string\"}}],\"inLanguage\":\"en-US\"},{\"@type\":\"Organization\",\"@id\":\"https:\\\/\\\/www.saaremaazoo.ee\\\/en\\\/#organization\",\"name\":\"Saaremaa Loomaaed\",\"alternateName\":\"Saaremaa Zoo\",\"url\":\"https:\\\/\\\/www.saaremaazoo.ee\\\/en\\\/\",\"logo\":{\"@type\":\"ImageObject\",\"inLanguage\":\"en-US\",\"@id\":\"https:\\\/\\\/www.saaremaazoo.ee\\\/en\\\/#\\\/schema\\\/logo\\\/image\\\/\",\"url\":\"https:\\\/\\\/saaremaazoo.ee\\\/wp-content\\\/uploads\\\/2024\\\/12\\\/cropped-cropped-saaremaazoo_magnet_leemur__1__page-0001-removebg-preview.png\",\"contentUrl\":\"https:\\\/\\\/saaremaazoo.ee\\\/wp-content\\\/uploads\\\/2024\\\/12\\\/cropped-cropped-saaremaazoo_magnet_leemur__1__page-0001-removebg-preview.png\",\"width\":467,\"height\":325,\"caption\":\"Saaremaa Loomaaed\"},\"image\":{\"@id\":\"https:\\\/\\\/www.saaremaazoo.ee\\\/en\\\/#\\\/schema\\\/logo\\\/image\\\/\"},\"sameAs\":[\"https:\\\/\\\/www.facebook.com\\\/saaremaazoo\",\"https:\\\/\\\/www.instagram.com\\\/saaremaazoo\\\/\"]}]}<\/script>\n<!-- \/ Yoast SEO plugin. -->","yoast_head_json":{"title":"Pehme kaisukas Geko - Saaremaa Zoo","description":"Funkyland S Gecko Bearded Dragon - pehme gecko-\/bearded dragon-stiilne roomaja m\u00e4nguloom. Eksootiline, silmapaistev ja armas kaaslane lastele.","robots":{"index":"index","follow":"follow","max-snippet":"max-snippet:-1","max-image-preview":"max-image-preview:large","max-video-preview":"max-video-preview:-1"},"canonical":"https:\/\/saaremaazoo.ee\/en\/toode\/pehme-kaisukas-geko\/","og_locale":"en_US","og_type":"article","og_title":"Pehme kaisukas Geko - Saaremaa Zoo","og_description":"Funkyland S Gecko Bearded Dragon - pehme gecko-\/bearded dragon-stiilne roomaja m\u00e4nguloom. Eksootiline, silmapaistev ja armas kaaslane lastele.","og_url":"https:\/\/saaremaazoo.ee\/en\/toode\/pehme-kaisukas-geko\/","og_site_name":"Saaremaa Zoo","article_publisher":"https:\/\/www.facebook.com\/saaremaazoo","article_modified_time":"2025-12-15T07:58:00+00:00","og_image":[{"width":800,"height":800,"url":"https:\/\/saaremaazoo.ee\/wp-content\/uploads\/2025\/09\/oranz-geko.jpg","type":"image\/jpeg"}],"twitter_card":"summary_large_image","twitter_misc":{"Est. reading time":"1 minute"},"schema":{"@context":"https:\/\/schema.org","@graph":[{"@type":"WebPage","@id":"https:\/\/saaremaazoo.ee\/en\/toode\/pehme-kaisukas-geko\/","url":"https:\/\/saaremaazoo.ee\/en\/toode\/pehme-kaisukas-geko\/","name":"Pehme kaisukas Geko - Saaremaa Zoo","isPartOf":{"@id":"https:\/\/www.saaremaazoo.ee\/en\/#website"},"primaryImageOfPage":{"@id":"https:\/\/saaremaazoo.ee\/en\/toode\/pehme-kaisukas-geko\/#primaryimage"},"image":{"@id":"https:\/\/saaremaazoo.ee\/en\/toode\/pehme-kaisukas-geko\/#primaryimage"},"thumbnailUrl":"https:\/\/saaremaazoo.ee\/wp-content\/uploads\/2025\/09\/oranz-geko.jpg","datePublished":"2025-09-18T07:41:50+00:00","dateModified":"2025-12-15T07:58:00+00:00","description":"Funkyland S Gecko Bearded Dragon - pehme gecko-\/bearded dragon-stiilne roomaja m\u00e4nguloom. Eksootiline, silmapaistev ja armas kaaslane lastele.","breadcrumb":{"@id":"https:\/\/saaremaazoo.ee\/en\/toode\/pehme-kaisukas-geko\/#breadcrumb"},"inLanguage":"en-US","potentialAction":[{"@type":"ReadAction","target":["https:\/\/saaremaazoo.ee\/en\/toode\/pehme-kaisukas-geko\/"]}]},{"@type":"ImageObject","inLanguage":"en-US","@id":"https:\/\/saaremaazoo.ee\/en\/toode\/pehme-kaisukas-geko\/#primaryimage","url":"https:\/\/saaremaazoo.ee\/wp-content\/uploads\/2025\/09\/oranz-geko.jpg","contentUrl":"https:\/\/saaremaazoo.ee\/wp-content\/uploads\/2025\/09\/oranz-geko.jpg","width":800,"height":800},{"@type":"BreadcrumbList","@id":"https:\/\/saaremaazoo.ee\/en\/toode\/pehme-kaisukas-geko\/#breadcrumb","itemListElement":[{"@type":"ListItem","position":1,"name":"Home","item":"https:\/\/saaremaazoo.ee\/en\/"},{"@type":"ListItem","position":2,"name":"Pood","item":"https:\/\/saaremaazoo.ee\/pood\/"},{"@type":"ListItem","position":3,"name":"Pehme kaisukas Geko"}]},{"@type":"WebSite","@id":"https:\/\/www.saaremaazoo.ee\/en\/#website","url":"https:\/\/www.saaremaazoo.ee\/en\/","name":"Saaremaa Zoo","description":"Saaremaa esimene Loomaaed","publisher":{"@id":"https:\/\/www.saaremaazoo.ee\/en\/#organization"},"potentialAction":[{"@type":"SearchAction","target":{"@type":"EntryPoint","urlTemplate":"https:\/\/www.saaremaazoo.ee\/en\/?s={search_term_string}"},"query-input":{"@type":"PropertyValueSpecification","valueRequired":true,"valueName":"search_term_string"}}],"inLanguage":"en-US"},{"@type":"Organization","@id":"https:\/\/www.saaremaazoo.ee\/en\/#organization","name":"Saaremaa Loomaaed","alternateName":"Saaremaa Zoo","url":"https:\/\/www.saaremaazoo.ee\/en\/","logo":{"@type":"ImageObject","inLanguage":"en-US","@id":"https:\/\/www.saaremaazoo.ee\/en\/#\/schema\/logo\/image\/","url":"https:\/\/saaremaazoo.ee\/wp-content\/uploads\/2024\/12\/cropped-cropped-saaremaazoo_magnet_leemur__1__page-0001-removebg-preview.png","contentUrl":"https:\/\/saaremaazoo.ee\/wp-content\/uploads\/2024\/12\/cropped-cropped-saaremaazoo_magnet_leemur__1__page-0001-removebg-preview.png","width":467,"height":325,"caption":"Saaremaa Loomaaed"},"image":{"@id":"https:\/\/www.saaremaazoo.ee\/en\/#\/schema\/logo\/image\/"},"sameAs":["https:\/\/www.facebook.com\/saaremaazoo","https:\/\/www.instagram.com\/saaremaazoo\/"]}]}},"jetpack_sharing_enabled":true,"_links":{"self":[{"href":"https:\/\/saaremaazoo.ee\/en\/wp-json\/wp\/v2\/product\/58529","targetHints":{"allow":["GET"]}}],"collection":[{"href":"https:\/\/saaremaazoo.ee\/en\/wp-json\/wp\/v2\/product"}],"about":[{"href":"https:\/\/saaremaazoo.ee\/en\/wp-json\/wp\/v2\/types\/product"}],"replies":[{"embeddable":true,"href":"https:\/\/saaremaazoo.ee\/en\/wp-json\/wp\/v2\/comments?post=58529"}],"wp:featuredmedia":[{"embeddable":true,"href":"https:\/\/saaremaazoo.ee\/en\/wp-json\/wp\/v2\/media\/58530"}],"wp:attachment":[{"href":"https:\/\/saaremaazoo.ee\/en\/wp-json\/wp\/v2\/media?parent=58529"}],"wp:term":[{"taxonomy":"product_brand","embeddable":true,"href":"https:\/\/saaremaazoo.ee\/en\/wp-json\/wp\/v2\/product_brand?post=58529"},{"taxonomy":"product_cat","embeddable":true,"href":"https:\/\/saaremaazoo.ee\/en\/wp-json\/wp\/v2\/product_cat?post=58529"},{"taxonomy":"product_tag","embeddable":true,"href":"https:\/\/saaremaazoo.ee\/en\/wp-json\/wp\/v2\/product_tag?post=58529"}],"curies":[{"name":"wp","href":"https:\/\/api.w.org\/{rel}","templated":true}]}}