{"id":58519,"date":"2025-09-18T07:05:20","date_gmt":"2025-09-18T07:05:20","guid":{"rendered":"https:\/\/www.saaremaazoo.ee\/?post_type=product&#038;p=58519"},"modified":"2025-12-15T07:59:50","modified_gmt":"2025-12-15T07:59:50","slug":"kaisukas-tasku-kapibaara","status":"publish","type":"product","link":"https:\/\/saaremaazoo.ee\/en\/toode\/kaisukas-tasku-kapibaara\/","title":{"rendered":"Kaisukas tasku kapibaara"},"content":{"rendered":"<p data-start=\"159\" data-end=\"468\"><strong data-start=\"159\" data-end=\"182\">Wild Beans Capybara<\/strong> on Nature Planet\u2019e <em data-start=\"202\" data-end=\"214\">Wild Beans<\/em> kollektsioonist uus ja armas pehme m\u00e4ngukaaslane \u2013 kapibaara, see suurim n\u00e4riliste perekonda kuuluv loom, aga m\u00e4nguasja suurus on selline, et laps saab kaisutada, kaasa v\u00f5tta ja m\u00e4ngida.<\/p>\n<ul data-start=\"490\" data-end=\"1217\">\n<li data-start=\"490\" data-end=\"579\">\n<p data-start=\"492\" data-end=\"579\">Materjal: pehme plush-kangas, mis kutsub silitama ja lohutab m\u00e4ngu v\u00f5i uinumise ajal.<\/p>\n<\/li>\n<li data-start=\"580\" data-end=\"732\">\n<p data-start=\"582\" data-end=\"732\">Disain: kapibaara s\u00f5bralik n\u00e4gu, pehme keha \u2013 detailid ei ole \u00fcleliia keerulised, kuid piisavad, et m\u00e4nguloom tunduks elusana ja kutsuvalt turvaline.<\/p>\n<\/li>\n<li data-start=\"733\" data-end=\"991\">\n<p data-start=\"735\" data-end=\"991\">Toode on piisavalt kompaktne ja kerge, et olla lapse kaaslane.<\/p>\n<\/li>\n<li data-start=\"992\" data-end=\"1217\">\n<p data-start=\"994\" data-end=\"1217\">Sobib h\u00e4sti \u00f5petlikuks m\u00e4nguks \u2014 kapibaarad kui loomade r\u00fchm, nende eluviis, kuidas nad vees ja maal aega veedavad; samuti ideaalne kingitus igaks t\u00e4htp\u00e4evaks.<\/p>\n<\/li>\n<\/ul>\n","protected":false},"excerpt":{"rendered":"<p>Wild Beans Capybara on Nature Planet\u2019e Wild Beans kollektsioonist uus ja armas pehme m\u00e4ngukaaslane \u2013 kapibaara, see suurim n\u00e4riliste perekonda kuuluv loom, aga m\u00e4nguasja suurus on selline, et laps saab&hellip;<\/p>\n","protected":false},"featured_media":58521,"comment_status":"open","ping_status":"closed","template":"","meta":{"_acf_changed":false},"product_brand":[],"product_cat":[281],"product_tag":[],"class_list":{"0":"post-58519","1":"product","2":"type-product","3":"status-publish","4":"has-post-thumbnail","6":"product_cat-saaremaa-loomaia-manguasjad","8":"first","9":"instock","10":"shipping-taxable","11":"purchasable","12":"product-type-simple"},"acf":[],"yoast_head":"<!-- This site is optimized with the Yoast SEO plugin v27.3 - https:\/\/yoast.com\/product\/yoast-seo-wordpress\/ -->\n<title>Kaisukas tasku kapibaara - Saaremaa Zoo<\/title>\n<meta name=\"description\" content=\"Tasku kapibaara kaisukas on \u00fchtaegu armas ja praktiline - alati valmis sinuga kaasa tulema. Tema rahulik olek ja pehme olemus loovad turvatunnet igal hetkel.\" \/>\n<meta name=\"robots\" content=\"index, follow, max-snippet:-1, max-image-preview:large, max-video-preview:-1\" \/>\n<link rel=\"canonical\" href=\"https:\/\/saaremaazoo.ee\/en\/toode\/kaisukas-tasku-kapibaara\/\" \/>\n<meta property=\"og:locale\" content=\"en_US\" \/>\n<meta property=\"og:type\" content=\"article\" \/>\n<meta property=\"og:title\" content=\"Kaisukas tasku kapibaara - Saaremaa Zoo\" \/>\n<meta property=\"og:description\" content=\"Tasku kapibaara kaisukas on \u00fchtaegu armas ja praktiline - alati valmis sinuga kaasa tulema. Tema rahulik olek ja pehme olemus loovad turvatunnet igal hetkel.\" \/>\n<meta property=\"og:url\" content=\"https:\/\/saaremaazoo.ee\/en\/toode\/kaisukas-tasku-kapibaara\/\" \/>\n<meta property=\"og:site_name\" content=\"Saaremaa Zoo\" \/>\n<meta property=\"article:publisher\" content=\"https:\/\/www.facebook.com\/saaremaazoo\" \/>\n<meta property=\"article:modified_time\" content=\"2025-12-15T07:59:50+00:00\" \/>\n<meta property=\"og:image\" content=\"https:\/\/www.saaremaazoo.ee\/wp-content\/uploads\/2025\/09\/tasku-kapibaara.jpg\" \/>\n\t<meta property=\"og:image:width\" content=\"591\" \/>\n\t<meta property=\"og:image:height\" content=\"591\" \/>\n\t<meta property=\"og:image:type\" content=\"image\/jpeg\" \/>\n<meta name=\"twitter:card\" content=\"summary_large_image\" \/>\n<meta name=\"twitter:label1\" content=\"Est. reading time\" \/>\n\t<meta name=\"twitter:data1\" content=\"1 minute\" \/>\n<script type=\"application\/ld+json\" class=\"yoast-schema-graph\">{\"@context\":\"https:\\\/\\\/schema.org\",\"@graph\":[{\"@type\":\"WebPage\",\"@id\":\"https:\\\/\\\/saaremaazoo.ee\\\/en\\\/toode\\\/kaisukas-tasku-kapibaara\\\/\",\"url\":\"https:\\\/\\\/saaremaazoo.ee\\\/en\\\/toode\\\/kaisukas-tasku-kapibaara\\\/\",\"name\":\"Kaisukas tasku kapibaara - Saaremaa Zoo\",\"isPartOf\":{\"@id\":\"https:\\\/\\\/saaremaazoo.ee\\\/en\\\/#website\"},\"primaryImageOfPage\":{\"@id\":\"https:\\\/\\\/saaremaazoo.ee\\\/en\\\/toode\\\/kaisukas-tasku-kapibaara\\\/#primaryimage\"},\"image\":{\"@id\":\"https:\\\/\\\/saaremaazoo.ee\\\/en\\\/toode\\\/kaisukas-tasku-kapibaara\\\/#primaryimage\"},\"thumbnailUrl\":\"https:\\\/\\\/saaremaazoo.ee\\\/wp-content\\\/uploads\\\/2025\\\/09\\\/tasku-kapibaara.jpg\",\"datePublished\":\"2025-09-18T07:05:20+00:00\",\"dateModified\":\"2025-12-15T07:59:50+00:00\",\"description\":\"Tasku kapibaara kaisukas on \u00fchtaegu armas ja praktiline - alati valmis sinuga kaasa tulema. Tema rahulik olek ja pehme olemus loovad turvatunnet igal hetkel.\",\"breadcrumb\":{\"@id\":\"https:\\\/\\\/saaremaazoo.ee\\\/en\\\/toode\\\/kaisukas-tasku-kapibaara\\\/#breadcrumb\"},\"inLanguage\":\"en-US\",\"potentialAction\":[{\"@type\":\"ReadAction\",\"target\":[\"https:\\\/\\\/saaremaazoo.ee\\\/en\\\/toode\\\/kaisukas-tasku-kapibaara\\\/\"]}]},{\"@type\":\"ImageObject\",\"inLanguage\":\"en-US\",\"@id\":\"https:\\\/\\\/saaremaazoo.ee\\\/en\\\/toode\\\/kaisukas-tasku-kapibaara\\\/#primaryimage\",\"url\":\"https:\\\/\\\/saaremaazoo.ee\\\/wp-content\\\/uploads\\\/2025\\\/09\\\/tasku-kapibaara.jpg\",\"contentUrl\":\"https:\\\/\\\/saaremaazoo.ee\\\/wp-content\\\/uploads\\\/2025\\\/09\\\/tasku-kapibaara.jpg\",\"width\":591,\"height\":591},{\"@type\":\"BreadcrumbList\",\"@id\":\"https:\\\/\\\/saaremaazoo.ee\\\/en\\\/toode\\\/kaisukas-tasku-kapibaara\\\/#breadcrumb\",\"itemListElement\":[{\"@type\":\"ListItem\",\"position\":1,\"name\":\"Home\",\"item\":\"https:\\\/\\\/www.saaremaazoo.ee\\\/en\\\/\"},{\"@type\":\"ListItem\",\"position\":2,\"name\":\"Pood\",\"item\":\"https:\\\/\\\/saaremaazoo.ee\\\/pood\\\/\"},{\"@type\":\"ListItem\",\"position\":3,\"name\":\"Kaisukas tasku kapibaara\"}]},{\"@type\":\"WebSite\",\"@id\":\"https:\\\/\\\/saaremaazoo.ee\\\/en\\\/#website\",\"url\":\"https:\\\/\\\/saaremaazoo.ee\\\/en\\\/\",\"name\":\"Saaremaa Zoo\",\"description\":\"Saaremaa esimene Loomaaed\",\"publisher\":{\"@id\":\"https:\\\/\\\/saaremaazoo.ee\\\/en\\\/#organization\"},\"potentialAction\":[{\"@type\":\"SearchAction\",\"target\":{\"@type\":\"EntryPoint\",\"urlTemplate\":\"https:\\\/\\\/saaremaazoo.ee\\\/en\\\/?s={search_term_string}\"},\"query-input\":{\"@type\":\"PropertyValueSpecification\",\"valueRequired\":true,\"valueName\":\"search_term_string\"}}],\"inLanguage\":\"en-US\"},{\"@type\":\"Organization\",\"@id\":\"https:\\\/\\\/saaremaazoo.ee\\\/en\\\/#organization\",\"name\":\"Saaremaa Loomaaed\",\"alternateName\":\"Saaremaa Zoo\",\"url\":\"https:\\\/\\\/saaremaazoo.ee\\\/en\\\/\",\"logo\":{\"@type\":\"ImageObject\",\"inLanguage\":\"en-US\",\"@id\":\"https:\\\/\\\/saaremaazoo.ee\\\/en\\\/#\\\/schema\\\/logo\\\/image\\\/\",\"url\":\"https:\\\/\\\/saaremaazoo.ee\\\/wp-content\\\/uploads\\\/2024\\\/12\\\/cropped-cropped-saaremaazoo_magnet_leemur__1__page-0001-removebg-preview.png\",\"contentUrl\":\"https:\\\/\\\/saaremaazoo.ee\\\/wp-content\\\/uploads\\\/2024\\\/12\\\/cropped-cropped-saaremaazoo_magnet_leemur__1__page-0001-removebg-preview.png\",\"width\":467,\"height\":325,\"caption\":\"Saaremaa Loomaaed\"},\"image\":{\"@id\":\"https:\\\/\\\/saaremaazoo.ee\\\/en\\\/#\\\/schema\\\/logo\\\/image\\\/\"},\"sameAs\":[\"https:\\\/\\\/www.facebook.com\\\/saaremaazoo\",\"https:\\\/\\\/www.instagram.com\\\/saaremaazoo\\\/\"]}]}<\/script>\n<!-- \/ Yoast SEO plugin. -->","yoast_head_json":{"title":"Kaisukas tasku kapibaara - Saaremaa Zoo","description":"Tasku kapibaara kaisukas on \u00fchtaegu armas ja praktiline - alati valmis sinuga kaasa tulema. Tema rahulik olek ja pehme olemus loovad turvatunnet igal hetkel.","robots":{"index":"index","follow":"follow","max-snippet":"max-snippet:-1","max-image-preview":"max-image-preview:large","max-video-preview":"max-video-preview:-1"},"canonical":"https:\/\/saaremaazoo.ee\/en\/toode\/kaisukas-tasku-kapibaara\/","og_locale":"en_US","og_type":"article","og_title":"Kaisukas tasku kapibaara - Saaremaa Zoo","og_description":"Tasku kapibaara kaisukas on \u00fchtaegu armas ja praktiline - alati valmis sinuga kaasa tulema. Tema rahulik olek ja pehme olemus loovad turvatunnet igal hetkel.","og_url":"https:\/\/saaremaazoo.ee\/en\/toode\/kaisukas-tasku-kapibaara\/","og_site_name":"Saaremaa Zoo","article_publisher":"https:\/\/www.facebook.com\/saaremaazoo","article_modified_time":"2025-12-15T07:59:50+00:00","og_image":[{"width":591,"height":591,"url":"https:\/\/www.saaremaazoo.ee\/wp-content\/uploads\/2025\/09\/tasku-kapibaara.jpg","type":"image\/jpeg"}],"twitter_card":"summary_large_image","twitter_misc":{"Est. reading time":"1 minute"},"schema":{"@context":"https:\/\/schema.org","@graph":[{"@type":"WebPage","@id":"https:\/\/saaremaazoo.ee\/en\/toode\/kaisukas-tasku-kapibaara\/","url":"https:\/\/saaremaazoo.ee\/en\/toode\/kaisukas-tasku-kapibaara\/","name":"Kaisukas tasku kapibaara - Saaremaa Zoo","isPartOf":{"@id":"https:\/\/saaremaazoo.ee\/en\/#website"},"primaryImageOfPage":{"@id":"https:\/\/saaremaazoo.ee\/en\/toode\/kaisukas-tasku-kapibaara\/#primaryimage"},"image":{"@id":"https:\/\/saaremaazoo.ee\/en\/toode\/kaisukas-tasku-kapibaara\/#primaryimage"},"thumbnailUrl":"https:\/\/saaremaazoo.ee\/wp-content\/uploads\/2025\/09\/tasku-kapibaara.jpg","datePublished":"2025-09-18T07:05:20+00:00","dateModified":"2025-12-15T07:59:50+00:00","description":"Tasku kapibaara kaisukas on \u00fchtaegu armas ja praktiline - alati valmis sinuga kaasa tulema. Tema rahulik olek ja pehme olemus loovad turvatunnet igal hetkel.","breadcrumb":{"@id":"https:\/\/saaremaazoo.ee\/en\/toode\/kaisukas-tasku-kapibaara\/#breadcrumb"},"inLanguage":"en-US","potentialAction":[{"@type":"ReadAction","target":["https:\/\/saaremaazoo.ee\/en\/toode\/kaisukas-tasku-kapibaara\/"]}]},{"@type":"ImageObject","inLanguage":"en-US","@id":"https:\/\/saaremaazoo.ee\/en\/toode\/kaisukas-tasku-kapibaara\/#primaryimage","url":"https:\/\/saaremaazoo.ee\/wp-content\/uploads\/2025\/09\/tasku-kapibaara.jpg","contentUrl":"https:\/\/saaremaazoo.ee\/wp-content\/uploads\/2025\/09\/tasku-kapibaara.jpg","width":591,"height":591},{"@type":"BreadcrumbList","@id":"https:\/\/saaremaazoo.ee\/en\/toode\/kaisukas-tasku-kapibaara\/#breadcrumb","itemListElement":[{"@type":"ListItem","position":1,"name":"Home","item":"https:\/\/www.saaremaazoo.ee\/en\/"},{"@type":"ListItem","position":2,"name":"Pood","item":"https:\/\/saaremaazoo.ee\/pood\/"},{"@type":"ListItem","position":3,"name":"Kaisukas tasku kapibaara"}]},{"@type":"WebSite","@id":"https:\/\/saaremaazoo.ee\/en\/#website","url":"https:\/\/saaremaazoo.ee\/en\/","name":"Saaremaa Zoo","description":"Saaremaa esimene Loomaaed","publisher":{"@id":"https:\/\/saaremaazoo.ee\/en\/#organization"},"potentialAction":[{"@type":"SearchAction","target":{"@type":"EntryPoint","urlTemplate":"https:\/\/saaremaazoo.ee\/en\/?s={search_term_string}"},"query-input":{"@type":"PropertyValueSpecification","valueRequired":true,"valueName":"search_term_string"}}],"inLanguage":"en-US"},{"@type":"Organization","@id":"https:\/\/saaremaazoo.ee\/en\/#organization","name":"Saaremaa Loomaaed","alternateName":"Saaremaa Zoo","url":"https:\/\/saaremaazoo.ee\/en\/","logo":{"@type":"ImageObject","inLanguage":"en-US","@id":"https:\/\/saaremaazoo.ee\/en\/#\/schema\/logo\/image\/","url":"https:\/\/saaremaazoo.ee\/wp-content\/uploads\/2024\/12\/cropped-cropped-saaremaazoo_magnet_leemur__1__page-0001-removebg-preview.png","contentUrl":"https:\/\/saaremaazoo.ee\/wp-content\/uploads\/2024\/12\/cropped-cropped-saaremaazoo_magnet_leemur__1__page-0001-removebg-preview.png","width":467,"height":325,"caption":"Saaremaa Loomaaed"},"image":{"@id":"https:\/\/saaremaazoo.ee\/en\/#\/schema\/logo\/image\/"},"sameAs":["https:\/\/www.facebook.com\/saaremaazoo","https:\/\/www.instagram.com\/saaremaazoo\/"]}]}},"jetpack_sharing_enabled":true,"_links":{"self":[{"href":"https:\/\/saaremaazoo.ee\/en\/wp-json\/wp\/v2\/product\/58519","targetHints":{"allow":["GET"]}}],"collection":[{"href":"https:\/\/saaremaazoo.ee\/en\/wp-json\/wp\/v2\/product"}],"about":[{"href":"https:\/\/saaremaazoo.ee\/en\/wp-json\/wp\/v2\/types\/product"}],"replies":[{"embeddable":true,"href":"https:\/\/saaremaazoo.ee\/en\/wp-json\/wp\/v2\/comments?post=58519"}],"wp:featuredmedia":[{"embeddable":true,"href":"https:\/\/saaremaazoo.ee\/en\/wp-json\/wp\/v2\/media\/58521"}],"wp:attachment":[{"href":"https:\/\/saaremaazoo.ee\/en\/wp-json\/wp\/v2\/media?parent=58519"}],"wp:term":[{"taxonomy":"product_brand","embeddable":true,"href":"https:\/\/saaremaazoo.ee\/en\/wp-json\/wp\/v2\/product_brand?post=58519"},{"taxonomy":"product_cat","embeddable":true,"href":"https:\/\/saaremaazoo.ee\/en\/wp-json\/wp\/v2\/product_cat?post=58519"},{"taxonomy":"product_tag","embeddable":true,"href":"https:\/\/saaremaazoo.ee\/en\/wp-json\/wp\/v2\/product_tag?post=58519"}],"curies":[{"name":"wp","href":"https:\/\/api.w.org\/{rel}","templated":true}]}}