{"id":58498,"date":"2025-09-17T13:04:24","date_gmt":"2025-09-17T13:04:24","guid":{"rendered":"https:\/\/www.saaremaazoo.ee\/?post_type=product&#038;p=58498"},"modified":"2025-12-17T16:36:50","modified_gmt":"2025-12-17T16:36:50","slug":"pehme-hobuse-kaisukas","status":"publish","type":"product","link":"https:\/\/saaremaazoo.ee\/en\/toode\/pehme-hobuse-kaisukas\/","title":{"rendered":"Pehme hobuse kaisukas"},"content":{"rendered":"<p data-start=\"165\" data-end=\"574\">Hobuse kaisukas on pehme m\u00e4nguloom, mis paistab silma oma erilise disaini ja suuruse poolest. Tal on tugevad jooned, karvane kate ja armas s\u00f5bralik n\u00e4gu.<\/p>\n<ul data-start=\"593\" data-end=\"1472\">\n<li data-start=\"593\" data-end=\"713\">\n<p data-start=\"595\" data-end=\"713\"><strong data-start=\"595\" data-end=\"607\">Materjal<\/strong>: pehme ja silituseks kutsuv kangas, mis annab m\u00e4nguloomale m\u00f5nusa tekstuuri, mida on lapsel hea puudutada.<\/p>\n<\/li>\n<li data-start=\"904\" data-end=\"1278\">\n<p data-start=\"906\" data-end=\"1278\">See pehme hobune sobib suurep\u00e4raselt kaisutamiseks, m\u00e4ngimiseks, dekoratiivseks detailiks laste tuppa ning on hea kaaslane lapsele. Hobused kui loomad on traditsiooniliselt s\u00fcmboliks lojaalsusele, vaprusele ja s\u00f5prusele. See v\u00f5ib olla lapse kujutlusv\u00f5ime toetaja ning emotsionaalne tugi.<\/p>\n<\/li>\n<li data-start=\"1279\" data-end=\"1472\">\n<p data-start=\"1281\" data-end=\"1472\"><strong data-start=\"1281\" data-end=\"1293\">Kingitus<\/strong>: Suurus ja visuaalne m\u00f5ju teevad sellest tootest ideaalse kingituse s\u00fcnnip\u00e4evaks, j\u00f5uludeks v\u00f5i m\u00f5ne teise t\u00e4htp\u00e4eva puhuks.<\/p>\n<\/li>\n<\/ul>\n","protected":false},"excerpt":{"rendered":"<p>Hobuse kaisukas on pehme m\u00e4nguloom, mis paistab silma oma erilise disaini ja suuruse poolest. Tal on tugevad jooned, karvane kate ja armas s\u00f5bralik n\u00e4gu. Materjal: pehme ja silituseks kutsuv kangas,&hellip;<\/p>\n","protected":false},"featured_media":58499,"comment_status":"open","ping_status":"closed","template":"","meta":{"_acf_changed":false},"product_brand":[],"product_cat":[281],"product_tag":[],"class_list":{"0":"post-58498","1":"product","2":"type-product","3":"status-publish","4":"has-post-thumbnail","6":"product_cat-saaremaa-loomaia-manguasjad","8":"first","9":"instock","10":"shipping-taxable","11":"purchasable","12":"product-type-simple"},"acf":[],"yoast_head":"<!-- This site is optimized with the Yoast SEO plugin v27.4 - https:\/\/yoast.com\/product\/yoast-seo-wordpress\/ -->\n<title>Pehme hobuse kaisukas - Saaremaa Zoo<\/title>\n<meta name=\"description\" content=\"Funkyland S Horse \u2014 suur pehme hobune Funkylandi stiilis, pikkade karvade ja s\u00f5braliku n\u00e4guga. Armas ja v\u00e4ljendusrikas m\u00e4nguloom lastele ja kingituseks.\" \/>\n<meta name=\"robots\" content=\"index, follow, max-snippet:-1, max-image-preview:large, max-video-preview:-1\" \/>\n<link rel=\"canonical\" href=\"https:\/\/saaremaazoo.ee\/en\/toode\/pehme-hobuse-kaisukas\/\" \/>\n<meta property=\"og:locale\" content=\"en_US\" \/>\n<meta property=\"og:type\" content=\"article\" \/>\n<meta property=\"og:title\" content=\"Pehme hobuse kaisukas - Saaremaa Zoo\" \/>\n<meta property=\"og:description\" content=\"Funkyland S Horse \u2014 suur pehme hobune Funkylandi stiilis, pikkade karvade ja s\u00f5braliku n\u00e4guga. Armas ja v\u00e4ljendusrikas m\u00e4nguloom lastele ja kingituseks.\" \/>\n<meta property=\"og:url\" content=\"https:\/\/saaremaazoo.ee\/en\/toode\/pehme-hobuse-kaisukas\/\" \/>\n<meta property=\"og:site_name\" content=\"Saaremaa Zoo\" \/>\n<meta property=\"article:publisher\" content=\"https:\/\/www.facebook.com\/saaremaazoo\" \/>\n<meta property=\"article:modified_time\" content=\"2025-12-17T16:36:50+00:00\" \/>\n<meta property=\"og:image\" content=\"https:\/\/www.saaremaazoo.ee\/wp-content\/uploads\/2025\/09\/suur-hobune.jpg\" \/>\n\t<meta property=\"og:image:width\" content=\"591\" \/>\n\t<meta property=\"og:image:height\" content=\"591\" \/>\n\t<meta property=\"og:image:type\" content=\"image\/jpeg\" \/>\n<meta name=\"twitter:card\" content=\"summary_large_image\" \/>\n<meta name=\"twitter:label1\" content=\"Est. reading time\" \/>\n\t<meta name=\"twitter:data1\" content=\"1 minute\" \/>\n<script type=\"application\/ld+json\" class=\"yoast-schema-graph\">{\"@context\":\"https:\\\/\\\/schema.org\",\"@graph\":[{\"@type\":\"WebPage\",\"@id\":\"https:\\\/\\\/saaremaazoo.ee\\\/en\\\/toode\\\/pehme-hobuse-kaisukas\\\/\",\"url\":\"https:\\\/\\\/saaremaazoo.ee\\\/en\\\/toode\\\/pehme-hobuse-kaisukas\\\/\",\"name\":\"Pehme hobuse kaisukas - Saaremaa Zoo\",\"isPartOf\":{\"@id\":\"https:\\\/\\\/www.saaremaazoo.ee\\\/en\\\/#website\"},\"primaryImageOfPage\":{\"@id\":\"https:\\\/\\\/saaremaazoo.ee\\\/en\\\/toode\\\/pehme-hobuse-kaisukas\\\/#primaryimage\"},\"image\":{\"@id\":\"https:\\\/\\\/saaremaazoo.ee\\\/en\\\/toode\\\/pehme-hobuse-kaisukas\\\/#primaryimage\"},\"thumbnailUrl\":\"https:\\\/\\\/saaremaazoo.ee\\\/wp-content\\\/uploads\\\/2025\\\/09\\\/suur-hobune.jpg\",\"datePublished\":\"2025-09-17T13:04:24+00:00\",\"dateModified\":\"2025-12-17T16:36:50+00:00\",\"description\":\"Funkyland S Horse \u2014 suur pehme hobune Funkylandi stiilis, pikkade karvade ja s\u00f5braliku n\u00e4guga. Armas ja v\u00e4ljendusrikas m\u00e4nguloom lastele ja kingituseks.\",\"breadcrumb\":{\"@id\":\"https:\\\/\\\/saaremaazoo.ee\\\/en\\\/toode\\\/pehme-hobuse-kaisukas\\\/#breadcrumb\"},\"inLanguage\":\"en-US\",\"potentialAction\":[{\"@type\":\"ReadAction\",\"target\":[\"https:\\\/\\\/saaremaazoo.ee\\\/en\\\/toode\\\/pehme-hobuse-kaisukas\\\/\"]}]},{\"@type\":\"ImageObject\",\"inLanguage\":\"en-US\",\"@id\":\"https:\\\/\\\/saaremaazoo.ee\\\/en\\\/toode\\\/pehme-hobuse-kaisukas\\\/#primaryimage\",\"url\":\"https:\\\/\\\/saaremaazoo.ee\\\/wp-content\\\/uploads\\\/2025\\\/09\\\/suur-hobune.jpg\",\"contentUrl\":\"https:\\\/\\\/saaremaazoo.ee\\\/wp-content\\\/uploads\\\/2025\\\/09\\\/suur-hobune.jpg\",\"width\":591,\"height\":591},{\"@type\":\"BreadcrumbList\",\"@id\":\"https:\\\/\\\/saaremaazoo.ee\\\/en\\\/toode\\\/pehme-hobuse-kaisukas\\\/#breadcrumb\",\"itemListElement\":[{\"@type\":\"ListItem\",\"position\":1,\"name\":\"Home\",\"item\":\"https:\\\/\\\/www.saaremaazoo.ee\\\/en\\\/\"},{\"@type\":\"ListItem\",\"position\":2,\"name\":\"Pood\",\"item\":\"https:\\\/\\\/www.saaremaazoo.ee\\\/en\\\/shop\\\/\"},{\"@type\":\"ListItem\",\"position\":3,\"name\":\"Pehme hobuse kaisukas\"}]},{\"@type\":\"WebSite\",\"@id\":\"https:\\\/\\\/www.saaremaazoo.ee\\\/en\\\/#website\",\"url\":\"https:\\\/\\\/www.saaremaazoo.ee\\\/en\\\/\",\"name\":\"Saaremaa Zoo\",\"description\":\"Saaremaa esimene Loomaaed\",\"publisher\":{\"@id\":\"https:\\\/\\\/www.saaremaazoo.ee\\\/en\\\/#organization\"},\"potentialAction\":[{\"@type\":\"SearchAction\",\"target\":{\"@type\":\"EntryPoint\",\"urlTemplate\":\"https:\\\/\\\/www.saaremaazoo.ee\\\/en\\\/?s={search_term_string}\"},\"query-input\":{\"@type\":\"PropertyValueSpecification\",\"valueRequired\":true,\"valueName\":\"search_term_string\"}}],\"inLanguage\":\"en-US\"},{\"@type\":\"Organization\",\"@id\":\"https:\\\/\\\/www.saaremaazoo.ee\\\/en\\\/#organization\",\"name\":\"Saaremaa Loomaaed\",\"alternateName\":\"Saaremaa Zoo\",\"url\":\"https:\\\/\\\/www.saaremaazoo.ee\\\/en\\\/\",\"logo\":{\"@type\":\"ImageObject\",\"inLanguage\":\"en-US\",\"@id\":\"https:\\\/\\\/www.saaremaazoo.ee\\\/en\\\/#\\\/schema\\\/logo\\\/image\\\/\",\"url\":\"https:\\\/\\\/saaremaazoo.ee\\\/wp-content\\\/uploads\\\/2024\\\/12\\\/cropped-cropped-saaremaazoo_magnet_leemur__1__page-0001-removebg-preview.png\",\"contentUrl\":\"https:\\\/\\\/saaremaazoo.ee\\\/wp-content\\\/uploads\\\/2024\\\/12\\\/cropped-cropped-saaremaazoo_magnet_leemur__1__page-0001-removebg-preview.png\",\"width\":467,\"height\":325,\"caption\":\"Saaremaa Loomaaed\"},\"image\":{\"@id\":\"https:\\\/\\\/www.saaremaazoo.ee\\\/en\\\/#\\\/schema\\\/logo\\\/image\\\/\"},\"sameAs\":[\"https:\\\/\\\/www.facebook.com\\\/saaremaazoo\",\"https:\\\/\\\/www.instagram.com\\\/saaremaazoo\\\/\"]}]}<\/script>\n<!-- \/ Yoast SEO plugin. -->","yoast_head_json":{"title":"Pehme hobuse kaisukas - Saaremaa Zoo","description":"Funkyland S Horse \u2014 suur pehme hobune Funkylandi stiilis, pikkade karvade ja s\u00f5braliku n\u00e4guga. Armas ja v\u00e4ljendusrikas m\u00e4nguloom lastele ja kingituseks.","robots":{"index":"index","follow":"follow","max-snippet":"max-snippet:-1","max-image-preview":"max-image-preview:large","max-video-preview":"max-video-preview:-1"},"canonical":"https:\/\/saaremaazoo.ee\/en\/toode\/pehme-hobuse-kaisukas\/","og_locale":"en_US","og_type":"article","og_title":"Pehme hobuse kaisukas - Saaremaa Zoo","og_description":"Funkyland S Horse \u2014 suur pehme hobune Funkylandi stiilis, pikkade karvade ja s\u00f5braliku n\u00e4guga. Armas ja v\u00e4ljendusrikas m\u00e4nguloom lastele ja kingituseks.","og_url":"https:\/\/saaremaazoo.ee\/en\/toode\/pehme-hobuse-kaisukas\/","og_site_name":"Saaremaa Zoo","article_publisher":"https:\/\/www.facebook.com\/saaremaazoo","article_modified_time":"2025-12-17T16:36:50+00:00","og_image":[{"width":591,"height":591,"url":"https:\/\/www.saaremaazoo.ee\/wp-content\/uploads\/2025\/09\/suur-hobune.jpg","type":"image\/jpeg"}],"twitter_card":"summary_large_image","twitter_misc":{"Est. reading time":"1 minute"},"schema":{"@context":"https:\/\/schema.org","@graph":[{"@type":"WebPage","@id":"https:\/\/saaremaazoo.ee\/en\/toode\/pehme-hobuse-kaisukas\/","url":"https:\/\/saaremaazoo.ee\/en\/toode\/pehme-hobuse-kaisukas\/","name":"Pehme hobuse kaisukas - Saaremaa Zoo","isPartOf":{"@id":"https:\/\/www.saaremaazoo.ee\/en\/#website"},"primaryImageOfPage":{"@id":"https:\/\/saaremaazoo.ee\/en\/toode\/pehme-hobuse-kaisukas\/#primaryimage"},"image":{"@id":"https:\/\/saaremaazoo.ee\/en\/toode\/pehme-hobuse-kaisukas\/#primaryimage"},"thumbnailUrl":"https:\/\/saaremaazoo.ee\/wp-content\/uploads\/2025\/09\/suur-hobune.jpg","datePublished":"2025-09-17T13:04:24+00:00","dateModified":"2025-12-17T16:36:50+00:00","description":"Funkyland S Horse \u2014 suur pehme hobune Funkylandi stiilis, pikkade karvade ja s\u00f5braliku n\u00e4guga. Armas ja v\u00e4ljendusrikas m\u00e4nguloom lastele ja kingituseks.","breadcrumb":{"@id":"https:\/\/saaremaazoo.ee\/en\/toode\/pehme-hobuse-kaisukas\/#breadcrumb"},"inLanguage":"en-US","potentialAction":[{"@type":"ReadAction","target":["https:\/\/saaremaazoo.ee\/en\/toode\/pehme-hobuse-kaisukas\/"]}]},{"@type":"ImageObject","inLanguage":"en-US","@id":"https:\/\/saaremaazoo.ee\/en\/toode\/pehme-hobuse-kaisukas\/#primaryimage","url":"https:\/\/saaremaazoo.ee\/wp-content\/uploads\/2025\/09\/suur-hobune.jpg","contentUrl":"https:\/\/saaremaazoo.ee\/wp-content\/uploads\/2025\/09\/suur-hobune.jpg","width":591,"height":591},{"@type":"BreadcrumbList","@id":"https:\/\/saaremaazoo.ee\/en\/toode\/pehme-hobuse-kaisukas\/#breadcrumb","itemListElement":[{"@type":"ListItem","position":1,"name":"Home","item":"https:\/\/www.saaremaazoo.ee\/en\/"},{"@type":"ListItem","position":2,"name":"Pood","item":"https:\/\/www.saaremaazoo.ee\/en\/shop\/"},{"@type":"ListItem","position":3,"name":"Pehme hobuse kaisukas"}]},{"@type":"WebSite","@id":"https:\/\/www.saaremaazoo.ee\/en\/#website","url":"https:\/\/www.saaremaazoo.ee\/en\/","name":"Saaremaa Zoo","description":"Saaremaa esimene Loomaaed","publisher":{"@id":"https:\/\/www.saaremaazoo.ee\/en\/#organization"},"potentialAction":[{"@type":"SearchAction","target":{"@type":"EntryPoint","urlTemplate":"https:\/\/www.saaremaazoo.ee\/en\/?s={search_term_string}"},"query-input":{"@type":"PropertyValueSpecification","valueRequired":true,"valueName":"search_term_string"}}],"inLanguage":"en-US"},{"@type":"Organization","@id":"https:\/\/www.saaremaazoo.ee\/en\/#organization","name":"Saaremaa Loomaaed","alternateName":"Saaremaa Zoo","url":"https:\/\/www.saaremaazoo.ee\/en\/","logo":{"@type":"ImageObject","inLanguage":"en-US","@id":"https:\/\/www.saaremaazoo.ee\/en\/#\/schema\/logo\/image\/","url":"https:\/\/saaremaazoo.ee\/wp-content\/uploads\/2024\/12\/cropped-cropped-saaremaazoo_magnet_leemur__1__page-0001-removebg-preview.png","contentUrl":"https:\/\/saaremaazoo.ee\/wp-content\/uploads\/2024\/12\/cropped-cropped-saaremaazoo_magnet_leemur__1__page-0001-removebg-preview.png","width":467,"height":325,"caption":"Saaremaa Loomaaed"},"image":{"@id":"https:\/\/www.saaremaazoo.ee\/en\/#\/schema\/logo\/image\/"},"sameAs":["https:\/\/www.facebook.com\/saaremaazoo","https:\/\/www.instagram.com\/saaremaazoo\/"]}]}},"jetpack_sharing_enabled":true,"_links":{"self":[{"href":"https:\/\/saaremaazoo.ee\/en\/wp-json\/wp\/v2\/product\/58498","targetHints":{"allow":["GET"]}}],"collection":[{"href":"https:\/\/saaremaazoo.ee\/en\/wp-json\/wp\/v2\/product"}],"about":[{"href":"https:\/\/saaremaazoo.ee\/en\/wp-json\/wp\/v2\/types\/product"}],"replies":[{"embeddable":true,"href":"https:\/\/saaremaazoo.ee\/en\/wp-json\/wp\/v2\/comments?post=58498"}],"wp:featuredmedia":[{"embeddable":true,"href":"https:\/\/saaremaazoo.ee\/en\/wp-json\/wp\/v2\/media\/58499"}],"wp:attachment":[{"href":"https:\/\/saaremaazoo.ee\/en\/wp-json\/wp\/v2\/media?parent=58498"}],"wp:term":[{"taxonomy":"product_brand","embeddable":true,"href":"https:\/\/saaremaazoo.ee\/en\/wp-json\/wp\/v2\/product_brand?post=58498"},{"taxonomy":"product_cat","embeddable":true,"href":"https:\/\/saaremaazoo.ee\/en\/wp-json\/wp\/v2\/product_cat?post=58498"},{"taxonomy":"product_tag","embeddable":true,"href":"https:\/\/saaremaazoo.ee\/en\/wp-json\/wp\/v2\/product_tag?post=58498"}],"curies":[{"name":"wp","href":"https:\/\/api.w.org\/{rel}","templated":true}]}}