{"id":58488,"date":"2025-09-17T12:22:52","date_gmt":"2025-09-17T12:22:52","guid":{"rendered":"https:\/\/www.saaremaazoo.ee\/?post_type=product&#038;p=58488"},"modified":"2025-12-15T08:04:40","modified_gmt":"2025-12-15T08:04:40","slug":"pehme-kaisukas-lorikeet","status":"publish","type":"product","link":"https:\/\/saaremaazoo.ee\/en\/toode\/pehme-kaisukas-lorikeet\/","title":{"rendered":"Pehme kaisukas lorikeet"},"content":{"rendered":"<p data-start=\"168\" data-end=\"476\"><em data-start=\"168\" data-end=\"193\">Fluffy Rainbow Lorikeet<\/em> on <em data-start=\"213\" data-end=\"242\">Fluffy<\/em> sarja kuuluv pehme linnum\u00e4nguasi, mis toob r\u00f5\u00f5mu lastele \u2013 ja ka t\u00e4iskasvanutele, kes hindavad erksaid v\u00e4rve ja armsaid detaile. See vikerkaarev\u00e4rvides lorikeet on valmistatud v\u00e4ga pehmest materjalist, mis kutsub kaisutama ja m\u00e4ngima.<\/p>\n<ul data-start=\"506\" data-end=\"1062\">\n<li data-start=\"506\" data-end=\"704\">\n<p data-start=\"508\" data-end=\"704\"><strong data-start=\"508\" data-end=\"518\">K\u00f5rgus<\/strong>: umbes <strong data-start=\"526\" data-end=\"535\">13 cm<\/strong> \u2014 piisavalt v\u00e4ike, et olla taskus\u00f5bralik kingitus v\u00f5i lihtsalt armas m\u00e4nguasi.<\/p>\n<\/li>\n<li data-start=\"845\" data-end=\"1062\">\n<p data-start=\"847\" data-end=\"1062\"><strong data-start=\"847\" data-end=\"872\">Materjal ja kvaliteet<\/strong>: pehmet m\u00e4nguasja on meeldiv katsuda ja s\u00e4ilitab oma kuju igap\u00e4evase m\u00e4ngu k\u00e4igus. Suled, v\u00e4rvid ja konstruktsioon tagavad, et m\u00e4nguasi oleks p\u00fcsiv kaaslane.<\/p>\n<\/li>\n<\/ul>\n<p data-start=\"1100\" data-end=\"1425\">Lorikeet on m\u00e4nguasi, mis v\u00f5ib \u00f5petada lastele lindude erip\u00e4ra ja looduse mitmekesisuse kohta, miks lindudel on erksad v\u00e4rvid, kuidas vikerkaar toimib, mis on lorikeedi loomulikus elupaigaks. Sobib suurep\u00e4raselt s\u00fcnnip\u00e4evaks ja suveniiriks.<\/p>\n","protected":false},"excerpt":{"rendered":"<p>Fluffy Rainbow Lorikeet on Fluffy sarja kuuluv pehme linnum\u00e4nguasi, mis toob r\u00f5\u00f5mu lastele \u2013 ja ka t\u00e4iskasvanutele, kes hindavad erksaid v\u00e4rve ja armsaid detaile. See vikerkaarev\u00e4rvides lorikeet on valmistatud v\u00e4ga&hellip;<\/p>\n","protected":false},"featured_media":58489,"comment_status":"open","ping_status":"closed","template":"","meta":{"_acf_changed":false},"product_brand":[],"product_cat":[281],"product_tag":[],"class_list":{"0":"post-58488","1":"product","2":"type-product","3":"status-publish","4":"has-post-thumbnail","6":"product_cat-saaremaa-loomaia-manguasjad","8":"first","9":"instock","10":"shipping-taxable","11":"purchasable","12":"product-type-simple"},"acf":[],"yoast_head":"<!-- This site is optimized with the Yoast SEO plugin v27.4 - https:\/\/yoast.com\/product\/yoast-seo-wordpress\/ -->\n<title>Pehme kaisukas lorikeet - Saaremaa Zoo<\/title>\n<meta name=\"description\" content=\"Fluffy Rainbow Lorikeet \u2014 pehme ja erksav\u00e4rviline lorikeet, ideaalne tasku-kingitus lastele. Armsa disainiga m\u00e4nguasi, mis kutsub loodusest r\u00f5\u00f5mu tundma.\" \/>\n<meta name=\"robots\" content=\"index, follow, max-snippet:-1, max-image-preview:large, max-video-preview:-1\" \/>\n<link rel=\"canonical\" href=\"https:\/\/saaremaazoo.ee\/en\/toode\/pehme-kaisukas-lorikeet\/\" \/>\n<meta property=\"og:locale\" content=\"en_US\" \/>\n<meta property=\"og:type\" content=\"article\" \/>\n<meta property=\"og:title\" content=\"Pehme kaisukas lorikeet - Saaremaa Zoo\" \/>\n<meta property=\"og:description\" content=\"Fluffy Rainbow Lorikeet \u2014 pehme ja erksav\u00e4rviline lorikeet, ideaalne tasku-kingitus lastele. Armsa disainiga m\u00e4nguasi, mis kutsub loodusest r\u00f5\u00f5mu tundma.\" \/>\n<meta property=\"og:url\" content=\"https:\/\/saaremaazoo.ee\/en\/toode\/pehme-kaisukas-lorikeet\/\" \/>\n<meta property=\"og:site_name\" content=\"Saaremaa Zoo\" \/>\n<meta property=\"article:publisher\" content=\"https:\/\/www.facebook.com\/saaremaazoo\" \/>\n<meta property=\"article:modified_time\" content=\"2025-12-15T08:04:40+00:00\" \/>\n<meta property=\"og:image\" content=\"https:\/\/www.saaremaazoo.ee\/wp-content\/uploads\/2025\/09\/vaike-lorikeet.jpg\" \/>\n\t<meta property=\"og:image:width\" content=\"591\" \/>\n\t<meta property=\"og:image:height\" content=\"591\" \/>\n\t<meta property=\"og:image:type\" content=\"image\/jpeg\" \/>\n<meta name=\"twitter:card\" content=\"summary_large_image\" \/>\n<meta name=\"twitter:label1\" content=\"Est. reading time\" \/>\n\t<meta name=\"twitter:data1\" content=\"1 minute\" \/>\n<script type=\"application\/ld+json\" class=\"yoast-schema-graph\">{\"@context\":\"https:\\\/\\\/schema.org\",\"@graph\":[{\"@type\":\"WebPage\",\"@id\":\"https:\\\/\\\/saaremaazoo.ee\\\/en\\\/toode\\\/pehme-kaisukas-lorikeet\\\/\",\"url\":\"https:\\\/\\\/saaremaazoo.ee\\\/en\\\/toode\\\/pehme-kaisukas-lorikeet\\\/\",\"name\":\"Pehme kaisukas lorikeet - Saaremaa Zoo\",\"isPartOf\":{\"@id\":\"https:\\\/\\\/www.saaremaazoo.ee\\\/en\\\/#website\"},\"primaryImageOfPage\":{\"@id\":\"https:\\\/\\\/saaremaazoo.ee\\\/en\\\/toode\\\/pehme-kaisukas-lorikeet\\\/#primaryimage\"},\"image\":{\"@id\":\"https:\\\/\\\/saaremaazoo.ee\\\/en\\\/toode\\\/pehme-kaisukas-lorikeet\\\/#primaryimage\"},\"thumbnailUrl\":\"https:\\\/\\\/saaremaazoo.ee\\\/wp-content\\\/uploads\\\/2025\\\/09\\\/vaike-lorikeet.jpg\",\"datePublished\":\"2025-09-17T12:22:52+00:00\",\"dateModified\":\"2025-12-15T08:04:40+00:00\",\"description\":\"Fluffy Rainbow Lorikeet \u2014 pehme ja erksav\u00e4rviline lorikeet, ideaalne tasku-kingitus lastele. Armsa disainiga m\u00e4nguasi, mis kutsub loodusest r\u00f5\u00f5mu tundma.\",\"breadcrumb\":{\"@id\":\"https:\\\/\\\/saaremaazoo.ee\\\/en\\\/toode\\\/pehme-kaisukas-lorikeet\\\/#breadcrumb\"},\"inLanguage\":\"en-US\",\"potentialAction\":[{\"@type\":\"ReadAction\",\"target\":[\"https:\\\/\\\/saaremaazoo.ee\\\/en\\\/toode\\\/pehme-kaisukas-lorikeet\\\/\"]}]},{\"@type\":\"ImageObject\",\"inLanguage\":\"en-US\",\"@id\":\"https:\\\/\\\/saaremaazoo.ee\\\/en\\\/toode\\\/pehme-kaisukas-lorikeet\\\/#primaryimage\",\"url\":\"https:\\\/\\\/saaremaazoo.ee\\\/wp-content\\\/uploads\\\/2025\\\/09\\\/vaike-lorikeet.jpg\",\"contentUrl\":\"https:\\\/\\\/saaremaazoo.ee\\\/wp-content\\\/uploads\\\/2025\\\/09\\\/vaike-lorikeet.jpg\",\"width\":591,\"height\":591},{\"@type\":\"BreadcrumbList\",\"@id\":\"https:\\\/\\\/saaremaazoo.ee\\\/en\\\/toode\\\/pehme-kaisukas-lorikeet\\\/#breadcrumb\",\"itemListElement\":[{\"@type\":\"ListItem\",\"position\":1,\"name\":\"Home\",\"item\":\"https:\\\/\\\/www.saaremaazoo.ee\\\/en\\\/\"},{\"@type\":\"ListItem\",\"position\":2,\"name\":\"Pood\",\"item\":\"https:\\\/\\\/saaremaazoo.ee\\\/en\\\/shop\\\/\"},{\"@type\":\"ListItem\",\"position\":3,\"name\":\"Pehme kaisukas lorikeet\"}]},{\"@type\":\"WebSite\",\"@id\":\"https:\\\/\\\/www.saaremaazoo.ee\\\/en\\\/#website\",\"url\":\"https:\\\/\\\/www.saaremaazoo.ee\\\/en\\\/\",\"name\":\"Saaremaa Zoo\",\"description\":\"Saaremaa esimene Loomaaed\",\"publisher\":{\"@id\":\"https:\\\/\\\/www.saaremaazoo.ee\\\/en\\\/#organization\"},\"potentialAction\":[{\"@type\":\"SearchAction\",\"target\":{\"@type\":\"EntryPoint\",\"urlTemplate\":\"https:\\\/\\\/www.saaremaazoo.ee\\\/en\\\/?s={search_term_string}\"},\"query-input\":{\"@type\":\"PropertyValueSpecification\",\"valueRequired\":true,\"valueName\":\"search_term_string\"}}],\"inLanguage\":\"en-US\"},{\"@type\":\"Organization\",\"@id\":\"https:\\\/\\\/www.saaremaazoo.ee\\\/en\\\/#organization\",\"name\":\"Saaremaa Loomaaed\",\"alternateName\":\"Saaremaa Zoo\",\"url\":\"https:\\\/\\\/www.saaremaazoo.ee\\\/en\\\/\",\"logo\":{\"@type\":\"ImageObject\",\"inLanguage\":\"en-US\",\"@id\":\"https:\\\/\\\/www.saaremaazoo.ee\\\/en\\\/#\\\/schema\\\/logo\\\/image\\\/\",\"url\":\"https:\\\/\\\/saaremaazoo.ee\\\/wp-content\\\/uploads\\\/2024\\\/12\\\/cropped-cropped-saaremaazoo_magnet_leemur__1__page-0001-removebg-preview.png\",\"contentUrl\":\"https:\\\/\\\/saaremaazoo.ee\\\/wp-content\\\/uploads\\\/2024\\\/12\\\/cropped-cropped-saaremaazoo_magnet_leemur__1__page-0001-removebg-preview.png\",\"width\":467,\"height\":325,\"caption\":\"Saaremaa Loomaaed\"},\"image\":{\"@id\":\"https:\\\/\\\/www.saaremaazoo.ee\\\/en\\\/#\\\/schema\\\/logo\\\/image\\\/\"},\"sameAs\":[\"https:\\\/\\\/www.facebook.com\\\/saaremaazoo\",\"https:\\\/\\\/www.instagram.com\\\/saaremaazoo\\\/\"]}]}<\/script>\n<!-- \/ Yoast SEO plugin. -->","yoast_head_json":{"title":"Pehme kaisukas lorikeet - Saaremaa Zoo","description":"Fluffy Rainbow Lorikeet \u2014 pehme ja erksav\u00e4rviline lorikeet, ideaalne tasku-kingitus lastele. Armsa disainiga m\u00e4nguasi, mis kutsub loodusest r\u00f5\u00f5mu tundma.","robots":{"index":"index","follow":"follow","max-snippet":"max-snippet:-1","max-image-preview":"max-image-preview:large","max-video-preview":"max-video-preview:-1"},"canonical":"https:\/\/saaremaazoo.ee\/en\/toode\/pehme-kaisukas-lorikeet\/","og_locale":"en_US","og_type":"article","og_title":"Pehme kaisukas lorikeet - Saaremaa Zoo","og_description":"Fluffy Rainbow Lorikeet \u2014 pehme ja erksav\u00e4rviline lorikeet, ideaalne tasku-kingitus lastele. Armsa disainiga m\u00e4nguasi, mis kutsub loodusest r\u00f5\u00f5mu tundma.","og_url":"https:\/\/saaremaazoo.ee\/en\/toode\/pehme-kaisukas-lorikeet\/","og_site_name":"Saaremaa Zoo","article_publisher":"https:\/\/www.facebook.com\/saaremaazoo","article_modified_time":"2025-12-15T08:04:40+00:00","og_image":[{"width":591,"height":591,"url":"https:\/\/www.saaremaazoo.ee\/wp-content\/uploads\/2025\/09\/vaike-lorikeet.jpg","type":"image\/jpeg"}],"twitter_card":"summary_large_image","twitter_misc":{"Est. reading time":"1 minute"},"schema":{"@context":"https:\/\/schema.org","@graph":[{"@type":"WebPage","@id":"https:\/\/saaremaazoo.ee\/en\/toode\/pehme-kaisukas-lorikeet\/","url":"https:\/\/saaremaazoo.ee\/en\/toode\/pehme-kaisukas-lorikeet\/","name":"Pehme kaisukas lorikeet - Saaremaa Zoo","isPartOf":{"@id":"https:\/\/www.saaremaazoo.ee\/en\/#website"},"primaryImageOfPage":{"@id":"https:\/\/saaremaazoo.ee\/en\/toode\/pehme-kaisukas-lorikeet\/#primaryimage"},"image":{"@id":"https:\/\/saaremaazoo.ee\/en\/toode\/pehme-kaisukas-lorikeet\/#primaryimage"},"thumbnailUrl":"https:\/\/saaremaazoo.ee\/wp-content\/uploads\/2025\/09\/vaike-lorikeet.jpg","datePublished":"2025-09-17T12:22:52+00:00","dateModified":"2025-12-15T08:04:40+00:00","description":"Fluffy Rainbow Lorikeet \u2014 pehme ja erksav\u00e4rviline lorikeet, ideaalne tasku-kingitus lastele. Armsa disainiga m\u00e4nguasi, mis kutsub loodusest r\u00f5\u00f5mu tundma.","breadcrumb":{"@id":"https:\/\/saaremaazoo.ee\/en\/toode\/pehme-kaisukas-lorikeet\/#breadcrumb"},"inLanguage":"en-US","potentialAction":[{"@type":"ReadAction","target":["https:\/\/saaremaazoo.ee\/en\/toode\/pehme-kaisukas-lorikeet\/"]}]},{"@type":"ImageObject","inLanguage":"en-US","@id":"https:\/\/saaremaazoo.ee\/en\/toode\/pehme-kaisukas-lorikeet\/#primaryimage","url":"https:\/\/saaremaazoo.ee\/wp-content\/uploads\/2025\/09\/vaike-lorikeet.jpg","contentUrl":"https:\/\/saaremaazoo.ee\/wp-content\/uploads\/2025\/09\/vaike-lorikeet.jpg","width":591,"height":591},{"@type":"BreadcrumbList","@id":"https:\/\/saaremaazoo.ee\/en\/toode\/pehme-kaisukas-lorikeet\/#breadcrumb","itemListElement":[{"@type":"ListItem","position":1,"name":"Home","item":"https:\/\/www.saaremaazoo.ee\/en\/"},{"@type":"ListItem","position":2,"name":"Pood","item":"https:\/\/saaremaazoo.ee\/en\/shop\/"},{"@type":"ListItem","position":3,"name":"Pehme kaisukas lorikeet"}]},{"@type":"WebSite","@id":"https:\/\/www.saaremaazoo.ee\/en\/#website","url":"https:\/\/www.saaremaazoo.ee\/en\/","name":"Saaremaa Zoo","description":"Saaremaa esimene Loomaaed","publisher":{"@id":"https:\/\/www.saaremaazoo.ee\/en\/#organization"},"potentialAction":[{"@type":"SearchAction","target":{"@type":"EntryPoint","urlTemplate":"https:\/\/www.saaremaazoo.ee\/en\/?s={search_term_string}"},"query-input":{"@type":"PropertyValueSpecification","valueRequired":true,"valueName":"search_term_string"}}],"inLanguage":"en-US"},{"@type":"Organization","@id":"https:\/\/www.saaremaazoo.ee\/en\/#organization","name":"Saaremaa Loomaaed","alternateName":"Saaremaa Zoo","url":"https:\/\/www.saaremaazoo.ee\/en\/","logo":{"@type":"ImageObject","inLanguage":"en-US","@id":"https:\/\/www.saaremaazoo.ee\/en\/#\/schema\/logo\/image\/","url":"https:\/\/saaremaazoo.ee\/wp-content\/uploads\/2024\/12\/cropped-cropped-saaremaazoo_magnet_leemur__1__page-0001-removebg-preview.png","contentUrl":"https:\/\/saaremaazoo.ee\/wp-content\/uploads\/2024\/12\/cropped-cropped-saaremaazoo_magnet_leemur__1__page-0001-removebg-preview.png","width":467,"height":325,"caption":"Saaremaa Loomaaed"},"image":{"@id":"https:\/\/www.saaremaazoo.ee\/en\/#\/schema\/logo\/image\/"},"sameAs":["https:\/\/www.facebook.com\/saaremaazoo","https:\/\/www.instagram.com\/saaremaazoo\/"]}]}},"jetpack_sharing_enabled":true,"_links":{"self":[{"href":"https:\/\/saaremaazoo.ee\/en\/wp-json\/wp\/v2\/product\/58488","targetHints":{"allow":["GET"]}}],"collection":[{"href":"https:\/\/saaremaazoo.ee\/en\/wp-json\/wp\/v2\/product"}],"about":[{"href":"https:\/\/saaremaazoo.ee\/en\/wp-json\/wp\/v2\/types\/product"}],"replies":[{"embeddable":true,"href":"https:\/\/saaremaazoo.ee\/en\/wp-json\/wp\/v2\/comments?post=58488"}],"wp:featuredmedia":[{"embeddable":true,"href":"https:\/\/saaremaazoo.ee\/en\/wp-json\/wp\/v2\/media\/58489"}],"wp:attachment":[{"href":"https:\/\/saaremaazoo.ee\/en\/wp-json\/wp\/v2\/media?parent=58488"}],"wp:term":[{"taxonomy":"product_brand","embeddable":true,"href":"https:\/\/saaremaazoo.ee\/en\/wp-json\/wp\/v2\/product_brand?post=58488"},{"taxonomy":"product_cat","embeddable":true,"href":"https:\/\/saaremaazoo.ee\/en\/wp-json\/wp\/v2\/product_cat?post=58488"},{"taxonomy":"product_tag","embeddable":true,"href":"https:\/\/saaremaazoo.ee\/en\/wp-json\/wp\/v2\/product_tag?post=58488"}],"curies":[{"name":"wp","href":"https:\/\/api.w.org\/{rel}","templated":true}]}}