{"id":58473,"date":"2025-09-17T11:19:09","date_gmt":"2025-09-17T11:19:09","guid":{"rendered":"https:\/\/www.saaremaazoo.ee\/?post_type=product&#038;p=58473"},"modified":"2025-09-17T11:19:09","modified_gmt":"2025-09-17T11:19:09","slug":"pehme-kaisukas-zebra","status":"publish","type":"product","link":"https:\/\/www.saaremaazoo.ee\/en\/toode\/pehme-kaisukas-zebra\/","title":{"rendered":"Pehme kaisukas zebra"},"content":{"rendered":"<p data-start=\"137\" data-end=\"474\"><strong data-start=\"137\" data-end=\"158\">Funkyland S Zebra<\/strong> on Nature Planet\u2019i <em data-start=\"178\" data-end=\"189\">Funkyland<\/em> seeria pehme m\u00e4nguloom, mis toob r\u00f5\u00f5mu nii lapse m\u00e4nguajale kui ka tuppa dekoratiivseks detailiks. See triibuline zebra on suuruse ja kaaluga tehtud selliselt, et ta on piisavalt muljetavaldav ja laps teda m\u00e4rkaks.<\/p>\n<ul data-start=\"476\" data-end=\"1334\">\n<li data-start=\"476\" data-end=\"642\">\n<p data-start=\"478\" data-end=\"642\"><strong data-start=\"478\" data-end=\"488\">K\u00f5rgus<\/strong>: 47 cm \u2014 sobib h\u00e4sti kaisutamiseks ja kujutlusm\u00e4ngudeks. Piisavalt kerge, et laps saab zebra k\u00e4tte v\u00f5tta ja koos temaga ringi liikuda.<\/p>\n<\/li>\n<li data-start=\"783\" data-end=\"952\">\n<p data-start=\"785\" data-end=\"952\">Disain: klassikaline zebra muster \u2014 must-valged triibud, mis loovad silmapaistva visuaalse efekti. Funkyland-stiil annab m\u00e4nguasjale elavuse ja karakteri.<\/p>\n<\/li>\n<li data-start=\"953\" data-end=\"1160\">\n<p data-start=\"955\" data-end=\"1160\">Vastupidavus ja kasutusmugavus: \u00f5mblused ja materjalid on sobivad korduvale kasutamisele \u2014 m\u00e4ngimiseks ning kaisutamiseks.<\/p>\n<\/li>\n<li data-start=\"1161\" data-end=\"1334\">\n<p data-start=\"1163\" data-end=\"1334\">Kuna m\u00f5\u00f5tmed ja visuaalne m\u00f5ju on tugevad, sobib see zebra h\u00e4sti kingituseks s\u00fcnnip\u00e4evaks v\u00f5i t\u00e4htp\u00e4evaks \u2014 kingitus, mis j\u00e4\u00e4b silma ja j\u00e4\u00e4b lapsele meelde.<\/p>\n<\/li>\n<\/ul>\n","protected":false},"excerpt":{"rendered":"<p>Funkyland S Zebra on Nature Planet\u2019i Funkyland seeria pehme m\u00e4nguloom, mis toob r\u00f5\u00f5mu nii lapse m\u00e4nguajale kui ka tuppa dekoratiivseks detailiks. See triibuline zebra on suuruse ja kaaluga tehtud selliselt,&hellip;<\/p>\n","protected":false},"featured_media":58474,"comment_status":"open","ping_status":"closed","template":"","meta":{"_acf_changed":false},"product_brand":[],"product_cat":[281],"product_tag":[],"class_list":{"0":"post-58473","1":"product","2":"type-product","3":"status-publish","4":"has-post-thumbnail","6":"product_cat-saaremaa-loomaia-manguasjad","8":"first","9":"instock","10":"shipping-taxable","11":"purchasable","12":"product-type-simple"},"acf":[],"yoast_head":"<!-- This site is optimized with the Yoast SEO plugin v27.4 - https:\/\/yoast.com\/product\/yoast-seo-wordpress\/ -->\n<title>Pehme kaisukas zebra - Saaremaa Zoo<\/title>\n<meta name=\"description\" content=\"Funkyland S Zebra \u2014 47 cm pehme zebra triibulise mustriga. Armas, silmapaistev ja kaisutatav m\u00e4nguloom lastele.\" \/>\n<meta name=\"robots\" content=\"index, follow, max-snippet:-1, max-image-preview:large, max-video-preview:-1\" \/>\n<link rel=\"canonical\" href=\"https:\/\/www.saaremaazoo.ee\/en\/toode\/pehme-kaisukas-zebra\/\" \/>\n<meta property=\"og:locale\" content=\"en_US\" \/>\n<meta property=\"og:type\" content=\"article\" \/>\n<meta property=\"og:title\" content=\"Pehme kaisukas zebra - Saaremaa Zoo\" \/>\n<meta property=\"og:description\" content=\"Funkyland S Zebra \u2014 47 cm pehme zebra triibulise mustriga. Armas, silmapaistev ja kaisutatav m\u00e4nguloom lastele.\" \/>\n<meta property=\"og:url\" content=\"https:\/\/www.saaremaazoo.ee\/en\/toode\/pehme-kaisukas-zebra\/\" \/>\n<meta property=\"og:site_name\" content=\"Saaremaa Zoo\" \/>\n<meta property=\"article:publisher\" content=\"https:\/\/www.facebook.com\/saaremaazoo\" \/>\n<meta property=\"og:image\" content=\"https:\/\/saaremaazoo.ee\/wp-content\/uploads\/2025\/09\/sebra.jpg\" \/>\n\t<meta property=\"og:image:width\" content=\"591\" \/>\n\t<meta property=\"og:image:height\" content=\"591\" \/>\n\t<meta property=\"og:image:type\" content=\"image\/jpeg\" \/>\n<meta name=\"twitter:card\" content=\"summary_large_image\" \/>\n<meta name=\"twitter:label1\" content=\"Est. reading time\" \/>\n\t<meta name=\"twitter:data1\" content=\"1 minute\" \/>\n<script type=\"application\/ld+json\" class=\"yoast-schema-graph\">{\"@context\":\"https:\\\/\\\/schema.org\",\"@graph\":[{\"@type\":\"WebPage\",\"@id\":\"https:\\\/\\\/www.saaremaazoo.ee\\\/en\\\/toode\\\/pehme-kaisukas-zebra\\\/\",\"url\":\"https:\\\/\\\/www.saaremaazoo.ee\\\/en\\\/toode\\\/pehme-kaisukas-zebra\\\/\",\"name\":\"Pehme kaisukas zebra - Saaremaa Zoo\",\"isPartOf\":{\"@id\":\"https:\\\/\\\/www.saaremaazoo.ee\\\/en\\\/#website\"},\"primaryImageOfPage\":{\"@id\":\"https:\\\/\\\/www.saaremaazoo.ee\\\/en\\\/toode\\\/pehme-kaisukas-zebra\\\/#primaryimage\"},\"image\":{\"@id\":\"https:\\\/\\\/www.saaremaazoo.ee\\\/en\\\/toode\\\/pehme-kaisukas-zebra\\\/#primaryimage\"},\"thumbnailUrl\":\"https:\\\/\\\/www.saaremaazoo.ee\\\/wp-content\\\/uploads\\\/2025\\\/09\\\/sebra.jpg\",\"datePublished\":\"2025-09-17T11:19:09+00:00\",\"description\":\"Funkyland S Zebra \u2014 47 cm pehme zebra triibulise mustriga. Armas, silmapaistev ja kaisutatav m\u00e4nguloom lastele.\",\"breadcrumb\":{\"@id\":\"https:\\\/\\\/www.saaremaazoo.ee\\\/en\\\/toode\\\/pehme-kaisukas-zebra\\\/#breadcrumb\"},\"inLanguage\":\"en-US\",\"potentialAction\":[{\"@type\":\"ReadAction\",\"target\":[\"https:\\\/\\\/www.saaremaazoo.ee\\\/en\\\/toode\\\/pehme-kaisukas-zebra\\\/\"]}]},{\"@type\":\"ImageObject\",\"inLanguage\":\"en-US\",\"@id\":\"https:\\\/\\\/www.saaremaazoo.ee\\\/en\\\/toode\\\/pehme-kaisukas-zebra\\\/#primaryimage\",\"url\":\"https:\\\/\\\/www.saaremaazoo.ee\\\/wp-content\\\/uploads\\\/2025\\\/09\\\/sebra.jpg\",\"contentUrl\":\"https:\\\/\\\/www.saaremaazoo.ee\\\/wp-content\\\/uploads\\\/2025\\\/09\\\/sebra.jpg\",\"width\":591,\"height\":591},{\"@type\":\"BreadcrumbList\",\"@id\":\"https:\\\/\\\/www.saaremaazoo.ee\\\/en\\\/toode\\\/pehme-kaisukas-zebra\\\/#breadcrumb\",\"itemListElement\":[{\"@type\":\"ListItem\",\"position\":1,\"name\":\"Home\",\"item\":\"https:\\\/\\\/saaremaazoo.ee\\\/en\\\/\"},{\"@type\":\"ListItem\",\"position\":2,\"name\":\"Pood\",\"item\":\"https:\\\/\\\/saaremaazoo.ee\\\/pood\\\/\"},{\"@type\":\"ListItem\",\"position\":3,\"name\":\"Pehme kaisukas zebra\"}]},{\"@type\":\"WebSite\",\"@id\":\"https:\\\/\\\/www.saaremaazoo.ee\\\/en\\\/#website\",\"url\":\"https:\\\/\\\/www.saaremaazoo.ee\\\/en\\\/\",\"name\":\"Saaremaa Zoo\",\"description\":\"Saaremaa esimene Loomaaed\",\"publisher\":{\"@id\":\"https:\\\/\\\/www.saaremaazoo.ee\\\/en\\\/#organization\"},\"potentialAction\":[{\"@type\":\"SearchAction\",\"target\":{\"@type\":\"EntryPoint\",\"urlTemplate\":\"https:\\\/\\\/www.saaremaazoo.ee\\\/en\\\/?s={search_term_string}\"},\"query-input\":{\"@type\":\"PropertyValueSpecification\",\"valueRequired\":true,\"valueName\":\"search_term_string\"}}],\"inLanguage\":\"en-US\"},{\"@type\":\"Organization\",\"@id\":\"https:\\\/\\\/www.saaremaazoo.ee\\\/en\\\/#organization\",\"name\":\"Saaremaa Loomaaed\",\"alternateName\":\"Saaremaa Zoo\",\"url\":\"https:\\\/\\\/www.saaremaazoo.ee\\\/en\\\/\",\"logo\":{\"@type\":\"ImageObject\",\"inLanguage\":\"en-US\",\"@id\":\"https:\\\/\\\/www.saaremaazoo.ee\\\/en\\\/#\\\/schema\\\/logo\\\/image\\\/\",\"url\":\"https:\\\/\\\/www.saaremaazoo.ee\\\/wp-content\\\/uploads\\\/2024\\\/12\\\/cropped-cropped-saaremaazoo_magnet_leemur__1__page-0001-removebg-preview.png\",\"contentUrl\":\"https:\\\/\\\/www.saaremaazoo.ee\\\/wp-content\\\/uploads\\\/2024\\\/12\\\/cropped-cropped-saaremaazoo_magnet_leemur__1__page-0001-removebg-preview.png\",\"width\":467,\"height\":325,\"caption\":\"Saaremaa Loomaaed\"},\"image\":{\"@id\":\"https:\\\/\\\/www.saaremaazoo.ee\\\/en\\\/#\\\/schema\\\/logo\\\/image\\\/\"},\"sameAs\":[\"https:\\\/\\\/www.facebook.com\\\/saaremaazoo\",\"https:\\\/\\\/www.instagram.com\\\/saaremaazoo\\\/\"]}]}<\/script>\n<!-- \/ Yoast SEO plugin. -->","yoast_head_json":{"title":"Pehme kaisukas zebra - Saaremaa Zoo","description":"Funkyland S Zebra \u2014 47 cm pehme zebra triibulise mustriga. Armas, silmapaistev ja kaisutatav m\u00e4nguloom lastele.","robots":{"index":"index","follow":"follow","max-snippet":"max-snippet:-1","max-image-preview":"max-image-preview:large","max-video-preview":"max-video-preview:-1"},"canonical":"https:\/\/www.saaremaazoo.ee\/en\/toode\/pehme-kaisukas-zebra\/","og_locale":"en_US","og_type":"article","og_title":"Pehme kaisukas zebra - Saaremaa Zoo","og_description":"Funkyland S Zebra \u2014 47 cm pehme zebra triibulise mustriga. Armas, silmapaistev ja kaisutatav m\u00e4nguloom lastele.","og_url":"https:\/\/www.saaremaazoo.ee\/en\/toode\/pehme-kaisukas-zebra\/","og_site_name":"Saaremaa Zoo","article_publisher":"https:\/\/www.facebook.com\/saaremaazoo","og_image":[{"width":591,"height":591,"url":"https:\/\/saaremaazoo.ee\/wp-content\/uploads\/2025\/09\/sebra.jpg","type":"image\/jpeg"}],"twitter_card":"summary_large_image","twitter_misc":{"Est. reading time":"1 minute"},"schema":{"@context":"https:\/\/schema.org","@graph":[{"@type":"WebPage","@id":"https:\/\/www.saaremaazoo.ee\/en\/toode\/pehme-kaisukas-zebra\/","url":"https:\/\/www.saaremaazoo.ee\/en\/toode\/pehme-kaisukas-zebra\/","name":"Pehme kaisukas zebra - Saaremaa Zoo","isPartOf":{"@id":"https:\/\/www.saaremaazoo.ee\/en\/#website"},"primaryImageOfPage":{"@id":"https:\/\/www.saaremaazoo.ee\/en\/toode\/pehme-kaisukas-zebra\/#primaryimage"},"image":{"@id":"https:\/\/www.saaremaazoo.ee\/en\/toode\/pehme-kaisukas-zebra\/#primaryimage"},"thumbnailUrl":"https:\/\/www.saaremaazoo.ee\/wp-content\/uploads\/2025\/09\/sebra.jpg","datePublished":"2025-09-17T11:19:09+00:00","description":"Funkyland S Zebra \u2014 47 cm pehme zebra triibulise mustriga. Armas, silmapaistev ja kaisutatav m\u00e4nguloom lastele.","breadcrumb":{"@id":"https:\/\/www.saaremaazoo.ee\/en\/toode\/pehme-kaisukas-zebra\/#breadcrumb"},"inLanguage":"en-US","potentialAction":[{"@type":"ReadAction","target":["https:\/\/www.saaremaazoo.ee\/en\/toode\/pehme-kaisukas-zebra\/"]}]},{"@type":"ImageObject","inLanguage":"en-US","@id":"https:\/\/www.saaremaazoo.ee\/en\/toode\/pehme-kaisukas-zebra\/#primaryimage","url":"https:\/\/www.saaremaazoo.ee\/wp-content\/uploads\/2025\/09\/sebra.jpg","contentUrl":"https:\/\/www.saaremaazoo.ee\/wp-content\/uploads\/2025\/09\/sebra.jpg","width":591,"height":591},{"@type":"BreadcrumbList","@id":"https:\/\/www.saaremaazoo.ee\/en\/toode\/pehme-kaisukas-zebra\/#breadcrumb","itemListElement":[{"@type":"ListItem","position":1,"name":"Home","item":"https:\/\/saaremaazoo.ee\/en\/"},{"@type":"ListItem","position":2,"name":"Pood","item":"https:\/\/saaremaazoo.ee\/pood\/"},{"@type":"ListItem","position":3,"name":"Pehme kaisukas zebra"}]},{"@type":"WebSite","@id":"https:\/\/www.saaremaazoo.ee\/en\/#website","url":"https:\/\/www.saaremaazoo.ee\/en\/","name":"Saaremaa Zoo","description":"Saaremaa esimene Loomaaed","publisher":{"@id":"https:\/\/www.saaremaazoo.ee\/en\/#organization"},"potentialAction":[{"@type":"SearchAction","target":{"@type":"EntryPoint","urlTemplate":"https:\/\/www.saaremaazoo.ee\/en\/?s={search_term_string}"},"query-input":{"@type":"PropertyValueSpecification","valueRequired":true,"valueName":"search_term_string"}}],"inLanguage":"en-US"},{"@type":"Organization","@id":"https:\/\/www.saaremaazoo.ee\/en\/#organization","name":"Saaremaa Loomaaed","alternateName":"Saaremaa Zoo","url":"https:\/\/www.saaremaazoo.ee\/en\/","logo":{"@type":"ImageObject","inLanguage":"en-US","@id":"https:\/\/www.saaremaazoo.ee\/en\/#\/schema\/logo\/image\/","url":"https:\/\/www.saaremaazoo.ee\/wp-content\/uploads\/2024\/12\/cropped-cropped-saaremaazoo_magnet_leemur__1__page-0001-removebg-preview.png","contentUrl":"https:\/\/www.saaremaazoo.ee\/wp-content\/uploads\/2024\/12\/cropped-cropped-saaremaazoo_magnet_leemur__1__page-0001-removebg-preview.png","width":467,"height":325,"caption":"Saaremaa Loomaaed"},"image":{"@id":"https:\/\/www.saaremaazoo.ee\/en\/#\/schema\/logo\/image\/"},"sameAs":["https:\/\/www.facebook.com\/saaremaazoo","https:\/\/www.instagram.com\/saaremaazoo\/"]}]}},"jetpack_sharing_enabled":true,"_links":{"self":[{"href":"https:\/\/www.saaremaazoo.ee\/en\/wp-json\/wp\/v2\/product\/58473","targetHints":{"allow":["GET"]}}],"collection":[{"href":"https:\/\/www.saaremaazoo.ee\/en\/wp-json\/wp\/v2\/product"}],"about":[{"href":"https:\/\/www.saaremaazoo.ee\/en\/wp-json\/wp\/v2\/types\/product"}],"replies":[{"embeddable":true,"href":"https:\/\/www.saaremaazoo.ee\/en\/wp-json\/wp\/v2\/comments?post=58473"}],"wp:featuredmedia":[{"embeddable":true,"href":"https:\/\/www.saaremaazoo.ee\/en\/wp-json\/wp\/v2\/media\/58474"}],"wp:attachment":[{"href":"https:\/\/www.saaremaazoo.ee\/en\/wp-json\/wp\/v2\/media?parent=58473"}],"wp:term":[{"taxonomy":"product_brand","embeddable":true,"href":"https:\/\/www.saaremaazoo.ee\/en\/wp-json\/wp\/v2\/product_brand?post=58473"},{"taxonomy":"product_cat","embeddable":true,"href":"https:\/\/www.saaremaazoo.ee\/en\/wp-json\/wp\/v2\/product_cat?post=58473"},{"taxonomy":"product_tag","embeddable":true,"href":"https:\/\/www.saaremaazoo.ee\/en\/wp-json\/wp\/v2\/product_tag?post=58473"}],"curies":[{"name":"wp","href":"https:\/\/api.w.org\/{rel}","templated":true}]}}