{"id":58448,"date":"2025-09-17T10:01:04","date_gmt":"2025-09-17T10:01:04","guid":{"rendered":"https:\/\/www.saaremaazoo.ee\/?post_type=product&#038;p=58448"},"modified":"2026-01-03T11:29:43","modified_gmt":"2026-01-03T11:29:43","slug":"vaike-kass","status":"publish","type":"product","link":"https:\/\/saaremaazoo.ee\/en\/toode\/vaike-kass\/","title":{"rendered":"V\u00e4ike kass"},"content":{"rendered":"<p data-start=\"163\" data-end=\"479\"><strong data-start=\"163\" data-end=\"188\">Little Ones Tabby Cat<\/strong> on Nature Planet\u2019i <em data-start=\"208\" data-end=\"221\">Little Ones<\/em> sari esindaja \u2013 armas ja realistlik pehme m\u00e4ngukassike, mis sobib ideaalselt v\u00e4ikestele lastele armastatud kaisuloomaks. Triibulised detailid annavad kassile m\u00e4nguliselt loomuliku ja silmapaistva v\u00e4limuse, mis \u00e4ratab laste fantaasia.<\/p>\n<p data-start=\"481\" data-end=\"812\">Kass on valmistatud pehmest materjalist, mis kutsub silitamiseks ning lohutab nii uinudes kui m\u00e4ngides. V\u00e4ga kerge \u2013 umbes 46 grammi \u2013 mis teeb selle ideaalseks kaaslaseks kotis, autos\u00f5itudel v\u00f5i reisil. Kompaktne suurus ja m\u00f5nus pehmus t\u00e4hendavad, et Tabby Cat ei v\u00f5ta palju ruumi, aga pakub suurt r\u00f5\u00f5mu ja turvatunnet.<\/p>\n<p data-start=\"814\" data-end=\"1052\">Sobib suurep\u00e4raselt kingituseks beebidele ja v\u00e4ikelastele, samuti peredele, kes hindavad loodusl\u00e4hedast esteetikat. Kui otsid m\u00e4ngulooma, mis on nii armas kui ka praktiline, mis saab olla lapse truu s\u00f5ber \u2014 see Tabby Cat vastab ootustele.<\/p>\n","protected":false},"excerpt":{"rendered":"<p>Little Ones Tabby Cat on Nature Planet\u2019i Little Ones sari esindaja \u2013 armas ja realistlik pehme m\u00e4ngukassike, mis sobib ideaalselt v\u00e4ikestele lastele armastatud kaisuloomaks. Triibulised detailid annavad kassile m\u00e4nguliselt loomuliku&hellip;<\/p>\n","protected":false},"featured_media":58449,"comment_status":"open","ping_status":"closed","template":"","meta":{"_acf_changed":false},"product_brand":[],"product_cat":[281],"product_tag":[],"class_list":{"0":"post-58448","1":"product","2":"type-product","3":"status-publish","4":"has-post-thumbnail","6":"product_cat-saaremaa-loomaia-manguasjad","8":"first","9":"outofstock","10":"shipping-taxable","11":"purchasable","12":"product-type-simple"},"acf":[],"yoast_head":"<!-- This site is optimized with the Yoast SEO plugin v27.4 - https:\/\/yoast.com\/product\/yoast-seo-wordpress\/ -->\n<title>V\u00e4ike kass - Saaremaa Zoo<\/title>\n<meta name=\"description\" content=\"Little Ones Tabby Cat \u2014 pehme ja armas triibuline m\u00e4ngukass, kerge ja kompaktne. T\u00e4iuslik kaisukas lastele v\u00f5i kingituseks.\" \/>\n<meta name=\"robots\" content=\"index, follow, max-snippet:-1, max-image-preview:large, max-video-preview:-1\" \/>\n<link rel=\"canonical\" href=\"https:\/\/saaremaazoo.ee\/en\/toode\/vaike-kass\/\" \/>\n<meta property=\"og:locale\" content=\"en_US\" \/>\n<meta property=\"og:type\" content=\"article\" \/>\n<meta property=\"og:title\" content=\"V\u00e4ike kass - Saaremaa Zoo\" \/>\n<meta property=\"og:description\" content=\"Little Ones Tabby Cat \u2014 pehme ja armas triibuline m\u00e4ngukass, kerge ja kompaktne. T\u00e4iuslik kaisukas lastele v\u00f5i kingituseks.\" \/>\n<meta property=\"og:url\" content=\"https:\/\/saaremaazoo.ee\/en\/toode\/vaike-kass\/\" \/>\n<meta property=\"og:site_name\" content=\"Saaremaa Zoo\" \/>\n<meta property=\"article:publisher\" content=\"https:\/\/www.facebook.com\/saaremaazoo\" \/>\n<meta property=\"article:modified_time\" content=\"2026-01-03T11:29:43+00:00\" \/>\n<meta property=\"og:image\" content=\"https:\/\/saaremaazoo.ee\/wp-content\/uploads\/2025\/09\/vaike-kass.jpg\" \/>\n\t<meta property=\"og:image:width\" content=\"591\" \/>\n\t<meta property=\"og:image:height\" content=\"591\" \/>\n\t<meta property=\"og:image:type\" content=\"image\/jpeg\" \/>\n<meta name=\"twitter:card\" content=\"summary_large_image\" \/>\n<meta name=\"twitter:label1\" content=\"Est. reading time\" \/>\n\t<meta name=\"twitter:data1\" content=\"1 minute\" \/>\n<script type=\"application\/ld+json\" class=\"yoast-schema-graph\">{\"@context\":\"https:\\\/\\\/schema.org\",\"@graph\":[{\"@type\":\"WebPage\",\"@id\":\"https:\\\/\\\/saaremaazoo.ee\\\/en\\\/toode\\\/vaike-kass\\\/\",\"url\":\"https:\\\/\\\/saaremaazoo.ee\\\/en\\\/toode\\\/vaike-kass\\\/\",\"name\":\"V\u00e4ike kass - Saaremaa Zoo\",\"isPartOf\":{\"@id\":\"https:\\\/\\\/saaremaazoo.ee\\\/en\\\/#website\"},\"primaryImageOfPage\":{\"@id\":\"https:\\\/\\\/saaremaazoo.ee\\\/en\\\/toode\\\/vaike-kass\\\/#primaryimage\"},\"image\":{\"@id\":\"https:\\\/\\\/saaremaazoo.ee\\\/en\\\/toode\\\/vaike-kass\\\/#primaryimage\"},\"thumbnailUrl\":\"https:\\\/\\\/saaremaazoo.ee\\\/wp-content\\\/uploads\\\/2025\\\/09\\\/vaike-kass.jpg\",\"datePublished\":\"2025-09-17T10:01:04+00:00\",\"dateModified\":\"2026-01-03T11:29:43+00:00\",\"description\":\"Little Ones Tabby Cat \u2014 pehme ja armas triibuline m\u00e4ngukass, kerge ja kompaktne. T\u00e4iuslik kaisukas lastele v\u00f5i kingituseks.\",\"breadcrumb\":{\"@id\":\"https:\\\/\\\/saaremaazoo.ee\\\/en\\\/toode\\\/vaike-kass\\\/#breadcrumb\"},\"inLanguage\":\"en-US\",\"potentialAction\":[{\"@type\":\"ReadAction\",\"target\":[\"https:\\\/\\\/saaremaazoo.ee\\\/en\\\/toode\\\/vaike-kass\\\/\"]}]},{\"@type\":\"ImageObject\",\"inLanguage\":\"en-US\",\"@id\":\"https:\\\/\\\/saaremaazoo.ee\\\/en\\\/toode\\\/vaike-kass\\\/#primaryimage\",\"url\":\"https:\\\/\\\/saaremaazoo.ee\\\/wp-content\\\/uploads\\\/2025\\\/09\\\/vaike-kass.jpg\",\"contentUrl\":\"https:\\\/\\\/saaremaazoo.ee\\\/wp-content\\\/uploads\\\/2025\\\/09\\\/vaike-kass.jpg\",\"width\":591,\"height\":591},{\"@type\":\"BreadcrumbList\",\"@id\":\"https:\\\/\\\/saaremaazoo.ee\\\/en\\\/toode\\\/vaike-kass\\\/#breadcrumb\",\"itemListElement\":[{\"@type\":\"ListItem\",\"position\":1,\"name\":\"Home\",\"item\":\"https:\\\/\\\/saaremaazoo.ee\\\/en\\\/\"},{\"@type\":\"ListItem\",\"position\":2,\"name\":\"Pood\",\"item\":\"https:\\\/\\\/saaremaazoo.ee\\\/en\\\/shop\\\/\"},{\"@type\":\"ListItem\",\"position\":3,\"name\":\"V\u00e4ike kass\"}]},{\"@type\":\"WebSite\",\"@id\":\"https:\\\/\\\/saaremaazoo.ee\\\/en\\\/#website\",\"url\":\"https:\\\/\\\/saaremaazoo.ee\\\/en\\\/\",\"name\":\"Saaremaa Zoo\",\"description\":\"Saaremaa esimene Loomaaed\",\"publisher\":{\"@id\":\"https:\\\/\\\/saaremaazoo.ee\\\/en\\\/#organization\"},\"potentialAction\":[{\"@type\":\"SearchAction\",\"target\":{\"@type\":\"EntryPoint\",\"urlTemplate\":\"https:\\\/\\\/saaremaazoo.ee\\\/en\\\/?s={search_term_string}\"},\"query-input\":{\"@type\":\"PropertyValueSpecification\",\"valueRequired\":true,\"valueName\":\"search_term_string\"}}],\"inLanguage\":\"en-US\"},{\"@type\":\"Organization\",\"@id\":\"https:\\\/\\\/saaremaazoo.ee\\\/en\\\/#organization\",\"name\":\"Saaremaa Loomaaed\",\"alternateName\":\"Saaremaa Zoo\",\"url\":\"https:\\\/\\\/saaremaazoo.ee\\\/en\\\/\",\"logo\":{\"@type\":\"ImageObject\",\"inLanguage\":\"en-US\",\"@id\":\"https:\\\/\\\/saaremaazoo.ee\\\/en\\\/#\\\/schema\\\/logo\\\/image\\\/\",\"url\":\"https:\\\/\\\/saaremaazoo.ee\\\/wp-content\\\/uploads\\\/2024\\\/12\\\/cropped-cropped-saaremaazoo_magnet_leemur__1__page-0001-removebg-preview.png\",\"contentUrl\":\"https:\\\/\\\/saaremaazoo.ee\\\/wp-content\\\/uploads\\\/2024\\\/12\\\/cropped-cropped-saaremaazoo_magnet_leemur__1__page-0001-removebg-preview.png\",\"width\":467,\"height\":325,\"caption\":\"Saaremaa Loomaaed\"},\"image\":{\"@id\":\"https:\\\/\\\/saaremaazoo.ee\\\/en\\\/#\\\/schema\\\/logo\\\/image\\\/\"},\"sameAs\":[\"https:\\\/\\\/www.facebook.com\\\/saaremaazoo\",\"https:\\\/\\\/www.instagram.com\\\/saaremaazoo\\\/\"]}]}<\/script>\n<!-- \/ Yoast SEO plugin. -->","yoast_head_json":{"title":"V\u00e4ike kass - Saaremaa Zoo","description":"Little Ones Tabby Cat \u2014 pehme ja armas triibuline m\u00e4ngukass, kerge ja kompaktne. T\u00e4iuslik kaisukas lastele v\u00f5i kingituseks.","robots":{"index":"index","follow":"follow","max-snippet":"max-snippet:-1","max-image-preview":"max-image-preview:large","max-video-preview":"max-video-preview:-1"},"canonical":"https:\/\/saaremaazoo.ee\/en\/toode\/vaike-kass\/","og_locale":"en_US","og_type":"article","og_title":"V\u00e4ike kass - Saaremaa Zoo","og_description":"Little Ones Tabby Cat \u2014 pehme ja armas triibuline m\u00e4ngukass, kerge ja kompaktne. T\u00e4iuslik kaisukas lastele v\u00f5i kingituseks.","og_url":"https:\/\/saaremaazoo.ee\/en\/toode\/vaike-kass\/","og_site_name":"Saaremaa Zoo","article_publisher":"https:\/\/www.facebook.com\/saaremaazoo","article_modified_time":"2026-01-03T11:29:43+00:00","og_image":[{"width":591,"height":591,"url":"https:\/\/saaremaazoo.ee\/wp-content\/uploads\/2025\/09\/vaike-kass.jpg","type":"image\/jpeg"}],"twitter_card":"summary_large_image","twitter_misc":{"Est. reading time":"1 minute"},"schema":{"@context":"https:\/\/schema.org","@graph":[{"@type":"WebPage","@id":"https:\/\/saaremaazoo.ee\/en\/toode\/vaike-kass\/","url":"https:\/\/saaremaazoo.ee\/en\/toode\/vaike-kass\/","name":"V\u00e4ike kass - Saaremaa Zoo","isPartOf":{"@id":"https:\/\/saaremaazoo.ee\/en\/#website"},"primaryImageOfPage":{"@id":"https:\/\/saaremaazoo.ee\/en\/toode\/vaike-kass\/#primaryimage"},"image":{"@id":"https:\/\/saaremaazoo.ee\/en\/toode\/vaike-kass\/#primaryimage"},"thumbnailUrl":"https:\/\/saaremaazoo.ee\/wp-content\/uploads\/2025\/09\/vaike-kass.jpg","datePublished":"2025-09-17T10:01:04+00:00","dateModified":"2026-01-03T11:29:43+00:00","description":"Little Ones Tabby Cat \u2014 pehme ja armas triibuline m\u00e4ngukass, kerge ja kompaktne. T\u00e4iuslik kaisukas lastele v\u00f5i kingituseks.","breadcrumb":{"@id":"https:\/\/saaremaazoo.ee\/en\/toode\/vaike-kass\/#breadcrumb"},"inLanguage":"en-US","potentialAction":[{"@type":"ReadAction","target":["https:\/\/saaremaazoo.ee\/en\/toode\/vaike-kass\/"]}]},{"@type":"ImageObject","inLanguage":"en-US","@id":"https:\/\/saaremaazoo.ee\/en\/toode\/vaike-kass\/#primaryimage","url":"https:\/\/saaremaazoo.ee\/wp-content\/uploads\/2025\/09\/vaike-kass.jpg","contentUrl":"https:\/\/saaremaazoo.ee\/wp-content\/uploads\/2025\/09\/vaike-kass.jpg","width":591,"height":591},{"@type":"BreadcrumbList","@id":"https:\/\/saaremaazoo.ee\/en\/toode\/vaike-kass\/#breadcrumb","itemListElement":[{"@type":"ListItem","position":1,"name":"Home","item":"https:\/\/saaremaazoo.ee\/en\/"},{"@type":"ListItem","position":2,"name":"Pood","item":"https:\/\/saaremaazoo.ee\/en\/shop\/"},{"@type":"ListItem","position":3,"name":"V\u00e4ike kass"}]},{"@type":"WebSite","@id":"https:\/\/saaremaazoo.ee\/en\/#website","url":"https:\/\/saaremaazoo.ee\/en\/","name":"Saaremaa Zoo","description":"Saaremaa esimene Loomaaed","publisher":{"@id":"https:\/\/saaremaazoo.ee\/en\/#organization"},"potentialAction":[{"@type":"SearchAction","target":{"@type":"EntryPoint","urlTemplate":"https:\/\/saaremaazoo.ee\/en\/?s={search_term_string}"},"query-input":{"@type":"PropertyValueSpecification","valueRequired":true,"valueName":"search_term_string"}}],"inLanguage":"en-US"},{"@type":"Organization","@id":"https:\/\/saaremaazoo.ee\/en\/#organization","name":"Saaremaa Loomaaed","alternateName":"Saaremaa Zoo","url":"https:\/\/saaremaazoo.ee\/en\/","logo":{"@type":"ImageObject","inLanguage":"en-US","@id":"https:\/\/saaremaazoo.ee\/en\/#\/schema\/logo\/image\/","url":"https:\/\/saaremaazoo.ee\/wp-content\/uploads\/2024\/12\/cropped-cropped-saaremaazoo_magnet_leemur__1__page-0001-removebg-preview.png","contentUrl":"https:\/\/saaremaazoo.ee\/wp-content\/uploads\/2024\/12\/cropped-cropped-saaremaazoo_magnet_leemur__1__page-0001-removebg-preview.png","width":467,"height":325,"caption":"Saaremaa Loomaaed"},"image":{"@id":"https:\/\/saaremaazoo.ee\/en\/#\/schema\/logo\/image\/"},"sameAs":["https:\/\/www.facebook.com\/saaremaazoo","https:\/\/www.instagram.com\/saaremaazoo\/"]}]}},"jetpack_sharing_enabled":true,"_links":{"self":[{"href":"https:\/\/saaremaazoo.ee\/en\/wp-json\/wp\/v2\/product\/58448","targetHints":{"allow":["GET"]}}],"collection":[{"href":"https:\/\/saaremaazoo.ee\/en\/wp-json\/wp\/v2\/product"}],"about":[{"href":"https:\/\/saaremaazoo.ee\/en\/wp-json\/wp\/v2\/types\/product"}],"replies":[{"embeddable":true,"href":"https:\/\/saaremaazoo.ee\/en\/wp-json\/wp\/v2\/comments?post=58448"}],"wp:featuredmedia":[{"embeddable":true,"href":"https:\/\/saaremaazoo.ee\/en\/wp-json\/wp\/v2\/media\/58449"}],"wp:attachment":[{"href":"https:\/\/saaremaazoo.ee\/en\/wp-json\/wp\/v2\/media?parent=58448"}],"wp:term":[{"taxonomy":"product_brand","embeddable":true,"href":"https:\/\/saaremaazoo.ee\/en\/wp-json\/wp\/v2\/product_brand?post=58448"},{"taxonomy":"product_cat","embeddable":true,"href":"https:\/\/saaremaazoo.ee\/en\/wp-json\/wp\/v2\/product_cat?post=58448"},{"taxonomy":"product_tag","embeddable":true,"href":"https:\/\/saaremaazoo.ee\/en\/wp-json\/wp\/v2\/product_tag?post=58448"}],"curies":[{"name":"wp","href":"https:\/\/api.w.org\/{rel}","templated":true}]}}