{"id":58445,"date":"2025-09-17T09:46:59","date_gmt":"2025-09-17T09:46:59","guid":{"rendered":"https:\/\/www.saaremaazoo.ee\/?post_type=product&#038;p=58445"},"modified":"2025-12-14T11:05:42","modified_gmt":"2025-12-14T11:05:42","slug":"hall-valge-janes","status":"publish","type":"product","link":"https:\/\/saaremaazoo.ee\/en\/toode\/hall-valge-janes\/","title":{"rendered":"Hall-valge j\u00e4nes"},"content":{"rendered":"<p data-start=\"402\" data-end=\"771\"><strong data-start=\"402\" data-end=\"435\">Little Ones Rabbit Grey\/White<\/strong> on Nature Planet\u2019i <em data-start=\"455\" data-end=\"489\">Pocket Money Plush \u2013 Little Ones<\/em> seerias valminud n\u00f5nda armas ja kvaliteetne pehme m\u00e4nguloom, et see v\u00f5lub nii lapsi kui ka konservatiivse stiiliga vanemaid. J\u00e4nese hall-valge v\u00e4rvikombinatsioon annab rahuliku, neutraalse ja modernse ilme, mis sobib imaginatsiooni toiteks ja kodu sisekujundusega ka h\u00e4sti kokku.<\/p>\n<p data-start=\"773\" data-end=\"1076\">Toode kaalub vaid umbes 68 grammi, seega on see kerge kanda ja sobiv ka beebide v\u00f5i v\u00e4ikeste laste kaisukas. Pehme, silitamisele kutsuv materjal ning hoolikalt teostatud \u00f5mblused tagavad, et m\u00e4nguloom ei ole pelgalt dekoratiivne, vaid ka funktsionaalne lohutaja \u2014 magamise, autoreisi v\u00f5i m\u00e4nguaja jaoks.<\/p>\n<p data-start=\"1078\" data-end=\"1346\">J\u00e4nes sobib suurep\u00e4raselt kingituseks s\u00fcnnip\u00e4evaks, beebipeoks v\u00f5i lihtsalt kui v\u00e4ike \u00fcllatus \u2014 taskurahaga ostes ei tekita see tunnet, et kulutad liiga palju, samas j\u00e4\u00e4b lapsel meelde. T\u00e4iuslik valik k\u00f5igile, kes otsivad armsat, kvaliteetset ja kordumatut kaisulooma.<\/p>\n","protected":false},"excerpt":{"rendered":"<p>Little Ones Rabbit Grey\/White on Nature Planet\u2019i Pocket Money Plush \u2013 Little Ones seerias valminud n\u00f5nda armas ja kvaliteetne pehme m\u00e4nguloom, et see v\u00f5lub nii lapsi kui ka konservatiivse stiiliga&hellip;<\/p>\n","protected":false},"featured_media":58446,"comment_status":"open","ping_status":"closed","template":"","meta":{"_acf_changed":false},"product_brand":[],"product_cat":[281],"product_tag":[],"class_list":{"0":"post-58445","1":"product","2":"type-product","3":"status-publish","4":"has-post-thumbnail","6":"product_cat-saaremaa-loomaia-manguasjad","8":"first","9":"outofstock","10":"shipping-taxable","11":"purchasable","12":"product-type-simple"},"acf":[],"yoast_head":"<!-- This site is optimized with the Yoast SEO plugin v27.3 - https:\/\/yoast.com\/product\/yoast-seo-wordpress\/ -->\n<title>Hall-valge j\u00e4nes - Saaremaa Zoo<\/title>\n<meta name=\"description\" content=\"\u201cLittle Ones Rabbit Grey\/White\u201d \u2013 pehme, hall-valge m\u00e4nguj\u00e4nes lastele. Kerge, armas ja kvaliteetne kaisukas, ideaalne kingituseks v\u00f5i lohutuseks.\" \/>\n<meta name=\"robots\" content=\"index, follow, max-snippet:-1, max-image-preview:large, max-video-preview:-1\" \/>\n<link rel=\"canonical\" href=\"https:\/\/saaremaazoo.ee\/en\/toode\/hall-valge-janes\/\" \/>\n<meta property=\"og:locale\" content=\"en_US\" \/>\n<meta property=\"og:type\" content=\"article\" \/>\n<meta property=\"og:title\" content=\"Hall-valge j\u00e4nes - Saaremaa Zoo\" \/>\n<meta property=\"og:description\" content=\"\u201cLittle Ones Rabbit Grey\/White\u201d \u2013 pehme, hall-valge m\u00e4nguj\u00e4nes lastele. Kerge, armas ja kvaliteetne kaisukas, ideaalne kingituseks v\u00f5i lohutuseks.\" \/>\n<meta property=\"og:url\" content=\"https:\/\/saaremaazoo.ee\/en\/toode\/hall-valge-janes\/\" \/>\n<meta property=\"og:site_name\" content=\"Saaremaa Zoo\" \/>\n<meta property=\"article:publisher\" content=\"https:\/\/www.facebook.com\/saaremaazoo\" \/>\n<meta property=\"article:modified_time\" content=\"2025-12-14T11:05:42+00:00\" \/>\n<meta property=\"og:image\" content=\"https:\/\/saaremaazoo.ee\/wp-content\/uploads\/2025\/09\/vaike-hall-janes.jpg\" \/>\n\t<meta property=\"og:image:width\" content=\"591\" \/>\n\t<meta property=\"og:image:height\" content=\"591\" \/>\n\t<meta property=\"og:image:type\" content=\"image\/jpeg\" \/>\n<meta name=\"twitter:card\" content=\"summary_large_image\" \/>\n<meta name=\"twitter:label1\" content=\"Est. reading time\" \/>\n\t<meta name=\"twitter:data1\" content=\"1 minute\" \/>\n<script type=\"application\/ld+json\" class=\"yoast-schema-graph\">{\"@context\":\"https:\\\/\\\/schema.org\",\"@graph\":[{\"@type\":\"WebPage\",\"@id\":\"https:\\\/\\\/saaremaazoo.ee\\\/en\\\/toode\\\/hall-valge-janes\\\/\",\"url\":\"https:\\\/\\\/saaremaazoo.ee\\\/en\\\/toode\\\/hall-valge-janes\\\/\",\"name\":\"Hall-valge j\u00e4nes - Saaremaa Zoo\",\"isPartOf\":{\"@id\":\"https:\\\/\\\/saaremaazoo.ee\\\/en\\\/#website\"},\"primaryImageOfPage\":{\"@id\":\"https:\\\/\\\/saaremaazoo.ee\\\/en\\\/toode\\\/hall-valge-janes\\\/#primaryimage\"},\"image\":{\"@id\":\"https:\\\/\\\/saaremaazoo.ee\\\/en\\\/toode\\\/hall-valge-janes\\\/#primaryimage\"},\"thumbnailUrl\":\"https:\\\/\\\/saaremaazoo.ee\\\/wp-content\\\/uploads\\\/2025\\\/09\\\/vaike-hall-janes.jpg\",\"datePublished\":\"2025-09-17T09:46:59+00:00\",\"dateModified\":\"2025-12-14T11:05:42+00:00\",\"description\":\"\u201cLittle Ones Rabbit Grey\\\/White\u201d \u2013 pehme, hall-valge m\u00e4nguj\u00e4nes lastele. Kerge, armas ja kvaliteetne kaisukas, ideaalne kingituseks v\u00f5i lohutuseks.\",\"breadcrumb\":{\"@id\":\"https:\\\/\\\/saaremaazoo.ee\\\/en\\\/toode\\\/hall-valge-janes\\\/#breadcrumb\"},\"inLanguage\":\"en-US\",\"potentialAction\":[{\"@type\":\"ReadAction\",\"target\":[\"https:\\\/\\\/saaremaazoo.ee\\\/en\\\/toode\\\/hall-valge-janes\\\/\"]}]},{\"@type\":\"ImageObject\",\"inLanguage\":\"en-US\",\"@id\":\"https:\\\/\\\/saaremaazoo.ee\\\/en\\\/toode\\\/hall-valge-janes\\\/#primaryimage\",\"url\":\"https:\\\/\\\/saaremaazoo.ee\\\/wp-content\\\/uploads\\\/2025\\\/09\\\/vaike-hall-janes.jpg\",\"contentUrl\":\"https:\\\/\\\/saaremaazoo.ee\\\/wp-content\\\/uploads\\\/2025\\\/09\\\/vaike-hall-janes.jpg\",\"width\":591,\"height\":591},{\"@type\":\"BreadcrumbList\",\"@id\":\"https:\\\/\\\/saaremaazoo.ee\\\/en\\\/toode\\\/hall-valge-janes\\\/#breadcrumb\",\"itemListElement\":[{\"@type\":\"ListItem\",\"position\":1,\"name\":\"Home\",\"item\":\"https:\\\/\\\/www.saaremaazoo.ee\\\/en\\\/\"},{\"@type\":\"ListItem\",\"position\":2,\"name\":\"Pood\",\"item\":\"https:\\\/\\\/saaremaazoo.ee\\\/pood\\\/\"},{\"@type\":\"ListItem\",\"position\":3,\"name\":\"Hall-valge j\u00e4nes\"}]},{\"@type\":\"WebSite\",\"@id\":\"https:\\\/\\\/saaremaazoo.ee\\\/en\\\/#website\",\"url\":\"https:\\\/\\\/saaremaazoo.ee\\\/en\\\/\",\"name\":\"Saaremaa Zoo\",\"description\":\"Saaremaa esimene Loomaaed\",\"publisher\":{\"@id\":\"https:\\\/\\\/saaremaazoo.ee\\\/en\\\/#organization\"},\"potentialAction\":[{\"@type\":\"SearchAction\",\"target\":{\"@type\":\"EntryPoint\",\"urlTemplate\":\"https:\\\/\\\/saaremaazoo.ee\\\/en\\\/?s={search_term_string}\"},\"query-input\":{\"@type\":\"PropertyValueSpecification\",\"valueRequired\":true,\"valueName\":\"search_term_string\"}}],\"inLanguage\":\"en-US\"},{\"@type\":\"Organization\",\"@id\":\"https:\\\/\\\/saaremaazoo.ee\\\/en\\\/#organization\",\"name\":\"Saaremaa Loomaaed\",\"alternateName\":\"Saaremaa Zoo\",\"url\":\"https:\\\/\\\/saaremaazoo.ee\\\/en\\\/\",\"logo\":{\"@type\":\"ImageObject\",\"inLanguage\":\"en-US\",\"@id\":\"https:\\\/\\\/saaremaazoo.ee\\\/en\\\/#\\\/schema\\\/logo\\\/image\\\/\",\"url\":\"https:\\\/\\\/saaremaazoo.ee\\\/wp-content\\\/uploads\\\/2024\\\/12\\\/cropped-cropped-saaremaazoo_magnet_leemur__1__page-0001-removebg-preview.png\",\"contentUrl\":\"https:\\\/\\\/saaremaazoo.ee\\\/wp-content\\\/uploads\\\/2024\\\/12\\\/cropped-cropped-saaremaazoo_magnet_leemur__1__page-0001-removebg-preview.png\",\"width\":467,\"height\":325,\"caption\":\"Saaremaa Loomaaed\"},\"image\":{\"@id\":\"https:\\\/\\\/saaremaazoo.ee\\\/en\\\/#\\\/schema\\\/logo\\\/image\\\/\"},\"sameAs\":[\"https:\\\/\\\/www.facebook.com\\\/saaremaazoo\",\"https:\\\/\\\/www.instagram.com\\\/saaremaazoo\\\/\"]}]}<\/script>\n<!-- \/ Yoast SEO plugin. -->","yoast_head_json":{"title":"Hall-valge j\u00e4nes - Saaremaa Zoo","description":"\u201cLittle Ones Rabbit Grey\/White\u201d \u2013 pehme, hall-valge m\u00e4nguj\u00e4nes lastele. Kerge, armas ja kvaliteetne kaisukas, ideaalne kingituseks v\u00f5i lohutuseks.","robots":{"index":"index","follow":"follow","max-snippet":"max-snippet:-1","max-image-preview":"max-image-preview:large","max-video-preview":"max-video-preview:-1"},"canonical":"https:\/\/saaremaazoo.ee\/en\/toode\/hall-valge-janes\/","og_locale":"en_US","og_type":"article","og_title":"Hall-valge j\u00e4nes - Saaremaa Zoo","og_description":"\u201cLittle Ones Rabbit Grey\/White\u201d \u2013 pehme, hall-valge m\u00e4nguj\u00e4nes lastele. Kerge, armas ja kvaliteetne kaisukas, ideaalne kingituseks v\u00f5i lohutuseks.","og_url":"https:\/\/saaremaazoo.ee\/en\/toode\/hall-valge-janes\/","og_site_name":"Saaremaa Zoo","article_publisher":"https:\/\/www.facebook.com\/saaremaazoo","article_modified_time":"2025-12-14T11:05:42+00:00","og_image":[{"width":591,"height":591,"url":"https:\/\/saaremaazoo.ee\/wp-content\/uploads\/2025\/09\/vaike-hall-janes.jpg","type":"image\/jpeg"}],"twitter_card":"summary_large_image","twitter_misc":{"Est. reading time":"1 minute"},"schema":{"@context":"https:\/\/schema.org","@graph":[{"@type":"WebPage","@id":"https:\/\/saaremaazoo.ee\/en\/toode\/hall-valge-janes\/","url":"https:\/\/saaremaazoo.ee\/en\/toode\/hall-valge-janes\/","name":"Hall-valge j\u00e4nes - Saaremaa Zoo","isPartOf":{"@id":"https:\/\/saaremaazoo.ee\/en\/#website"},"primaryImageOfPage":{"@id":"https:\/\/saaremaazoo.ee\/en\/toode\/hall-valge-janes\/#primaryimage"},"image":{"@id":"https:\/\/saaremaazoo.ee\/en\/toode\/hall-valge-janes\/#primaryimage"},"thumbnailUrl":"https:\/\/saaremaazoo.ee\/wp-content\/uploads\/2025\/09\/vaike-hall-janes.jpg","datePublished":"2025-09-17T09:46:59+00:00","dateModified":"2025-12-14T11:05:42+00:00","description":"\u201cLittle Ones Rabbit Grey\/White\u201d \u2013 pehme, hall-valge m\u00e4nguj\u00e4nes lastele. Kerge, armas ja kvaliteetne kaisukas, ideaalne kingituseks v\u00f5i lohutuseks.","breadcrumb":{"@id":"https:\/\/saaremaazoo.ee\/en\/toode\/hall-valge-janes\/#breadcrumb"},"inLanguage":"en-US","potentialAction":[{"@type":"ReadAction","target":["https:\/\/saaremaazoo.ee\/en\/toode\/hall-valge-janes\/"]}]},{"@type":"ImageObject","inLanguage":"en-US","@id":"https:\/\/saaremaazoo.ee\/en\/toode\/hall-valge-janes\/#primaryimage","url":"https:\/\/saaremaazoo.ee\/wp-content\/uploads\/2025\/09\/vaike-hall-janes.jpg","contentUrl":"https:\/\/saaremaazoo.ee\/wp-content\/uploads\/2025\/09\/vaike-hall-janes.jpg","width":591,"height":591},{"@type":"BreadcrumbList","@id":"https:\/\/saaremaazoo.ee\/en\/toode\/hall-valge-janes\/#breadcrumb","itemListElement":[{"@type":"ListItem","position":1,"name":"Home","item":"https:\/\/www.saaremaazoo.ee\/en\/"},{"@type":"ListItem","position":2,"name":"Pood","item":"https:\/\/saaremaazoo.ee\/pood\/"},{"@type":"ListItem","position":3,"name":"Hall-valge j\u00e4nes"}]},{"@type":"WebSite","@id":"https:\/\/saaremaazoo.ee\/en\/#website","url":"https:\/\/saaremaazoo.ee\/en\/","name":"Saaremaa Zoo","description":"Saaremaa esimene Loomaaed","publisher":{"@id":"https:\/\/saaremaazoo.ee\/en\/#organization"},"potentialAction":[{"@type":"SearchAction","target":{"@type":"EntryPoint","urlTemplate":"https:\/\/saaremaazoo.ee\/en\/?s={search_term_string}"},"query-input":{"@type":"PropertyValueSpecification","valueRequired":true,"valueName":"search_term_string"}}],"inLanguage":"en-US"},{"@type":"Organization","@id":"https:\/\/saaremaazoo.ee\/en\/#organization","name":"Saaremaa Loomaaed","alternateName":"Saaremaa Zoo","url":"https:\/\/saaremaazoo.ee\/en\/","logo":{"@type":"ImageObject","inLanguage":"en-US","@id":"https:\/\/saaremaazoo.ee\/en\/#\/schema\/logo\/image\/","url":"https:\/\/saaremaazoo.ee\/wp-content\/uploads\/2024\/12\/cropped-cropped-saaremaazoo_magnet_leemur__1__page-0001-removebg-preview.png","contentUrl":"https:\/\/saaremaazoo.ee\/wp-content\/uploads\/2024\/12\/cropped-cropped-saaremaazoo_magnet_leemur__1__page-0001-removebg-preview.png","width":467,"height":325,"caption":"Saaremaa Loomaaed"},"image":{"@id":"https:\/\/saaremaazoo.ee\/en\/#\/schema\/logo\/image\/"},"sameAs":["https:\/\/www.facebook.com\/saaremaazoo","https:\/\/www.instagram.com\/saaremaazoo\/"]}]}},"jetpack_sharing_enabled":true,"_links":{"self":[{"href":"https:\/\/saaremaazoo.ee\/en\/wp-json\/wp\/v2\/product\/58445","targetHints":{"allow":["GET"]}}],"collection":[{"href":"https:\/\/saaremaazoo.ee\/en\/wp-json\/wp\/v2\/product"}],"about":[{"href":"https:\/\/saaremaazoo.ee\/en\/wp-json\/wp\/v2\/types\/product"}],"replies":[{"embeddable":true,"href":"https:\/\/saaremaazoo.ee\/en\/wp-json\/wp\/v2\/comments?post=58445"}],"wp:featuredmedia":[{"embeddable":true,"href":"https:\/\/saaremaazoo.ee\/en\/wp-json\/wp\/v2\/media\/58446"}],"wp:attachment":[{"href":"https:\/\/saaremaazoo.ee\/en\/wp-json\/wp\/v2\/media?parent=58445"}],"wp:term":[{"taxonomy":"product_brand","embeddable":true,"href":"https:\/\/saaremaazoo.ee\/en\/wp-json\/wp\/v2\/product_brand?post=58445"},{"taxonomy":"product_cat","embeddable":true,"href":"https:\/\/saaremaazoo.ee\/en\/wp-json\/wp\/v2\/product_cat?post=58445"},{"taxonomy":"product_tag","embeddable":true,"href":"https:\/\/saaremaazoo.ee\/en\/wp-json\/wp\/v2\/product_tag?post=58445"}],"curies":[{"name":"wp","href":"https:\/\/api.w.org\/{rel}","templated":true}]}}