{"id":58442,"date":"2025-09-17T09:40:52","date_gmt":"2025-09-17T09:40:52","guid":{"rendered":"https:\/\/www.saaremaazoo.ee\/?post_type=product&#038;p=58442"},"modified":"2025-12-15T08:12:52","modified_gmt":"2025-12-15T08:12:52","slug":"helepruun-janes","status":"publish","type":"product","link":"https:\/\/saaremaazoo.ee\/en\/toode\/helepruun-janes\/","title":{"rendered":"Helepruun j\u00e4nes"},"content":{"rendered":"<p data-start=\"113\" data-end=\"375\"><strong data-start=\"113\" data-end=\"147\">Little Ones Rabbit Light Brown<\/strong> on armas ja kvaliteetne pehme m\u00e4nguj\u00e4nes, mis kuulub Nature Planet\u2019i populaarse <em data-start=\"228\" data-end=\"241\">Little Ones<\/em> kollektsiooni hulka. See helepruun j\u00e4nes on v\u00e4limuselt lihtne ja s\u00fcdamlik, tuues lastele r\u00f5\u00f5mu oma pehmuse ja s\u00f5braliku v\u00e4limusega.<\/p>\n<p data-start=\"377\" data-end=\"704\">Kompaktne suurus teeb sellest ideaalse kaaslase igap\u00e4eva seiklusteks \u2013 olgu see m\u00e4ng toas, autos\u00f5it v\u00f5i uinumine kaisuloomaga. T\u00e4nu oma kergusele on see sobilik isegi v\u00e4iksematele lastele. \u00d5rn, kvaliteetsetest materjalidest valmistatud pehme m\u00e4nguasi on turvaline ja vastupidav, pakkudes lohutust ning soojust igas olukorras.<\/p>\n<p data-start=\"706\" data-end=\"929\"><strong data-start=\"706\" data-end=\"733\">Sobib h\u00e4sti kingituseks<\/strong>, eriti taskurahaga ostmiseks v\u00f5i v\u00e4ikseks lisandiks suuremale \u00fcllatusele. See on klassikaline kaisukas, mis r\u00f5\u00f5mustab nii poisse kui t\u00fcdrukuid ning j\u00e4\u00e4b lapsele armsaks kaaslaseks pikaks ajaks.<\/p>\n","protected":false},"excerpt":{"rendered":"<p>Little Ones Rabbit Light Brown on armas ja kvaliteetne pehme m\u00e4nguj\u00e4nes, mis kuulub Nature Planet\u2019i populaarse Little Ones kollektsiooni hulka. See helepruun j\u00e4nes on v\u00e4limuselt lihtne ja s\u00fcdamlik, tuues lastele&hellip;<\/p>\n","protected":false},"featured_media":58443,"comment_status":"open","ping_status":"closed","template":"","meta":{"_acf_changed":false},"product_brand":[],"product_cat":[281],"product_tag":[],"class_list":{"0":"post-58442","1":"product","2":"type-product","3":"status-publish","4":"has-post-thumbnail","6":"product_cat-saaremaa-loomaia-manguasjad","8":"first","9":"outofstock","10":"shipping-taxable","11":"purchasable","12":"product-type-simple"},"acf":[],"yoast_head":"<!-- This site is optimized with the Yoast SEO plugin v27.3 - https:\/\/yoast.com\/product\/yoast-seo-wordpress\/ -->\n<title>Helepruun j\u00e4nes - Saaremaa Zoo<\/title>\n<meta name=\"description\" content=\"\u201cLittle Ones Rabbit Light Brown\u201d \u2014 pehme ja soe m\u00e4nguj\u00e4nes, ideaalne kaaslane lastele. Kvaliteetne, armas ja kompaktne pehme m\u00e4nguasi.\" \/>\n<meta name=\"robots\" content=\"index, follow, max-snippet:-1, max-image-preview:large, max-video-preview:-1\" \/>\n<link rel=\"canonical\" href=\"https:\/\/saaremaazoo.ee\/en\/toode\/helepruun-janes\/\" \/>\n<meta property=\"og:locale\" content=\"en_US\" \/>\n<meta property=\"og:type\" content=\"article\" \/>\n<meta property=\"og:title\" content=\"Helepruun j\u00e4nes - Saaremaa Zoo\" \/>\n<meta property=\"og:description\" content=\"\u201cLittle Ones Rabbit Light Brown\u201d \u2014 pehme ja soe m\u00e4nguj\u00e4nes, ideaalne kaaslane lastele. Kvaliteetne, armas ja kompaktne pehme m\u00e4nguasi.\" \/>\n<meta property=\"og:url\" content=\"https:\/\/saaremaazoo.ee\/en\/toode\/helepruun-janes\/\" \/>\n<meta property=\"og:site_name\" content=\"Saaremaa Zoo\" \/>\n<meta property=\"article:publisher\" content=\"https:\/\/www.facebook.com\/saaremaazoo\" \/>\n<meta property=\"article:modified_time\" content=\"2025-12-15T08:12:52+00:00\" \/>\n<meta property=\"og:image\" content=\"https:\/\/saaremaazoo.ee\/wp-content\/uploads\/2025\/09\/valge-janes.jpg\" \/>\n\t<meta property=\"og:image:width\" content=\"591\" \/>\n\t<meta property=\"og:image:height\" content=\"591\" \/>\n\t<meta property=\"og:image:type\" content=\"image\/jpeg\" \/>\n<meta name=\"twitter:card\" content=\"summary_large_image\" \/>\n<meta name=\"twitter:label1\" content=\"Est. reading time\" \/>\n\t<meta name=\"twitter:data1\" content=\"1 minute\" \/>\n<script type=\"application\/ld+json\" class=\"yoast-schema-graph\">{\"@context\":\"https:\\\/\\\/schema.org\",\"@graph\":[{\"@type\":\"WebPage\",\"@id\":\"https:\\\/\\\/saaremaazoo.ee\\\/en\\\/toode\\\/helepruun-janes\\\/\",\"url\":\"https:\\\/\\\/saaremaazoo.ee\\\/en\\\/toode\\\/helepruun-janes\\\/\",\"name\":\"Helepruun j\u00e4nes - Saaremaa Zoo\",\"isPartOf\":{\"@id\":\"https:\\\/\\\/saaremaazoo.ee\\\/en\\\/#website\"},\"primaryImageOfPage\":{\"@id\":\"https:\\\/\\\/saaremaazoo.ee\\\/en\\\/toode\\\/helepruun-janes\\\/#primaryimage\"},\"image\":{\"@id\":\"https:\\\/\\\/saaremaazoo.ee\\\/en\\\/toode\\\/helepruun-janes\\\/#primaryimage\"},\"thumbnailUrl\":\"https:\\\/\\\/saaremaazoo.ee\\\/wp-content\\\/uploads\\\/2025\\\/09\\\/valge-janes.jpg\",\"datePublished\":\"2025-09-17T09:40:52+00:00\",\"dateModified\":\"2025-12-15T08:12:52+00:00\",\"description\":\"\u201cLittle Ones Rabbit Light Brown\u201d \u2014 pehme ja soe m\u00e4nguj\u00e4nes, ideaalne kaaslane lastele. Kvaliteetne, armas ja kompaktne pehme m\u00e4nguasi.\",\"breadcrumb\":{\"@id\":\"https:\\\/\\\/saaremaazoo.ee\\\/en\\\/toode\\\/helepruun-janes\\\/#breadcrumb\"},\"inLanguage\":\"en-US\",\"potentialAction\":[{\"@type\":\"ReadAction\",\"target\":[\"https:\\\/\\\/saaremaazoo.ee\\\/en\\\/toode\\\/helepruun-janes\\\/\"]}]},{\"@type\":\"ImageObject\",\"inLanguage\":\"en-US\",\"@id\":\"https:\\\/\\\/saaremaazoo.ee\\\/en\\\/toode\\\/helepruun-janes\\\/#primaryimage\",\"url\":\"https:\\\/\\\/saaremaazoo.ee\\\/wp-content\\\/uploads\\\/2025\\\/09\\\/valge-janes.jpg\",\"contentUrl\":\"https:\\\/\\\/saaremaazoo.ee\\\/wp-content\\\/uploads\\\/2025\\\/09\\\/valge-janes.jpg\",\"width\":591,\"height\":591},{\"@type\":\"BreadcrumbList\",\"@id\":\"https:\\\/\\\/saaremaazoo.ee\\\/en\\\/toode\\\/helepruun-janes\\\/#breadcrumb\",\"itemListElement\":[{\"@type\":\"ListItem\",\"position\":1,\"name\":\"Home\",\"item\":\"https:\\\/\\\/www.saaremaazoo.ee\\\/en\\\/\"},{\"@type\":\"ListItem\",\"position\":2,\"name\":\"Pood\",\"item\":\"https:\\\/\\\/saaremaazoo.ee\\\/pood\\\/\"},{\"@type\":\"ListItem\",\"position\":3,\"name\":\"Helepruun j\u00e4nes\"}]},{\"@type\":\"WebSite\",\"@id\":\"https:\\\/\\\/saaremaazoo.ee\\\/en\\\/#website\",\"url\":\"https:\\\/\\\/saaremaazoo.ee\\\/en\\\/\",\"name\":\"Saaremaa Zoo\",\"description\":\"Saaremaa esimene Loomaaed\",\"publisher\":{\"@id\":\"https:\\\/\\\/saaremaazoo.ee\\\/en\\\/#organization\"},\"potentialAction\":[{\"@type\":\"SearchAction\",\"target\":{\"@type\":\"EntryPoint\",\"urlTemplate\":\"https:\\\/\\\/saaremaazoo.ee\\\/en\\\/?s={search_term_string}\"},\"query-input\":{\"@type\":\"PropertyValueSpecification\",\"valueRequired\":true,\"valueName\":\"search_term_string\"}}],\"inLanguage\":\"en-US\"},{\"@type\":\"Organization\",\"@id\":\"https:\\\/\\\/saaremaazoo.ee\\\/en\\\/#organization\",\"name\":\"Saaremaa Loomaaed\",\"alternateName\":\"Saaremaa Zoo\",\"url\":\"https:\\\/\\\/saaremaazoo.ee\\\/en\\\/\",\"logo\":{\"@type\":\"ImageObject\",\"inLanguage\":\"en-US\",\"@id\":\"https:\\\/\\\/saaremaazoo.ee\\\/en\\\/#\\\/schema\\\/logo\\\/image\\\/\",\"url\":\"https:\\\/\\\/saaremaazoo.ee\\\/wp-content\\\/uploads\\\/2024\\\/12\\\/cropped-cropped-saaremaazoo_magnet_leemur__1__page-0001-removebg-preview.png\",\"contentUrl\":\"https:\\\/\\\/saaremaazoo.ee\\\/wp-content\\\/uploads\\\/2024\\\/12\\\/cropped-cropped-saaremaazoo_magnet_leemur__1__page-0001-removebg-preview.png\",\"width\":467,\"height\":325,\"caption\":\"Saaremaa Loomaaed\"},\"image\":{\"@id\":\"https:\\\/\\\/saaremaazoo.ee\\\/en\\\/#\\\/schema\\\/logo\\\/image\\\/\"},\"sameAs\":[\"https:\\\/\\\/www.facebook.com\\\/saaremaazoo\",\"https:\\\/\\\/www.instagram.com\\\/saaremaazoo\\\/\"]}]}<\/script>\n<!-- \/ Yoast SEO plugin. -->","yoast_head_json":{"title":"Helepruun j\u00e4nes - Saaremaa Zoo","description":"\u201cLittle Ones Rabbit Light Brown\u201d \u2014 pehme ja soe m\u00e4nguj\u00e4nes, ideaalne kaaslane lastele. Kvaliteetne, armas ja kompaktne pehme m\u00e4nguasi.","robots":{"index":"index","follow":"follow","max-snippet":"max-snippet:-1","max-image-preview":"max-image-preview:large","max-video-preview":"max-video-preview:-1"},"canonical":"https:\/\/saaremaazoo.ee\/en\/toode\/helepruun-janes\/","og_locale":"en_US","og_type":"article","og_title":"Helepruun j\u00e4nes - Saaremaa Zoo","og_description":"\u201cLittle Ones Rabbit Light Brown\u201d \u2014 pehme ja soe m\u00e4nguj\u00e4nes, ideaalne kaaslane lastele. Kvaliteetne, armas ja kompaktne pehme m\u00e4nguasi.","og_url":"https:\/\/saaremaazoo.ee\/en\/toode\/helepruun-janes\/","og_site_name":"Saaremaa Zoo","article_publisher":"https:\/\/www.facebook.com\/saaremaazoo","article_modified_time":"2025-12-15T08:12:52+00:00","og_image":[{"width":591,"height":591,"url":"https:\/\/saaremaazoo.ee\/wp-content\/uploads\/2025\/09\/valge-janes.jpg","type":"image\/jpeg"}],"twitter_card":"summary_large_image","twitter_misc":{"Est. reading time":"1 minute"},"schema":{"@context":"https:\/\/schema.org","@graph":[{"@type":"WebPage","@id":"https:\/\/saaremaazoo.ee\/en\/toode\/helepruun-janes\/","url":"https:\/\/saaremaazoo.ee\/en\/toode\/helepruun-janes\/","name":"Helepruun j\u00e4nes - Saaremaa Zoo","isPartOf":{"@id":"https:\/\/saaremaazoo.ee\/en\/#website"},"primaryImageOfPage":{"@id":"https:\/\/saaremaazoo.ee\/en\/toode\/helepruun-janes\/#primaryimage"},"image":{"@id":"https:\/\/saaremaazoo.ee\/en\/toode\/helepruun-janes\/#primaryimage"},"thumbnailUrl":"https:\/\/saaremaazoo.ee\/wp-content\/uploads\/2025\/09\/valge-janes.jpg","datePublished":"2025-09-17T09:40:52+00:00","dateModified":"2025-12-15T08:12:52+00:00","description":"\u201cLittle Ones Rabbit Light Brown\u201d \u2014 pehme ja soe m\u00e4nguj\u00e4nes, ideaalne kaaslane lastele. Kvaliteetne, armas ja kompaktne pehme m\u00e4nguasi.","breadcrumb":{"@id":"https:\/\/saaremaazoo.ee\/en\/toode\/helepruun-janes\/#breadcrumb"},"inLanguage":"en-US","potentialAction":[{"@type":"ReadAction","target":["https:\/\/saaremaazoo.ee\/en\/toode\/helepruun-janes\/"]}]},{"@type":"ImageObject","inLanguage":"en-US","@id":"https:\/\/saaremaazoo.ee\/en\/toode\/helepruun-janes\/#primaryimage","url":"https:\/\/saaremaazoo.ee\/wp-content\/uploads\/2025\/09\/valge-janes.jpg","contentUrl":"https:\/\/saaremaazoo.ee\/wp-content\/uploads\/2025\/09\/valge-janes.jpg","width":591,"height":591},{"@type":"BreadcrumbList","@id":"https:\/\/saaremaazoo.ee\/en\/toode\/helepruun-janes\/#breadcrumb","itemListElement":[{"@type":"ListItem","position":1,"name":"Home","item":"https:\/\/www.saaremaazoo.ee\/en\/"},{"@type":"ListItem","position":2,"name":"Pood","item":"https:\/\/saaremaazoo.ee\/pood\/"},{"@type":"ListItem","position":3,"name":"Helepruun j\u00e4nes"}]},{"@type":"WebSite","@id":"https:\/\/saaremaazoo.ee\/en\/#website","url":"https:\/\/saaremaazoo.ee\/en\/","name":"Saaremaa Zoo","description":"Saaremaa esimene Loomaaed","publisher":{"@id":"https:\/\/saaremaazoo.ee\/en\/#organization"},"potentialAction":[{"@type":"SearchAction","target":{"@type":"EntryPoint","urlTemplate":"https:\/\/saaremaazoo.ee\/en\/?s={search_term_string}"},"query-input":{"@type":"PropertyValueSpecification","valueRequired":true,"valueName":"search_term_string"}}],"inLanguage":"en-US"},{"@type":"Organization","@id":"https:\/\/saaremaazoo.ee\/en\/#organization","name":"Saaremaa Loomaaed","alternateName":"Saaremaa Zoo","url":"https:\/\/saaremaazoo.ee\/en\/","logo":{"@type":"ImageObject","inLanguage":"en-US","@id":"https:\/\/saaremaazoo.ee\/en\/#\/schema\/logo\/image\/","url":"https:\/\/saaremaazoo.ee\/wp-content\/uploads\/2024\/12\/cropped-cropped-saaremaazoo_magnet_leemur__1__page-0001-removebg-preview.png","contentUrl":"https:\/\/saaremaazoo.ee\/wp-content\/uploads\/2024\/12\/cropped-cropped-saaremaazoo_magnet_leemur__1__page-0001-removebg-preview.png","width":467,"height":325,"caption":"Saaremaa Loomaaed"},"image":{"@id":"https:\/\/saaremaazoo.ee\/en\/#\/schema\/logo\/image\/"},"sameAs":["https:\/\/www.facebook.com\/saaremaazoo","https:\/\/www.instagram.com\/saaremaazoo\/"]}]}},"jetpack_sharing_enabled":true,"_links":{"self":[{"href":"https:\/\/saaremaazoo.ee\/en\/wp-json\/wp\/v2\/product\/58442","targetHints":{"allow":["GET"]}}],"collection":[{"href":"https:\/\/saaremaazoo.ee\/en\/wp-json\/wp\/v2\/product"}],"about":[{"href":"https:\/\/saaremaazoo.ee\/en\/wp-json\/wp\/v2\/types\/product"}],"replies":[{"embeddable":true,"href":"https:\/\/saaremaazoo.ee\/en\/wp-json\/wp\/v2\/comments?post=58442"}],"wp:featuredmedia":[{"embeddable":true,"href":"https:\/\/saaremaazoo.ee\/en\/wp-json\/wp\/v2\/media\/58443"}],"wp:attachment":[{"href":"https:\/\/saaremaazoo.ee\/en\/wp-json\/wp\/v2\/media?parent=58442"}],"wp:term":[{"taxonomy":"product_brand","embeddable":true,"href":"https:\/\/saaremaazoo.ee\/en\/wp-json\/wp\/v2\/product_brand?post=58442"},{"taxonomy":"product_cat","embeddable":true,"href":"https:\/\/saaremaazoo.ee\/en\/wp-json\/wp\/v2\/product_cat?post=58442"},{"taxonomy":"product_tag","embeddable":true,"href":"https:\/\/saaremaazoo.ee\/en\/wp-json\/wp\/v2\/product_tag?post=58442"}],"curies":[{"name":"wp","href":"https:\/\/api.w.org\/{rel}","templated":true}]}}