{"id":58439,"date":"2025-09-17T09:19:17","date_gmt":"2025-09-17T09:19:17","guid":{"rendered":"https:\/\/www.saaremaazoo.ee\/?post_type=product&#038;p=58439"},"modified":"2025-12-22T05:18:08","modified_gmt":"2025-12-22T05:18:08","slug":"olakott-janes","status":"publish","type":"product","link":"https:\/\/saaremaazoo.ee\/en\/toode\/olakott-janes\/","title":{"rendered":"\u00d5lakott j\u00e4nes"},"content":{"rendered":"<p data-start=\"124\" data-end=\"177\"><strong data-start=\"124\" data-end=\"177\">\u00d5lavarre Kotike &#8220;J\u00e4nes&#8221; &#8211; RPN (Red Panda Network)<\/strong><\/p>\n<p data-start=\"179\" data-end=\"549\">Tutvustame armsat ja praktilist <strong data-start=\"211\" data-end=\"240\">\u00d5lavarre Kotikest &#8220;J\u00e4nes&#8221;<\/strong>, mis on osa <strong data-start=\"253\" data-end=\"274\">Red Panda Network<\/strong> kollektsioonist. See stiilne ja funktsionaalne kotike on ideaalne valik lastele, kes armastavad loomade maailmas seiklemist ning tahavad oma lemmiklooma alati endaga kaasa v\u00f5tta. Kotil on l\u00f5bus ja armas j\u00e4nese kujundus, mis toob esile looduse ilu ja toob igasse p\u00e4eva r\u00f5\u00f5mu.<\/p>\n<p data-start=\"551\" data-end=\"924\">Kott on valmistatud kvaliteetsetest ja vastupidavatest materjalidest, pakkudes piisavalt ruumi lastele oluliste asjade jaoks, samas kui \u00f5lavarre kandeosa on reguleeritav, et sobiks igas vanuses lastele. Lisaks on see ka ideaalne kingitus loodushuvilistele lastele, kellele meeldib toetada looduskaitsealgatusi, kuna osa tuludest suunatakse <strong data-start=\"891\" data-end=\"913\">Red Panda Networki<\/strong> toetuseks.<\/p>\n<p data-start=\"926\" data-end=\"939\"><strong data-start=\"926\" data-end=\"939\">Omadused:<\/strong><\/p>\n<ul data-start=\"940\" data-end=\"1199\">\n<li data-start=\"940\" data-end=\"990\">\n<p data-start=\"942\" data-end=\"990\"><strong data-start=\"942\" data-end=\"955\">Materjal:<\/strong> Kvaliteetne ja vastupidav materjal<\/p>\n<\/li>\n<li data-start=\"991\" data-end=\"1024\">\n<p data-start=\"993\" data-end=\"1024\"><strong data-start=\"993\" data-end=\"1006\">Kujundus:<\/strong> Armas j\u00e4nese pilt<\/p>\n<\/li>\n<li data-start=\"1025\" data-end=\"1080\">\n<p data-start=\"1027\" data-end=\"1080\"><strong data-start=\"1027\" data-end=\"1047\">Funktsionaalsus:<\/strong> \u00d5lavarre kott, reguleeritav rihm<\/p>\n<\/li>\n<li data-start=\"1081\" data-end=\"1145\">\n<p data-start=\"1083\" data-end=\"1145\"><strong data-start=\"1083\" data-end=\"1095\">Eesm\u00e4rk:<\/strong> Osaleb looduskaitsealgatustes (Red Panda Network)<\/p>\n<\/li>\n<li data-start=\"1146\" data-end=\"1199\">\n<p data-start=\"1148\" data-end=\"1199\"><strong data-start=\"1148\" data-end=\"1158\">Kogus:<\/strong> \u00dcks peamine tasku ja v\u00e4ikesed sisetaskud<\/p>\n<\/li>\n<\/ul>\n<p data-start=\"1201\" data-end=\"1305\">Kott sobib ideaalselt igap\u00e4evaseks kasutamiseks, olgu see koolis, v\u00e4ljas m\u00e4ngides v\u00f5i isegi kingitusena!<\/p>\n","protected":false},"excerpt":{"rendered":"<p>\u00d5lavarre Kotike &#8220;J\u00e4nes&#8221; &#8211; RPN (Red Panda Network) Tutvustame armsat ja praktilist \u00d5lavarre Kotikest &#8220;J\u00e4nes&#8221;, mis on osa Red Panda Network kollektsioonist. See stiilne ja funktsionaalne kotike on ideaalne valik&hellip;<\/p>\n","protected":false},"featured_media":58440,"comment_status":"open","ping_status":"closed","template":"","meta":{"_acf_changed":false},"product_brand":[],"product_cat":[281,282],"product_tag":[],"class_list":{"0":"post-58439","1":"product","2":"type-product","3":"status-publish","4":"has-post-thumbnail","6":"product_cat-saaremaa-loomaia-manguasjad","7":"product_cat-loomaaia-tsargid-pusad","9":"first","10":"instock","11":"shipping-taxable","12":"purchasable","13":"product-type-simple"},"acf":[],"yoast_head":"<!-- This site is optimized with the Yoast SEO plugin v27.4 - https:\/\/yoast.com\/product\/yoast-seo-wordpress\/ -->\n<title>\u00d5lakott j\u00e4nes - Saaremaa Zoo<\/title>\n<meta name=\"description\" content=\"Armas ja praktiline \u00f5lavarre kotike &quot;J\u00e4nes&quot;. Reguleeritav rihm ja piisavalt ruumi lastele oluliste asjade jaoks. Iga ost toetab looduskaitset.\" \/>\n<meta name=\"robots\" content=\"index, follow, max-snippet:-1, max-image-preview:large, max-video-preview:-1\" \/>\n<link rel=\"canonical\" href=\"https:\/\/saaremaazoo.ee\/en\/toode\/olakott-janes\/\" \/>\n<meta property=\"og:locale\" content=\"en_US\" \/>\n<meta property=\"og:type\" content=\"article\" \/>\n<meta property=\"og:title\" content=\"\u00d5lakott j\u00e4nes - Saaremaa Zoo\" \/>\n<meta property=\"og:description\" content=\"Armas ja praktiline \u00f5lavarre kotike &quot;J\u00e4nes&quot;. Reguleeritav rihm ja piisavalt ruumi lastele oluliste asjade jaoks. Iga ost toetab looduskaitset.\" \/>\n<meta property=\"og:url\" content=\"https:\/\/saaremaazoo.ee\/en\/toode\/olakott-janes\/\" \/>\n<meta property=\"og:site_name\" content=\"Saaremaa Zoo\" \/>\n<meta property=\"article:publisher\" content=\"https:\/\/www.facebook.com\/saaremaazoo\" \/>\n<meta property=\"article:modified_time\" content=\"2025-12-22T05:18:08+00:00\" \/>\n<meta property=\"og:image\" content=\"https:\/\/saaremaazoo.ee\/wp-content\/uploads\/2025\/09\/janese-kott.jpg\" \/>\n\t<meta property=\"og:image:width\" content=\"591\" \/>\n\t<meta property=\"og:image:height\" content=\"591\" \/>\n\t<meta property=\"og:image:type\" content=\"image\/jpeg\" \/>\n<meta name=\"twitter:card\" content=\"summary_large_image\" \/>\n<meta name=\"twitter:label1\" content=\"Est. reading time\" \/>\n\t<meta name=\"twitter:data1\" content=\"1 minute\" \/>\n<script type=\"application\/ld+json\" class=\"yoast-schema-graph\">{\"@context\":\"https:\\\/\\\/schema.org\",\"@graph\":[{\"@type\":\"WebPage\",\"@id\":\"https:\\\/\\\/saaremaazoo.ee\\\/en\\\/toode\\\/olakott-janes\\\/\",\"url\":\"https:\\\/\\\/saaremaazoo.ee\\\/en\\\/toode\\\/olakott-janes\\\/\",\"name\":\"\u00d5lakott j\u00e4nes - Saaremaa Zoo\",\"isPartOf\":{\"@id\":\"https:\\\/\\\/www.saaremaazoo.ee\\\/en\\\/#website\"},\"primaryImageOfPage\":{\"@id\":\"https:\\\/\\\/saaremaazoo.ee\\\/en\\\/toode\\\/olakott-janes\\\/#primaryimage\"},\"image\":{\"@id\":\"https:\\\/\\\/saaremaazoo.ee\\\/en\\\/toode\\\/olakott-janes\\\/#primaryimage\"},\"thumbnailUrl\":\"https:\\\/\\\/saaremaazoo.ee\\\/wp-content\\\/uploads\\\/2025\\\/09\\\/janese-kott.jpg\",\"datePublished\":\"2025-09-17T09:19:17+00:00\",\"dateModified\":\"2025-12-22T05:18:08+00:00\",\"description\":\"Armas ja praktiline \u00f5lavarre kotike \\\"J\u00e4nes\\\". Reguleeritav rihm ja piisavalt ruumi lastele oluliste asjade jaoks. Iga ost toetab looduskaitset.\",\"breadcrumb\":{\"@id\":\"https:\\\/\\\/saaremaazoo.ee\\\/en\\\/toode\\\/olakott-janes\\\/#breadcrumb\"},\"inLanguage\":\"en-US\",\"potentialAction\":[{\"@type\":\"ReadAction\",\"target\":[\"https:\\\/\\\/saaremaazoo.ee\\\/en\\\/toode\\\/olakott-janes\\\/\"]}]},{\"@type\":\"ImageObject\",\"inLanguage\":\"en-US\",\"@id\":\"https:\\\/\\\/saaremaazoo.ee\\\/en\\\/toode\\\/olakott-janes\\\/#primaryimage\",\"url\":\"https:\\\/\\\/saaremaazoo.ee\\\/wp-content\\\/uploads\\\/2025\\\/09\\\/janese-kott.jpg\",\"contentUrl\":\"https:\\\/\\\/saaremaazoo.ee\\\/wp-content\\\/uploads\\\/2025\\\/09\\\/janese-kott.jpg\",\"width\":591,\"height\":591},{\"@type\":\"BreadcrumbList\",\"@id\":\"https:\\\/\\\/saaremaazoo.ee\\\/en\\\/toode\\\/olakott-janes\\\/#breadcrumb\",\"itemListElement\":[{\"@type\":\"ListItem\",\"position\":1,\"name\":\"Home\",\"item\":\"https:\\\/\\\/saaremaazoo.ee\\\/en\\\/\"},{\"@type\":\"ListItem\",\"position\":2,\"name\":\"Pood\",\"item\":\"https:\\\/\\\/saaremaazoo.ee\\\/pood\\\/\"},{\"@type\":\"ListItem\",\"position\":3,\"name\":\"\u00d5lakott j\u00e4nes\"}]},{\"@type\":\"WebSite\",\"@id\":\"https:\\\/\\\/www.saaremaazoo.ee\\\/en\\\/#website\",\"url\":\"https:\\\/\\\/www.saaremaazoo.ee\\\/en\\\/\",\"name\":\"Saaremaa Zoo\",\"description\":\"Saaremaa esimene Loomaaed\",\"publisher\":{\"@id\":\"https:\\\/\\\/www.saaremaazoo.ee\\\/en\\\/#organization\"},\"potentialAction\":[{\"@type\":\"SearchAction\",\"target\":{\"@type\":\"EntryPoint\",\"urlTemplate\":\"https:\\\/\\\/www.saaremaazoo.ee\\\/en\\\/?s={search_term_string}\"},\"query-input\":{\"@type\":\"PropertyValueSpecification\",\"valueRequired\":true,\"valueName\":\"search_term_string\"}}],\"inLanguage\":\"en-US\"},{\"@type\":\"Organization\",\"@id\":\"https:\\\/\\\/www.saaremaazoo.ee\\\/en\\\/#organization\",\"name\":\"Saaremaa Loomaaed\",\"alternateName\":\"Saaremaa Zoo\",\"url\":\"https:\\\/\\\/www.saaremaazoo.ee\\\/en\\\/\",\"logo\":{\"@type\":\"ImageObject\",\"inLanguage\":\"en-US\",\"@id\":\"https:\\\/\\\/www.saaremaazoo.ee\\\/en\\\/#\\\/schema\\\/logo\\\/image\\\/\",\"url\":\"https:\\\/\\\/saaremaazoo.ee\\\/wp-content\\\/uploads\\\/2024\\\/12\\\/cropped-cropped-saaremaazoo_magnet_leemur__1__page-0001-removebg-preview.png\",\"contentUrl\":\"https:\\\/\\\/saaremaazoo.ee\\\/wp-content\\\/uploads\\\/2024\\\/12\\\/cropped-cropped-saaremaazoo_magnet_leemur__1__page-0001-removebg-preview.png\",\"width\":467,\"height\":325,\"caption\":\"Saaremaa Loomaaed\"},\"image\":{\"@id\":\"https:\\\/\\\/www.saaremaazoo.ee\\\/en\\\/#\\\/schema\\\/logo\\\/image\\\/\"},\"sameAs\":[\"https:\\\/\\\/www.facebook.com\\\/saaremaazoo\",\"https:\\\/\\\/www.instagram.com\\\/saaremaazoo\\\/\"]}]}<\/script>\n<!-- \/ Yoast SEO plugin. -->","yoast_head_json":{"title":"\u00d5lakott j\u00e4nes - Saaremaa Zoo","description":"Armas ja praktiline \u00f5lavarre kotike \"J\u00e4nes\". Reguleeritav rihm ja piisavalt ruumi lastele oluliste asjade jaoks. Iga ost toetab looduskaitset.","robots":{"index":"index","follow":"follow","max-snippet":"max-snippet:-1","max-image-preview":"max-image-preview:large","max-video-preview":"max-video-preview:-1"},"canonical":"https:\/\/saaremaazoo.ee\/en\/toode\/olakott-janes\/","og_locale":"en_US","og_type":"article","og_title":"\u00d5lakott j\u00e4nes - Saaremaa Zoo","og_description":"Armas ja praktiline \u00f5lavarre kotike \"J\u00e4nes\". Reguleeritav rihm ja piisavalt ruumi lastele oluliste asjade jaoks. Iga ost toetab looduskaitset.","og_url":"https:\/\/saaremaazoo.ee\/en\/toode\/olakott-janes\/","og_site_name":"Saaremaa Zoo","article_publisher":"https:\/\/www.facebook.com\/saaremaazoo","article_modified_time":"2025-12-22T05:18:08+00:00","og_image":[{"width":591,"height":591,"url":"https:\/\/saaremaazoo.ee\/wp-content\/uploads\/2025\/09\/janese-kott.jpg","type":"image\/jpeg"}],"twitter_card":"summary_large_image","twitter_misc":{"Est. reading time":"1 minute"},"schema":{"@context":"https:\/\/schema.org","@graph":[{"@type":"WebPage","@id":"https:\/\/saaremaazoo.ee\/en\/toode\/olakott-janes\/","url":"https:\/\/saaremaazoo.ee\/en\/toode\/olakott-janes\/","name":"\u00d5lakott j\u00e4nes - Saaremaa Zoo","isPartOf":{"@id":"https:\/\/www.saaremaazoo.ee\/en\/#website"},"primaryImageOfPage":{"@id":"https:\/\/saaremaazoo.ee\/en\/toode\/olakott-janes\/#primaryimage"},"image":{"@id":"https:\/\/saaremaazoo.ee\/en\/toode\/olakott-janes\/#primaryimage"},"thumbnailUrl":"https:\/\/saaremaazoo.ee\/wp-content\/uploads\/2025\/09\/janese-kott.jpg","datePublished":"2025-09-17T09:19:17+00:00","dateModified":"2025-12-22T05:18:08+00:00","description":"Armas ja praktiline \u00f5lavarre kotike \"J\u00e4nes\". Reguleeritav rihm ja piisavalt ruumi lastele oluliste asjade jaoks. Iga ost toetab looduskaitset.","breadcrumb":{"@id":"https:\/\/saaremaazoo.ee\/en\/toode\/olakott-janes\/#breadcrumb"},"inLanguage":"en-US","potentialAction":[{"@type":"ReadAction","target":["https:\/\/saaremaazoo.ee\/en\/toode\/olakott-janes\/"]}]},{"@type":"ImageObject","inLanguage":"en-US","@id":"https:\/\/saaremaazoo.ee\/en\/toode\/olakott-janes\/#primaryimage","url":"https:\/\/saaremaazoo.ee\/wp-content\/uploads\/2025\/09\/janese-kott.jpg","contentUrl":"https:\/\/saaremaazoo.ee\/wp-content\/uploads\/2025\/09\/janese-kott.jpg","width":591,"height":591},{"@type":"BreadcrumbList","@id":"https:\/\/saaremaazoo.ee\/en\/toode\/olakott-janes\/#breadcrumb","itemListElement":[{"@type":"ListItem","position":1,"name":"Home","item":"https:\/\/saaremaazoo.ee\/en\/"},{"@type":"ListItem","position":2,"name":"Pood","item":"https:\/\/saaremaazoo.ee\/pood\/"},{"@type":"ListItem","position":3,"name":"\u00d5lakott j\u00e4nes"}]},{"@type":"WebSite","@id":"https:\/\/www.saaremaazoo.ee\/en\/#website","url":"https:\/\/www.saaremaazoo.ee\/en\/","name":"Saaremaa Zoo","description":"Saaremaa esimene Loomaaed","publisher":{"@id":"https:\/\/www.saaremaazoo.ee\/en\/#organization"},"potentialAction":[{"@type":"SearchAction","target":{"@type":"EntryPoint","urlTemplate":"https:\/\/www.saaremaazoo.ee\/en\/?s={search_term_string}"},"query-input":{"@type":"PropertyValueSpecification","valueRequired":true,"valueName":"search_term_string"}}],"inLanguage":"en-US"},{"@type":"Organization","@id":"https:\/\/www.saaremaazoo.ee\/en\/#organization","name":"Saaremaa Loomaaed","alternateName":"Saaremaa Zoo","url":"https:\/\/www.saaremaazoo.ee\/en\/","logo":{"@type":"ImageObject","inLanguage":"en-US","@id":"https:\/\/www.saaremaazoo.ee\/en\/#\/schema\/logo\/image\/","url":"https:\/\/saaremaazoo.ee\/wp-content\/uploads\/2024\/12\/cropped-cropped-saaremaazoo_magnet_leemur__1__page-0001-removebg-preview.png","contentUrl":"https:\/\/saaremaazoo.ee\/wp-content\/uploads\/2024\/12\/cropped-cropped-saaremaazoo_magnet_leemur__1__page-0001-removebg-preview.png","width":467,"height":325,"caption":"Saaremaa Loomaaed"},"image":{"@id":"https:\/\/www.saaremaazoo.ee\/en\/#\/schema\/logo\/image\/"},"sameAs":["https:\/\/www.facebook.com\/saaremaazoo","https:\/\/www.instagram.com\/saaremaazoo\/"]}]}},"jetpack_sharing_enabled":true,"_links":{"self":[{"href":"https:\/\/saaremaazoo.ee\/en\/wp-json\/wp\/v2\/product\/58439","targetHints":{"allow":["GET"]}}],"collection":[{"href":"https:\/\/saaremaazoo.ee\/en\/wp-json\/wp\/v2\/product"}],"about":[{"href":"https:\/\/saaremaazoo.ee\/en\/wp-json\/wp\/v2\/types\/product"}],"replies":[{"embeddable":true,"href":"https:\/\/saaremaazoo.ee\/en\/wp-json\/wp\/v2\/comments?post=58439"}],"wp:featuredmedia":[{"embeddable":true,"href":"https:\/\/saaremaazoo.ee\/en\/wp-json\/wp\/v2\/media\/58440"}],"wp:attachment":[{"href":"https:\/\/saaremaazoo.ee\/en\/wp-json\/wp\/v2\/media?parent=58439"}],"wp:term":[{"taxonomy":"product_brand","embeddable":true,"href":"https:\/\/saaremaazoo.ee\/en\/wp-json\/wp\/v2\/product_brand?post=58439"},{"taxonomy":"product_cat","embeddable":true,"href":"https:\/\/saaremaazoo.ee\/en\/wp-json\/wp\/v2\/product_cat?post=58439"},{"taxonomy":"product_tag","embeddable":true,"href":"https:\/\/saaremaazoo.ee\/en\/wp-json\/wp\/v2\/product_tag?post=58439"}],"curies":[{"name":"wp","href":"https:\/\/api.w.org\/{rel}","templated":true}]}}