{"id":58084,"date":"2024-12-18T09:00:15","date_gmt":"2024-12-18T09:00:15","guid":{"rendered":"http:\/\/saaremaazoo.ee\/product\/saaremaa-zoo-lemur-limps-apple-and-pear-lemonade\/"},"modified":"2024-12-18T09:00:15","modified_gmt":"2024-12-18T09:00:15","slug":"saaremaa-zoo-lemur-limps-apple-and-pear-lemonade","status":"publish","type":"product","link":"https:\/\/www.saaremaazoo.ee\/en\/product\/saaremaa-zoo-lemur-limps-apple-and-pear-lemonade\/","title":{"rendered":"Saaremaa Zoo Lemur Limps &#8211; Apple and pear lemonade"},"content":{"rendered":"<p>Saaremaa Zoo&#8217;s unique <strong>Lemur Limps<\/strong> will take you on a journey of taste experiences! This refreshing and natural lemonade combines the best qualities of domestic apple and sweet pear, offering a deliciously light and mild juicy taste.<\/p>\n<p>The Lemur Limps hidden in a jar carries the cheerful energy of the Saaremaa Zoo &#8211; the jar features our own lemur, which has inspired this fun limp. This lemonade is the perfect companion for both summer picnics and relaxing moments at home.<\/p>\n<p><strong>Why choose Lemur Limps?<\/strong><\/p>\n<ul>\n<li>Natural taste, made from real apple and pear juice<\/li>\n<li>Inspired by the animals of Saaremaa Zoo<\/li>\n<li>With your purchase, you support the activities and nature conservation of Saaremaa Zoo<\/li>\n<\/ul>\n<p><strong>Discover the taste that makes you happy! By ordering, you support nature education and the welfare of our animals.<\/strong><\/p>\n<p>Ingredients:<\/p>\n<p>Organic apple juice (40%), water, pear juice (20%), lemon juice, cane sugar, carbon dioxide<\/p>\n<p>Nutritional information:<\/p>\n<p>Energy content: 121kj\/29kcal; fat 0g; of which saturated fatty acids 0g; carbohydrates 7.5g, of which sugars 6.8g; proteins 0.2g; salt 0g.<\/p>\n<p>Serving temperature: 4-8 c<\/p>\n<p>The lemonade is pasteurized and carbonated<\/p>\n<p>Producer: Taako Pihtla \u00c8nnek\u00f6\u00f6k O\u00dc<\/p>\n<p>Pihtla, Saaremaa, Estonia<\/p>\n","protected":false},"excerpt":{"rendered":"<p>Saaremaa Zoo&#8217;s unique Lemur Limps will take you on a journey of taste experiences! This refreshing and natural lemonade combines the best qualities of domestic apple and sweet pear, offering&hellip;<\/p>\n","protected":false},"featured_media":58012,"comment_status":"open","ping_status":"closed","template":"","meta":{"_acf_changed":false},"product_brand":[],"product_cat":[320,72],"product_tag":[],"class_list":{"0":"post-58084","1":"product","2":"type-product","3":"status-publish","4":"has-post-thumbnail","6":"product_cat-saaremaa-zoo-production","7":"product_cat-uncategorized","9":"first","10":"instock","11":"shipping-taxable","12":"purchasable","13":"product-type-simple"},"acf":[],"yoast_head":"<!-- This site is optimized with the Yoast SEO plugin v27.4 - https:\/\/yoast.com\/product\/yoast-seo-wordpress\/ -->\n<title>Saaremaa Zoo Lemur Limps - Apple and pear lemonade - Saaremaa Zoo<\/title>\n<meta name=\"robots\" content=\"index, follow, max-snippet:-1, max-image-preview:large, max-video-preview:-1\" \/>\n<link rel=\"canonical\" href=\"https:\/\/www.saaremaazoo.ee\/en\/product\/saaremaa-zoo-lemur-limps-apple-and-pear-lemonade\/\" \/>\n<meta property=\"og:locale\" content=\"en_US\" \/>\n<meta property=\"og:type\" content=\"article\" \/>\n<meta property=\"og:title\" content=\"Saaremaa Zoo Lemur Limps - Apple and pear lemonade - Saaremaa Zoo\" \/>\n<meta property=\"og:description\" content=\"Saaremaa Zoo&#8217;s unique Lemur Limps will take you on a journey of taste experiences! This refreshing and natural lemonade combines the best qualities of domestic apple and sweet pear, offering&hellip;\" \/>\n<meta property=\"og:url\" content=\"https:\/\/www.saaremaazoo.ee\/en\/product\/saaremaa-zoo-lemur-limps-apple-and-pear-lemonade\/\" \/>\n<meta property=\"og:site_name\" content=\"Saaremaa Zoo\" \/>\n<meta property=\"article:publisher\" content=\"https:\/\/www.facebook.com\/saaremaazoo\" \/>\n<meta property=\"og:image\" content=\"https:\/\/saaremaazoo.ee\/wp-content\/uploads\/2024\/12\/leemuri_limps_kavand-2.jpeg\" \/>\n\t<meta property=\"og:image:width\" content=\"1200\" \/>\n\t<meta property=\"og:image:height\" content=\"1176\" \/>\n\t<meta property=\"og:image:type\" content=\"image\/jpeg\" \/>\n<meta name=\"twitter:card\" content=\"summary_large_image\" \/>\n<meta name=\"twitter:label1\" content=\"Est. reading time\" \/>\n\t<meta name=\"twitter:data1\" content=\"1 minute\" \/>\n<script type=\"application\/ld+json\" class=\"yoast-schema-graph\">{\"@context\":\"https:\\\/\\\/schema.org\",\"@graph\":[{\"@type\":\"WebPage\",\"@id\":\"https:\\\/\\\/www.saaremaazoo.ee\\\/en\\\/product\\\/saaremaa-zoo-lemur-limps-apple-and-pear-lemonade\\\/\",\"url\":\"https:\\\/\\\/www.saaremaazoo.ee\\\/en\\\/product\\\/saaremaa-zoo-lemur-limps-apple-and-pear-lemonade\\\/\",\"name\":\"Saaremaa Zoo Lemur Limps - Apple and pear lemonade - Saaremaa Zoo\",\"isPartOf\":{\"@id\":\"https:\\\/\\\/saaremaazoo.ee\\\/en\\\/#website\"},\"primaryImageOfPage\":{\"@id\":\"https:\\\/\\\/www.saaremaazoo.ee\\\/en\\\/product\\\/saaremaa-zoo-lemur-limps-apple-and-pear-lemonade\\\/#primaryimage\"},\"image\":{\"@id\":\"https:\\\/\\\/www.saaremaazoo.ee\\\/en\\\/product\\\/saaremaa-zoo-lemur-limps-apple-and-pear-lemonade\\\/#primaryimage\"},\"thumbnailUrl\":\"https:\\\/\\\/www.saaremaazoo.ee\\\/wp-content\\\/uploads\\\/2024\\\/12\\\/leemuri_limps_kavand-2.jpeg\",\"datePublished\":\"2024-12-18T09:00:15+00:00\",\"breadcrumb\":{\"@id\":\"https:\\\/\\\/www.saaremaazoo.ee\\\/en\\\/product\\\/saaremaa-zoo-lemur-limps-apple-and-pear-lemonade\\\/#breadcrumb\"},\"inLanguage\":\"en-US\",\"potentialAction\":[{\"@type\":\"ReadAction\",\"target\":[\"https:\\\/\\\/www.saaremaazoo.ee\\\/en\\\/product\\\/saaremaa-zoo-lemur-limps-apple-and-pear-lemonade\\\/\"]}]},{\"@type\":\"ImageObject\",\"inLanguage\":\"en-US\",\"@id\":\"https:\\\/\\\/www.saaremaazoo.ee\\\/en\\\/product\\\/saaremaa-zoo-lemur-limps-apple-and-pear-lemonade\\\/#primaryimage\",\"url\":\"https:\\\/\\\/www.saaremaazoo.ee\\\/wp-content\\\/uploads\\\/2024\\\/12\\\/leemuri_limps_kavand-2.jpeg\",\"contentUrl\":\"https:\\\/\\\/www.saaremaazoo.ee\\\/wp-content\\\/uploads\\\/2024\\\/12\\\/leemuri_limps_kavand-2.jpeg\",\"width\":1200,\"height\":1176},{\"@type\":\"BreadcrumbList\",\"@id\":\"https:\\\/\\\/www.saaremaazoo.ee\\\/en\\\/product\\\/saaremaa-zoo-lemur-limps-apple-and-pear-lemonade\\\/#breadcrumb\",\"itemListElement\":[{\"@type\":\"ListItem\",\"position\":1,\"name\":\"Home\",\"item\":\"https:\\\/\\\/saaremaazoo.ee\\\/en\\\/\"},{\"@type\":\"ListItem\",\"position\":2,\"name\":\"Pood\",\"item\":\"https:\\\/\\\/saaremaazoo.ee\\\/en\\\/shop\\\/\"},{\"@type\":\"ListItem\",\"position\":3,\"name\":\"Saaremaa Zoo Lemur Limps &#8211; Apple and pear lemonade\"}]},{\"@type\":\"WebSite\",\"@id\":\"https:\\\/\\\/saaremaazoo.ee\\\/en\\\/#website\",\"url\":\"https:\\\/\\\/saaremaazoo.ee\\\/en\\\/\",\"name\":\"Saaremaa Zoo\",\"description\":\"Saaremaa esimene Loomaaed\",\"publisher\":{\"@id\":\"https:\\\/\\\/saaremaazoo.ee\\\/en\\\/#organization\"},\"potentialAction\":[{\"@type\":\"SearchAction\",\"target\":{\"@type\":\"EntryPoint\",\"urlTemplate\":\"https:\\\/\\\/saaremaazoo.ee\\\/en\\\/?s={search_term_string}\"},\"query-input\":{\"@type\":\"PropertyValueSpecification\",\"valueRequired\":true,\"valueName\":\"search_term_string\"}}],\"inLanguage\":\"en-US\"},{\"@type\":\"Organization\",\"@id\":\"https:\\\/\\\/saaremaazoo.ee\\\/en\\\/#organization\",\"name\":\"Saaremaa Loomaaed\",\"alternateName\":\"Saaremaa Zoo\",\"url\":\"https:\\\/\\\/saaremaazoo.ee\\\/en\\\/\",\"logo\":{\"@type\":\"ImageObject\",\"inLanguage\":\"en-US\",\"@id\":\"https:\\\/\\\/saaremaazoo.ee\\\/en\\\/#\\\/schema\\\/logo\\\/image\\\/\",\"url\":\"https:\\\/\\\/www.saaremaazoo.ee\\\/wp-content\\\/uploads\\\/2024\\\/12\\\/cropped-cropped-saaremaazoo_magnet_leemur__1__page-0001-removebg-preview.png\",\"contentUrl\":\"https:\\\/\\\/www.saaremaazoo.ee\\\/wp-content\\\/uploads\\\/2024\\\/12\\\/cropped-cropped-saaremaazoo_magnet_leemur__1__page-0001-removebg-preview.png\",\"width\":467,\"height\":325,\"caption\":\"Saaremaa Loomaaed\"},\"image\":{\"@id\":\"https:\\\/\\\/saaremaazoo.ee\\\/en\\\/#\\\/schema\\\/logo\\\/image\\\/\"},\"sameAs\":[\"https:\\\/\\\/www.facebook.com\\\/saaremaazoo\",\"https:\\\/\\\/www.instagram.com\\\/saaremaazoo\\\/\"]}]}<\/script>\n<!-- \/ Yoast SEO plugin. -->","yoast_head_json":{"title":"Saaremaa Zoo Lemur Limps - Apple and pear lemonade - Saaremaa Zoo","robots":{"index":"index","follow":"follow","max-snippet":"max-snippet:-1","max-image-preview":"max-image-preview:large","max-video-preview":"max-video-preview:-1"},"canonical":"https:\/\/www.saaremaazoo.ee\/en\/product\/saaremaa-zoo-lemur-limps-apple-and-pear-lemonade\/","og_locale":"en_US","og_type":"article","og_title":"Saaremaa Zoo Lemur Limps - Apple and pear lemonade - Saaremaa Zoo","og_description":"Saaremaa Zoo&#8217;s unique Lemur Limps will take you on a journey of taste experiences! This refreshing and natural lemonade combines the best qualities of domestic apple and sweet pear, offering&hellip;","og_url":"https:\/\/www.saaremaazoo.ee\/en\/product\/saaremaa-zoo-lemur-limps-apple-and-pear-lemonade\/","og_site_name":"Saaremaa Zoo","article_publisher":"https:\/\/www.facebook.com\/saaremaazoo","og_image":[{"width":1200,"height":1176,"url":"https:\/\/saaremaazoo.ee\/wp-content\/uploads\/2024\/12\/leemuri_limps_kavand-2.jpeg","type":"image\/jpeg"}],"twitter_card":"summary_large_image","twitter_misc":{"Est. reading time":"1 minute"},"schema":{"@context":"https:\/\/schema.org","@graph":[{"@type":"WebPage","@id":"https:\/\/www.saaremaazoo.ee\/en\/product\/saaremaa-zoo-lemur-limps-apple-and-pear-lemonade\/","url":"https:\/\/www.saaremaazoo.ee\/en\/product\/saaremaa-zoo-lemur-limps-apple-and-pear-lemonade\/","name":"Saaremaa Zoo Lemur Limps - Apple and pear lemonade - Saaremaa Zoo","isPartOf":{"@id":"https:\/\/saaremaazoo.ee\/en\/#website"},"primaryImageOfPage":{"@id":"https:\/\/www.saaremaazoo.ee\/en\/product\/saaremaa-zoo-lemur-limps-apple-and-pear-lemonade\/#primaryimage"},"image":{"@id":"https:\/\/www.saaremaazoo.ee\/en\/product\/saaremaa-zoo-lemur-limps-apple-and-pear-lemonade\/#primaryimage"},"thumbnailUrl":"https:\/\/www.saaremaazoo.ee\/wp-content\/uploads\/2024\/12\/leemuri_limps_kavand-2.jpeg","datePublished":"2024-12-18T09:00:15+00:00","breadcrumb":{"@id":"https:\/\/www.saaremaazoo.ee\/en\/product\/saaremaa-zoo-lemur-limps-apple-and-pear-lemonade\/#breadcrumb"},"inLanguage":"en-US","potentialAction":[{"@type":"ReadAction","target":["https:\/\/www.saaremaazoo.ee\/en\/product\/saaremaa-zoo-lemur-limps-apple-and-pear-lemonade\/"]}]},{"@type":"ImageObject","inLanguage":"en-US","@id":"https:\/\/www.saaremaazoo.ee\/en\/product\/saaremaa-zoo-lemur-limps-apple-and-pear-lemonade\/#primaryimage","url":"https:\/\/www.saaremaazoo.ee\/wp-content\/uploads\/2024\/12\/leemuri_limps_kavand-2.jpeg","contentUrl":"https:\/\/www.saaremaazoo.ee\/wp-content\/uploads\/2024\/12\/leemuri_limps_kavand-2.jpeg","width":1200,"height":1176},{"@type":"BreadcrumbList","@id":"https:\/\/www.saaremaazoo.ee\/en\/product\/saaremaa-zoo-lemur-limps-apple-and-pear-lemonade\/#breadcrumb","itemListElement":[{"@type":"ListItem","position":1,"name":"Home","item":"https:\/\/saaremaazoo.ee\/en\/"},{"@type":"ListItem","position":2,"name":"Pood","item":"https:\/\/saaremaazoo.ee\/en\/shop\/"},{"@type":"ListItem","position":3,"name":"Saaremaa Zoo Lemur Limps &#8211; Apple and pear lemonade"}]},{"@type":"WebSite","@id":"https:\/\/saaremaazoo.ee\/en\/#website","url":"https:\/\/saaremaazoo.ee\/en\/","name":"Saaremaa Zoo","description":"Saaremaa esimene Loomaaed","publisher":{"@id":"https:\/\/saaremaazoo.ee\/en\/#organization"},"potentialAction":[{"@type":"SearchAction","target":{"@type":"EntryPoint","urlTemplate":"https:\/\/saaremaazoo.ee\/en\/?s={search_term_string}"},"query-input":{"@type":"PropertyValueSpecification","valueRequired":true,"valueName":"search_term_string"}}],"inLanguage":"en-US"},{"@type":"Organization","@id":"https:\/\/saaremaazoo.ee\/en\/#organization","name":"Saaremaa Loomaaed","alternateName":"Saaremaa Zoo","url":"https:\/\/saaremaazoo.ee\/en\/","logo":{"@type":"ImageObject","inLanguage":"en-US","@id":"https:\/\/saaremaazoo.ee\/en\/#\/schema\/logo\/image\/","url":"https:\/\/www.saaremaazoo.ee\/wp-content\/uploads\/2024\/12\/cropped-cropped-saaremaazoo_magnet_leemur__1__page-0001-removebg-preview.png","contentUrl":"https:\/\/www.saaremaazoo.ee\/wp-content\/uploads\/2024\/12\/cropped-cropped-saaremaazoo_magnet_leemur__1__page-0001-removebg-preview.png","width":467,"height":325,"caption":"Saaremaa Loomaaed"},"image":{"@id":"https:\/\/saaremaazoo.ee\/en\/#\/schema\/logo\/image\/"},"sameAs":["https:\/\/www.facebook.com\/saaremaazoo","https:\/\/www.instagram.com\/saaremaazoo\/"]}]}},"jetpack_sharing_enabled":true,"_links":{"self":[{"href":"https:\/\/www.saaremaazoo.ee\/en\/wp-json\/wp\/v2\/product\/58084","targetHints":{"allow":["GET"]}}],"collection":[{"href":"https:\/\/www.saaremaazoo.ee\/en\/wp-json\/wp\/v2\/product"}],"about":[{"href":"https:\/\/www.saaremaazoo.ee\/en\/wp-json\/wp\/v2\/types\/product"}],"replies":[{"embeddable":true,"href":"https:\/\/www.saaremaazoo.ee\/en\/wp-json\/wp\/v2\/comments?post=58084"}],"wp:featuredmedia":[{"embeddable":true,"href":"https:\/\/www.saaremaazoo.ee\/en\/wp-json\/wp\/v2\/media\/58012"}],"wp:attachment":[{"href":"https:\/\/www.saaremaazoo.ee\/en\/wp-json\/wp\/v2\/media?parent=58084"}],"wp:term":[{"taxonomy":"product_brand","embeddable":true,"href":"https:\/\/www.saaremaazoo.ee\/en\/wp-json\/wp\/v2\/product_brand?post=58084"},{"taxonomy":"product_cat","embeddable":true,"href":"https:\/\/www.saaremaazoo.ee\/en\/wp-json\/wp\/v2\/product_cat?post=58084"},{"taxonomy":"product_tag","embeddable":true,"href":"https:\/\/www.saaremaazoo.ee\/en\/wp-json\/wp\/v2\/product_tag?post=58084"}],"curies":[{"name":"wp","href":"https:\/\/api.w.org\/{rel}","templated":true}]}}