{"id":58083,"date":"2024-12-18T09:03:19","date_gmt":"2024-12-18T09:03:19","guid":{"rendered":"http:\/\/saaremaazoo.ee\/product\/saaremaa-zoo-camel-kalle-kali\/"},"modified":"2024-12-23T13:38:16","modified_gmt":"2024-12-23T13:38:16","slug":"saaremaa-zoo-camel-kalle-kali","status":"publish","type":"product","link":"https:\/\/saaremaazoo.ee\/en\/product\/saaremaa-zoo-camel-kalle-kali\/","title":{"rendered":"Saaremaa Zoo Camel Kalle Kali"},"content":{"rendered":"<p>Saaremaa Zoo&#8217;s special <strong>Camel Kalle Kali<\/strong> is a traditionally prepared genuine bread kali, which brings you a nostalgic and refreshing taste experience! This effervescent and slightly sweet drink is made from high-quality ingredients to provide an authentic and full-flavored experience with every sip.<\/p>\n<p>Kalle Kali the Camel is inspired by the charismatic camel that lives in our zoo &#8211; the jar has a fun portrait of him that will bring a smile to your face. Perfect for a party table as well as for everyday enjoyment.<\/p>\n<p><strong>Why choose Kaamel Kalle Kali?<\/strong><\/p>\n<ul>\n<li>Traditional kalja drink made from high-quality ingredients<\/li>\n<li>Inspired by the animals of Saaremaa Zoo<\/li>\n<li>With your purchase, you support the activities of Saaremaa Zoo and nature conservation<\/li>\n<\/ul>\n<p><strong>Let the taste do the talking and order your Kaamel Kalle Kali today &#8211; support nature education and the welfare of our animals!<\/strong><\/p>\n<p>Ingredients:<\/p>\n<p>Water, rye malt flour, rye flour, barley malt, cane sugar, yeast, carbon dioxide<\/p>\n<p>Nutritional information:<\/p>\n<p>Energy content: 191 kj\/35 kcal; fat 0.3 g; of which saturated fatty acids 0g; carbohydrates 7.1g, of which sugars 5.4g; proteins 0.6g; fiber 1.1g; salt 0g.<\/p>\n<p>Serving temperature: 4-8 c<\/p>\n<p>The lemonade is pasteurized and carbonated<\/p>\n<p>Producer: Taako Pihtla \u00c8nnek\u00f6\u00f6k O\u00dc<\/p>\n<p>Pihtla, Saaremaa, Estonia<\/p>\n","protected":false},"excerpt":{"rendered":"<p>Saaremaa Zoo&#8217;s special Camel Kalle Kali is a traditionally prepared genuine bread kali, which brings you a nostalgic and refreshing taste experience! This effervescent and slightly sweet drink is made&hellip;<\/p>\n","protected":false},"featured_media":58011,"comment_status":"open","ping_status":"closed","template":"","meta":{"_acf_changed":false},"product_brand":[],"product_cat":[320,72],"product_tag":[],"class_list":{"0":"post-58083","1":"product","2":"type-product","3":"status-publish","4":"has-post-thumbnail","6":"product_cat-saaremaa-zoo-production","7":"product_cat-uncategorized","9":"first","10":"instock","11":"shipping-taxable","12":"purchasable","13":"product-type-simple"},"acf":[],"yoast_head":"<!-- This site is optimized with the Yoast SEO plugin v27.4 - https:\/\/yoast.com\/product\/yoast-seo-wordpress\/ -->\n<title>Saaremaa Zoo Camel Kalle Kali - Saaremaa Zoo<\/title>\n<meta name=\"robots\" content=\"index, follow, max-snippet:-1, max-image-preview:large, max-video-preview:-1\" \/>\n<link rel=\"canonical\" href=\"https:\/\/saaremaazoo.ee\/en\/product\/saaremaa-zoo-camel-kalle-kali\/\" \/>\n<meta property=\"og:locale\" content=\"en_US\" \/>\n<meta property=\"og:type\" content=\"article\" \/>\n<meta property=\"og:title\" content=\"Saaremaa Zoo Camel Kalle Kali - Saaremaa Zoo\" \/>\n<meta property=\"og:description\" content=\"Saaremaa Zoo&#8217;s special Camel Kalle Kali is a traditionally prepared genuine bread kali, which brings you a nostalgic and refreshing taste experience! This effervescent and slightly sweet drink is made&hellip;\" \/>\n<meta property=\"og:url\" content=\"https:\/\/saaremaazoo.ee\/en\/product\/saaremaa-zoo-camel-kalle-kali\/\" \/>\n<meta property=\"og:site_name\" content=\"Saaremaa Zoo\" \/>\n<meta property=\"article:publisher\" content=\"https:\/\/www.facebook.com\/saaremaazoo\" \/>\n<meta property=\"article:modified_time\" content=\"2024-12-23T13:38:16+00:00\" \/>\n<meta property=\"og:image\" content=\"https:\/\/saaremaazoo.ee\/wp-content\/uploads\/2024\/12\/kaameli_kalle_kavand-2.jpeg\" \/>\n\t<meta property=\"og:image:width\" content=\"1200\" \/>\n\t<meta property=\"og:image:height\" content=\"1166\" \/>\n\t<meta property=\"og:image:type\" content=\"image\/jpeg\" \/>\n<meta name=\"twitter:card\" content=\"summary_large_image\" \/>\n<meta name=\"twitter:label1\" content=\"Est. reading time\" \/>\n\t<meta name=\"twitter:data1\" content=\"1 minute\" \/>\n<script type=\"application\/ld+json\" class=\"yoast-schema-graph\">{\"@context\":\"https:\\\/\\\/schema.org\",\"@graph\":[{\"@type\":\"WebPage\",\"@id\":\"https:\\\/\\\/saaremaazoo.ee\\\/en\\\/product\\\/saaremaa-zoo-camel-kalle-kali\\\/\",\"url\":\"https:\\\/\\\/saaremaazoo.ee\\\/en\\\/product\\\/saaremaa-zoo-camel-kalle-kali\\\/\",\"name\":\"Saaremaa Zoo Camel Kalle Kali - Saaremaa Zoo\",\"isPartOf\":{\"@id\":\"https:\\\/\\\/saaremaazoo.ee\\\/en\\\/#website\"},\"primaryImageOfPage\":{\"@id\":\"https:\\\/\\\/saaremaazoo.ee\\\/en\\\/product\\\/saaremaa-zoo-camel-kalle-kali\\\/#primaryimage\"},\"image\":{\"@id\":\"https:\\\/\\\/saaremaazoo.ee\\\/en\\\/product\\\/saaremaa-zoo-camel-kalle-kali\\\/#primaryimage\"},\"thumbnailUrl\":\"https:\\\/\\\/saaremaazoo.ee\\\/wp-content\\\/uploads\\\/2024\\\/12\\\/kaameli_kalle_kavand-2.jpeg\",\"datePublished\":\"2024-12-18T09:03:19+00:00\",\"dateModified\":\"2024-12-23T13:38:16+00:00\",\"breadcrumb\":{\"@id\":\"https:\\\/\\\/saaremaazoo.ee\\\/en\\\/product\\\/saaremaa-zoo-camel-kalle-kali\\\/#breadcrumb\"},\"inLanguage\":\"en-US\",\"potentialAction\":[{\"@type\":\"ReadAction\",\"target\":[\"https:\\\/\\\/saaremaazoo.ee\\\/en\\\/product\\\/saaremaa-zoo-camel-kalle-kali\\\/\"]}]},{\"@type\":\"ImageObject\",\"inLanguage\":\"en-US\",\"@id\":\"https:\\\/\\\/saaremaazoo.ee\\\/en\\\/product\\\/saaremaa-zoo-camel-kalle-kali\\\/#primaryimage\",\"url\":\"https:\\\/\\\/saaremaazoo.ee\\\/wp-content\\\/uploads\\\/2024\\\/12\\\/kaameli_kalle_kavand-2.jpeg\",\"contentUrl\":\"https:\\\/\\\/saaremaazoo.ee\\\/wp-content\\\/uploads\\\/2024\\\/12\\\/kaameli_kalle_kavand-2.jpeg\",\"width\":1200,\"height\":1166},{\"@type\":\"BreadcrumbList\",\"@id\":\"https:\\\/\\\/saaremaazoo.ee\\\/en\\\/product\\\/saaremaa-zoo-camel-kalle-kali\\\/#breadcrumb\",\"itemListElement\":[{\"@type\":\"ListItem\",\"position\":1,\"name\":\"Home\",\"item\":\"https:\\\/\\\/saaremaazoo.ee\\\/en\\\/\"},{\"@type\":\"ListItem\",\"position\":2,\"name\":\"Pood\",\"item\":\"https:\\\/\\\/saaremaazoo.ee\\\/en\\\/shop\\\/\"},{\"@type\":\"ListItem\",\"position\":3,\"name\":\"Saaremaa Zoo Camel Kalle Kali\"}]},{\"@type\":\"WebSite\",\"@id\":\"https:\\\/\\\/saaremaazoo.ee\\\/en\\\/#website\",\"url\":\"https:\\\/\\\/saaremaazoo.ee\\\/en\\\/\",\"name\":\"Saaremaa Zoo\",\"description\":\"Saaremaa esimene Loomaaed\",\"publisher\":{\"@id\":\"https:\\\/\\\/saaremaazoo.ee\\\/en\\\/#organization\"},\"potentialAction\":[{\"@type\":\"SearchAction\",\"target\":{\"@type\":\"EntryPoint\",\"urlTemplate\":\"https:\\\/\\\/saaremaazoo.ee\\\/en\\\/?s={search_term_string}\"},\"query-input\":{\"@type\":\"PropertyValueSpecification\",\"valueRequired\":true,\"valueName\":\"search_term_string\"}}],\"inLanguage\":\"en-US\"},{\"@type\":\"Organization\",\"@id\":\"https:\\\/\\\/saaremaazoo.ee\\\/en\\\/#organization\",\"name\":\"Saaremaa Loomaaed\",\"alternateName\":\"Saaremaa Zoo\",\"url\":\"https:\\\/\\\/saaremaazoo.ee\\\/en\\\/\",\"logo\":{\"@type\":\"ImageObject\",\"inLanguage\":\"en-US\",\"@id\":\"https:\\\/\\\/saaremaazoo.ee\\\/en\\\/#\\\/schema\\\/logo\\\/image\\\/\",\"url\":\"https:\\\/\\\/saaremaazoo.ee\\\/wp-content\\\/uploads\\\/2024\\\/12\\\/cropped-cropped-saaremaazoo_magnet_leemur__1__page-0001-removebg-preview.png\",\"contentUrl\":\"https:\\\/\\\/saaremaazoo.ee\\\/wp-content\\\/uploads\\\/2024\\\/12\\\/cropped-cropped-saaremaazoo_magnet_leemur__1__page-0001-removebg-preview.png\",\"width\":467,\"height\":325,\"caption\":\"Saaremaa Loomaaed\"},\"image\":{\"@id\":\"https:\\\/\\\/saaremaazoo.ee\\\/en\\\/#\\\/schema\\\/logo\\\/image\\\/\"},\"sameAs\":[\"https:\\\/\\\/www.facebook.com\\\/saaremaazoo\",\"https:\\\/\\\/www.instagram.com\\\/saaremaazoo\\\/\"]}]}<\/script>\n<!-- \/ Yoast SEO plugin. -->","yoast_head_json":{"title":"Saaremaa Zoo Camel Kalle Kali - Saaremaa Zoo","robots":{"index":"index","follow":"follow","max-snippet":"max-snippet:-1","max-image-preview":"max-image-preview:large","max-video-preview":"max-video-preview:-1"},"canonical":"https:\/\/saaremaazoo.ee\/en\/product\/saaremaa-zoo-camel-kalle-kali\/","og_locale":"en_US","og_type":"article","og_title":"Saaremaa Zoo Camel Kalle Kali - Saaremaa Zoo","og_description":"Saaremaa Zoo&#8217;s special Camel Kalle Kali is a traditionally prepared genuine bread kali, which brings you a nostalgic and refreshing taste experience! This effervescent and slightly sweet drink is made&hellip;","og_url":"https:\/\/saaremaazoo.ee\/en\/product\/saaremaa-zoo-camel-kalle-kali\/","og_site_name":"Saaremaa Zoo","article_publisher":"https:\/\/www.facebook.com\/saaremaazoo","article_modified_time":"2024-12-23T13:38:16+00:00","og_image":[{"width":1200,"height":1166,"url":"https:\/\/saaremaazoo.ee\/wp-content\/uploads\/2024\/12\/kaameli_kalle_kavand-2.jpeg","type":"image\/jpeg"}],"twitter_card":"summary_large_image","twitter_misc":{"Est. reading time":"1 minute"},"schema":{"@context":"https:\/\/schema.org","@graph":[{"@type":"WebPage","@id":"https:\/\/saaremaazoo.ee\/en\/product\/saaremaa-zoo-camel-kalle-kali\/","url":"https:\/\/saaremaazoo.ee\/en\/product\/saaremaa-zoo-camel-kalle-kali\/","name":"Saaremaa Zoo Camel Kalle Kali - Saaremaa Zoo","isPartOf":{"@id":"https:\/\/saaremaazoo.ee\/en\/#website"},"primaryImageOfPage":{"@id":"https:\/\/saaremaazoo.ee\/en\/product\/saaremaa-zoo-camel-kalle-kali\/#primaryimage"},"image":{"@id":"https:\/\/saaremaazoo.ee\/en\/product\/saaremaa-zoo-camel-kalle-kali\/#primaryimage"},"thumbnailUrl":"https:\/\/saaremaazoo.ee\/wp-content\/uploads\/2024\/12\/kaameli_kalle_kavand-2.jpeg","datePublished":"2024-12-18T09:03:19+00:00","dateModified":"2024-12-23T13:38:16+00:00","breadcrumb":{"@id":"https:\/\/saaremaazoo.ee\/en\/product\/saaremaa-zoo-camel-kalle-kali\/#breadcrumb"},"inLanguage":"en-US","potentialAction":[{"@type":"ReadAction","target":["https:\/\/saaremaazoo.ee\/en\/product\/saaremaa-zoo-camel-kalle-kali\/"]}]},{"@type":"ImageObject","inLanguage":"en-US","@id":"https:\/\/saaremaazoo.ee\/en\/product\/saaremaa-zoo-camel-kalle-kali\/#primaryimage","url":"https:\/\/saaremaazoo.ee\/wp-content\/uploads\/2024\/12\/kaameli_kalle_kavand-2.jpeg","contentUrl":"https:\/\/saaremaazoo.ee\/wp-content\/uploads\/2024\/12\/kaameli_kalle_kavand-2.jpeg","width":1200,"height":1166},{"@type":"BreadcrumbList","@id":"https:\/\/saaremaazoo.ee\/en\/product\/saaremaa-zoo-camel-kalle-kali\/#breadcrumb","itemListElement":[{"@type":"ListItem","position":1,"name":"Home","item":"https:\/\/saaremaazoo.ee\/en\/"},{"@type":"ListItem","position":2,"name":"Pood","item":"https:\/\/saaremaazoo.ee\/en\/shop\/"},{"@type":"ListItem","position":3,"name":"Saaremaa Zoo Camel Kalle Kali"}]},{"@type":"WebSite","@id":"https:\/\/saaremaazoo.ee\/en\/#website","url":"https:\/\/saaremaazoo.ee\/en\/","name":"Saaremaa Zoo","description":"Saaremaa esimene Loomaaed","publisher":{"@id":"https:\/\/saaremaazoo.ee\/en\/#organization"},"potentialAction":[{"@type":"SearchAction","target":{"@type":"EntryPoint","urlTemplate":"https:\/\/saaremaazoo.ee\/en\/?s={search_term_string}"},"query-input":{"@type":"PropertyValueSpecification","valueRequired":true,"valueName":"search_term_string"}}],"inLanguage":"en-US"},{"@type":"Organization","@id":"https:\/\/saaremaazoo.ee\/en\/#organization","name":"Saaremaa Loomaaed","alternateName":"Saaremaa Zoo","url":"https:\/\/saaremaazoo.ee\/en\/","logo":{"@type":"ImageObject","inLanguage":"en-US","@id":"https:\/\/saaremaazoo.ee\/en\/#\/schema\/logo\/image\/","url":"https:\/\/saaremaazoo.ee\/wp-content\/uploads\/2024\/12\/cropped-cropped-saaremaazoo_magnet_leemur__1__page-0001-removebg-preview.png","contentUrl":"https:\/\/saaremaazoo.ee\/wp-content\/uploads\/2024\/12\/cropped-cropped-saaremaazoo_magnet_leemur__1__page-0001-removebg-preview.png","width":467,"height":325,"caption":"Saaremaa Loomaaed"},"image":{"@id":"https:\/\/saaremaazoo.ee\/en\/#\/schema\/logo\/image\/"},"sameAs":["https:\/\/www.facebook.com\/saaremaazoo","https:\/\/www.instagram.com\/saaremaazoo\/"]}]}},"jetpack_sharing_enabled":true,"_links":{"self":[{"href":"https:\/\/saaremaazoo.ee\/en\/wp-json\/wp\/v2\/product\/58083","targetHints":{"allow":["GET"]}}],"collection":[{"href":"https:\/\/saaremaazoo.ee\/en\/wp-json\/wp\/v2\/product"}],"about":[{"href":"https:\/\/saaremaazoo.ee\/en\/wp-json\/wp\/v2\/types\/product"}],"replies":[{"embeddable":true,"href":"https:\/\/saaremaazoo.ee\/en\/wp-json\/wp\/v2\/comments?post=58083"}],"wp:featuredmedia":[{"embeddable":true,"href":"https:\/\/saaremaazoo.ee\/en\/wp-json\/wp\/v2\/media\/58011"}],"wp:attachment":[{"href":"https:\/\/saaremaazoo.ee\/en\/wp-json\/wp\/v2\/media?parent=58083"}],"wp:term":[{"taxonomy":"product_brand","embeddable":true,"href":"https:\/\/saaremaazoo.ee\/en\/wp-json\/wp\/v2\/product_brand?post=58083"},{"taxonomy":"product_cat","embeddable":true,"href":"https:\/\/saaremaazoo.ee\/en\/wp-json\/wp\/v2\/product_cat?post=58083"},{"taxonomy":"product_tag","embeddable":true,"href":"https:\/\/saaremaazoo.ee\/en\/wp-json\/wp\/v2\/product_tag?post=58083"}],"curies":[{"name":"wp","href":"https:\/\/api.w.org\/{rel}","templated":true}]}}