{"id":56794,"date":"2024-12-08T15:08:53","date_gmt":"2024-12-08T15:08:53","guid":{"rendered":"http:\/\/saaremaazoo.ee\/?post_type=product&#038;p=56794"},"modified":"2024-12-08T15:16:19","modified_gmt":"2024-12-08T15:16:19","slug":"oravate-misa-ja-masa-puur","status":"publish","type":"product","link":"https:\/\/www.saaremaazoo.ee\/en\/toode\/oravate-misa-ja-masa-puur\/","title":{"rendered":"Oravate Mi\u0161a ja Ma\u0161a puur."},"content":{"rendered":"<p>Mi\u0161a ja Ma\u0161a loomaaia \u00fched vilkamad tegelased. Ameerika punaoravad elavad 5m2 suuruses puuris.\u00a0 Mi\u0161a ja Ma\u0161a armastavad ilusate ilmadega v\u00e4ljas turnida ja toitu peita. Halvema ilmaga kipuvad nad oma p\u00e4eva veetma pigem pesas. Oma tugevate hammastega meeldib neile k\u00f5ige rohkem p\u00e4hkleid purustada. Oravad on suhteliselt kitsi iseloomuga ja peidavad \u00fcksteise eest v\u00f5idu p\u00e4hkleid. P\u00e4evad m\u00f6\u00f6duvad teineteise p\u00e4hkleid otsides ja nende uuesti \u00fcksteise eest peites.<\/p>\n","protected":false},"excerpt":{"rendered":"<p>Mi\u0161a ja Ma\u0161a loomaaia \u00fched vilkamad tegelased. Ameerika punaoravad elavad 5m2 suuruses puuris.\u00a0 Mi\u0161a ja Ma\u0161a armastavad ilusate ilmadega v\u00e4ljas turnida ja toitu peita. Halvema ilmaga kipuvad nad oma p\u00e4eva&hellip;<\/p>\n","protected":false},"featured_media":56913,"comment_status":"open","ping_status":"closed","template":"","meta":{"_acf_changed":false},"product_brand":[],"product_cat":[280],"product_tag":[],"class_list":{"0":"post-56794","1":"product","2":"type-product","3":"status-publish","4":"has-post-thumbnail","6":"product_cat-tukike-loomaaeda","8":"first","9":"outofstock","10":"virtual","11":"purchasable","12":"product-type-simple"},"acf":[],"yoast_head":"<!-- This site is optimized with the Yoast SEO plugin v27.4 - https:\/\/yoast.com\/product\/yoast-seo-wordpress\/ -->\n<title>Oravate Mi\u0161a ja Ma\u0161a puur. - Saaremaa Zoo<\/title>\n<meta name=\"robots\" content=\"index, follow, max-snippet:-1, max-image-preview:large, max-video-preview:-1\" \/>\n<link rel=\"canonical\" href=\"https:\/\/www.saaremaazoo.ee\/en\/toode\/oravate-misa-ja-masa-puur\/\" \/>\n<meta property=\"og:locale\" content=\"en_US\" \/>\n<meta property=\"og:type\" content=\"article\" \/>\n<meta property=\"og:title\" content=\"Oravate Mi\u0161a ja Ma\u0161a puur. - Saaremaa Zoo\" \/>\n<meta property=\"og:description\" content=\"Mi\u0161a ja Ma\u0161a loomaaia \u00fched vilkamad tegelased. Ameerika punaoravad elavad 5m2 suuruses puuris.\u00a0 Mi\u0161a ja Ma\u0161a armastavad ilusate ilmadega v\u00e4ljas turnida ja toitu peita. Halvema ilmaga kipuvad nad oma p\u00e4eva&hellip;\" \/>\n<meta property=\"og:url\" content=\"https:\/\/www.saaremaazoo.ee\/en\/toode\/oravate-misa-ja-masa-puur\/\" \/>\n<meta property=\"og:site_name\" content=\"Saaremaa Zoo\" \/>\n<meta property=\"article:publisher\" content=\"https:\/\/www.facebook.com\/saaremaazoo\" \/>\n<meta property=\"article:modified_time\" content=\"2024-12-08T15:16:19+00:00\" \/>\n<meta property=\"og:image\" content=\"https:\/\/www.saaremaazoo.ee\/wp-content\/uploads\/2024\/12\/W2A4986v.jpg\" \/>\n\t<meta property=\"og:image:width\" content=\"1264\" \/>\n\t<meta property=\"og:image:height\" content=\"843\" \/>\n\t<meta property=\"og:image:type\" content=\"image\/jpeg\" \/>\n<meta name=\"twitter:card\" content=\"summary_large_image\" \/>\n<meta name=\"twitter:label1\" content=\"Est. reading time\" \/>\n\t<meta name=\"twitter:data1\" content=\"1 minute\" \/>\n<script type=\"application\/ld+json\" class=\"yoast-schema-graph\">{\"@context\":\"https:\\\/\\\/schema.org\",\"@graph\":[{\"@type\":\"WebPage\",\"@id\":\"https:\\\/\\\/www.saaremaazoo.ee\\\/en\\\/toode\\\/oravate-misa-ja-masa-puur\\\/\",\"url\":\"https:\\\/\\\/www.saaremaazoo.ee\\\/en\\\/toode\\\/oravate-misa-ja-masa-puur\\\/\",\"name\":\"Oravate Mi\u0161a ja Ma\u0161a puur. - Saaremaa Zoo\",\"isPartOf\":{\"@id\":\"https:\\\/\\\/www.saaremaazoo.ee\\\/en\\\/#website\"},\"primaryImageOfPage\":{\"@id\":\"https:\\\/\\\/www.saaremaazoo.ee\\\/en\\\/toode\\\/oravate-misa-ja-masa-puur\\\/#primaryimage\"},\"image\":{\"@id\":\"https:\\\/\\\/www.saaremaazoo.ee\\\/en\\\/toode\\\/oravate-misa-ja-masa-puur\\\/#primaryimage\"},\"thumbnailUrl\":\"https:\\\/\\\/www.saaremaazoo.ee\\\/wp-content\\\/uploads\\\/2024\\\/12\\\/W2A4986v.jpg\",\"datePublished\":\"2024-12-08T15:08:53+00:00\",\"dateModified\":\"2024-12-08T15:16:19+00:00\",\"breadcrumb\":{\"@id\":\"https:\\\/\\\/www.saaremaazoo.ee\\\/en\\\/toode\\\/oravate-misa-ja-masa-puur\\\/#breadcrumb\"},\"inLanguage\":\"en-US\",\"potentialAction\":[{\"@type\":\"ReadAction\",\"target\":[\"https:\\\/\\\/www.saaremaazoo.ee\\\/en\\\/toode\\\/oravate-misa-ja-masa-puur\\\/\"]}]},{\"@type\":\"ImageObject\",\"inLanguage\":\"en-US\",\"@id\":\"https:\\\/\\\/www.saaremaazoo.ee\\\/en\\\/toode\\\/oravate-misa-ja-masa-puur\\\/#primaryimage\",\"url\":\"https:\\\/\\\/www.saaremaazoo.ee\\\/wp-content\\\/uploads\\\/2024\\\/12\\\/W2A4986v.jpg\",\"contentUrl\":\"https:\\\/\\\/www.saaremaazoo.ee\\\/wp-content\\\/uploads\\\/2024\\\/12\\\/W2A4986v.jpg\",\"width\":1264,\"height\":843},{\"@type\":\"BreadcrumbList\",\"@id\":\"https:\\\/\\\/www.saaremaazoo.ee\\\/en\\\/toode\\\/oravate-misa-ja-masa-puur\\\/#breadcrumb\",\"itemListElement\":[{\"@type\":\"ListItem\",\"position\":1,\"name\":\"Home\",\"item\":\"https:\\\/\\\/www.saaremaazoo.ee\\\/en\\\/\"},{\"@type\":\"ListItem\",\"position\":2,\"name\":\"Pood\",\"item\":\"https:\\\/\\\/saaremaazoo.ee\\\/en\\\/shop\\\/\"},{\"@type\":\"ListItem\",\"position\":3,\"name\":\"Oravate Mi\u0161a ja Ma\u0161a puur.\"}]},{\"@type\":\"WebSite\",\"@id\":\"https:\\\/\\\/www.saaremaazoo.ee\\\/en\\\/#website\",\"url\":\"https:\\\/\\\/www.saaremaazoo.ee\\\/en\\\/\",\"name\":\"Saaremaa Zoo\",\"description\":\"Saaremaa esimene Loomaaed\",\"publisher\":{\"@id\":\"https:\\\/\\\/www.saaremaazoo.ee\\\/en\\\/#organization\"},\"potentialAction\":[{\"@type\":\"SearchAction\",\"target\":{\"@type\":\"EntryPoint\",\"urlTemplate\":\"https:\\\/\\\/www.saaremaazoo.ee\\\/en\\\/?s={search_term_string}\"},\"query-input\":{\"@type\":\"PropertyValueSpecification\",\"valueRequired\":true,\"valueName\":\"search_term_string\"}}],\"inLanguage\":\"en-US\"},{\"@type\":\"Organization\",\"@id\":\"https:\\\/\\\/www.saaremaazoo.ee\\\/en\\\/#organization\",\"name\":\"Saaremaa Loomaaed\",\"alternateName\":\"Saaremaa Zoo\",\"url\":\"https:\\\/\\\/www.saaremaazoo.ee\\\/en\\\/\",\"logo\":{\"@type\":\"ImageObject\",\"inLanguage\":\"en-US\",\"@id\":\"https:\\\/\\\/www.saaremaazoo.ee\\\/en\\\/#\\\/schema\\\/logo\\\/image\\\/\",\"url\":\"https:\\\/\\\/www.saaremaazoo.ee\\\/wp-content\\\/uploads\\\/2024\\\/12\\\/cropped-cropped-saaremaazoo_magnet_leemur__1__page-0001-removebg-preview.png\",\"contentUrl\":\"https:\\\/\\\/www.saaremaazoo.ee\\\/wp-content\\\/uploads\\\/2024\\\/12\\\/cropped-cropped-saaremaazoo_magnet_leemur__1__page-0001-removebg-preview.png\",\"width\":467,\"height\":325,\"caption\":\"Saaremaa Loomaaed\"},\"image\":{\"@id\":\"https:\\\/\\\/www.saaremaazoo.ee\\\/en\\\/#\\\/schema\\\/logo\\\/image\\\/\"},\"sameAs\":[\"https:\\\/\\\/www.facebook.com\\\/saaremaazoo\",\"https:\\\/\\\/www.instagram.com\\\/saaremaazoo\\\/\"]}]}<\/script>\n<!-- \/ Yoast SEO plugin. -->","yoast_head_json":{"title":"Oravate Mi\u0161a ja Ma\u0161a puur. - Saaremaa Zoo","robots":{"index":"index","follow":"follow","max-snippet":"max-snippet:-1","max-image-preview":"max-image-preview:large","max-video-preview":"max-video-preview:-1"},"canonical":"https:\/\/www.saaremaazoo.ee\/en\/toode\/oravate-misa-ja-masa-puur\/","og_locale":"en_US","og_type":"article","og_title":"Oravate Mi\u0161a ja Ma\u0161a puur. - Saaremaa Zoo","og_description":"Mi\u0161a ja Ma\u0161a loomaaia \u00fched vilkamad tegelased. Ameerika punaoravad elavad 5m2 suuruses puuris.\u00a0 Mi\u0161a ja Ma\u0161a armastavad ilusate ilmadega v\u00e4ljas turnida ja toitu peita. Halvema ilmaga kipuvad nad oma p\u00e4eva&hellip;","og_url":"https:\/\/www.saaremaazoo.ee\/en\/toode\/oravate-misa-ja-masa-puur\/","og_site_name":"Saaremaa Zoo","article_publisher":"https:\/\/www.facebook.com\/saaremaazoo","article_modified_time":"2024-12-08T15:16:19+00:00","og_image":[{"width":1264,"height":843,"url":"https:\/\/www.saaremaazoo.ee\/wp-content\/uploads\/2024\/12\/W2A4986v.jpg","type":"image\/jpeg"}],"twitter_card":"summary_large_image","twitter_misc":{"Est. reading time":"1 minute"},"schema":{"@context":"https:\/\/schema.org","@graph":[{"@type":"WebPage","@id":"https:\/\/www.saaremaazoo.ee\/en\/toode\/oravate-misa-ja-masa-puur\/","url":"https:\/\/www.saaremaazoo.ee\/en\/toode\/oravate-misa-ja-masa-puur\/","name":"Oravate Mi\u0161a ja Ma\u0161a puur. - Saaremaa Zoo","isPartOf":{"@id":"https:\/\/www.saaremaazoo.ee\/en\/#website"},"primaryImageOfPage":{"@id":"https:\/\/www.saaremaazoo.ee\/en\/toode\/oravate-misa-ja-masa-puur\/#primaryimage"},"image":{"@id":"https:\/\/www.saaremaazoo.ee\/en\/toode\/oravate-misa-ja-masa-puur\/#primaryimage"},"thumbnailUrl":"https:\/\/www.saaremaazoo.ee\/wp-content\/uploads\/2024\/12\/W2A4986v.jpg","datePublished":"2024-12-08T15:08:53+00:00","dateModified":"2024-12-08T15:16:19+00:00","breadcrumb":{"@id":"https:\/\/www.saaremaazoo.ee\/en\/toode\/oravate-misa-ja-masa-puur\/#breadcrumb"},"inLanguage":"en-US","potentialAction":[{"@type":"ReadAction","target":["https:\/\/www.saaremaazoo.ee\/en\/toode\/oravate-misa-ja-masa-puur\/"]}]},{"@type":"ImageObject","inLanguage":"en-US","@id":"https:\/\/www.saaremaazoo.ee\/en\/toode\/oravate-misa-ja-masa-puur\/#primaryimage","url":"https:\/\/www.saaremaazoo.ee\/wp-content\/uploads\/2024\/12\/W2A4986v.jpg","contentUrl":"https:\/\/www.saaremaazoo.ee\/wp-content\/uploads\/2024\/12\/W2A4986v.jpg","width":1264,"height":843},{"@type":"BreadcrumbList","@id":"https:\/\/www.saaremaazoo.ee\/en\/toode\/oravate-misa-ja-masa-puur\/#breadcrumb","itemListElement":[{"@type":"ListItem","position":1,"name":"Home","item":"https:\/\/www.saaremaazoo.ee\/en\/"},{"@type":"ListItem","position":2,"name":"Pood","item":"https:\/\/saaremaazoo.ee\/en\/shop\/"},{"@type":"ListItem","position":3,"name":"Oravate Mi\u0161a ja Ma\u0161a puur."}]},{"@type":"WebSite","@id":"https:\/\/www.saaremaazoo.ee\/en\/#website","url":"https:\/\/www.saaremaazoo.ee\/en\/","name":"Saaremaa Zoo","description":"Saaremaa esimene Loomaaed","publisher":{"@id":"https:\/\/www.saaremaazoo.ee\/en\/#organization"},"potentialAction":[{"@type":"SearchAction","target":{"@type":"EntryPoint","urlTemplate":"https:\/\/www.saaremaazoo.ee\/en\/?s={search_term_string}"},"query-input":{"@type":"PropertyValueSpecification","valueRequired":true,"valueName":"search_term_string"}}],"inLanguage":"en-US"},{"@type":"Organization","@id":"https:\/\/www.saaremaazoo.ee\/en\/#organization","name":"Saaremaa Loomaaed","alternateName":"Saaremaa Zoo","url":"https:\/\/www.saaremaazoo.ee\/en\/","logo":{"@type":"ImageObject","inLanguage":"en-US","@id":"https:\/\/www.saaremaazoo.ee\/en\/#\/schema\/logo\/image\/","url":"https:\/\/www.saaremaazoo.ee\/wp-content\/uploads\/2024\/12\/cropped-cropped-saaremaazoo_magnet_leemur__1__page-0001-removebg-preview.png","contentUrl":"https:\/\/www.saaremaazoo.ee\/wp-content\/uploads\/2024\/12\/cropped-cropped-saaremaazoo_magnet_leemur__1__page-0001-removebg-preview.png","width":467,"height":325,"caption":"Saaremaa Loomaaed"},"image":{"@id":"https:\/\/www.saaremaazoo.ee\/en\/#\/schema\/logo\/image\/"},"sameAs":["https:\/\/www.facebook.com\/saaremaazoo","https:\/\/www.instagram.com\/saaremaazoo\/"]}]}},"jetpack_sharing_enabled":true,"_links":{"self":[{"href":"https:\/\/www.saaremaazoo.ee\/en\/wp-json\/wp\/v2\/product\/56794","targetHints":{"allow":["GET"]}}],"collection":[{"href":"https:\/\/www.saaremaazoo.ee\/en\/wp-json\/wp\/v2\/product"}],"about":[{"href":"https:\/\/www.saaremaazoo.ee\/en\/wp-json\/wp\/v2\/types\/product"}],"replies":[{"embeddable":true,"href":"https:\/\/www.saaremaazoo.ee\/en\/wp-json\/wp\/v2\/comments?post=56794"}],"wp:featuredmedia":[{"embeddable":true,"href":"https:\/\/www.saaremaazoo.ee\/en\/wp-json\/wp\/v2\/media\/56913"}],"wp:attachment":[{"href":"https:\/\/www.saaremaazoo.ee\/en\/wp-json\/wp\/v2\/media?parent=56794"}],"wp:term":[{"taxonomy":"product_brand","embeddable":true,"href":"https:\/\/www.saaremaazoo.ee\/en\/wp-json\/wp\/v2\/product_brand?post=56794"},{"taxonomy":"product_cat","embeddable":true,"href":"https:\/\/www.saaremaazoo.ee\/en\/wp-json\/wp\/v2\/product_cat?post=56794"},{"taxonomy":"product_tag","embeddable":true,"href":"https:\/\/www.saaremaazoo.ee\/en\/wp-json\/wp\/v2\/product_tag?post=56794"}],"curies":[{"name":"wp","href":"https:\/\/api.w.org\/{rel}","templated":true}]}}