{"id":56792,"date":"2024-12-08T15:08:53","date_gmt":"2024-12-08T15:08:53","guid":{"rendered":"http:\/\/saaremaazoo.ee\/?post_type=product&#038;p=56792"},"modified":"2024-12-08T15:16:05","modified_gmt":"2024-12-08T15:16:05","slug":"miniponid-dakima-ja-droni-aedik","status":"publish","type":"product","link":"https:\/\/www.saaremaazoo.ee\/en\/toode\/miniponid-dakima-ja-droni-aedik\/","title":{"rendered":"Miniponid Dakima ja Droni aedik."},"content":{"rendered":"<p>Dakima ja Dron on krapsakad mini appalloosa ponid. Ponide aediku suurus on 200m2. Dron on noor kasvav t\u00e4kupoiss, kes \u00f5pib alles elu enda \u00fcmber. K\u00f5ik mida Dron n\u00e4eb on p\u00f5nev, sest ta ei ole enamus asju varem kunagi kohanud. Dakima aga on juba veidi elukogenum ja veedab oma teismelise aega. Vahetevahel tujutseb aga enamik ajast naudib ta Droniga m\u00e4ngimist. Lemmik tegevus ponidel on galoppida ja koertega kulli m\u00e4ngida. Dakima ja Dron armastavad v\u00e4ga nosida Rautsi talu porgandeid ja lehtkapsast.<\/p>\n","protected":false},"excerpt":{"rendered":"<p>Dakima ja Dron on krapsakad mini appalloosa ponid. Ponide aediku suurus on 200m2. Dron on noor kasvav t\u00e4kupoiss, kes \u00f5pib alles elu enda \u00fcmber. K\u00f5ik mida Dron n\u00e4eb on p\u00f5nev, sest ta ei ole enamus asju varem kunagi kohanud. Dakima aga on juba veidi elukogenud ja veedab oma teismelise aega. Vahetevahel tujutseb aga enamik ajast naudib ta Droniga m\u00e4ngimist. Lemmik tegevus ponidel on galoppida ja koertega kulli m\u00e4ngida. Dakima ja Dron armastavad v\u00e4ga nosida Rautsi talu porgandeid ja lehtkapsast.<\/p>\n","protected":false},"featured_media":56907,"comment_status":"open","ping_status":"closed","template":"","meta":{"_acf_changed":false},"product_brand":[],"product_cat":[280],"product_tag":[],"class_list":{"0":"post-56792","1":"product","2":"type-product","3":"status-publish","4":"has-post-thumbnail","6":"product_cat-tukike-loomaaeda","8":"first","9":"instock","10":"virtual","11":"purchasable","12":"product-type-simple"},"acf":[],"yoast_head":"<!-- This site is optimized with the Yoast SEO plugin v27.4 - https:\/\/yoast.com\/product\/yoast-seo-wordpress\/ -->\n<title>Miniponid Dakima ja Droni aedik. - Saaremaa Zoo<\/title>\n<meta name=\"robots\" content=\"index, follow, max-snippet:-1, max-image-preview:large, max-video-preview:-1\" \/>\n<link rel=\"canonical\" href=\"https:\/\/www.saaremaazoo.ee\/en\/toode\/miniponid-dakima-ja-droni-aedik\/\" \/>\n<meta property=\"og:locale\" content=\"en_US\" \/>\n<meta property=\"og:type\" content=\"article\" \/>\n<meta property=\"og:title\" content=\"Miniponid Dakima ja Droni aedik. - Saaremaa Zoo\" \/>\n<meta property=\"og:description\" content=\"Dakima ja Dron on krapsakad mini appalloosa ponid. Ponide aediku suurus on 200m2. Dron on noor kasvav t\u00e4kupoiss, kes \u00f5pib alles elu enda \u00fcmber. K\u00f5ik mida Dron n\u00e4eb on p\u00f5nev, sest ta ei ole enamus asju varem kunagi kohanud. Dakima aga on juba veidi elukogenud ja veedab oma teismelise aega. Vahetevahel tujutseb aga enamik ajast naudib ta Droniga m\u00e4ngimist. Lemmik tegevus ponidel on galoppida ja koertega kulli m\u00e4ngida. Dakima ja Dron armastavad v\u00e4ga nosida Rautsi talu porgandeid ja lehtkapsast.\" \/>\n<meta property=\"og:url\" content=\"https:\/\/www.saaremaazoo.ee\/en\/toode\/miniponid-dakima-ja-droni-aedik\/\" \/>\n<meta property=\"og:site_name\" content=\"Saaremaa Zoo\" \/>\n<meta property=\"article:publisher\" content=\"https:\/\/www.facebook.com\/saaremaazoo\" \/>\n<meta property=\"article:modified_time\" content=\"2024-12-08T15:16:05+00:00\" \/>\n<meta property=\"og:image\" content=\"https:\/\/saaremaazoo.ee\/wp-content\/uploads\/2024\/12\/20221126_141444-scaled-1.jpg\" \/>\n\t<meta property=\"og:image:width\" content=\"1920\" \/>\n\t<meta property=\"og:image:height\" content=\"2560\" \/>\n\t<meta property=\"og:image:type\" content=\"image\/jpeg\" \/>\n<meta name=\"twitter:card\" content=\"summary_large_image\" \/>\n<meta name=\"twitter:label1\" content=\"Est. reading time\" \/>\n\t<meta name=\"twitter:data1\" content=\"1 minute\" \/>\n<script type=\"application\/ld+json\" class=\"yoast-schema-graph\">{\"@context\":\"https:\\\/\\\/schema.org\",\"@graph\":[{\"@type\":\"WebPage\",\"@id\":\"https:\\\/\\\/www.saaremaazoo.ee\\\/en\\\/toode\\\/miniponid-dakima-ja-droni-aedik\\\/\",\"url\":\"https:\\\/\\\/www.saaremaazoo.ee\\\/en\\\/toode\\\/miniponid-dakima-ja-droni-aedik\\\/\",\"name\":\"Miniponid Dakima ja Droni aedik. - Saaremaa Zoo\",\"isPartOf\":{\"@id\":\"https:\\\/\\\/www.saaremaazoo.ee\\\/en\\\/#website\"},\"primaryImageOfPage\":{\"@id\":\"https:\\\/\\\/www.saaremaazoo.ee\\\/en\\\/toode\\\/miniponid-dakima-ja-droni-aedik\\\/#primaryimage\"},\"image\":{\"@id\":\"https:\\\/\\\/www.saaremaazoo.ee\\\/en\\\/toode\\\/miniponid-dakima-ja-droni-aedik\\\/#primaryimage\"},\"thumbnailUrl\":\"https:\\\/\\\/www.saaremaazoo.ee\\\/wp-content\\\/uploads\\\/2024\\\/12\\\/20221126_141444-scaled-1.jpg\",\"datePublished\":\"2024-12-08T15:08:53+00:00\",\"dateModified\":\"2024-12-08T15:16:05+00:00\",\"breadcrumb\":{\"@id\":\"https:\\\/\\\/www.saaremaazoo.ee\\\/en\\\/toode\\\/miniponid-dakima-ja-droni-aedik\\\/#breadcrumb\"},\"inLanguage\":\"en-US\",\"potentialAction\":[{\"@type\":\"ReadAction\",\"target\":[\"https:\\\/\\\/www.saaremaazoo.ee\\\/en\\\/toode\\\/miniponid-dakima-ja-droni-aedik\\\/\"]}]},{\"@type\":\"ImageObject\",\"inLanguage\":\"en-US\",\"@id\":\"https:\\\/\\\/www.saaremaazoo.ee\\\/en\\\/toode\\\/miniponid-dakima-ja-droni-aedik\\\/#primaryimage\",\"url\":\"https:\\\/\\\/www.saaremaazoo.ee\\\/wp-content\\\/uploads\\\/2024\\\/12\\\/20221126_141444-scaled-1.jpg\",\"contentUrl\":\"https:\\\/\\\/www.saaremaazoo.ee\\\/wp-content\\\/uploads\\\/2024\\\/12\\\/20221126_141444-scaled-1.jpg\",\"width\":1920,\"height\":2560},{\"@type\":\"BreadcrumbList\",\"@id\":\"https:\\\/\\\/www.saaremaazoo.ee\\\/en\\\/toode\\\/miniponid-dakima-ja-droni-aedik\\\/#breadcrumb\",\"itemListElement\":[{\"@type\":\"ListItem\",\"position\":1,\"name\":\"Home\",\"item\":\"https:\\\/\\\/www.saaremaazoo.ee\\\/en\\\/\"},{\"@type\":\"ListItem\",\"position\":2,\"name\":\"Pood\",\"item\":\"https:\\\/\\\/saaremaazoo.ee\\\/en\\\/shop\\\/\"},{\"@type\":\"ListItem\",\"position\":3,\"name\":\"Miniponid Dakima ja Droni aedik.\"}]},{\"@type\":\"WebSite\",\"@id\":\"https:\\\/\\\/www.saaremaazoo.ee\\\/en\\\/#website\",\"url\":\"https:\\\/\\\/www.saaremaazoo.ee\\\/en\\\/\",\"name\":\"Saaremaa Zoo\",\"description\":\"Saaremaa esimene Loomaaed\",\"publisher\":{\"@id\":\"https:\\\/\\\/www.saaremaazoo.ee\\\/en\\\/#organization\"},\"potentialAction\":[{\"@type\":\"SearchAction\",\"target\":{\"@type\":\"EntryPoint\",\"urlTemplate\":\"https:\\\/\\\/www.saaremaazoo.ee\\\/en\\\/?s={search_term_string}\"},\"query-input\":{\"@type\":\"PropertyValueSpecification\",\"valueRequired\":true,\"valueName\":\"search_term_string\"}}],\"inLanguage\":\"en-US\"},{\"@type\":\"Organization\",\"@id\":\"https:\\\/\\\/www.saaremaazoo.ee\\\/en\\\/#organization\",\"name\":\"Saaremaa Loomaaed\",\"alternateName\":\"Saaremaa Zoo\",\"url\":\"https:\\\/\\\/www.saaremaazoo.ee\\\/en\\\/\",\"logo\":{\"@type\":\"ImageObject\",\"inLanguage\":\"en-US\",\"@id\":\"https:\\\/\\\/www.saaremaazoo.ee\\\/en\\\/#\\\/schema\\\/logo\\\/image\\\/\",\"url\":\"https:\\\/\\\/www.saaremaazoo.ee\\\/wp-content\\\/uploads\\\/2024\\\/12\\\/cropped-cropped-saaremaazoo_magnet_leemur__1__page-0001-removebg-preview.png\",\"contentUrl\":\"https:\\\/\\\/www.saaremaazoo.ee\\\/wp-content\\\/uploads\\\/2024\\\/12\\\/cropped-cropped-saaremaazoo_magnet_leemur__1__page-0001-removebg-preview.png\",\"width\":467,\"height\":325,\"caption\":\"Saaremaa Loomaaed\"},\"image\":{\"@id\":\"https:\\\/\\\/www.saaremaazoo.ee\\\/en\\\/#\\\/schema\\\/logo\\\/image\\\/\"},\"sameAs\":[\"https:\\\/\\\/www.facebook.com\\\/saaremaazoo\",\"https:\\\/\\\/www.instagram.com\\\/saaremaazoo\\\/\"]}]}<\/script>\n<!-- \/ Yoast SEO plugin. -->","yoast_head_json":{"title":"Miniponid Dakima ja Droni aedik. - Saaremaa Zoo","robots":{"index":"index","follow":"follow","max-snippet":"max-snippet:-1","max-image-preview":"max-image-preview:large","max-video-preview":"max-video-preview:-1"},"canonical":"https:\/\/www.saaremaazoo.ee\/en\/toode\/miniponid-dakima-ja-droni-aedik\/","og_locale":"en_US","og_type":"article","og_title":"Miniponid Dakima ja Droni aedik. - Saaremaa Zoo","og_description":"Dakima ja Dron on krapsakad mini appalloosa ponid. Ponide aediku suurus on 200m2. Dron on noor kasvav t\u00e4kupoiss, kes \u00f5pib alles elu enda \u00fcmber. K\u00f5ik mida Dron n\u00e4eb on p\u00f5nev, sest ta ei ole enamus asju varem kunagi kohanud. Dakima aga on juba veidi elukogenud ja veedab oma teismelise aega. Vahetevahel tujutseb aga enamik ajast naudib ta Droniga m\u00e4ngimist. Lemmik tegevus ponidel on galoppida ja koertega kulli m\u00e4ngida. Dakima ja Dron armastavad v\u00e4ga nosida Rautsi talu porgandeid ja lehtkapsast.","og_url":"https:\/\/www.saaremaazoo.ee\/en\/toode\/miniponid-dakima-ja-droni-aedik\/","og_site_name":"Saaremaa Zoo","article_publisher":"https:\/\/www.facebook.com\/saaremaazoo","article_modified_time":"2024-12-08T15:16:05+00:00","og_image":[{"width":1920,"height":2560,"url":"https:\/\/saaremaazoo.ee\/wp-content\/uploads\/2024\/12\/20221126_141444-scaled-1.jpg","type":"image\/jpeg"}],"twitter_card":"summary_large_image","twitter_misc":{"Est. reading time":"1 minute"},"schema":{"@context":"https:\/\/schema.org","@graph":[{"@type":"WebPage","@id":"https:\/\/www.saaremaazoo.ee\/en\/toode\/miniponid-dakima-ja-droni-aedik\/","url":"https:\/\/www.saaremaazoo.ee\/en\/toode\/miniponid-dakima-ja-droni-aedik\/","name":"Miniponid Dakima ja Droni aedik. - Saaremaa Zoo","isPartOf":{"@id":"https:\/\/www.saaremaazoo.ee\/en\/#website"},"primaryImageOfPage":{"@id":"https:\/\/www.saaremaazoo.ee\/en\/toode\/miniponid-dakima-ja-droni-aedik\/#primaryimage"},"image":{"@id":"https:\/\/www.saaremaazoo.ee\/en\/toode\/miniponid-dakima-ja-droni-aedik\/#primaryimage"},"thumbnailUrl":"https:\/\/www.saaremaazoo.ee\/wp-content\/uploads\/2024\/12\/20221126_141444-scaled-1.jpg","datePublished":"2024-12-08T15:08:53+00:00","dateModified":"2024-12-08T15:16:05+00:00","breadcrumb":{"@id":"https:\/\/www.saaremaazoo.ee\/en\/toode\/miniponid-dakima-ja-droni-aedik\/#breadcrumb"},"inLanguage":"en-US","potentialAction":[{"@type":"ReadAction","target":["https:\/\/www.saaremaazoo.ee\/en\/toode\/miniponid-dakima-ja-droni-aedik\/"]}]},{"@type":"ImageObject","inLanguage":"en-US","@id":"https:\/\/www.saaremaazoo.ee\/en\/toode\/miniponid-dakima-ja-droni-aedik\/#primaryimage","url":"https:\/\/www.saaremaazoo.ee\/wp-content\/uploads\/2024\/12\/20221126_141444-scaled-1.jpg","contentUrl":"https:\/\/www.saaremaazoo.ee\/wp-content\/uploads\/2024\/12\/20221126_141444-scaled-1.jpg","width":1920,"height":2560},{"@type":"BreadcrumbList","@id":"https:\/\/www.saaremaazoo.ee\/en\/toode\/miniponid-dakima-ja-droni-aedik\/#breadcrumb","itemListElement":[{"@type":"ListItem","position":1,"name":"Home","item":"https:\/\/www.saaremaazoo.ee\/en\/"},{"@type":"ListItem","position":2,"name":"Pood","item":"https:\/\/saaremaazoo.ee\/en\/shop\/"},{"@type":"ListItem","position":3,"name":"Miniponid Dakima ja Droni aedik."}]},{"@type":"WebSite","@id":"https:\/\/www.saaremaazoo.ee\/en\/#website","url":"https:\/\/www.saaremaazoo.ee\/en\/","name":"Saaremaa Zoo","description":"Saaremaa esimene Loomaaed","publisher":{"@id":"https:\/\/www.saaremaazoo.ee\/en\/#organization"},"potentialAction":[{"@type":"SearchAction","target":{"@type":"EntryPoint","urlTemplate":"https:\/\/www.saaremaazoo.ee\/en\/?s={search_term_string}"},"query-input":{"@type":"PropertyValueSpecification","valueRequired":true,"valueName":"search_term_string"}}],"inLanguage":"en-US"},{"@type":"Organization","@id":"https:\/\/www.saaremaazoo.ee\/en\/#organization","name":"Saaremaa Loomaaed","alternateName":"Saaremaa Zoo","url":"https:\/\/www.saaremaazoo.ee\/en\/","logo":{"@type":"ImageObject","inLanguage":"en-US","@id":"https:\/\/www.saaremaazoo.ee\/en\/#\/schema\/logo\/image\/","url":"https:\/\/www.saaremaazoo.ee\/wp-content\/uploads\/2024\/12\/cropped-cropped-saaremaazoo_magnet_leemur__1__page-0001-removebg-preview.png","contentUrl":"https:\/\/www.saaremaazoo.ee\/wp-content\/uploads\/2024\/12\/cropped-cropped-saaremaazoo_magnet_leemur__1__page-0001-removebg-preview.png","width":467,"height":325,"caption":"Saaremaa Loomaaed"},"image":{"@id":"https:\/\/www.saaremaazoo.ee\/en\/#\/schema\/logo\/image\/"},"sameAs":["https:\/\/www.facebook.com\/saaremaazoo","https:\/\/www.instagram.com\/saaremaazoo\/"]}]}},"jetpack_sharing_enabled":true,"_links":{"self":[{"href":"https:\/\/www.saaremaazoo.ee\/en\/wp-json\/wp\/v2\/product\/56792","targetHints":{"allow":["GET"]}}],"collection":[{"href":"https:\/\/www.saaremaazoo.ee\/en\/wp-json\/wp\/v2\/product"}],"about":[{"href":"https:\/\/www.saaremaazoo.ee\/en\/wp-json\/wp\/v2\/types\/product"}],"replies":[{"embeddable":true,"href":"https:\/\/www.saaremaazoo.ee\/en\/wp-json\/wp\/v2\/comments?post=56792"}],"wp:featuredmedia":[{"embeddable":true,"href":"https:\/\/www.saaremaazoo.ee\/en\/wp-json\/wp\/v2\/media\/56907"}],"wp:attachment":[{"href":"https:\/\/www.saaremaazoo.ee\/en\/wp-json\/wp\/v2\/media?parent=56792"}],"wp:term":[{"taxonomy":"product_brand","embeddable":true,"href":"https:\/\/www.saaremaazoo.ee\/en\/wp-json\/wp\/v2\/product_brand?post=56792"},{"taxonomy":"product_cat","embeddable":true,"href":"https:\/\/www.saaremaazoo.ee\/en\/wp-json\/wp\/v2\/product_cat?post=56792"},{"taxonomy":"product_tag","embeddable":true,"href":"https:\/\/www.saaremaazoo.ee\/en\/wp-json\/wp\/v2\/product_tag?post=56792"}],"curies":[{"name":"wp","href":"https:\/\/api.w.org\/{rel}","templated":true}]}}