{"id":56783,"date":"2024-12-08T15:08:25","date_gmt":"2024-12-08T15:08:25","guid":{"rendered":"http:\/\/saaremaazoo.ee\/?post_type=product&#038;p=56783"},"modified":"2024-12-08T15:15:54","modified_gmt":"2024-12-08T15:15:54","slug":"korsak-rebased-sisi-ja-kano-puur","status":"publish","type":"product","link":"https:\/\/saaremaazoo.ee\/en\/toode\/korsak-rebased-sisi-ja-kano-puur\/","title":{"rendered":"Korsak rebased Sisi ja Kano puur."},"content":{"rendered":"<p>Sisi ja Kano on kaval rebasepaar, kes elavad 36m2 suuruses puuris. Sisi ja Kano veedavad oma p\u00e4evad elu nautides. Soojemal p\u00e4eval peesitavad p\u00e4ikesek\u00e4es ja puhkavad. \u00d5htuh\u00e4maruses aga hauguvad t\u00e4htede poole.\u00a0 Rebasepaari k\u00fclastades on nad esialgu k\u00fcll arglikud, kuid olles kannatlik v\u00f5idad nende usalduse ja tulevad nad vahvalt sind uudistama. Oma v\u00e4ikese keha ja l\u00fchikeste jalgadea, liiguvad nad v\u00e4ledalt ja kiirelt.\u00a0 Nagu rebastele kohane armastavad s\u00fc\u00fca linnuliha. eriti vutte\u00a0 aga ka v\u00e4iksemaid n\u00e4rilisi.<\/p>\n","protected":false},"excerpt":{"rendered":"<p>Sisi ja Kano on kaval rebasepaar, kes elavad 36m2 suuruses puuris. Sisi ja Kano veedavad oma p\u00e4evad elu nautides. Soojemal p\u00e4eval peesitavad p\u00e4ikesek\u00e4es ja puhkavad. \u00d5htuh\u00e4maruses aga hauguvad t\u00e4htede poole.\u00a0&hellip;<\/p>\n","protected":false},"featured_media":56905,"comment_status":"open","ping_status":"closed","template":"","meta":{"_acf_changed":false},"product_brand":[],"product_cat":[280],"product_tag":[],"class_list":{"0":"post-56783","1":"product","2":"type-product","3":"status-publish","4":"has-post-thumbnail","6":"product_cat-tukike-loomaaeda","8":"first","9":"instock","10":"virtual","11":"purchasable","12":"product-type-simple"},"acf":[],"yoast_head":"<!-- This site is optimized with the Yoast SEO plugin v27.4 - https:\/\/yoast.com\/product\/yoast-seo-wordpress\/ -->\n<title>Korsak rebased Sisi ja Kano puur. - Saaremaa Zoo<\/title>\n<meta name=\"robots\" content=\"index, follow, max-snippet:-1, max-image-preview:large, max-video-preview:-1\" \/>\n<link rel=\"canonical\" href=\"https:\/\/saaremaazoo.ee\/en\/toode\/korsak-rebased-sisi-ja-kano-puur\/\" \/>\n<meta property=\"og:locale\" content=\"en_US\" \/>\n<meta property=\"og:type\" content=\"article\" \/>\n<meta property=\"og:title\" content=\"Korsak rebased Sisi ja Kano puur. - Saaremaa Zoo\" \/>\n<meta property=\"og:description\" content=\"Sisi ja Kano on kaval rebasepaar, kes elavad 36m2 suuruses puuris. Sisi ja Kano veedavad oma p\u00e4evad elu nautides. Soojemal p\u00e4eval peesitavad p\u00e4ikesek\u00e4es ja puhkavad. \u00d5htuh\u00e4maruses aga hauguvad t\u00e4htede poole.\u00a0&hellip;\" \/>\n<meta property=\"og:url\" content=\"https:\/\/saaremaazoo.ee\/en\/toode\/korsak-rebased-sisi-ja-kano-puur\/\" \/>\n<meta property=\"og:site_name\" content=\"Saaremaa Zoo\" \/>\n<meta property=\"article:publisher\" content=\"https:\/\/www.facebook.com\/saaremaazoo\" \/>\n<meta property=\"article:modified_time\" content=\"2024-12-08T15:15:54+00:00\" \/>\n<meta property=\"og:image\" content=\"https:\/\/www.saaremaazoo.ee\/wp-content\/uploads\/2024\/12\/IMG_20221126_171324_799-scaled-1.jpg\" \/>\n\t<meta property=\"og:image:width\" content=\"2048\" \/>\n\t<meta property=\"og:image:height\" content=\"2560\" \/>\n\t<meta property=\"og:image:type\" content=\"image\/jpeg\" \/>\n<meta name=\"twitter:card\" content=\"summary_large_image\" \/>\n<meta name=\"twitter:label1\" content=\"Est. reading time\" \/>\n\t<meta name=\"twitter:data1\" content=\"1 minute\" \/>\n<script type=\"application\/ld+json\" class=\"yoast-schema-graph\">{\"@context\":\"https:\\\/\\\/schema.org\",\"@graph\":[{\"@type\":\"WebPage\",\"@id\":\"https:\\\/\\\/saaremaazoo.ee\\\/en\\\/toode\\\/korsak-rebased-sisi-ja-kano-puur\\\/\",\"url\":\"https:\\\/\\\/saaremaazoo.ee\\\/en\\\/toode\\\/korsak-rebased-sisi-ja-kano-puur\\\/\",\"name\":\"Korsak rebased Sisi ja Kano puur. - Saaremaa Zoo\",\"isPartOf\":{\"@id\":\"https:\\\/\\\/www.saaremaazoo.ee\\\/en\\\/#website\"},\"primaryImageOfPage\":{\"@id\":\"https:\\\/\\\/saaremaazoo.ee\\\/en\\\/toode\\\/korsak-rebased-sisi-ja-kano-puur\\\/#primaryimage\"},\"image\":{\"@id\":\"https:\\\/\\\/saaremaazoo.ee\\\/en\\\/toode\\\/korsak-rebased-sisi-ja-kano-puur\\\/#primaryimage\"},\"thumbnailUrl\":\"https:\\\/\\\/www.saaremaazoo.ee\\\/wp-content\\\/uploads\\\/2024\\\/12\\\/IMG_20221126_171324_799-scaled-1.jpg\",\"datePublished\":\"2024-12-08T15:08:25+00:00\",\"dateModified\":\"2024-12-08T15:15:54+00:00\",\"breadcrumb\":{\"@id\":\"https:\\\/\\\/saaremaazoo.ee\\\/en\\\/toode\\\/korsak-rebased-sisi-ja-kano-puur\\\/#breadcrumb\"},\"inLanguage\":\"en-US\",\"potentialAction\":[{\"@type\":\"ReadAction\",\"target\":[\"https:\\\/\\\/saaremaazoo.ee\\\/en\\\/toode\\\/korsak-rebased-sisi-ja-kano-puur\\\/\"]}]},{\"@type\":\"ImageObject\",\"inLanguage\":\"en-US\",\"@id\":\"https:\\\/\\\/saaremaazoo.ee\\\/en\\\/toode\\\/korsak-rebased-sisi-ja-kano-puur\\\/#primaryimage\",\"url\":\"https:\\\/\\\/www.saaremaazoo.ee\\\/wp-content\\\/uploads\\\/2024\\\/12\\\/IMG_20221126_171324_799-scaled-1.jpg\",\"contentUrl\":\"https:\\\/\\\/www.saaremaazoo.ee\\\/wp-content\\\/uploads\\\/2024\\\/12\\\/IMG_20221126_171324_799-scaled-1.jpg\",\"width\":2048,\"height\":2560},{\"@type\":\"BreadcrumbList\",\"@id\":\"https:\\\/\\\/saaremaazoo.ee\\\/en\\\/toode\\\/korsak-rebased-sisi-ja-kano-puur\\\/#breadcrumb\",\"itemListElement\":[{\"@type\":\"ListItem\",\"position\":1,\"name\":\"Home\",\"item\":\"https:\\\/\\\/www.saaremaazoo.ee\\\/en\\\/\"},{\"@type\":\"ListItem\",\"position\":2,\"name\":\"Pood\",\"item\":\"https:\\\/\\\/saaremaazoo.ee\\\/en\\\/shop\\\/\"},{\"@type\":\"ListItem\",\"position\":3,\"name\":\"Korsak rebased Sisi ja Kano puur.\"}]},{\"@type\":\"WebSite\",\"@id\":\"https:\\\/\\\/www.saaremaazoo.ee\\\/en\\\/#website\",\"url\":\"https:\\\/\\\/www.saaremaazoo.ee\\\/en\\\/\",\"name\":\"Saaremaa Zoo\",\"description\":\"Saaremaa esimene Loomaaed\",\"publisher\":{\"@id\":\"https:\\\/\\\/www.saaremaazoo.ee\\\/en\\\/#organization\"},\"potentialAction\":[{\"@type\":\"SearchAction\",\"target\":{\"@type\":\"EntryPoint\",\"urlTemplate\":\"https:\\\/\\\/www.saaremaazoo.ee\\\/en\\\/?s={search_term_string}\"},\"query-input\":{\"@type\":\"PropertyValueSpecification\",\"valueRequired\":true,\"valueName\":\"search_term_string\"}}],\"inLanguage\":\"en-US\"},{\"@type\":\"Organization\",\"@id\":\"https:\\\/\\\/www.saaremaazoo.ee\\\/en\\\/#organization\",\"name\":\"Saaremaa Loomaaed\",\"alternateName\":\"Saaremaa Zoo\",\"url\":\"https:\\\/\\\/www.saaremaazoo.ee\\\/en\\\/\",\"logo\":{\"@type\":\"ImageObject\",\"inLanguage\":\"en-US\",\"@id\":\"https:\\\/\\\/www.saaremaazoo.ee\\\/en\\\/#\\\/schema\\\/logo\\\/image\\\/\",\"url\":\"https:\\\/\\\/www.saaremaazoo.ee\\\/wp-content\\\/uploads\\\/2024\\\/12\\\/cropped-cropped-saaremaazoo_magnet_leemur__1__page-0001-removebg-preview.png\",\"contentUrl\":\"https:\\\/\\\/www.saaremaazoo.ee\\\/wp-content\\\/uploads\\\/2024\\\/12\\\/cropped-cropped-saaremaazoo_magnet_leemur__1__page-0001-removebg-preview.png\",\"width\":467,\"height\":325,\"caption\":\"Saaremaa Loomaaed\"},\"image\":{\"@id\":\"https:\\\/\\\/www.saaremaazoo.ee\\\/en\\\/#\\\/schema\\\/logo\\\/image\\\/\"},\"sameAs\":[\"https:\\\/\\\/www.facebook.com\\\/saaremaazoo\",\"https:\\\/\\\/www.instagram.com\\\/saaremaazoo\\\/\"]}]}<\/script>\n<!-- \/ Yoast SEO plugin. -->","yoast_head_json":{"title":"Korsak rebased Sisi ja Kano puur. - Saaremaa Zoo","robots":{"index":"index","follow":"follow","max-snippet":"max-snippet:-1","max-image-preview":"max-image-preview:large","max-video-preview":"max-video-preview:-1"},"canonical":"https:\/\/saaremaazoo.ee\/en\/toode\/korsak-rebased-sisi-ja-kano-puur\/","og_locale":"en_US","og_type":"article","og_title":"Korsak rebased Sisi ja Kano puur. - Saaremaa Zoo","og_description":"Sisi ja Kano on kaval rebasepaar, kes elavad 36m2 suuruses puuris. Sisi ja Kano veedavad oma p\u00e4evad elu nautides. Soojemal p\u00e4eval peesitavad p\u00e4ikesek\u00e4es ja puhkavad. \u00d5htuh\u00e4maruses aga hauguvad t\u00e4htede poole.\u00a0&hellip;","og_url":"https:\/\/saaremaazoo.ee\/en\/toode\/korsak-rebased-sisi-ja-kano-puur\/","og_site_name":"Saaremaa Zoo","article_publisher":"https:\/\/www.facebook.com\/saaremaazoo","article_modified_time":"2024-12-08T15:15:54+00:00","og_image":[{"width":2048,"height":2560,"url":"https:\/\/www.saaremaazoo.ee\/wp-content\/uploads\/2024\/12\/IMG_20221126_171324_799-scaled-1.jpg","type":"image\/jpeg"}],"twitter_card":"summary_large_image","twitter_misc":{"Est. reading time":"1 minute"},"schema":{"@context":"https:\/\/schema.org","@graph":[{"@type":"WebPage","@id":"https:\/\/saaremaazoo.ee\/en\/toode\/korsak-rebased-sisi-ja-kano-puur\/","url":"https:\/\/saaremaazoo.ee\/en\/toode\/korsak-rebased-sisi-ja-kano-puur\/","name":"Korsak rebased Sisi ja Kano puur. - Saaremaa Zoo","isPartOf":{"@id":"https:\/\/www.saaremaazoo.ee\/en\/#website"},"primaryImageOfPage":{"@id":"https:\/\/saaremaazoo.ee\/en\/toode\/korsak-rebased-sisi-ja-kano-puur\/#primaryimage"},"image":{"@id":"https:\/\/saaremaazoo.ee\/en\/toode\/korsak-rebased-sisi-ja-kano-puur\/#primaryimage"},"thumbnailUrl":"https:\/\/www.saaremaazoo.ee\/wp-content\/uploads\/2024\/12\/IMG_20221126_171324_799-scaled-1.jpg","datePublished":"2024-12-08T15:08:25+00:00","dateModified":"2024-12-08T15:15:54+00:00","breadcrumb":{"@id":"https:\/\/saaremaazoo.ee\/en\/toode\/korsak-rebased-sisi-ja-kano-puur\/#breadcrumb"},"inLanguage":"en-US","potentialAction":[{"@type":"ReadAction","target":["https:\/\/saaremaazoo.ee\/en\/toode\/korsak-rebased-sisi-ja-kano-puur\/"]}]},{"@type":"ImageObject","inLanguage":"en-US","@id":"https:\/\/saaremaazoo.ee\/en\/toode\/korsak-rebased-sisi-ja-kano-puur\/#primaryimage","url":"https:\/\/www.saaremaazoo.ee\/wp-content\/uploads\/2024\/12\/IMG_20221126_171324_799-scaled-1.jpg","contentUrl":"https:\/\/www.saaremaazoo.ee\/wp-content\/uploads\/2024\/12\/IMG_20221126_171324_799-scaled-1.jpg","width":2048,"height":2560},{"@type":"BreadcrumbList","@id":"https:\/\/saaremaazoo.ee\/en\/toode\/korsak-rebased-sisi-ja-kano-puur\/#breadcrumb","itemListElement":[{"@type":"ListItem","position":1,"name":"Home","item":"https:\/\/www.saaremaazoo.ee\/en\/"},{"@type":"ListItem","position":2,"name":"Pood","item":"https:\/\/saaremaazoo.ee\/en\/shop\/"},{"@type":"ListItem","position":3,"name":"Korsak rebased Sisi ja Kano puur."}]},{"@type":"WebSite","@id":"https:\/\/www.saaremaazoo.ee\/en\/#website","url":"https:\/\/www.saaremaazoo.ee\/en\/","name":"Saaremaa Zoo","description":"Saaremaa esimene Loomaaed","publisher":{"@id":"https:\/\/www.saaremaazoo.ee\/en\/#organization"},"potentialAction":[{"@type":"SearchAction","target":{"@type":"EntryPoint","urlTemplate":"https:\/\/www.saaremaazoo.ee\/en\/?s={search_term_string}"},"query-input":{"@type":"PropertyValueSpecification","valueRequired":true,"valueName":"search_term_string"}}],"inLanguage":"en-US"},{"@type":"Organization","@id":"https:\/\/www.saaremaazoo.ee\/en\/#organization","name":"Saaremaa Loomaaed","alternateName":"Saaremaa Zoo","url":"https:\/\/www.saaremaazoo.ee\/en\/","logo":{"@type":"ImageObject","inLanguage":"en-US","@id":"https:\/\/www.saaremaazoo.ee\/en\/#\/schema\/logo\/image\/","url":"https:\/\/www.saaremaazoo.ee\/wp-content\/uploads\/2024\/12\/cropped-cropped-saaremaazoo_magnet_leemur__1__page-0001-removebg-preview.png","contentUrl":"https:\/\/www.saaremaazoo.ee\/wp-content\/uploads\/2024\/12\/cropped-cropped-saaremaazoo_magnet_leemur__1__page-0001-removebg-preview.png","width":467,"height":325,"caption":"Saaremaa Loomaaed"},"image":{"@id":"https:\/\/www.saaremaazoo.ee\/en\/#\/schema\/logo\/image\/"},"sameAs":["https:\/\/www.facebook.com\/saaremaazoo","https:\/\/www.instagram.com\/saaremaazoo\/"]}]}},"jetpack_sharing_enabled":true,"_links":{"self":[{"href":"https:\/\/saaremaazoo.ee\/en\/wp-json\/wp\/v2\/product\/56783","targetHints":{"allow":["GET"]}}],"collection":[{"href":"https:\/\/saaremaazoo.ee\/en\/wp-json\/wp\/v2\/product"}],"about":[{"href":"https:\/\/saaremaazoo.ee\/en\/wp-json\/wp\/v2\/types\/product"}],"replies":[{"embeddable":true,"href":"https:\/\/saaremaazoo.ee\/en\/wp-json\/wp\/v2\/comments?post=56783"}],"wp:featuredmedia":[{"embeddable":true,"href":"https:\/\/saaremaazoo.ee\/en\/wp-json\/wp\/v2\/media\/56905"}],"wp:attachment":[{"href":"https:\/\/saaremaazoo.ee\/en\/wp-json\/wp\/v2\/media?parent=56783"}],"wp:term":[{"taxonomy":"product_brand","embeddable":true,"href":"https:\/\/saaremaazoo.ee\/en\/wp-json\/wp\/v2\/product_brand?post=56783"},{"taxonomy":"product_cat","embeddable":true,"href":"https:\/\/saaremaazoo.ee\/en\/wp-json\/wp\/v2\/product_cat?post=56783"},{"taxonomy":"product_tag","embeddable":true,"href":"https:\/\/saaremaazoo.ee\/en\/wp-json\/wp\/v2\/product_tag?post=56783"}],"curies":[{"name":"wp","href":"https:\/\/api.w.org\/{rel}","templated":true}]}}