{"id":56782,"date":"2024-12-08T15:08:25","date_gmt":"2024-12-08T15:08:25","guid":{"rendered":"http:\/\/saaremaazoo.ee\/?post_type=product&#038;p=56782"},"modified":"2024-12-08T15:15:47","modified_gmt":"2024-12-08T15:15:47","slug":"aafrika-kaslase-makena-ja-maara-puur","status":"publish","type":"product","link":"https:\/\/saaremaazoo.ee\/en\/toode\/aafrika-kaslase-makena-ja-maara-puur\/","title":{"rendered":"Aafrika kaslase Makena ja Maara puur."},"content":{"rendered":"<p>Makena ja Maara on salakavalad kaslased, kes elavad 11m2 suuruses puuris. Makena ja Maara veedavad oma p\u00e4evad magades, et \u00f5htuh\u00e4maruses jahti pidama asuda. P\u00e4evasel ajal Makenat ja Maarat k\u00fclastades v\u00f5ib tunduda, et nad on \u00fcsna \u00fcksk\u00f5iksed ja pigem mitte s\u00f5bralikud, kuid h\u00e4maras on nad valmis k\u00f5igiga l\u00f5busasti m\u00e4ngima. Oma l\u00fchikeste jalgade ja sihvaka kehaga, liiguvad nad puudel kiirelt ja h\u00e4\u00e4letult. Puudel tasakaalu hoidmiseks on neil kaunis saba, mis on pikem kui nende keha. Nad armastavad s\u00fc\u00fca vutte ja v\u00e4iksemaid n\u00e4rilisi.<\/p>\n","protected":false},"excerpt":{"rendered":"<p>Makena ja Maara on salakavalad kaslased, kes elavad 11m2 suuruses puuris. Makena ja Maara veedavad oma p\u00e4evad magades, et \u00f5htuh\u00e4maruses jahti pidama asuda. P\u00e4evasel ajal Makenat ja Maarat k\u00fclastades v\u00f5ib tunduda, et nad on \u00fcsna \u00fcksk\u00f5iksed ja pigem mitte s\u00f5bralikud, kuid h\u00e4maras on nad valmis k\u00f5igiga l\u00f5busasti m\u00e4ngima. Oma l\u00fchikeste jalgade ja sihvaka kehaga, liiguvad nad puudel kiirelt ja h\u00e4\u00e4letult. Puudel tasakaalu hoidmiseks on neil kaunis saba, mis on pikem kui nende keha. Nad armastavad s\u00fc\u00fca vutte ja v\u00e4iksemaid n\u00e4rilisi.<\/p>\n","protected":false},"featured_media":56903,"comment_status":"open","ping_status":"closed","template":"","meta":{"_acf_changed":false},"product_brand":[],"product_cat":[280],"product_tag":[],"class_list":{"0":"post-56782","1":"product","2":"type-product","3":"status-publish","4":"has-post-thumbnail","6":"product_cat-tukike-loomaaeda","8":"first","9":"instock","10":"virtual","11":"purchasable","12":"product-type-simple"},"acf":[],"yoast_head":"<!-- This site is optimized with the Yoast SEO plugin v27.3 - https:\/\/yoast.com\/product\/yoast-seo-wordpress\/ -->\n<title>Aafrika kaslase Makena ja Maara puur. - Saaremaa Zoo<\/title>\n<meta name=\"robots\" content=\"index, follow, max-snippet:-1, max-image-preview:large, max-video-preview:-1\" \/>\n<link rel=\"canonical\" href=\"https:\/\/saaremaazoo.ee\/en\/toode\/aafrika-kaslase-makena-ja-maara-puur\/\" \/>\n<meta property=\"og:locale\" content=\"en_US\" \/>\n<meta property=\"og:type\" content=\"article\" \/>\n<meta property=\"og:title\" content=\"Aafrika kaslase Makena ja Maara puur. - Saaremaa Zoo\" \/>\n<meta property=\"og:description\" content=\"Makena ja Maara on salakavalad kaslased, kes elavad 11m2 suuruses puuris. Makena ja Maara veedavad oma p\u00e4evad magades, et \u00f5htuh\u00e4maruses jahti pidama asuda. P\u00e4evasel ajal Makenat ja Maarat k\u00fclastades v\u00f5ib tunduda, et nad on \u00fcsna \u00fcksk\u00f5iksed ja pigem mitte s\u00f5bralikud, kuid h\u00e4maras on nad valmis k\u00f5igiga l\u00f5busasti m\u00e4ngima. Oma l\u00fchikeste jalgade ja sihvaka kehaga, liiguvad nad puudel kiirelt ja h\u00e4\u00e4letult. Puudel tasakaalu hoidmiseks on neil kaunis saba, mis on pikem kui nende keha. Nad armastavad s\u00fc\u00fca vutte ja v\u00e4iksemaid n\u00e4rilisi.\" \/>\n<meta property=\"og:url\" content=\"https:\/\/saaremaazoo.ee\/en\/toode\/aafrika-kaslase-makena-ja-maara-puur\/\" \/>\n<meta property=\"og:site_name\" content=\"Saaremaa Zoo\" \/>\n<meta property=\"article:publisher\" content=\"https:\/\/www.facebook.com\/saaremaazoo\" \/>\n<meta property=\"article:modified_time\" content=\"2024-12-08T15:15:47+00:00\" \/>\n<meta property=\"og:image\" content=\"https:\/\/www.saaremaazoo.ee\/wp-content\/uploads\/2024\/12\/W2A4952v.jpg\" \/>\n\t<meta property=\"og:image:width\" content=\"1613\" \/>\n\t<meta property=\"og:image:height\" content=\"1075\" \/>\n\t<meta property=\"og:image:type\" content=\"image\/jpeg\" \/>\n<meta name=\"twitter:card\" content=\"summary_large_image\" \/>\n<meta name=\"twitter:label1\" content=\"Est. reading time\" \/>\n\t<meta name=\"twitter:data1\" content=\"1 minute\" \/>\n<script type=\"application\/ld+json\" class=\"yoast-schema-graph\">{\"@context\":\"https:\\\/\\\/schema.org\",\"@graph\":[{\"@type\":\"WebPage\",\"@id\":\"https:\\\/\\\/saaremaazoo.ee\\\/en\\\/toode\\\/aafrika-kaslase-makena-ja-maara-puur\\\/\",\"url\":\"https:\\\/\\\/saaremaazoo.ee\\\/en\\\/toode\\\/aafrika-kaslase-makena-ja-maara-puur\\\/\",\"name\":\"Aafrika kaslase Makena ja Maara puur. - Saaremaa Zoo\",\"isPartOf\":{\"@id\":\"https:\\\/\\\/saaremaazoo.ee\\\/en\\\/#website\"},\"primaryImageOfPage\":{\"@id\":\"https:\\\/\\\/saaremaazoo.ee\\\/en\\\/toode\\\/aafrika-kaslase-makena-ja-maara-puur\\\/#primaryimage\"},\"image\":{\"@id\":\"https:\\\/\\\/saaremaazoo.ee\\\/en\\\/toode\\\/aafrika-kaslase-makena-ja-maara-puur\\\/#primaryimage\"},\"thumbnailUrl\":\"https:\\\/\\\/saaremaazoo.ee\\\/wp-content\\\/uploads\\\/2024\\\/12\\\/W2A4952v.jpg\",\"datePublished\":\"2024-12-08T15:08:25+00:00\",\"dateModified\":\"2024-12-08T15:15:47+00:00\",\"breadcrumb\":{\"@id\":\"https:\\\/\\\/saaremaazoo.ee\\\/en\\\/toode\\\/aafrika-kaslase-makena-ja-maara-puur\\\/#breadcrumb\"},\"inLanguage\":\"en-US\",\"potentialAction\":[{\"@type\":\"ReadAction\",\"target\":[\"https:\\\/\\\/saaremaazoo.ee\\\/en\\\/toode\\\/aafrika-kaslase-makena-ja-maara-puur\\\/\"]}]},{\"@type\":\"ImageObject\",\"inLanguage\":\"en-US\",\"@id\":\"https:\\\/\\\/saaremaazoo.ee\\\/en\\\/toode\\\/aafrika-kaslase-makena-ja-maara-puur\\\/#primaryimage\",\"url\":\"https:\\\/\\\/saaremaazoo.ee\\\/wp-content\\\/uploads\\\/2024\\\/12\\\/W2A4952v.jpg\",\"contentUrl\":\"https:\\\/\\\/saaremaazoo.ee\\\/wp-content\\\/uploads\\\/2024\\\/12\\\/W2A4952v.jpg\",\"width\":1613,\"height\":1075},{\"@type\":\"BreadcrumbList\",\"@id\":\"https:\\\/\\\/saaremaazoo.ee\\\/en\\\/toode\\\/aafrika-kaslase-makena-ja-maara-puur\\\/#breadcrumb\",\"itemListElement\":[{\"@type\":\"ListItem\",\"position\":1,\"name\":\"Home\",\"item\":\"https:\\\/\\\/www.saaremaazoo.ee\\\/en\\\/\"},{\"@type\":\"ListItem\",\"position\":2,\"name\":\"Pood\",\"item\":\"https:\\\/\\\/saaremaazoo.ee\\\/pood\\\/\"},{\"@type\":\"ListItem\",\"position\":3,\"name\":\"Aafrika kaslase Makena ja Maara puur.\"}]},{\"@type\":\"WebSite\",\"@id\":\"https:\\\/\\\/saaremaazoo.ee\\\/en\\\/#website\",\"url\":\"https:\\\/\\\/saaremaazoo.ee\\\/en\\\/\",\"name\":\"Saaremaa Zoo\",\"description\":\"Saaremaa esimene Loomaaed\",\"publisher\":{\"@id\":\"https:\\\/\\\/saaremaazoo.ee\\\/en\\\/#organization\"},\"potentialAction\":[{\"@type\":\"SearchAction\",\"target\":{\"@type\":\"EntryPoint\",\"urlTemplate\":\"https:\\\/\\\/saaremaazoo.ee\\\/en\\\/?s={search_term_string}\"},\"query-input\":{\"@type\":\"PropertyValueSpecification\",\"valueRequired\":true,\"valueName\":\"search_term_string\"}}],\"inLanguage\":\"en-US\"},{\"@type\":\"Organization\",\"@id\":\"https:\\\/\\\/saaremaazoo.ee\\\/en\\\/#organization\",\"name\":\"Saaremaa Loomaaed\",\"alternateName\":\"Saaremaa Zoo\",\"url\":\"https:\\\/\\\/saaremaazoo.ee\\\/en\\\/\",\"logo\":{\"@type\":\"ImageObject\",\"inLanguage\":\"en-US\",\"@id\":\"https:\\\/\\\/saaremaazoo.ee\\\/en\\\/#\\\/schema\\\/logo\\\/image\\\/\",\"url\":\"https:\\\/\\\/saaremaazoo.ee\\\/wp-content\\\/uploads\\\/2024\\\/12\\\/cropped-cropped-saaremaazoo_magnet_leemur__1__page-0001-removebg-preview.png\",\"contentUrl\":\"https:\\\/\\\/saaremaazoo.ee\\\/wp-content\\\/uploads\\\/2024\\\/12\\\/cropped-cropped-saaremaazoo_magnet_leemur__1__page-0001-removebg-preview.png\",\"width\":467,\"height\":325,\"caption\":\"Saaremaa Loomaaed\"},\"image\":{\"@id\":\"https:\\\/\\\/saaremaazoo.ee\\\/en\\\/#\\\/schema\\\/logo\\\/image\\\/\"},\"sameAs\":[\"https:\\\/\\\/www.facebook.com\\\/saaremaazoo\",\"https:\\\/\\\/www.instagram.com\\\/saaremaazoo\\\/\"]}]}<\/script>\n<!-- \/ Yoast SEO plugin. -->","yoast_head_json":{"title":"Aafrika kaslase Makena ja Maara puur. - Saaremaa Zoo","robots":{"index":"index","follow":"follow","max-snippet":"max-snippet:-1","max-image-preview":"max-image-preview:large","max-video-preview":"max-video-preview:-1"},"canonical":"https:\/\/saaremaazoo.ee\/en\/toode\/aafrika-kaslase-makena-ja-maara-puur\/","og_locale":"en_US","og_type":"article","og_title":"Aafrika kaslase Makena ja Maara puur. - Saaremaa Zoo","og_description":"Makena ja Maara on salakavalad kaslased, kes elavad 11m2 suuruses puuris. Makena ja Maara veedavad oma p\u00e4evad magades, et \u00f5htuh\u00e4maruses jahti pidama asuda. P\u00e4evasel ajal Makenat ja Maarat k\u00fclastades v\u00f5ib tunduda, et nad on \u00fcsna \u00fcksk\u00f5iksed ja pigem mitte s\u00f5bralikud, kuid h\u00e4maras on nad valmis k\u00f5igiga l\u00f5busasti m\u00e4ngima. Oma l\u00fchikeste jalgade ja sihvaka kehaga, liiguvad nad puudel kiirelt ja h\u00e4\u00e4letult. Puudel tasakaalu hoidmiseks on neil kaunis saba, mis on pikem kui nende keha. Nad armastavad s\u00fc\u00fca vutte ja v\u00e4iksemaid n\u00e4rilisi.","og_url":"https:\/\/saaremaazoo.ee\/en\/toode\/aafrika-kaslase-makena-ja-maara-puur\/","og_site_name":"Saaremaa Zoo","article_publisher":"https:\/\/www.facebook.com\/saaremaazoo","article_modified_time":"2024-12-08T15:15:47+00:00","og_image":[{"width":1613,"height":1075,"url":"https:\/\/www.saaremaazoo.ee\/wp-content\/uploads\/2024\/12\/W2A4952v.jpg","type":"image\/jpeg"}],"twitter_card":"summary_large_image","twitter_misc":{"Est. reading time":"1 minute"},"schema":{"@context":"https:\/\/schema.org","@graph":[{"@type":"WebPage","@id":"https:\/\/saaremaazoo.ee\/en\/toode\/aafrika-kaslase-makena-ja-maara-puur\/","url":"https:\/\/saaremaazoo.ee\/en\/toode\/aafrika-kaslase-makena-ja-maara-puur\/","name":"Aafrika kaslase Makena ja Maara puur. - Saaremaa Zoo","isPartOf":{"@id":"https:\/\/saaremaazoo.ee\/en\/#website"},"primaryImageOfPage":{"@id":"https:\/\/saaremaazoo.ee\/en\/toode\/aafrika-kaslase-makena-ja-maara-puur\/#primaryimage"},"image":{"@id":"https:\/\/saaremaazoo.ee\/en\/toode\/aafrika-kaslase-makena-ja-maara-puur\/#primaryimage"},"thumbnailUrl":"https:\/\/saaremaazoo.ee\/wp-content\/uploads\/2024\/12\/W2A4952v.jpg","datePublished":"2024-12-08T15:08:25+00:00","dateModified":"2024-12-08T15:15:47+00:00","breadcrumb":{"@id":"https:\/\/saaremaazoo.ee\/en\/toode\/aafrika-kaslase-makena-ja-maara-puur\/#breadcrumb"},"inLanguage":"en-US","potentialAction":[{"@type":"ReadAction","target":["https:\/\/saaremaazoo.ee\/en\/toode\/aafrika-kaslase-makena-ja-maara-puur\/"]}]},{"@type":"ImageObject","inLanguage":"en-US","@id":"https:\/\/saaremaazoo.ee\/en\/toode\/aafrika-kaslase-makena-ja-maara-puur\/#primaryimage","url":"https:\/\/saaremaazoo.ee\/wp-content\/uploads\/2024\/12\/W2A4952v.jpg","contentUrl":"https:\/\/saaremaazoo.ee\/wp-content\/uploads\/2024\/12\/W2A4952v.jpg","width":1613,"height":1075},{"@type":"BreadcrumbList","@id":"https:\/\/saaremaazoo.ee\/en\/toode\/aafrika-kaslase-makena-ja-maara-puur\/#breadcrumb","itemListElement":[{"@type":"ListItem","position":1,"name":"Home","item":"https:\/\/www.saaremaazoo.ee\/en\/"},{"@type":"ListItem","position":2,"name":"Pood","item":"https:\/\/saaremaazoo.ee\/pood\/"},{"@type":"ListItem","position":3,"name":"Aafrika kaslase Makena ja Maara puur."}]},{"@type":"WebSite","@id":"https:\/\/saaremaazoo.ee\/en\/#website","url":"https:\/\/saaremaazoo.ee\/en\/","name":"Saaremaa Zoo","description":"Saaremaa esimene Loomaaed","publisher":{"@id":"https:\/\/saaremaazoo.ee\/en\/#organization"},"potentialAction":[{"@type":"SearchAction","target":{"@type":"EntryPoint","urlTemplate":"https:\/\/saaremaazoo.ee\/en\/?s={search_term_string}"},"query-input":{"@type":"PropertyValueSpecification","valueRequired":true,"valueName":"search_term_string"}}],"inLanguage":"en-US"},{"@type":"Organization","@id":"https:\/\/saaremaazoo.ee\/en\/#organization","name":"Saaremaa Loomaaed","alternateName":"Saaremaa Zoo","url":"https:\/\/saaremaazoo.ee\/en\/","logo":{"@type":"ImageObject","inLanguage":"en-US","@id":"https:\/\/saaremaazoo.ee\/en\/#\/schema\/logo\/image\/","url":"https:\/\/saaremaazoo.ee\/wp-content\/uploads\/2024\/12\/cropped-cropped-saaremaazoo_magnet_leemur__1__page-0001-removebg-preview.png","contentUrl":"https:\/\/saaremaazoo.ee\/wp-content\/uploads\/2024\/12\/cropped-cropped-saaremaazoo_magnet_leemur__1__page-0001-removebg-preview.png","width":467,"height":325,"caption":"Saaremaa Loomaaed"},"image":{"@id":"https:\/\/saaremaazoo.ee\/en\/#\/schema\/logo\/image\/"},"sameAs":["https:\/\/www.facebook.com\/saaremaazoo","https:\/\/www.instagram.com\/saaremaazoo\/"]}]}},"jetpack_sharing_enabled":true,"_links":{"self":[{"href":"https:\/\/saaremaazoo.ee\/en\/wp-json\/wp\/v2\/product\/56782","targetHints":{"allow":["GET"]}}],"collection":[{"href":"https:\/\/saaremaazoo.ee\/en\/wp-json\/wp\/v2\/product"}],"about":[{"href":"https:\/\/saaremaazoo.ee\/en\/wp-json\/wp\/v2\/types\/product"}],"replies":[{"embeddable":true,"href":"https:\/\/saaremaazoo.ee\/en\/wp-json\/wp\/v2\/comments?post=56782"}],"wp:featuredmedia":[{"embeddable":true,"href":"https:\/\/saaremaazoo.ee\/en\/wp-json\/wp\/v2\/media\/56903"}],"wp:attachment":[{"href":"https:\/\/saaremaazoo.ee\/en\/wp-json\/wp\/v2\/media?parent=56782"}],"wp:term":[{"taxonomy":"product_brand","embeddable":true,"href":"https:\/\/saaremaazoo.ee\/en\/wp-json\/wp\/v2\/product_brand?post=56782"},{"taxonomy":"product_cat","embeddable":true,"href":"https:\/\/saaremaazoo.ee\/en\/wp-json\/wp\/v2\/product_cat?post=56782"},{"taxonomy":"product_tag","embeddable":true,"href":"https:\/\/saaremaazoo.ee\/en\/wp-json\/wp\/v2\/product_tag?post=56782"}],"curies":[{"name":"wp","href":"https:\/\/api.w.org\/{rel}","templated":true}]}}