{"id":56764,"date":"2024-12-08T15:07:17","date_gmt":"2024-12-08T15:07:17","guid":{"rendered":"http:\/\/saaremaazoo.ee\/?post_type=product&#038;p=56764"},"modified":"2026-04-08T21:40:55","modified_gmt":"2026-04-08T21:40:55","slug":"nandude-tiiu-ja-toomas-aedik","status":"publish","type":"product","link":"https:\/\/saaremaazoo.ee\/en\/toode\/nandude-tiiu-ja-toomas-aedik\/","title":{"rendered":"Nandude Tiiu ja Toomas aedik"},"content":{"rendered":"","protected":false},"excerpt":{"rendered":"<p>Tiiu ja Toomas on seltskondlik nandupaar. Tiiu ja Toomase aedik on 200m2 suurune. Tiiule ja Toomasele meeldib nautida sooja p\u00e4ikest, soojal suvep\u00e4eval. Nende lemmikuks sn\u00e4kiks on mahlased v\u00f5ilillelehed. Tiiu armastab muru seest tigusid otsida ja Toomasele meeldib v\u00e4ga pesa luua. K\u00fclastajaid n\u00e4hes on nad uudishimulikud ja ootavad alati, et leida teie pihkudest midagi maitsvat.  <\/p>\n","protected":false},"featured_media":56894,"comment_status":"open","ping_status":"closed","template":"","meta":{"_acf_changed":false},"product_brand":[],"product_cat":[280],"product_tag":[],"class_list":{"0":"post-56764","1":"product","2":"type-product","3":"status-publish","4":"has-post-thumbnail","6":"product_cat-tukike-loomaaeda","8":"first","9":"instock","10":"virtual","11":"purchasable","12":"product-type-simple"},"acf":[],"yoast_head":"<!-- This site is optimized with the Yoast SEO plugin v27.4 - https:\/\/yoast.com\/product\/yoast-seo-wordpress\/ -->\n<title>Nandude Tiiu ja Toomas aedik - Saaremaa Zoo<\/title>\n<meta name=\"description\" content=\"nandud, digim\u00fc\u00fck, digiloomaaed, t\u00fckike loomaaiast, digiloomaaiam\u00fc\u00fck, tiiu, toomas, saaremaa loomaaed, saaremaa, digiloomaaia m\u00fc\u00fck\" \/>\n<meta name=\"robots\" content=\"index, follow, max-snippet:-1, max-image-preview:large, max-video-preview:-1\" \/>\n<link rel=\"canonical\" href=\"https:\/\/saaremaazoo.ee\/en\/toode\/nandude-tiiu-ja-toomas-aedik\/\" \/>\n<meta property=\"og:locale\" content=\"en_US\" \/>\n<meta property=\"og:type\" content=\"article\" \/>\n<meta property=\"og:title\" content=\"Nandude Tiiu ja Toomas aedik - Saaremaa Zoo\" \/>\n<meta property=\"og:description\" content=\"nandud, digim\u00fc\u00fck, digiloomaaed, t\u00fckike loomaaiast, digiloomaaiam\u00fc\u00fck, tiiu, toomas, saaremaa loomaaed, saaremaa, digiloomaaia m\u00fc\u00fck\" \/>\n<meta property=\"og:url\" content=\"https:\/\/saaremaazoo.ee\/en\/toode\/nandude-tiiu-ja-toomas-aedik\/\" \/>\n<meta property=\"og:site_name\" content=\"Saaremaa Zoo\" \/>\n<meta property=\"article:publisher\" content=\"https:\/\/www.facebook.com\/saaremaazoo\" \/>\n<meta property=\"article:modified_time\" content=\"2026-04-08T21:40:55+00:00\" \/>\n<meta property=\"og:image\" content=\"https:\/\/www.saaremaazoo.ee\/wp-content\/uploads\/2024\/12\/nandud-1.jpg\" \/>\n\t<meta property=\"og:image:width\" content=\"1075\" \/>\n\t<meta property=\"og:image:height\" content=\"1613\" \/>\n\t<meta property=\"og:image:type\" content=\"image\/jpeg\" \/>\n<meta name=\"twitter:card\" content=\"summary_large_image\" \/>\n<script type=\"application\/ld+json\" class=\"yoast-schema-graph\">{\"@context\":\"https:\\\/\\\/schema.org\",\"@graph\":[{\"@type\":\"WebPage\",\"@id\":\"https:\\\/\\\/saaremaazoo.ee\\\/en\\\/toode\\\/nandude-tiiu-ja-toomas-aedik\\\/\",\"url\":\"https:\\\/\\\/saaremaazoo.ee\\\/en\\\/toode\\\/nandude-tiiu-ja-toomas-aedik\\\/\",\"name\":\"Nandude Tiiu ja Toomas aedik - Saaremaa Zoo\",\"isPartOf\":{\"@id\":\"https:\\\/\\\/www.saaremaazoo.ee\\\/en\\\/#website\"},\"primaryImageOfPage\":{\"@id\":\"https:\\\/\\\/saaremaazoo.ee\\\/en\\\/toode\\\/nandude-tiiu-ja-toomas-aedik\\\/#primaryimage\"},\"image\":{\"@id\":\"https:\\\/\\\/saaremaazoo.ee\\\/en\\\/toode\\\/nandude-tiiu-ja-toomas-aedik\\\/#primaryimage\"},\"thumbnailUrl\":\"https:\\\/\\\/www.saaremaazoo.ee\\\/wp-content\\\/uploads\\\/2024\\\/12\\\/nandud-1.jpg\",\"datePublished\":\"2024-12-08T15:07:17+00:00\",\"dateModified\":\"2026-04-08T21:40:55+00:00\",\"description\":\"nandud, digim\u00fc\u00fck, digiloomaaed, t\u00fckike loomaaiast, digiloomaaiam\u00fc\u00fck, tiiu, toomas, saaremaa loomaaed, saaremaa, digiloomaaia m\u00fc\u00fck\",\"breadcrumb\":{\"@id\":\"https:\\\/\\\/saaremaazoo.ee\\\/en\\\/toode\\\/nandude-tiiu-ja-toomas-aedik\\\/#breadcrumb\"},\"inLanguage\":\"en-US\",\"potentialAction\":[{\"@type\":\"ReadAction\",\"target\":[\"https:\\\/\\\/saaremaazoo.ee\\\/en\\\/toode\\\/nandude-tiiu-ja-toomas-aedik\\\/\"]}]},{\"@type\":\"ImageObject\",\"inLanguage\":\"en-US\",\"@id\":\"https:\\\/\\\/saaremaazoo.ee\\\/en\\\/toode\\\/nandude-tiiu-ja-toomas-aedik\\\/#primaryimage\",\"url\":\"https:\\\/\\\/www.saaremaazoo.ee\\\/wp-content\\\/uploads\\\/2024\\\/12\\\/nandud-1.jpg\",\"contentUrl\":\"https:\\\/\\\/www.saaremaazoo.ee\\\/wp-content\\\/uploads\\\/2024\\\/12\\\/nandud-1.jpg\",\"width\":1075,\"height\":1613},{\"@type\":\"BreadcrumbList\",\"@id\":\"https:\\\/\\\/saaremaazoo.ee\\\/en\\\/toode\\\/nandude-tiiu-ja-toomas-aedik\\\/#breadcrumb\",\"itemListElement\":[{\"@type\":\"ListItem\",\"position\":1,\"name\":\"Home\",\"item\":\"https:\\\/\\\/www.saaremaazoo.ee\\\/en\\\/\"},{\"@type\":\"ListItem\",\"position\":2,\"name\":\"Pood\",\"item\":\"https:\\\/\\\/saaremaazoo.ee\\\/en\\\/shop\\\/\"},{\"@type\":\"ListItem\",\"position\":3,\"name\":\"Nandude Tiiu ja Toomas aedik\"}]},{\"@type\":\"WebSite\",\"@id\":\"https:\\\/\\\/www.saaremaazoo.ee\\\/en\\\/#website\",\"url\":\"https:\\\/\\\/www.saaremaazoo.ee\\\/en\\\/\",\"name\":\"Saaremaa Zoo\",\"description\":\"Saaremaa esimene Loomaaed\",\"publisher\":{\"@id\":\"https:\\\/\\\/www.saaremaazoo.ee\\\/en\\\/#organization\"},\"potentialAction\":[{\"@type\":\"SearchAction\",\"target\":{\"@type\":\"EntryPoint\",\"urlTemplate\":\"https:\\\/\\\/www.saaremaazoo.ee\\\/en\\\/?s={search_term_string}\"},\"query-input\":{\"@type\":\"PropertyValueSpecification\",\"valueRequired\":true,\"valueName\":\"search_term_string\"}}],\"inLanguage\":\"en-US\"},{\"@type\":\"Organization\",\"@id\":\"https:\\\/\\\/www.saaremaazoo.ee\\\/en\\\/#organization\",\"name\":\"Saaremaa Loomaaed\",\"alternateName\":\"Saaremaa Zoo\",\"url\":\"https:\\\/\\\/www.saaremaazoo.ee\\\/en\\\/\",\"logo\":{\"@type\":\"ImageObject\",\"inLanguage\":\"en-US\",\"@id\":\"https:\\\/\\\/www.saaremaazoo.ee\\\/en\\\/#\\\/schema\\\/logo\\\/image\\\/\",\"url\":\"https:\\\/\\\/www.saaremaazoo.ee\\\/wp-content\\\/uploads\\\/2024\\\/12\\\/cropped-cropped-saaremaazoo_magnet_leemur__1__page-0001-removebg-preview.png\",\"contentUrl\":\"https:\\\/\\\/www.saaremaazoo.ee\\\/wp-content\\\/uploads\\\/2024\\\/12\\\/cropped-cropped-saaremaazoo_magnet_leemur__1__page-0001-removebg-preview.png\",\"width\":467,\"height\":325,\"caption\":\"Saaremaa Loomaaed\"},\"image\":{\"@id\":\"https:\\\/\\\/www.saaremaazoo.ee\\\/en\\\/#\\\/schema\\\/logo\\\/image\\\/\"},\"sameAs\":[\"https:\\\/\\\/www.facebook.com\\\/saaremaazoo\",\"https:\\\/\\\/www.instagram.com\\\/saaremaazoo\\\/\"]}]}<\/script>\n<!-- \/ Yoast SEO plugin. -->","yoast_head_json":{"title":"Nandude Tiiu ja Toomas aedik - Saaremaa Zoo","description":"nandud, digim\u00fc\u00fck, digiloomaaed, t\u00fckike loomaaiast, digiloomaaiam\u00fc\u00fck, tiiu, toomas, saaremaa loomaaed, saaremaa, digiloomaaia m\u00fc\u00fck","robots":{"index":"index","follow":"follow","max-snippet":"max-snippet:-1","max-image-preview":"max-image-preview:large","max-video-preview":"max-video-preview:-1"},"canonical":"https:\/\/saaremaazoo.ee\/en\/toode\/nandude-tiiu-ja-toomas-aedik\/","og_locale":"en_US","og_type":"article","og_title":"Nandude Tiiu ja Toomas aedik - Saaremaa Zoo","og_description":"nandud, digim\u00fc\u00fck, digiloomaaed, t\u00fckike loomaaiast, digiloomaaiam\u00fc\u00fck, tiiu, toomas, saaremaa loomaaed, saaremaa, digiloomaaia m\u00fc\u00fck","og_url":"https:\/\/saaremaazoo.ee\/en\/toode\/nandude-tiiu-ja-toomas-aedik\/","og_site_name":"Saaremaa Zoo","article_publisher":"https:\/\/www.facebook.com\/saaremaazoo","article_modified_time":"2026-04-08T21:40:55+00:00","og_image":[{"width":1075,"height":1613,"url":"https:\/\/www.saaremaazoo.ee\/wp-content\/uploads\/2024\/12\/nandud-1.jpg","type":"image\/jpeg"}],"twitter_card":"summary_large_image","schema":{"@context":"https:\/\/schema.org","@graph":[{"@type":"WebPage","@id":"https:\/\/saaremaazoo.ee\/en\/toode\/nandude-tiiu-ja-toomas-aedik\/","url":"https:\/\/saaremaazoo.ee\/en\/toode\/nandude-tiiu-ja-toomas-aedik\/","name":"Nandude Tiiu ja Toomas aedik - Saaremaa Zoo","isPartOf":{"@id":"https:\/\/www.saaremaazoo.ee\/en\/#website"},"primaryImageOfPage":{"@id":"https:\/\/saaremaazoo.ee\/en\/toode\/nandude-tiiu-ja-toomas-aedik\/#primaryimage"},"image":{"@id":"https:\/\/saaremaazoo.ee\/en\/toode\/nandude-tiiu-ja-toomas-aedik\/#primaryimage"},"thumbnailUrl":"https:\/\/www.saaremaazoo.ee\/wp-content\/uploads\/2024\/12\/nandud-1.jpg","datePublished":"2024-12-08T15:07:17+00:00","dateModified":"2026-04-08T21:40:55+00:00","description":"nandud, digim\u00fc\u00fck, digiloomaaed, t\u00fckike loomaaiast, digiloomaaiam\u00fc\u00fck, tiiu, toomas, saaremaa loomaaed, saaremaa, digiloomaaia m\u00fc\u00fck","breadcrumb":{"@id":"https:\/\/saaremaazoo.ee\/en\/toode\/nandude-tiiu-ja-toomas-aedik\/#breadcrumb"},"inLanguage":"en-US","potentialAction":[{"@type":"ReadAction","target":["https:\/\/saaremaazoo.ee\/en\/toode\/nandude-tiiu-ja-toomas-aedik\/"]}]},{"@type":"ImageObject","inLanguage":"en-US","@id":"https:\/\/saaremaazoo.ee\/en\/toode\/nandude-tiiu-ja-toomas-aedik\/#primaryimage","url":"https:\/\/www.saaremaazoo.ee\/wp-content\/uploads\/2024\/12\/nandud-1.jpg","contentUrl":"https:\/\/www.saaremaazoo.ee\/wp-content\/uploads\/2024\/12\/nandud-1.jpg","width":1075,"height":1613},{"@type":"BreadcrumbList","@id":"https:\/\/saaremaazoo.ee\/en\/toode\/nandude-tiiu-ja-toomas-aedik\/#breadcrumb","itemListElement":[{"@type":"ListItem","position":1,"name":"Home","item":"https:\/\/www.saaremaazoo.ee\/en\/"},{"@type":"ListItem","position":2,"name":"Pood","item":"https:\/\/saaremaazoo.ee\/en\/shop\/"},{"@type":"ListItem","position":3,"name":"Nandude Tiiu ja Toomas aedik"}]},{"@type":"WebSite","@id":"https:\/\/www.saaremaazoo.ee\/en\/#website","url":"https:\/\/www.saaremaazoo.ee\/en\/","name":"Saaremaa Zoo","description":"Saaremaa esimene Loomaaed","publisher":{"@id":"https:\/\/www.saaremaazoo.ee\/en\/#organization"},"potentialAction":[{"@type":"SearchAction","target":{"@type":"EntryPoint","urlTemplate":"https:\/\/www.saaremaazoo.ee\/en\/?s={search_term_string}"},"query-input":{"@type":"PropertyValueSpecification","valueRequired":true,"valueName":"search_term_string"}}],"inLanguage":"en-US"},{"@type":"Organization","@id":"https:\/\/www.saaremaazoo.ee\/en\/#organization","name":"Saaremaa Loomaaed","alternateName":"Saaremaa Zoo","url":"https:\/\/www.saaremaazoo.ee\/en\/","logo":{"@type":"ImageObject","inLanguage":"en-US","@id":"https:\/\/www.saaremaazoo.ee\/en\/#\/schema\/logo\/image\/","url":"https:\/\/www.saaremaazoo.ee\/wp-content\/uploads\/2024\/12\/cropped-cropped-saaremaazoo_magnet_leemur__1__page-0001-removebg-preview.png","contentUrl":"https:\/\/www.saaremaazoo.ee\/wp-content\/uploads\/2024\/12\/cropped-cropped-saaremaazoo_magnet_leemur__1__page-0001-removebg-preview.png","width":467,"height":325,"caption":"Saaremaa Loomaaed"},"image":{"@id":"https:\/\/www.saaremaazoo.ee\/en\/#\/schema\/logo\/image\/"},"sameAs":["https:\/\/www.facebook.com\/saaremaazoo","https:\/\/www.instagram.com\/saaremaazoo\/"]}]}},"jetpack_sharing_enabled":true,"_links":{"self":[{"href":"https:\/\/saaremaazoo.ee\/en\/wp-json\/wp\/v2\/product\/56764","targetHints":{"allow":["GET"]}}],"collection":[{"href":"https:\/\/saaremaazoo.ee\/en\/wp-json\/wp\/v2\/product"}],"about":[{"href":"https:\/\/saaremaazoo.ee\/en\/wp-json\/wp\/v2\/types\/product"}],"replies":[{"embeddable":true,"href":"https:\/\/saaremaazoo.ee\/en\/wp-json\/wp\/v2\/comments?post=56764"}],"wp:featuredmedia":[{"embeddable":true,"href":"https:\/\/saaremaazoo.ee\/en\/wp-json\/wp\/v2\/media\/56894"}],"wp:attachment":[{"href":"https:\/\/saaremaazoo.ee\/en\/wp-json\/wp\/v2\/media?parent=56764"}],"wp:term":[{"taxonomy":"product_brand","embeddable":true,"href":"https:\/\/saaremaazoo.ee\/en\/wp-json\/wp\/v2\/product_brand?post=56764"},{"taxonomy":"product_cat","embeddable":true,"href":"https:\/\/saaremaazoo.ee\/en\/wp-json\/wp\/v2\/product_cat?post=56764"},{"taxonomy":"product_tag","embeddable":true,"href":"https:\/\/saaremaazoo.ee\/en\/wp-json\/wp\/v2\/product_tag?post=56764"}],"curies":[{"name":"wp","href":"https:\/\/api.w.org\/{rel}","templated":true}]}}