{"id":58031,"date":"2020-04-30T11:12:41","date_gmt":"2020-04-30T11:12:41","guid":{"rendered":"https:\/\/saaremaazoo.ee\/contacts\/"},"modified":"2024-12-23T12:09:48","modified_gmt":"2024-12-23T12:09:48","slug":"contacts","status":"publish","type":"page","link":"https:\/\/saaremaazoo.ee\/en\/contacts\/","title":{"rendered":"Contacts"},"content":{"rendered":"\t\t<div data-elementor-type=\"wp-page\" data-elementor-id=\"58031\" class=\"elementor elementor-58031 elementor-1453\">\n\t\t\t\t\t\t<section class=\"elementor-section elementor-top-section elementor-element elementor-element-fdd8feb elementor-section-boxed elementor-section-height-default elementor-section-height-default sc_fly_static\" data-id=\"fdd8feb\" data-element_type=\"section\" data-e-type=\"section\">\n\t\t\t\t\t\t\t<div class=\"elementor-background-overlay\"><\/div>\n\t\t\t\t\t\t\t<div class=\"elementor-container elementor-column-gap-extended\">\n\t\t\t\t\t<div class=\"elementor-column elementor-col-100 elementor-top-column elementor-element elementor-element-53b5916f sc_content_align_inherit sc_layouts_column_icons_position_left sc_fly_static\" data-id=\"53b5916f\" data-element_type=\"column\" data-e-type=\"column\">\n\t\t\t<div class=\"elementor-widget-wrap elementor-element-populated\">\n\t\t\t\t\t\t<div class=\"elementor-element elementor-element-c1bba76 sc_height_huge sc_fly_static elementor-widget elementor-widget-spacer\" data-id=\"c1bba76\" data-element_type=\"widget\" data-e-type=\"widget\" data-widget_type=\"spacer.default\">\n\t\t\t\t<div class=\"elementor-widget-container\">\n\t\t\t\t\t\t\t<div class=\"elementor-spacer\">\n\t\t\t<div class=\"elementor-spacer-inner\"><\/div>\n\t\t<\/div>\n\t\t\t\t\t\t<\/div>\n\t\t\t\t<\/div>\n\t\t\t\t\t<\/div>\n\t\t<\/div>\n\t\t\t\t\t<\/div>\n\t\t<\/section>\n\t\t\t\t<section class=\"elementor-section elementor-top-section elementor-element elementor-element-e0c3a41 elementor-section-boxed elementor-section-height-default elementor-section-height-default sc_fly_static\" data-id=\"e0c3a41\" data-element_type=\"section\" data-e-type=\"section\">\n\t\t\t\t\t\t<div class=\"elementor-container elementor-column-gap-extended\">\n\t\t\t\t\t<div class=\"elementor-column elementor-col-50 elementor-top-column elementor-element elementor-element-a474504 sc_content_align_inherit sc_layouts_column_icons_position_left sc_fly_static\" data-id=\"a474504\" data-element_type=\"column\" data-e-type=\"column\">\n\t\t\t<div class=\"elementor-widget-wrap elementor-element-populated\">\n\t\t\t\t\t\t<div class=\"elementor-element elementor-element-19ebe6b8 sc_fly_static elementor-widget elementor-widget-trx_sc_title\" data-id=\"19ebe6b8\" data-element_type=\"widget\" data-e-type=\"widget\" data-widget_type=\"trx_sc_title.default\">\n\t\t\t\t<div class=\"elementor-widget-container\">\n\t\t\t\t\t<div\t\tclass=\"sc_title sc_title_default\" ><h1 class=\"sc_item_title sc_title_title sc_item_title_style_default sc_item_title_tag\"\n\t\t\t><span class=\"sc_item_title_text\">Contact us!<\/span><\/h1><\/div>\t\t\t\t<\/div>\n\t\t\t\t<\/div>\n\t\t\t\t<div class=\"elementor-element elementor-element-25e15640 sc_fly_static elementor-widget elementor-widget-spacer\" data-id=\"25e15640\" data-element_type=\"widget\" data-e-type=\"widget\" data-widget_type=\"spacer.default\">\n\t\t\t\t<div class=\"elementor-widget-container\">\n\t\t\t\t\t\t\t<div class=\"elementor-spacer\">\n\t\t\t<div class=\"elementor-spacer-inner\"><\/div>\n\t\t<\/div>\n\t\t\t\t\t\t<\/div>\n\t\t\t\t<\/div>\n\t\t\t\t<div class=\"elementor-element elementor-element-3bdd940e sc_fly_static elementor-widget elementor-widget-trx_sc_icons\" data-id=\"3bdd940e\" data-element_type=\"widget\" data-e-type=\"widget\" data-widget_type=\"trx_sc_icons.default\">\n\t\t\t\t<div class=\"elementor-widget-container\">\n\t\t\t\t\t<div \tclass=\"sc_icons sc_icons_simple sc_icons_size_small sc_align_none\" ><div class=\"sc_icons_item with_more\"><div class=\"sc_icons_icon sc_icon_type_ icon-marker\" style=\"color: #8CC01B\" ><span class=\"sc_icon_type_ icon-marker\" style=\"color: #8CC01B\"><\/span><\/div><div class=\"sc_icons_item_details\"><div class=\"sc_icons_item_description\"><span>T\u00f5nu, M\u00e4ek\u00fcla, Saaremaa vald, Saare county, 94632<\/span><\/div><\/div><\/div><div class=\"sc_icons_item sc_icons_item_linked\"><div class=\"sc_icons_icon sc_icon_type_ icon-iphone\" style=\"color: #8CC01B\" ><span class=\"sc_icon_type_ icon-iphone\" style=\"color: #8CC01B\"><\/span><\/div><div class=\"sc_icons_item_details\"><div class=\"sc_icons_item_description\"><span>Mirge Arge <b>+372 56 94 5003 <\/b>(visit, information, reservations, cooperation, etc)\r<\/span><span>Risto R\u00e4nk <b>+372 53 47 5832<\/b>\r<\/span><span><\/span><\/div><a href=\"tel:37256945003\"\n                        class=\"sc_icons_item_link\">\n                        <\/a><\/div><\/div><div class=\"sc_icons_item sc_icons_item_linked\"><div class=\"sc_icons_icon sc_icon_type_ icon-envelope-2\" style=\"color: #8CC01B\" ><span class=\"sc_icon_type_ icon-envelope-2\" style=\"color: #8CC01B\"><\/span><\/div><div class=\"sc_icons_item_details\"><div class=\"sc_icons_item_description\"><span>info@saaremaazoo.ee\r<\/span><span>ristor2nkfarming@gmail.com\r<\/span><span>arved@saaremaazoo.ee<\/span><\/div><a href=\"mailto:info@saaremaazoo.ee\"\n                        class=\"sc_icons_item_link\">\n                        <\/a><\/div><\/div><\/div><!-- \/.sc_icons -->\t\t\t\t<\/div>\n\t\t\t\t<\/div>\n\t\t\t\t\t<\/div>\n\t\t<\/div>\n\t\t\t\t<div class=\"elementor-column elementor-col-50 elementor-top-column elementor-element elementor-element-213f3c52 sc_content_align_inherit sc_layouts_column_icons_position_left sc_fly_static\" data-id=\"213f3c52\" data-element_type=\"column\" data-e-type=\"column\">\n\t\t\t<div class=\"elementor-widget-wrap elementor-element-populated\">\n\t\t\t\t\t\t<div class=\"elementor-element elementor-element-4fc62fe5 sc_fly_static elementor-widget elementor-widget-spacer\" data-id=\"4fc62fe5\" data-element_type=\"widget\" data-e-type=\"widget\" data-widget_type=\"spacer.default\">\n\t\t\t\t<div class=\"elementor-widget-container\">\n\t\t\t\t\t\t\t<div class=\"elementor-spacer\">\n\t\t\t<div class=\"elementor-spacer-inner\"><\/div>\n\t\t<\/div>\n\t\t\t\t\t\t<\/div>\n\t\t\t\t<\/div>\n\t\t\t\t<div class=\"elementor-element elementor-element-19153691 sc_fly_static elementor-widget elementor-widget-trx_sc_contact_form_7\" data-id=\"19153691\" data-element_type=\"widget\" data-e-type=\"widget\" data-widget_type=\"trx_sc_contact_form_7.default\">\n\t\t\t\t<div class=\"elementor-widget-container\">\n\t\t\t\t\t\n<div class=\"wpcf7 no-js\" id=\"wpcf7-f58072-o1\" lang=\"en-US\" dir=\"ltr\" data-wpcf7-id=\"58072\">\n<div class=\"screen-reader-response\"><p role=\"status\" aria-live=\"polite\" aria-atomic=\"true\"><\/p> <ul><\/ul><\/div>\n<form action=\"\/en\/wp-json\/wp\/v2\/pages\/58031#wpcf7-f58072-o1\" method=\"post\" class=\"wpcf7-form init\" aria-label=\"Contact form\" novalidate=\"novalidate\" data-status=\"init\">\n<fieldset class=\"hidden-fields-container\"><input type=\"hidden\" name=\"_wpcf7\" value=\"58072\" \/><input type=\"hidden\" name=\"_wpcf7_version\" value=\"6.1.5\" \/><input type=\"hidden\" name=\"_wpcf7_locale\" value=\"en_US\" \/><input type=\"hidden\" name=\"_wpcf7_unit_tag\" value=\"wpcf7-f58072-o1\" \/><input type=\"hidden\" name=\"_wpcf7_container_post\" value=\"0\" \/><input type=\"hidden\" name=\"_wpcf7_posted_data_hash\" value=\"\" \/>\n<\/fieldset>\n<div class=\"form-style-3\">\n\t<div class=\"columns_wrap\">\n\t\t<div class=\"column-1_2\">\n\t\t\t<p><span class=\"style-line icon-name\"><span class=\"wpcf7-form-control-wrap\" data-name=\"your-name\"><input size=\"40\" maxlength=\"400\" class=\"wpcf7-form-control wpcf7-text wpcf7-validates-as-required\" aria-required=\"true\" aria-invalid=\"false\" placeholder=\"Name\" value=\"\" type=\"text\" name=\"your-name\" \/><\/span><\/span>\n\t\t\t<\/p>\n\t\t<\/div>\n\t\t<div class=\"column-1_2\">\n\t\t\t<p><span class=\"style-line icon-email\"><span class=\"wpcf7-form-control-wrap\" data-name=\"your-email\"><input size=\"40\" maxlength=\"400\" class=\"wpcf7-form-control wpcf7-email wpcf7-validates-as-required wpcf7-text wpcf7-validates-as-email\" aria-required=\"true\" aria-invalid=\"false\" placeholder=\"E-mail\" value=\"\" type=\"email\" name=\"your-email\" \/><\/span><\/span>\n\t\t\t<\/p>\n\t\t<\/div>\n\t<\/div>\n\t<div class=\"columns_wrap margin-bottom\">\n\t\t<div class=\"column-1_1\">\n\t\t\t<p><span class=\"style-line icon-textarea\"><span class=\"wpcf7-form-control-wrap\" data-name=\"your-message\"><textarea cols=\"40\" rows=\"10\" maxlength=\"2000\" class=\"wpcf7-form-control wpcf7-textarea wpcf7-validates-as-required\" aria-required=\"true\" aria-invalid=\"false\" placeholder=\"Your message\" name=\"your-message\"><\/textarea><\/span><\/span>\n\t\t\t<\/p>\n\t\t<\/div>\n\t<\/div>\n\t<p><input class=\"wpcf7-form-control wpcf7-submit has-spinner\" type=\"submit\" value=\"Send\" \/><span class=\"wpcf7-form-control-wrap\" data-name=\"acceptance\"><span class=\"wpcf7-form-control wpcf7-acceptance\"><span class=\"wpcf7-list-item\"><label><input type=\"checkbox\" name=\"acceptance\" value=\"1\" aria-invalid=\"false\" \/><span class=\"wpcf7-list-item-label\">I agree that my data <a href=\"\/privacy-policy\/\">will be collected and stored<\/a>.<\/span><\/label><\/span><\/span><\/span>\n\t<\/p>\n<\/div><p style=\"display: none !important;\" class=\"akismet-fields-container\" data-prefix=\"_wpcf7_ak_\"><label>&#916;<textarea name=\"_wpcf7_ak_hp_textarea\" cols=\"45\" rows=\"8\" maxlength=\"100\"><\/textarea><\/label><input type=\"hidden\" id=\"ak_js_1\" name=\"_wpcf7_ak_js\" value=\"210\"\/><script>document.getElementById( \"ak_js_1\" ).setAttribute( \"value\", ( new Date() ).getTime() );<\/script><\/p><div class=\"wpcf7-response-output\" aria-hidden=\"true\"><\/div>\n<\/form>\n<\/div>\n\t\t\t\t<\/div>\n\t\t\t\t<\/div>\n\t\t\t\t\t<\/div>\n\t\t<\/div>\n\t\t\t\t\t<\/div>\n\t\t<\/section>\n\t\t\t\t<section class=\"elementor-section elementor-top-section elementor-element elementor-element-69aae948 elementor-section-full_width elementor-section-height-default elementor-section-height-default sc_fly_static\" data-id=\"69aae948\" data-element_type=\"section\" data-e-type=\"section\">\n\t\t\t\t\t\t<div class=\"elementor-container elementor-column-gap-extended\">\n\t\t\t\t\t<div class=\"elementor-column elementor-col-100 elementor-top-column elementor-element elementor-element-2df77f4d sc_content_align_inherit sc_layouts_column_icons_position_left sc_fly_static\" data-id=\"2df77f4d\" data-element_type=\"column\" data-e-type=\"column\">\n\t\t\t<div class=\"elementor-widget-wrap elementor-element-populated\">\n\t\t\t\t\t\t<div class=\"elementor-element elementor-element-3b36ec77 sc_height_huge sc_fly_static elementor-widget elementor-widget-spacer\" data-id=\"3b36ec77\" data-element_type=\"widget\" data-e-type=\"widget\" data-widget_type=\"spacer.default\">\n\t\t\t\t<div class=\"elementor-widget-container\">\n\t\t\t\t\t\t\t<div class=\"elementor-spacer\">\n\t\t\t<div class=\"elementor-spacer-inner\"><\/div>\n\t\t<\/div>\n\t\t\t\t\t\t<\/div>\n\t\t\t\t<\/div>\n\t\t\t\t<div class=\"elementor-element elementor-element-7a268d1d sc_fly_static elementor-widget elementor-widget-trx_sc_googlemap\" data-id=\"7a268d1d\" data-element_type=\"widget\" data-e-type=\"widget\" data-widget_type=\"trx_sc_googlemap.default\">\n\t\t\t\t<div class=\"elementor-widget-container\">\n\t\t\t\t\t<div id=\"sc_googlemap_2056719218_wrap\" class=\"sc_googlemap_wrap\"><div id=\"sc_googlemap_2056719218\"\t\t\tclass=\"sc_item_content sc_map sc_googlemap sc_googlemap_default trx_addons_inline_518774861\"\n\t\t\t \t\t\tdata-zoom=\"12\"\n\t\t\tdata-center=\"\"\n\t\t\tdata-style=\"simple\"\n\t\t\tdata-cluster-icon=\"\"\n\t\t\t><iframe\n\t\t\t\t\t\tsrc=\"https:\/\/maps.google.com\/maps?t=m&output=embed&iwloc=near&z=12&q=T%C3%B5nu%2C+M%C3%A4ek%C3%BCla%2C+Saaremaa+vald%2C+Saare+maakond%2C+94632\"\n\t\t\t\t\t\taria-label=\"\"><\/iframe><\/div><\/div>\t\t\t\t<\/div>\n\t\t\t\t<\/div>\n\t\t\t\t\t<\/div>\n\t\t<\/div>\n\t\t\t\t\t<\/div>\n\t\t<\/section>\n\t\t\t\t<\/div>\n\t\t","protected":false},"excerpt":{"rendered":"<p>Contact us! T\u00f5nu, M\u00e4ek\u00fcla, Saaremaa vald, Saare county, 94632Mirge Arge +372 56 94 5003 (visit, information, reservations, cooperation, etc) Risto R\u00e4nk +372 53 47 5832 info@saaremaazoo.ee ristor2nkfarming@gmail.com arved@saaremaazoo.ee N\u00f5ustun, et&hellip;<\/p>\n","protected":false},"author":3,"featured_media":0,"parent":0,"menu_order":0,"comment_status":"closed","ping_status":"closed","template":"","meta":{"_acf_changed":false,"footnotes":""},"class_list":["post-58031","page","type-page","status-publish","hentry"],"acf":[],"yoast_head":"<!-- This site is optimized with the Yoast SEO plugin v27.3 - https:\/\/yoast.com\/product\/yoast-seo-wordpress\/ -->\n<title>Contacts - Saaremaa Zoo<\/title>\n<meta name=\"description\" content=\"Do you have any questions? CONTACT US! T\u00f5nu, M\u00e4ek\u00fcla, Saaremaa parish, Saare county\" \/>\n<meta name=\"robots\" content=\"index, follow, max-snippet:-1, max-image-preview:large, max-video-preview:-1\" \/>\n<link rel=\"canonical\" href=\"https:\/\/saaremaazoo.ee\/en\/contacts\/\" \/>\n<meta property=\"og:locale\" content=\"en_US\" \/>\n<meta property=\"og:type\" content=\"article\" \/>\n<meta property=\"og:title\" content=\"Contacts - Saaremaa Zoo\" \/>\n<meta property=\"og:description\" content=\"Do you have any questions? CONTACT US! T\u00f5nu, M\u00e4ek\u00fcla, Saaremaa parish, Saare county\" \/>\n<meta property=\"og:url\" content=\"https:\/\/saaremaazoo.ee\/en\/contacts\/\" \/>\n<meta property=\"og:site_name\" content=\"Saaremaa Zoo\" \/>\n<meta property=\"article:publisher\" content=\"https:\/\/www.facebook.com\/saaremaazoo\" \/>\n<meta property=\"article:modified_time\" content=\"2024-12-23T12:09:48+00:00\" \/>\n<meta name=\"twitter:card\" content=\"summary_large_image\" \/>\n<script type=\"application\/ld+json\" class=\"yoast-schema-graph\">{\"@context\":\"https:\\\/\\\/schema.org\",\"@graph\":[{\"@type\":\"WebPage\",\"@id\":\"https:\\\/\\\/saaremaazoo.ee\\\/en\\\/contacts\\\/\",\"url\":\"https:\\\/\\\/saaremaazoo.ee\\\/en\\\/contacts\\\/\",\"name\":\"Contacts - Saaremaa Zoo\",\"isPartOf\":{\"@id\":\"https:\\\/\\\/www.saaremaazoo.ee\\\/en\\\/#website\"},\"datePublished\":\"2020-04-30T11:12:41+00:00\",\"dateModified\":\"2024-12-23T12:09:48+00:00\",\"description\":\"Do you have any questions? CONTACT US! T\u00f5nu, M\u00e4ek\u00fcla, Saaremaa parish, Saare county\",\"breadcrumb\":{\"@id\":\"https:\\\/\\\/saaremaazoo.ee\\\/en\\\/contacts\\\/#breadcrumb\"},\"inLanguage\":\"en-US\",\"potentialAction\":[{\"@type\":\"ReadAction\",\"target\":[\"https:\\\/\\\/saaremaazoo.ee\\\/en\\\/contacts\\\/\"]}]},{\"@type\":\"BreadcrumbList\",\"@id\":\"https:\\\/\\\/saaremaazoo.ee\\\/en\\\/contacts\\\/#breadcrumb\",\"itemListElement\":[{\"@type\":\"ListItem\",\"position\":1,\"name\":\"Home\",\"item\":\"https:\\\/\\\/www.saaremaazoo.ee\\\/en\\\/\"},{\"@type\":\"ListItem\",\"position\":2,\"name\":\"Contacts\"}]},{\"@type\":\"WebSite\",\"@id\":\"https:\\\/\\\/www.saaremaazoo.ee\\\/en\\\/#website\",\"url\":\"https:\\\/\\\/www.saaremaazoo.ee\\\/en\\\/\",\"name\":\"Saaremaa Zoo\",\"description\":\"Saaremaa esimene Loomaaed\",\"publisher\":{\"@id\":\"https:\\\/\\\/www.saaremaazoo.ee\\\/en\\\/#organization\"},\"potentialAction\":[{\"@type\":\"SearchAction\",\"target\":{\"@type\":\"EntryPoint\",\"urlTemplate\":\"https:\\\/\\\/www.saaremaazoo.ee\\\/en\\\/?s={search_term_string}\"},\"query-input\":{\"@type\":\"PropertyValueSpecification\",\"valueRequired\":true,\"valueName\":\"search_term_string\"}}],\"inLanguage\":\"en-US\"},{\"@type\":\"Organization\",\"@id\":\"https:\\\/\\\/www.saaremaazoo.ee\\\/en\\\/#organization\",\"name\":\"Saaremaa Loomaaed\",\"alternateName\":\"Saaremaa Zoo\",\"url\":\"https:\\\/\\\/www.saaremaazoo.ee\\\/en\\\/\",\"logo\":{\"@type\":\"ImageObject\",\"inLanguage\":\"en-US\",\"@id\":\"https:\\\/\\\/www.saaremaazoo.ee\\\/en\\\/#\\\/schema\\\/logo\\\/image\\\/\",\"url\":\"https:\\\/\\\/www.saaremaazoo.ee\\\/wp-content\\\/uploads\\\/2024\\\/12\\\/cropped-cropped-saaremaazoo_magnet_leemur__1__page-0001-removebg-preview.png\",\"contentUrl\":\"https:\\\/\\\/www.saaremaazoo.ee\\\/wp-content\\\/uploads\\\/2024\\\/12\\\/cropped-cropped-saaremaazoo_magnet_leemur__1__page-0001-removebg-preview.png\",\"width\":467,\"height\":325,\"caption\":\"Saaremaa Loomaaed\"},\"image\":{\"@id\":\"https:\\\/\\\/www.saaremaazoo.ee\\\/en\\\/#\\\/schema\\\/logo\\\/image\\\/\"},\"sameAs\":[\"https:\\\/\\\/www.facebook.com\\\/saaremaazoo\",\"https:\\\/\\\/www.instagram.com\\\/saaremaazoo\\\/\"]}]}<\/script>\n<!-- \/ Yoast SEO plugin. -->","yoast_head_json":{"title":"Contacts - Saaremaa Zoo","description":"Do you have any questions? CONTACT US! T\u00f5nu, M\u00e4ek\u00fcla, Saaremaa parish, Saare county","robots":{"index":"index","follow":"follow","max-snippet":"max-snippet:-1","max-image-preview":"max-image-preview:large","max-video-preview":"max-video-preview:-1"},"canonical":"https:\/\/saaremaazoo.ee\/en\/contacts\/","og_locale":"en_US","og_type":"article","og_title":"Contacts - Saaremaa Zoo","og_description":"Do you have any questions? CONTACT US! T\u00f5nu, M\u00e4ek\u00fcla, Saaremaa parish, Saare county","og_url":"https:\/\/saaremaazoo.ee\/en\/contacts\/","og_site_name":"Saaremaa Zoo","article_publisher":"https:\/\/www.facebook.com\/saaremaazoo","article_modified_time":"2024-12-23T12:09:48+00:00","twitter_card":"summary_large_image","schema":{"@context":"https:\/\/schema.org","@graph":[{"@type":"WebPage","@id":"https:\/\/saaremaazoo.ee\/en\/contacts\/","url":"https:\/\/saaremaazoo.ee\/en\/contacts\/","name":"Contacts - Saaremaa Zoo","isPartOf":{"@id":"https:\/\/www.saaremaazoo.ee\/en\/#website"},"datePublished":"2020-04-30T11:12:41+00:00","dateModified":"2024-12-23T12:09:48+00:00","description":"Do you have any questions? CONTACT US! T\u00f5nu, M\u00e4ek\u00fcla, Saaremaa parish, Saare county","breadcrumb":{"@id":"https:\/\/saaremaazoo.ee\/en\/contacts\/#breadcrumb"},"inLanguage":"en-US","potentialAction":[{"@type":"ReadAction","target":["https:\/\/saaremaazoo.ee\/en\/contacts\/"]}]},{"@type":"BreadcrumbList","@id":"https:\/\/saaremaazoo.ee\/en\/contacts\/#breadcrumb","itemListElement":[{"@type":"ListItem","position":1,"name":"Home","item":"https:\/\/www.saaremaazoo.ee\/en\/"},{"@type":"ListItem","position":2,"name":"Contacts"}]},{"@type":"WebSite","@id":"https:\/\/www.saaremaazoo.ee\/en\/#website","url":"https:\/\/www.saaremaazoo.ee\/en\/","name":"Saaremaa Zoo","description":"Saaremaa esimene Loomaaed","publisher":{"@id":"https:\/\/www.saaremaazoo.ee\/en\/#organization"},"potentialAction":[{"@type":"SearchAction","target":{"@type":"EntryPoint","urlTemplate":"https:\/\/www.saaremaazoo.ee\/en\/?s={search_term_string}"},"query-input":{"@type":"PropertyValueSpecification","valueRequired":true,"valueName":"search_term_string"}}],"inLanguage":"en-US"},{"@type":"Organization","@id":"https:\/\/www.saaremaazoo.ee\/en\/#organization","name":"Saaremaa Loomaaed","alternateName":"Saaremaa Zoo","url":"https:\/\/www.saaremaazoo.ee\/en\/","logo":{"@type":"ImageObject","inLanguage":"en-US","@id":"https:\/\/www.saaremaazoo.ee\/en\/#\/schema\/logo\/image\/","url":"https:\/\/www.saaremaazoo.ee\/wp-content\/uploads\/2024\/12\/cropped-cropped-saaremaazoo_magnet_leemur__1__page-0001-removebg-preview.png","contentUrl":"https:\/\/www.saaremaazoo.ee\/wp-content\/uploads\/2024\/12\/cropped-cropped-saaremaazoo_magnet_leemur__1__page-0001-removebg-preview.png","width":467,"height":325,"caption":"Saaremaa Loomaaed"},"image":{"@id":"https:\/\/www.saaremaazoo.ee\/en\/#\/schema\/logo\/image\/"},"sameAs":["https:\/\/www.facebook.com\/saaremaazoo","https:\/\/www.instagram.com\/saaremaazoo\/"]}]}},"jetpack_sharing_enabled":true,"_links":{"self":[{"href":"https:\/\/saaremaazoo.ee\/en\/wp-json\/wp\/v2\/pages\/58031","targetHints":{"allow":["GET"]}}],"collection":[{"href":"https:\/\/saaremaazoo.ee\/en\/wp-json\/wp\/v2\/pages"}],"about":[{"href":"https:\/\/saaremaazoo.ee\/en\/wp-json\/wp\/v2\/types\/page"}],"author":[{"embeddable":true,"href":"https:\/\/saaremaazoo.ee\/en\/wp-json\/wp\/v2\/users\/3"}],"replies":[{"embeddable":true,"href":"https:\/\/saaremaazoo.ee\/en\/wp-json\/wp\/v2\/comments?post=58031"}],"version-history":[{"count":1,"href":"https:\/\/saaremaazoo.ee\/en\/wp-json\/wp\/v2\/pages\/58031\/revisions"}],"predecessor-version":[{"id":58032,"href":"https:\/\/saaremaazoo.ee\/en\/wp-json\/wp\/v2\/pages\/58031\/revisions\/58032"}],"wp:attachment":[{"href":"https:\/\/saaremaazoo.ee\/en\/wp-json\/wp\/v2\/media?parent=58031"}],"curies":[{"name":"wp","href":"https:\/\/api.w.org\/{rel}","templated":true}]}}